{"id":15062,"date":"2025-12-05T15:14:35","date_gmt":"2025-12-05T15:14:35","guid":{"rendered":"https:\/\/monokolo.eu\/product\/\/"},"modified":"2026-03-21T10:47:14","modified_gmt":"2026-03-21T10:47:14","slug":"nosfet-aeon","status":"publish","type":"product","link":"https:\/\/monokolo.eu\/pl\/product\/nosfet-aeon\/","title":{"rendered":"Nosfet Aeon"},"content":{"rendered":"<p><strong>AEON Features:<\/strong><\/p>\n<ul>\n<li><strong>Motor<\/strong>: 2,200W motor<\/li>\n<li><strong>Battery Pack<\/strong>:&nbsp; 1300Wh\/151V battery pack<\/li>\n<li><strong>18&#8243; Wheel 3&#215;12<\/strong><\/li>\n<li><strong>Charger<\/strong>: 5A 151.2V<\/li>\n<li><strong>Range<\/strong>: 70km<\/li>\n<li><strong>Suspension<\/strong>: 90 mm<\/li>\n<li><strong>Weight<\/strong>: 29 Kg<\/li>\n<li><strong>Max Load<\/strong>: 120 Kg<\/li>\n<li><strong>Tire<\/strong>: 3.0 x 12<\/li>\n<li><strong>Charge time<\/strong>: 2-3 hours<\/li>\n<li><strong>Dimensions<\/strong>: 930x213x495 mm<\/li>\n<\/ul>\n<p>&nbsp; <a href=\"https:\/\/monokolo.eu\/wp-content\/uploads\/2025\/12\/nosfet-aeon-01.jpg\"><img fetchpriority=\"high\" decoding=\"async\" class=\"alignnone size-full wp-image-15107\" src=\"https:\/\/monokolo.eu\/wp-content\/uploads\/2025\/12\/nosfet-aeon-01.jpg\" alt=\"Nosfet Aeon electric unicycle\" width=\"1280\" height=\"720\" srcset=\"https:\/\/monokolo.eu\/wp-content\/uploads\/2025\/12\/nosfet-aeon-01.jpg 1280w, https:\/\/monokolo.eu\/wp-content\/uploads\/2025\/12\/nosfet-aeon-01-600x338.jpg 600w, https:\/\/monokolo.eu\/wp-content\/uploads\/2025\/12\/nosfet-aeon-01-300x169.jpg 300w, https:\/\/monokolo.eu\/wp-content\/uploads\/2025\/12\/nosfet-aeon-01-1024x576.jpg 1024w, https:\/\/monokolo.eu\/wp-content\/uploads\/2025\/12\/nosfet-aeon-01-768x432.jpg 768w\" sizes=\"(max-width: 1280px) 100vw, 1280px\" \/><\/a> <a href=\"https:\/\/monokolo.eu\/wp-content\/uploads\/2025\/12\/nosfet-aeon-02.jpg\"><img decoding=\"async\" class=\"alignnone size-full wp-image-15108\" src=\"https:\/\/monokolo.eu\/wp-content\/uploads\/2025\/12\/nosfet-aeon-02.jpg\" alt=\"\" width=\"1280\" height=\"720\" srcset=\"https:\/\/monokolo.eu\/wp-content\/uploads\/2025\/12\/nosfet-aeon-02.jpg 1280w, https:\/\/monokolo.eu\/wp-content\/uploads\/2025\/12\/nosfet-aeon-02-600x338.jpg 600w, https:\/\/monokolo.eu\/wp-content\/uploads\/2025\/12\/nosfet-aeon-02-300x169.jpg 300w, https:\/\/monokolo.eu\/wp-content\/uploads\/2025\/12\/nosfet-aeon-02-1024x576.jpg 1024w, https:\/\/monokolo.eu\/wp-content\/uploads\/2025\/12\/nosfet-aeon-02-768x432.jpg 768w\" sizes=\"(max-width: 1280px) 100vw, 1280px\" \/><\/a> &nbsp; <a href=\"https:\/\/monokolo.eu\/wp-content\/uploads\/2025\/12\/nosfet-aeon-04.jpg\"><img decoding=\"async\" class=\"alignnone size-full wp-image-15110\" src=\"https:\/\/monokolo.eu\/wp-content\/uploads\/2025\/12\/nosfet-aeon-04.jpg\" alt=\"\" width=\"1280\" height=\"720\" srcset=\"https:\/\/monokolo.eu\/wp-content\/uploads\/2025\/12\/nosfet-aeon-04.jpg 1280w, https:\/\/monokolo.eu\/wp-content\/uploads\/2025\/12\/nosfet-aeon-04-600x338.jpg 600w, https:\/\/monokolo.eu\/wp-content\/uploads\/2025\/12\/nosfet-aeon-04-300x169.jpg 300w, https:\/\/monokolo.eu\/wp-content\/uploads\/2025\/12\/nosfet-aeon-04-1024x576.jpg 1024w, https:\/\/monokolo.eu\/wp-content\/uploads\/2025\/12\/nosfet-aeon-04-768x432.jpg 768w\" sizes=\"(max-width: 1280px) 100vw, 1280px\" \/><\/a> &nbsp; <a href=\"https:\/\/monokolo.eu\/wp-content\/uploads\/2025\/12\/nosfet-aeon-05.jpg\"><img loading=\"lazy\" decoding=\"async\" class=\"alignnone size-full wp-image-15111\" src=\"https:\/\/monokolo.eu\/wp-content\/uploads\/2025\/12\/nosfet-aeon-05.jpg\" alt=\"Nosfet Aeon electric unicycle suspension\" width=\"1280\" height=\"720\" srcset=\"https:\/\/monokolo.eu\/wp-content\/uploads\/2025\/12\/nosfet-aeon-05.jpg 1280w, https:\/\/monokolo.eu\/wp-content\/uploads\/2025\/12\/nosfet-aeon-05-600x338.jpg 600w, https:\/\/monokolo.eu\/wp-content\/uploads\/2025\/12\/nosfet-aeon-05-300x169.jpg 300w, https:\/\/monokolo.eu\/wp-content\/uploads\/2025\/12\/nosfet-aeon-05-1024x576.jpg 1024w, https:\/\/monokolo.eu\/wp-content\/uploads\/2025\/12\/nosfet-aeon-05-768x432.jpg 768w\" sizes=\"(max-width: 1280px) 100vw, 1280px\" \/><\/a> &nbsp; <a href=\"https:\/\/monokolo.eu\/wp-content\/uploads\/2025\/12\/nosfet-aeon-06.jpg\"><img loading=\"lazy\" decoding=\"async\" class=\"alignnone size-full wp-image-15112\" src=\"https:\/\/monokolo.eu\/wp-content\/uploads\/2025\/12\/nosfet-aeon-06.jpg\" alt=\"Nosfet Aeon electric unicycle battery\" width=\"1280\" height=\"720\" srcset=\"https:\/\/monokolo.eu\/wp-content\/uploads\/2025\/12\/nosfet-aeon-06.jpg 1280w, https:\/\/monokolo.eu\/wp-content\/uploads\/2025\/12\/nosfet-aeon-06-600x338.jpg 600w, https:\/\/monokolo.eu\/wp-content\/uploads\/2025\/12\/nosfet-aeon-06-300x169.jpg 300w, https:\/\/monokolo.eu\/wp-content\/uploads\/2025\/12\/nosfet-aeon-06-1024x576.jpg 1024w, https:\/\/monokolo.eu\/wp-content\/uploads\/2025\/12\/nosfet-aeon-06-768x432.jpg 768w\" sizes=\"(max-width: 1280px) 100vw, 1280px\" \/><\/a> &nbsp; <a href=\"https:\/\/monokolo.eu\/wp-content\/uploads\/2025\/12\/nosfet-aeon-07.jpg\"><img loading=\"lazy\" decoding=\"async\" class=\"alignnone size-full wp-image-15113\" src=\"https:\/\/monokolo.eu\/wp-content\/uploads\/2025\/12\/nosfet-aeon-07.jpg\" alt=\"Nosfet Aeon electric unicycle pedal design\" width=\"1280\" height=\"720\" srcset=\"https:\/\/monokolo.eu\/wp-content\/uploads\/2025\/12\/nosfet-aeon-07.jpg 1280w, https:\/\/monokolo.eu\/wp-content\/uploads\/2025\/12\/nosfet-aeon-07-600x338.jpg 600w, https:\/\/monokolo.eu\/wp-content\/uploads\/2025\/12\/nosfet-aeon-07-300x169.jpg 300w, https:\/\/monokolo.eu\/wp-content\/uploads\/2025\/12\/nosfet-aeon-07-1024x576.jpg 1024w, https:\/\/monokolo.eu\/wp-content\/uploads\/2025\/12\/nosfet-aeon-07-768x432.jpg 768w\" sizes=\"(max-width: 1280px) 100vw, 1280px\" \/><\/a> &nbsp; <a href=\"https:\/\/monokolo.eu\/wp-content\/uploads\/2025\/12\/nosfet-aeon-08.jpg\"><img loading=\"lazy\" decoding=\"async\" class=\"alignnone size-full wp-image-15114\" src=\"https:\/\/monokolo.eu\/wp-content\/uploads\/2025\/12\/nosfet-aeon-08.jpg\" alt=\"\" width=\"1280\" height=\"720\" srcset=\"https:\/\/monokolo.eu\/wp-content\/uploads\/2025\/12\/nosfet-aeon-08.jpg 1280w, https:\/\/monokolo.eu\/wp-content\/uploads\/2025\/12\/nosfet-aeon-08-600x338.jpg 600w, https:\/\/monokolo.eu\/wp-content\/uploads\/2025\/12\/nosfet-aeon-08-300x169.jpg 300w, https:\/\/monokolo.eu\/wp-content\/uploads\/2025\/12\/nosfet-aeon-08-1024x576.jpg 1024w, https:\/\/monokolo.eu\/wp-content\/uploads\/2025\/12\/nosfet-aeon-08-768x432.jpg 768w\" sizes=\"(max-width: 1280px) 100vw, 1280px\" \/><\/a> &nbsp; &nbsp; <a href=\"https:\/\/monokolo.eu\/wp-content\/uploads\/2025\/12\/nosfet-aeon-09.jpg\"><img loading=\"lazy\" decoding=\"async\" class=\"alignnone size-full wp-image-15115\" src=\"https:\/\/monokolo.eu\/wp-content\/uploads\/2025\/12\/nosfet-aeon-09.jpg\" alt=\"Nosfet Aeon electric unicycle display\" width=\"1280\" height=\"720\" srcset=\"https:\/\/monokolo.eu\/wp-content\/uploads\/2025\/12\/nosfet-aeon-09.jpg 1280w, https:\/\/monokolo.eu\/wp-content\/uploads\/2025\/12\/nosfet-aeon-09-600x338.jpg 600w, https:\/\/monokolo.eu\/wp-content\/uploads\/2025\/12\/nosfet-aeon-09-300x169.jpg 300w, https:\/\/monokolo.eu\/wp-content\/uploads\/2025\/12\/nosfet-aeon-09-1024x576.jpg 1024w, https:\/\/monokolo.eu\/wp-content\/uploads\/2025\/12\/nosfet-aeon-09-768x432.jpg 768w\" sizes=\"(max-width: 1280px) 100vw, 1280px\" \/><\/a> &nbsp; <a href=\"https:\/\/monokolo.eu\/wp-content\/uploads\/2025\/12\/nosfet-aeon-10.jpg\"><img loading=\"lazy\" decoding=\"async\" class=\"alignnone size-full wp-image-15116\" src=\"https:\/\/monokolo.eu\/wp-content\/uploads\/2025\/12\/nosfet-aeon-10.jpg\" alt=\"Nosfet Aeon electric unicycle\" width=\"1280\" height=\"720\" srcset=\"https:\/\/monokolo.eu\/wp-content\/uploads\/2025\/12\/nosfet-aeon-10.jpg 1280w, https:\/\/monokolo.eu\/wp-content\/uploads\/2025\/12\/nosfet-aeon-10-600x338.jpg 600w, https:\/\/monokolo.eu\/wp-content\/uploads\/2025\/12\/nosfet-aeon-10-300x169.jpg 300w, https:\/\/monokolo.eu\/wp-content\/uploads\/2025\/12\/nosfet-aeon-10-1024x576.jpg 1024w, https:\/\/monokolo.eu\/wp-content\/uploads\/2025\/12\/nosfet-aeon-10-768x432.jpg 768w\" sizes=\"(max-width: 1280px) 100vw, 1280px\" \/><\/a><\/p>\n","protected":false},"excerpt":{"rendered":"<p>Nosfet Aero to lekki, mocny i zwinny monocykl elektryczny (EUC), doskona\u0142y do \u200b\u200bdojazd\u00f3w do pracy i carvingu dzi\u0119ki zaskakuj\u0105cemu zawieszeniu, p\u0142ynnemu przyspieszaniu i przyczepnej oponie hybrydowej. Jest postrzegany jako mocny konkurent w kategorii l\u017cejszych, ma\u0142ych k\u00f3\u0142, oferuj\u0105c imponuj\u0105c\u0105 moc i prowadzenie jak na sw\u00f3j rozmiar, co czyni go doskona\u0142ym \u201eko\u0142em do wzi\u0119cia i jazdy\u201d.<\/p>\n","protected":false},"featured_media":15120,"comment_status":"open","ping_status":"closed","template":"","meta":[],"product_brand":[270],"product_cat":[55,223],"product_tag":[],"class_list":{"0":"post-15062","1":"product","2":"type-product","3":"status-publish","4":"has-post-thumbnail","6":"product_brand-nosfet","7":"product_cat-electric-unicycles","8":"product_cat-nosfet","10":"first","11":"instock","12":"sale","13":"taxable","14":"shipping-taxable","15":"purchasable","16":"product-type-simple"},"yoast_head":"<!-- This site is optimized with the Yoast SEO plugin v26.8 - https:\/\/yoast.com\/product\/yoast-seo-wordpress\/ -->\n<title>Nosfet Aeon<\/title>\n<meta name=\"description\" content=\"Nosfet Aero to lekki, mocny i zwinny monocykl elektryczny (EUC), doskona\u0142y do \u200b\u200bdojazd\u00f3w do pracy i carvingu dzi\u0119ki zaskakuj\u0105cemu zawieszeniu, p\u0142ynnemu przyspieszaniu i przyczepnej oponie hybrydowej. Jest postrzegany jako mocny konkurent w kategorii l\u017cejszych, ma\u0142ych k\u00f3\u0142, oferuj\u0105c imponuj\u0105c\u0105 moc i prowadzenie jak na sw\u00f3j rozmiar, co czyni go doskona\u0142ym \u201eko\u0142em do wzi\u0119cia i jazdy\u201d.\" \/>\n<meta name=\"robots\" content=\"index, follow, max-snippet:-1, max-image-preview:large, max-video-preview:-1\" \/>\n<link rel=\"canonical\" href=\"http:\/\/Nosfet%20Aero%20to%20lekki,%20mocny%20i%20zwinny%20monocykl%20elektryczny%20(EUC),%20doskona\u0142y%20do%20\u200b\u200bdojazd\u00f3w%20do%20pracy%20i%20carvingu%20dzi\u0119ki%20zaskakuj\u0105cemu%20zawieszeniu,%20p\u0142ynnemu%20przyspieszaniu%20i%20przyczepnej%20oponie%20hybrydowej.%20Jest%20postrzegany%20jako%20mocny%20konkurent%20w%20kategorii%20l\u017cejszych,%20ma\u0142ych%20k\u00f3\u0142,%20oferuj\u0105c%20imponuj\u0105c\u0105%20moc%20i%20prowadzenie%20jak%20na%20sw\u00f3j%20rozmiar,%20co%20czyni%20go%20doskona\u0142ym%20\u201eko\u0142em%20do%20wzi\u0119cia%20i%20jazdy\u201d.\" \/>\n<meta property=\"og:locale\" content=\"pl_PL\" \/>\n<meta property=\"og:type\" content=\"article\" \/>\n<meta property=\"og:title\" content=\"Nosfet Aeon\" \/>\n<meta property=\"og:description\" content=\"Nosfet Aero to lekki, mocny i zwinny monocykl elektryczny (EUC), doskona\u0142y do \u200b\u200bdojazd\u00f3w do pracy i carvingu dzi\u0119ki zaskakuj\u0105cemu zawieszeniu, p\u0142ynnemu przyspieszaniu i przyczepnej oponie hybrydowej. Jest postrzegany jako mocny konkurent w kategorii l\u017cejszych, ma\u0142ych k\u00f3\u0142, oferuj\u0105c imponuj\u0105c\u0105 moc i prowadzenie jak na sw\u00f3j rozmiar, co czyni go doskona\u0142ym \u201eko\u0142em do wzi\u0119cia i jazdy\u201d.\" \/>\n<meta property=\"og:url\" content=\"https:\/\/monokolo.eu\/pl\/product\/nosfet-aeon\/\" \/>\n<meta property=\"og:site_name\" content=\"Monokolo\" \/>\n<meta property=\"article:publisher\" content=\"https:\/\/facebook.com\/monokolo.polska\/\" \/>\n<meta property=\"article:modified_time\" content=\"2026-03-21T10:47:14+00:00\" \/>\n<meta property=\"og:image\" content=\"https:\/\/monokolo.eu\/wp-content\/uploads\/2025\/12\/aeon-03.jpg\" \/>\n\t<meta property=\"og:image:width\" content=\"1050\" \/>\n\t<meta property=\"og:image:height\" content=\"1400\" \/>\n\t<meta property=\"og:image:type\" content=\"image\/jpeg\" \/>\n<meta name=\"twitter:card\" content=\"summary_large_image\" \/>\n<meta name=\"twitter:label1\" content=\"Szacowany czas czytania\" \/>\n\t<meta name=\"twitter:data1\" content=\"3 minuty\" \/>\n<script type=\"application\/ld+json\" class=\"yoast-schema-graph\">{\"@context\":\"https:\/\/schema.org\",\"@graph\":[{\"@type\":\"WebPage\",\"@id\":\"https:\/\/monokolo.eu\/pl\/product\/nosfet-aeon\/\",\"url\":\"https:\/\/monokolo.eu\/pl\/product\/nosfet-aeon\/\",\"name\":\"Nosfet Aeon - Monokolo\",\"isPartOf\":{\"@id\":\"https:\/\/monokolo.eu\/#website\"},\"primaryImageOfPage\":{\"@id\":\"https:\/\/monokolo.eu\/pl\/product\/nosfet-aeon\/#primaryimage\"},\"image\":{\"@id\":\"https:\/\/monokolo.eu\/pl\/product\/nosfet-aeon\/#primaryimage\"},\"thumbnailUrl\":\"https:\/\/monokolo.eu\/wp-content\/uploads\/2025\/12\/aeon-03.jpg\",\"datePublished\":\"2025-12-05T15:14:35+00:00\",\"dateModified\":\"2026-03-21T10:47:14+00:00\",\"description\":\"Nosfet Aeon is a electric unicycle with an excellent balance between power and portability.The Nosfet Aeon features the highest build quality and quality control standards.\",\"breadcrumb\":{\"@id\":\"https:\/\/monokolo.eu\/pl\/product\/nosfet-aeon\/#breadcrumb\"},\"inLanguage\":\"pl-PL\",\"potentialAction\":[{\"@type\":\"ReadAction\",\"target\":[\"https:\/\/monokolo.eu\/pl\/product\/nosfet-aeon\/\"]}]},{\"@type\":\"ImageObject\",\"inLanguage\":\"pl-PL\",\"@id\":\"https:\/\/monokolo.eu\/pl\/product\/nosfet-aeon\/#primaryimage\",\"url\":\"https:\/\/monokolo.eu\/wp-content\/uploads\/2025\/12\/aeon-03.jpg\",\"contentUrl\":\"https:\/\/monokolo.eu\/wp-content\/uploads\/2025\/12\/aeon-03.jpg\",\"width\":1050,\"height\":1400,\"caption\":\"Nosfet Aeon electric unicycle\"},{\"@type\":\"BreadcrumbList\",\"@id\":\"https:\/\/monokolo.eu\/pl\/product\/nosfet-aeon\/#breadcrumb\",\"itemListElement\":[{\"@type\":\"ListItem\",\"position\":1,\"name\":\"Monokolo.eu - monocykle elektryczne, transport elektryczny w Europie\",\"item\":\"https:\/\/monokolo.eu\/\"},{\"@type\":\"ListItem\",\"position\":2,\"name\":\"Sklep\",\"item\":\"https:\/\/monokolo.eu\/shop\/\"},{\"@type\":\"ListItem\",\"position\":3,\"name\":\"Nosfet Aeon\"}]},{\"@type\":\"WebSite\",\"@id\":\"https:\/\/monokolo.eu\/pl\/#website\",\"url\":\"https:\/\/monokolo.eu\/pl\/\",\"name\":\"Monokolo.eu\",\"description\":\"Sklep z jednoko\u0142owcami elektrycznymi w Europie\",\"publisher\":{\"@id\":\"https:\/\/monokolo.eu\/pl\/#organization\"},\"potentialAction\":[{\"@type\":\"SearchAction\",\"target\":{\"@type\":\"EntryPoint\",\"urlTemplate\":\"https:\/\/monokolo.eu\/pl\/?s={search_term_string}\"},\"query-input\":{\"@type\":\"PropertyValueSpecification\",\"valueRequired\":true,\"valueName\":\"search_term_string\"}}],\"inLanguage\":\"pl-PL\"},{\"@type\":\"Organization\",\"@id\":\"https:\/\/monokolo.eu\/pl\/#organization\",\"name\":\"Monokolo\",\"url\":\"https:\/\/monokolo.eu\/pl\/\",\"logo\":{\"@type\":\"ImageObject\",\"inLanguage\":\"pl-PL\",\"@id\":\"https:\/\/monokolo.eu\/pl\/#\/schema\/logo\/image\/\",\"url\":\"https:\/\/monokolo.eu\/wp-content\/uploads\/2025\/04\/logo22.png\",\"contentUrl\":\"https:\/\/monokolo.eu\/wp-content\/uploads\/2025\/04\/logo22.png\",\"width\":755,\"height\":192,\"caption\":\"Monokolo\"},\"image\":{\"@id\":\"https:\/\/monokolo.eu\/pl\/#\/schema\/logo\/image\/\"},\"sameAs\":[\"https:\/\/facebook.com\/monokolo.polska\/\",\"https:\/\/www.instagram.com\/monokolo.pl\/\",\"https:\/\/www.tiktok.com\/@monokolo.pl\"]}]}<\/script>\n<!-- \/ Yoast SEO plugin. -->","yoast_head_json":{"title":"Nosfet Aeon","description":"Nosfet Aero to lekki, mocny i zwinny monocykl elektryczny (EUC), doskona\u0142y do \u200b\u200bdojazd\u00f3w do pracy i carvingu dzi\u0119ki zaskakuj\u0105cemu zawieszeniu, p\u0142ynnemu przyspieszaniu i przyczepnej oponie hybrydowej. Jest postrzegany jako mocny konkurent w kategorii l\u017cejszych, ma\u0142ych k\u00f3\u0142, oferuj\u0105c imponuj\u0105c\u0105 moc i prowadzenie jak na sw\u00f3j rozmiar, co czyni go doskona\u0142ym \u201eko\u0142em do wzi\u0119cia i jazdy\u201d.","robots":{"index":"index","follow":"follow","max-snippet":"max-snippet:-1","max-image-preview":"max-image-preview:large","max-video-preview":"max-video-preview:-1"},"canonical":"Nosfet Aero to lekki, mocny i zwinny monocykl elektryczny (EUC), doskona\u0142y do \u200b\u200bdojazd\u00f3w do pracy i carvingu dzi\u0119ki zaskakuj\u0105cemu zawieszeniu, p\u0142ynnemu przyspieszaniu i przyczepnej oponie hybrydowej. Jest postrzegany jako mocny konkurent w kategorii l\u017cejszych, ma\u0142ych k\u00f3\u0142, oferuj\u0105c imponuj\u0105c\u0105 moc i prowadzenie jak na sw\u00f3j rozmiar, co czyni go doskona\u0142ym \u201eko\u0142em do wzi\u0119cia i jazdy\u201d.","og_locale":"pl_PL","og_type":"article","og_title":"Nosfet Aeon","og_description":"Nosfet Aero to lekki, mocny i zwinny monocykl elektryczny (EUC), doskona\u0142y do \u200b\u200bdojazd\u00f3w do pracy i carvingu dzi\u0119ki zaskakuj\u0105cemu zawieszeniu, p\u0142ynnemu przyspieszaniu i przyczepnej oponie hybrydowej. Jest postrzegany jako mocny konkurent w kategorii l\u017cejszych, ma\u0142ych k\u00f3\u0142, oferuj\u0105c imponuj\u0105c\u0105 moc i prowadzenie jak na sw\u00f3j rozmiar, co czyni go doskona\u0142ym \u201eko\u0142em do wzi\u0119cia i jazdy\u201d.","og_url":"https:\/\/monokolo.eu\/pl\/product\/nosfet-aeon\/","og_site_name":"Monokolo","article_publisher":"https:\/\/facebook.com\/monokolo.polska\/","article_modified_time":"2026-03-21T10:47:14+00:00","og_image":[{"width":1050,"height":1400,"url":"https:\/\/monokolo.eu\/wp-content\/uploads\/2025\/12\/aeon-03.jpg","type":"image\/jpeg"}],"twitter_card":"summary_large_image","twitter_misc":{"Szacowany czas czytania":"3 minuty"},"schema":{"@context":"https:\/\/schema.org","@graph":[{"@type":"WebPage","@id":"https:\/\/monokolo.eu\/pl\/product\/nosfet-aeon\/","url":"https:\/\/monokolo.eu\/pl\/product\/nosfet-aeon\/","name":"Nosfet Aeon - Monokolo","isPartOf":{"@id":"https:\/\/monokolo.eu\/#website"},"primaryImageOfPage":{"@id":"https:\/\/monokolo.eu\/pl\/product\/nosfet-aeon\/#primaryimage"},"image":{"@id":"https:\/\/monokolo.eu\/pl\/product\/nosfet-aeon\/#primaryimage"},"thumbnailUrl":"https:\/\/monokolo.eu\/wp-content\/uploads\/2025\/12\/aeon-03.jpg","datePublished":"2025-12-05T15:14:35+00:00","dateModified":"2026-03-21T10:47:14+00:00","description":"Nosfet Aeon is a electric unicycle with an excellent balance between power and portability.The Nosfet Aeon features the highest build quality and quality control standards.","breadcrumb":{"@id":"https:\/\/monokolo.eu\/pl\/product\/nosfet-aeon\/#breadcrumb"},"inLanguage":"pl-PL","potentialAction":[{"@type":"ReadAction","target":["https:\/\/monokolo.eu\/pl\/product\/nosfet-aeon\/"]}]},{"@type":"ImageObject","inLanguage":"pl-PL","@id":"https:\/\/monokolo.eu\/pl\/product\/nosfet-aeon\/#primaryimage","url":"https:\/\/monokolo.eu\/wp-content\/uploads\/2025\/12\/aeon-03.jpg","contentUrl":"https:\/\/monokolo.eu\/wp-content\/uploads\/2025\/12\/aeon-03.jpg","width":1050,"height":1400,"caption":"Nosfet Aeon electric unicycle"},{"@type":"BreadcrumbList","@id":"https:\/\/monokolo.eu\/pl\/product\/nosfet-aeon\/#breadcrumb","itemListElement":[{"@type":"ListItem","position":1,"name":"Monokolo.eu - monocykle elektryczne, transport elektryczny w Europie","item":"https:\/\/monokolo.eu\/"},{"@type":"ListItem","position":2,"name":"Sklep","item":"https:\/\/monokolo.eu\/shop\/"},{"@type":"ListItem","position":3,"name":"Nosfet Aeon"}]},{"@type":"WebSite","@id":"https:\/\/monokolo.eu\/pl\/#website","url":"https:\/\/monokolo.eu\/pl\/","name":"Monokolo.eu","description":"Sklep z jednoko\u0142owcami elektrycznymi w Europie","publisher":{"@id":"https:\/\/monokolo.eu\/pl\/#organization"},"potentialAction":[{"@type":"SearchAction","target":{"@type":"EntryPoint","urlTemplate":"https:\/\/monokolo.eu\/pl\/?s={search_term_string}"},"query-input":{"@type":"PropertyValueSpecification","valueRequired":true,"valueName":"search_term_string"}}],"inLanguage":"pl-PL"},{"@type":"Organization","@id":"https:\/\/monokolo.eu\/pl\/#organization","name":"Monokolo","url":"https:\/\/monokolo.eu\/pl\/","logo":{"@type":"ImageObject","inLanguage":"pl-PL","@id":"https:\/\/monokolo.eu\/pl\/#\/schema\/logo\/image\/","url":"https:\/\/monokolo.eu\/wp-content\/uploads\/2025\/04\/logo22.png","contentUrl":"https:\/\/monokolo.eu\/wp-content\/uploads\/2025\/04\/logo22.png","width":755,"height":192,"caption":"Monokolo"},"image":{"@id":"https:\/\/monokolo.eu\/pl\/#\/schema\/logo\/image\/"},"sameAs":["https:\/\/facebook.com\/monokolo.polska\/","https:\/\/www.instagram.com\/monokolo.pl\/","https:\/\/www.tiktok.com\/@monokolo.pl"]}]}},"_links":{"self":[{"href":"https:\/\/monokolo.eu\/pl\/wp-json\/wp\/v2\/product\/15062","targetHints":{"allow":["GET"]}}],"collection":[{"href":"https:\/\/monokolo.eu\/pl\/wp-json\/wp\/v2\/product"}],"about":[{"href":"https:\/\/monokolo.eu\/pl\/wp-json\/wp\/v2\/types\/product"}],"replies":[{"embeddable":true,"href":"https:\/\/monokolo.eu\/pl\/wp-json\/wp\/v2\/comments?post=15062"}],"wp:featuredmedia":[{"embeddable":true,"href":"https:\/\/monokolo.eu\/pl\/wp-json\/wp\/v2\/media\/15120"}],"wp:attachment":[{"href":"https:\/\/monokolo.eu\/pl\/wp-json\/wp\/v2\/media?parent=15062"}],"wp:term":[{"taxonomy":"product_brand","embeddable":true,"href":"https:\/\/monokolo.eu\/pl\/wp-json\/wp\/v2\/product_brand?post=15062"},{"taxonomy":"product_cat","embeddable":true,"href":"https:\/\/monokolo.eu\/pl\/wp-json\/wp\/v2\/product_cat?post=15062"},{"taxonomy":"product_tag","embeddable":true,"href":"https:\/\/monokolo.eu\/pl\/wp-json\/wp\/v2\/product_tag?post=15062"}],"curies":[{"name":"wp","href":"https:\/\/api.w.org\/{rel}","templated":true}]}}