{"id":14884,"date":"2025-07-28T14:44:31","date_gmt":"2025-07-28T14:44:31","guid":{"rendered":"https:\/\/monokolo.eu\/product\/\/"},"modified":"2026-02-26T10:28:17","modified_gmt":"2026-02-26T10:28:17","slug":"inmotion-v12s","status":"publish","type":"product","link":"https:\/\/monokolo.eu\/pl\/product\/inmotion-v12s\/","title":{"rendered":"Inmotion V12S"},"content":{"rendered":"<p><strong>InMotion V12S<\/strong> to nowy model elektrycznego monocyklu, wyposa\u017cony w ulepszon\u0105, motocyklowej klasy, hydrauliczn\u0105 zawieszenie, zaprojektowan\u0105 tak, aby zapewni\u0107 pe\u0142n\u0105 kontrol\u0119 i komfort na ka\u017cdym terenie.<\/p>\n<p>V12S to najnowszy etap ewolucji monocykl\u00f3w elektrycznych, b\u0119d\u0105cy kontynuacj\u0105 niezwykle popularnego modelu <strong>InMotion V12<\/strong>, cenionego za wysok\u0105 jako\u015b\u0107 i uniwersalno\u015b\u0107 zastosowania. Jako istotna aktualizacja, V12S wprowadza bogaty zestaw nowoczesnych innowacji \u2014 w tym du\u017cy 4,3-calowy ekran dotykowy oraz regulowan\u0105 hydraulicznie zawieszenie \u2014 wszystko zamkni\u0119te w smuk\u0142ej, futurystycznej obudowie, stworzonej z my\u015bl\u0105 o podniesieniu zar\u00f3wno stylu, jak i funkcjonalno\u015bci.<\/p>\n<p><!--EndFragment --><\/p>\n","protected":false},"excerpt":{"rendered":"<p>InMotion V12S to jedno z najmocniejszych 16-calowych monocykl\u00f3w dost\u0119pnych obecnie na rynku. Dzi\u0119ki oponie o mniejszej \u015brednicy i systemowi o napi\u0119ciu 134 V, ten model oferuje wyj\u0105tkowo du\u017c\u0105 moc obrotow\u0105, idealn\u0105 do jazdy w terenie.<\/p>\n","protected":false},"featured_media":14885,"comment_status":"open","ping_status":"closed","template":"","meta":[],"product_brand":[],"product_cat":[109,55],"product_tag":[26],"class_list":{"0":"post-14884","1":"product","2":"type-product","3":"status-publish","4":"has-post-thumbnail","6":"product_cat-inmotion","7":"product_cat-electric-unicycles","8":"product_tag-euc","10":"first","11":"onbackorder","12":"sale","13":"taxable","14":"shipping-taxable","15":"purchasable","16":"product-type-simple"},"yoast_head":"<!-- This site is optimized with the Yoast SEO plugin v26.8 - https:\/\/yoast.com\/product\/yoast-seo-wordpress\/ -->\n<title>Inmotion V12S<\/title>\n<meta name=\"description\" content=\"InMotion V12S to jedno z najmocniejszych 16-calowych monocykl\u00f3w dost\u0119pnych obecnie na rynku. Dzi\u0119ki oponie o mniejszej \u015brednicy i systemowi o napi\u0119ciu 134 V, ten model oferuje wyj\u0105tkowo du\u017c\u0105 moc obrotow\u0105, idealn\u0105 do jazdy w terenie.\" \/>\n<meta name=\"robots\" content=\"index, follow, max-snippet:-1, max-image-preview:large, max-video-preview:-1\" \/>\n<link rel=\"canonical\" href=\"http:\/\/InMotion%20V12S%20to%20jedno%20z%20najmocniejszych%2016-calowych%20monocykl\u00f3w%20dost\u0119pnych%20obecnie%20na%20rynku.%20Dzi\u0119ki%20oponie%20o%20mniejszej%20\u015brednicy%20i%20systemowi%20o%20napi\u0119ciu%20134%20V,%20ten%20model%20oferuje%20wyj\u0105tkowo%20du\u017c\u0105%20moc%20obrotow\u0105,%20idealn\u0105%20do%20jazdy%20w%20terenie.\" \/>\n<meta property=\"og:locale\" content=\"pl_PL\" \/>\n<meta property=\"og:type\" content=\"article\" \/>\n<meta property=\"og:title\" content=\"Inmotion V12S\" \/>\n<meta property=\"og:description\" content=\"InMotion V12S to jedno z najmocniejszych 16-calowych monocykl\u00f3w dost\u0119pnych obecnie na rynku. Dzi\u0119ki oponie o mniejszej \u015brednicy i systemowi o napi\u0119ciu 134 V, ten model oferuje wyj\u0105tkowo du\u017c\u0105 moc obrotow\u0105, idealn\u0105 do jazdy w terenie.\" \/>\n<meta property=\"og:url\" content=\"https:\/\/monokolo.eu\/pl\/product\/inmotion-v12s\/\" \/>\n<meta property=\"og:site_name\" content=\"Monokolo\" \/>\n<meta property=\"article:publisher\" content=\"https:\/\/facebook.com\/monokolo.polska\/\" \/>\n<meta property=\"article:modified_time\" content=\"2026-02-26T10:28:17+00:00\" \/>\n<meta property=\"og:image\" content=\"https:\/\/monokolo.eu\/wp-content\/uploads\/2025\/07\/inmotion-v12s-01.jpg\" \/>\n\t<meta property=\"og:image:width\" content=\"1050\" \/>\n\t<meta property=\"og:image:height\" content=\"1400\" \/>\n\t<meta property=\"og:image:type\" content=\"image\/jpeg\" \/>\n<meta name=\"twitter:card\" content=\"summary_large_image\" \/>\n<meta name=\"twitter:label1\" content=\"Szacowany czas czytania\" \/>\n\t<meta name=\"twitter:data1\" content=\"2 minuty\" \/>\n<script type=\"application\/ld+json\" class=\"yoast-schema-graph\">{\"@context\":\"https:\/\/schema.org\",\"@graph\":[{\"@type\":\"WebPage\",\"@id\":\"https:\/\/monokolo.eu\/pl\/product\/inmotion-v12s\/\",\"url\":\"https:\/\/monokolo.eu\/pl\/product\/inmotion-v12s\/\",\"name\":\"Inmotion V12S - Monokolo\",\"isPartOf\":{\"@id\":\"https:\/\/monokolo.eu\/#website\"},\"primaryImageOfPage\":{\"@id\":\"https:\/\/monokolo.eu\/pl\/product\/inmotion-v12s\/#primaryimage\"},\"image\":{\"@id\":\"https:\/\/monokolo.eu\/pl\/product\/inmotion-v12s\/#primaryimage\"},\"thumbnailUrl\":\"https:\/\/monokolo.eu\/wp-content\/uploads\/2025\/07\/inmotion-v12s-01.jpg\",\"datePublished\":\"2025-07-28T14:44:31+00:00\",\"dateModified\":\"2026-02-26T10:28:17+00:00\",\"description\":\"InMotion V12S is a new electric unicycle model featuring an upgraded motorcycle-grade hydraulic suspension and a large 4.3-inch LCD touchscreen, designed to keep you in control while ensuring comfort across any terrain.\",\"breadcrumb\":{\"@id\":\"https:\/\/monokolo.eu\/pl\/product\/inmotion-v12s\/#breadcrumb\"},\"inLanguage\":\"pl-PL\",\"potentialAction\":[{\"@type\":\"ReadAction\",\"target\":[\"https:\/\/monokolo.eu\/pl\/product\/inmotion-v12s\/\"]}]},{\"@type\":\"ImageObject\",\"inLanguage\":\"pl-PL\",\"@id\":\"https:\/\/monokolo.eu\/pl\/product\/inmotion-v12s\/#primaryimage\",\"url\":\"https:\/\/monokolo.eu\/wp-content\/uploads\/2025\/07\/inmotion-v12s-01.jpg\",\"contentUrl\":\"https:\/\/monokolo.eu\/wp-content\/uploads\/2025\/07\/inmotion-v12s-01.jpg\",\"width\":1050,\"height\":1400,\"caption\":\"electric unicycle inmotion v12s\"},{\"@type\":\"BreadcrumbList\",\"@id\":\"https:\/\/monokolo.eu\/pl\/product\/inmotion-v12s\/#breadcrumb\",\"itemListElement\":[{\"@type\":\"ListItem\",\"position\":1,\"name\":\"Monokolo.eu - monocykle elektryczne, transport elektryczny w Europie\",\"item\":\"https:\/\/monokolo.eu\/\"},{\"@type\":\"ListItem\",\"position\":2,\"name\":\"Sklep\",\"item\":\"https:\/\/monokolo.eu\/shop\/\"},{\"@type\":\"ListItem\",\"position\":3,\"name\":\"Inmotion V12S\"}]},{\"@type\":\"WebSite\",\"@id\":\"https:\/\/monokolo.eu\/pl\/#website\",\"url\":\"https:\/\/monokolo.eu\/pl\/\",\"name\":\"Monokolo.eu\",\"description\":\"Sklep z jednoko\u0142owcami elektrycznymi w Europie\",\"publisher\":{\"@id\":\"https:\/\/monokolo.eu\/pl\/#organization\"},\"potentialAction\":[{\"@type\":\"SearchAction\",\"target\":{\"@type\":\"EntryPoint\",\"urlTemplate\":\"https:\/\/monokolo.eu\/pl\/?s={search_term_string}\"},\"query-input\":{\"@type\":\"PropertyValueSpecification\",\"valueRequired\":true,\"valueName\":\"search_term_string\"}}],\"inLanguage\":\"pl-PL\"},{\"@type\":\"Organization\",\"@id\":\"https:\/\/monokolo.eu\/pl\/#organization\",\"name\":\"Monokolo\",\"url\":\"https:\/\/monokolo.eu\/pl\/\",\"logo\":{\"@type\":\"ImageObject\",\"inLanguage\":\"pl-PL\",\"@id\":\"https:\/\/monokolo.eu\/pl\/#\/schema\/logo\/image\/\",\"url\":\"https:\/\/monokolo.eu\/wp-content\/uploads\/2025\/04\/logo22.png\",\"contentUrl\":\"https:\/\/monokolo.eu\/wp-content\/uploads\/2025\/04\/logo22.png\",\"width\":755,\"height\":192,\"caption\":\"Monokolo\"},\"image\":{\"@id\":\"https:\/\/monokolo.eu\/pl\/#\/schema\/logo\/image\/\"},\"sameAs\":[\"https:\/\/facebook.com\/monokolo.polska\/\",\"https:\/\/www.instagram.com\/monokolo.pl\/\",\"https:\/\/www.tiktok.com\/@monokolo.pl\"]}]}<\/script>\n<!-- \/ Yoast SEO plugin. -->","yoast_head_json":{"title":"Inmotion V12S","description":"InMotion V12S to jedno z najmocniejszych 16-calowych monocykl\u00f3w dost\u0119pnych obecnie na rynku. Dzi\u0119ki oponie o mniejszej \u015brednicy i systemowi o napi\u0119ciu 134 V, ten model oferuje wyj\u0105tkowo du\u017c\u0105 moc obrotow\u0105, idealn\u0105 do jazdy w terenie.","robots":{"index":"index","follow":"follow","max-snippet":"max-snippet:-1","max-image-preview":"max-image-preview:large","max-video-preview":"max-video-preview:-1"},"canonical":"InMotion V12S to jedno z najmocniejszych 16-calowych monocykl\u00f3w dost\u0119pnych obecnie na rynku. Dzi\u0119ki oponie o mniejszej \u015brednicy i systemowi o napi\u0119ciu 134 V, ten model oferuje wyj\u0105tkowo du\u017c\u0105 moc obrotow\u0105, idealn\u0105 do jazdy w terenie.","og_locale":"pl_PL","og_type":"article","og_title":"Inmotion V12S","og_description":"InMotion V12S to jedno z najmocniejszych 16-calowych monocykl\u00f3w dost\u0119pnych obecnie na rynku. Dzi\u0119ki oponie o mniejszej \u015brednicy i systemowi o napi\u0119ciu 134 V, ten model oferuje wyj\u0105tkowo du\u017c\u0105 moc obrotow\u0105, idealn\u0105 do jazdy w terenie.","og_url":"https:\/\/monokolo.eu\/pl\/product\/inmotion-v12s\/","og_site_name":"Monokolo","article_publisher":"https:\/\/facebook.com\/monokolo.polska\/","article_modified_time":"2026-02-26T10:28:17+00:00","og_image":[{"width":1050,"height":1400,"url":"https:\/\/monokolo.eu\/wp-content\/uploads\/2025\/07\/inmotion-v12s-01.jpg","type":"image\/jpeg"}],"twitter_card":"summary_large_image","twitter_misc":{"Szacowany czas czytania":"2 minuty"},"schema":{"@context":"https:\/\/schema.org","@graph":[{"@type":"WebPage","@id":"https:\/\/monokolo.eu\/pl\/product\/inmotion-v12s\/","url":"https:\/\/monokolo.eu\/pl\/product\/inmotion-v12s\/","name":"Inmotion V12S - Monokolo","isPartOf":{"@id":"https:\/\/monokolo.eu\/#website"},"primaryImageOfPage":{"@id":"https:\/\/monokolo.eu\/pl\/product\/inmotion-v12s\/#primaryimage"},"image":{"@id":"https:\/\/monokolo.eu\/pl\/product\/inmotion-v12s\/#primaryimage"},"thumbnailUrl":"https:\/\/monokolo.eu\/wp-content\/uploads\/2025\/07\/inmotion-v12s-01.jpg","datePublished":"2025-07-28T14:44:31+00:00","dateModified":"2026-02-26T10:28:17+00:00","description":"InMotion V12S is a new electric unicycle model featuring an upgraded motorcycle-grade hydraulic suspension and a large 4.3-inch LCD touchscreen, designed to keep you in control while ensuring comfort across any terrain.","breadcrumb":{"@id":"https:\/\/monokolo.eu\/pl\/product\/inmotion-v12s\/#breadcrumb"},"inLanguage":"pl-PL","potentialAction":[{"@type":"ReadAction","target":["https:\/\/monokolo.eu\/pl\/product\/inmotion-v12s\/"]}]},{"@type":"ImageObject","inLanguage":"pl-PL","@id":"https:\/\/monokolo.eu\/pl\/product\/inmotion-v12s\/#primaryimage","url":"https:\/\/monokolo.eu\/wp-content\/uploads\/2025\/07\/inmotion-v12s-01.jpg","contentUrl":"https:\/\/monokolo.eu\/wp-content\/uploads\/2025\/07\/inmotion-v12s-01.jpg","width":1050,"height":1400,"caption":"electric unicycle inmotion v12s"},{"@type":"BreadcrumbList","@id":"https:\/\/monokolo.eu\/pl\/product\/inmotion-v12s\/#breadcrumb","itemListElement":[{"@type":"ListItem","position":1,"name":"Monokolo.eu - monocykle elektryczne, transport elektryczny w Europie","item":"https:\/\/monokolo.eu\/"},{"@type":"ListItem","position":2,"name":"Sklep","item":"https:\/\/monokolo.eu\/shop\/"},{"@type":"ListItem","position":3,"name":"Inmotion V12S"}]},{"@type":"WebSite","@id":"https:\/\/monokolo.eu\/pl\/#website","url":"https:\/\/monokolo.eu\/pl\/","name":"Monokolo.eu","description":"Sklep z jednoko\u0142owcami elektrycznymi w Europie","publisher":{"@id":"https:\/\/monokolo.eu\/pl\/#organization"},"potentialAction":[{"@type":"SearchAction","target":{"@type":"EntryPoint","urlTemplate":"https:\/\/monokolo.eu\/pl\/?s={search_term_string}"},"query-input":{"@type":"PropertyValueSpecification","valueRequired":true,"valueName":"search_term_string"}}],"inLanguage":"pl-PL"},{"@type":"Organization","@id":"https:\/\/monokolo.eu\/pl\/#organization","name":"Monokolo","url":"https:\/\/monokolo.eu\/pl\/","logo":{"@type":"ImageObject","inLanguage":"pl-PL","@id":"https:\/\/monokolo.eu\/pl\/#\/schema\/logo\/image\/","url":"https:\/\/monokolo.eu\/wp-content\/uploads\/2025\/04\/logo22.png","contentUrl":"https:\/\/monokolo.eu\/wp-content\/uploads\/2025\/04\/logo22.png","width":755,"height":192,"caption":"Monokolo"},"image":{"@id":"https:\/\/monokolo.eu\/pl\/#\/schema\/logo\/image\/"},"sameAs":["https:\/\/facebook.com\/monokolo.polska\/","https:\/\/www.instagram.com\/monokolo.pl\/","https:\/\/www.tiktok.com\/@monokolo.pl"]}]}},"_links":{"self":[{"href":"https:\/\/monokolo.eu\/pl\/wp-json\/wp\/v2\/product\/14884","targetHints":{"allow":["GET"]}}],"collection":[{"href":"https:\/\/monokolo.eu\/pl\/wp-json\/wp\/v2\/product"}],"about":[{"href":"https:\/\/monokolo.eu\/pl\/wp-json\/wp\/v2\/types\/product"}],"replies":[{"embeddable":true,"href":"https:\/\/monokolo.eu\/pl\/wp-json\/wp\/v2\/comments?post=14884"}],"wp:featuredmedia":[{"embeddable":true,"href":"https:\/\/monokolo.eu\/pl\/wp-json\/wp\/v2\/media\/14885"}],"wp:attachment":[{"href":"https:\/\/monokolo.eu\/pl\/wp-json\/wp\/v2\/media?parent=14884"}],"wp:term":[{"taxonomy":"product_brand","embeddable":true,"href":"https:\/\/monokolo.eu\/pl\/wp-json\/wp\/v2\/product_brand?post=14884"},{"taxonomy":"product_cat","embeddable":true,"href":"https:\/\/monokolo.eu\/pl\/wp-json\/wp\/v2\/product_cat?post=14884"},{"taxonomy":"product_tag","embeddable":true,"href":"https:\/\/monokolo.eu\/pl\/wp-json\/wp\/v2\/product_tag?post=14884"}],"curies":[{"name":"wp","href":"https:\/\/api.w.org\/{rel}","templated":true}]}}