{"id":14774,"date":"2025-03-17T12:29:48","date_gmt":"2025-03-17T12:29:48","guid":{"rendered":"https:\/\/monokolo.eu\/product\/\/"},"modified":"2026-04-25T01:43:35","modified_gmt":"2026-04-25T01:43:35","slug":"kingsong-f-22-pro","status":"publish","type":"product","link":"https:\/\/monokolo.eu\/pl\/product\/kingsong-f-22-pro\/","title":{"rendered":"KingSong KS F22 Pro"},"content":{"rendered":"<p><strong>Monocykl elektryczny KingSong F22 Pro<\/strong> to nowoczesne urz\u0105dzenie do mobilno\u015bci osobistej, idealne dla poszukiwaczy mocnych wra\u017ce\u0144 i doje\u017cd\u017caj\u0105cych w mie\u015bcie. Niezale\u017cnie od tego, czy chcesz pokonywa\u0107 strome wzg\u00f3rza, czy przemierza\u0107 ulice miasta, <strong>KS-F22 Pro<\/strong> oferuje niezr\u00f3wnan\u0105 wydajno\u015b\u0107 i opcje personalizacji.<\/p>\n<h3>G\u0142\u00f3wne cechy:<\/h3>\n<ul>\n<li><strong>System zawieszenia<\/strong>:\n<ul>\n<li>Pierwszy w bran\u017cy czteropunktowy system zawieszenia EUC, zapewniaj\u0105cy komfort, stabilno\u015b\u0107 i bezpiecze\u0144stwo.<\/li>\n<li>Skok zawieszenia: 90 mm<\/li>\n<li>Regulacje: t\u0142umienia, napi\u0119cia wst\u0119pnego i ci\u015bnienia powietrza.<\/li>\n<\/ul>\n<\/li>\n<li><strong>Silnik z wa\u0142em dr\u0105\u017conym<\/strong>:\n<ul>\n<li>Moc znamionowa: 5500 W, szczytowa: 12000 W.<\/li>\n<li>Wysoka wydajno\u015b\u0107 konwersji mocy. Idealny na d\u0142ugie dystanse.<\/li>\n<\/ul>\n<\/li>\n<li><strong>Bateria<\/strong>:\n<ul>\n<li>168 ogniw Samsung 50S w konfiguracji 42S4P.<\/li>\n<li>Napi\u0119cie: znamionowe 155,4 V, maksymalne 176,8 V.<\/li>\n<li>Wodoodporno\u015b\u0107: IPX6.<\/li>\n<li>Inteligentny system zarz\u0105dzania z wieloma zabezpieczeniami:\n<ul>\n<li>Zwarcia, nadpr\u0105du, prze\u0142adowania, nadmiernego roz\u0142adowania, temperatury, niskiego napi\u0119cia.<\/li>\n<\/ul>\n<\/li>\n<\/ul>\n<\/li>\n<li><strong>\u0141o\u017cyska SKF<\/strong>:\n<ul>\n<li>Py\u0142oszczelne, wodoodporne, odporne na wysokie temperatury i korozj\u0119.<\/li>\n<li>Wykonane z wysokiej jako\u015bci stali i zaawansowanej technologii produkcji.<\/li>\n<\/ul>\n<\/li>\n<li><strong>Opcja audio\/\u015bwiat\u0142a<\/strong>:\n<ul>\n<li><strong>Dual Rear Audio<\/strong>:\n<ul>\n<li>Stereo: 20 W (niskotonowe) + 15 W (wysokotonowe).<\/li>\n<li>Bluetooth 5.0 i USB-A do muzyki.<\/li>\n<\/ul>\n<\/li>\n<li><strong>Dual Rear Light<\/strong>:\n<ul>\n<li>Dwa \u015bwiat\u0142a RGB zintegrowane z nadwoziem.<\/li>\n<li>Efekty \u015bwietlne podczas hamowania i skr\u0119cania.<\/li>\n<\/ul>\n<\/li>\n<\/ul>\n<\/li>\n<li><strong>Opcje opon<\/strong>:\n<ul>\n<li>Standard: opona z bie\u017cnikiem 2,75-14 (20 cali).<\/li>\n<li>Na \u017cyczenie: terenowe lub uliczne w tej samej specyfikacji (bez dodatkowych koszt\u00f3w).<\/li>\n<\/ul>\n<\/li>\n<\/ul>\n<p><a href=\"https:\/\/monokolo.eu\/wp-content\/uploads\/2025\/03\/kingsong-f22-pro-specification.jpg\"><img fetchpriority=\"high\" decoding=\"async\" class=\"alignnone size-full wp-image-14781\" src=\"https:\/\/monokolo.eu\/wp-content\/uploads\/2025\/03\/kingsong-f22-pro-specification.jpg\" alt=\"specification of electric unicycle kingsong f22 pro\" width=\"900\" height=\"1200\" srcset=\"https:\/\/monokolo.eu\/wp-content\/uploads\/2025\/03\/kingsong-f22-pro-specification.jpg 900w, https:\/\/monokolo.eu\/wp-content\/uploads\/2025\/03\/kingsong-f22-pro-specification-600x800.jpg 600w, https:\/\/monokolo.eu\/wp-content\/uploads\/2025\/03\/kingsong-f22-pro-specification-225x300.jpg 225w, https:\/\/monokolo.eu\/wp-content\/uploads\/2025\/03\/kingsong-f22-pro-specification-768x1024.jpg 768w\" sizes=\"(max-width: 900px) 100vw, 900px\" \/><br \/>\n<\/a><br \/>\n<a href=\"https:\/\/monokolo.eu\/wp-content\/uploads\/2025\/03\/kingsong-f22-pro-specification2.jpg\"><img decoding=\"async\" class=\"alignnone size-full wp-image-14783\" src=\"https:\/\/monokolo.eu\/wp-content\/uploads\/2025\/03\/kingsong-f22-pro-specification2.jpg\" alt=\"kingsong f22 pro spec\" width=\"750\" height=\"1000\" srcset=\"https:\/\/monokolo.eu\/wp-content\/uploads\/2025\/03\/kingsong-f22-pro-specification2.jpg 750w, https:\/\/monokolo.eu\/wp-content\/uploads\/2025\/03\/kingsong-f22-pro-specification2-600x800.jpg 600w, https:\/\/monokolo.eu\/wp-content\/uploads\/2025\/03\/kingsong-f22-pro-specification2-225x300.jpg 225w\" sizes=\"(max-width: 750px) 100vw, 750px\" \/><\/a><\/p>\n","protected":false},"excerpt":{"rendered":"<p>The KingSong F22 Pro is a high-performance beast featuring a 5500W motor and a 176V system that pushes speeds over 95 km\/h with incredible torque. It pairs a massive 3108Wh Samsung 50S battery for a 180 km range with a unique quad-piston DNM suspension system for ultimate stability on any terrain. Complete with Apple Find My integration and ultra-fast charging, it is the definitive choice for riders who refuse to compromise on power or security.<\/p>\n","protected":false},"featured_media":14775,"comment_status":"open","ping_status":"closed","template":"","meta":[],"product_brand":[],"product_cat":[55,110],"product_tag":[26,277],"class_list":{"0":"post-14774","1":"product","2":"type-product","3":"status-publish","4":"has-post-thumbnail","6":"product_cat-electric-unicycles","7":"product_cat-kingsong","8":"product_tag-euc","9":"product_tag-kingsong","11":"first","12":"instock","13":"taxable","14":"shipping-taxable","15":"purchasable","16":"product-type-simple"},"yoast_head":"<!-- This site is optimized with the Yoast SEO plugin v26.8 - https:\/\/yoast.com\/product\/yoast-seo-wordpress\/ -->\n<title>KingSong KS F22 Pro<\/title>\n<meta name=\"description\" content=\"Monocykl elektryczny KingSong F22 Pro to nowoczesne urz\u0105dzenie do mobilno\u015bci osobistej, idealne dla poszukiwaczy mocnych wra\u017ce\u0144 i doje\u017cd\u017caj\u0105cych w mie\u015bcie. Niezale\u017cnie od tego, czy chcesz pokonywa\u0107 strome wzg\u00f3rza, czy przemierza\u0107 ulice miasta, KS-F22 Pro oferuje niezr\u00f3wnan\u0105 wydajno\u015b\u0107 i opcje personalizacji. G\u0142\u00f3wne cechy: System zawieszenia: Pierwszy w bran\u017cy czteropunktowy system zawieszenia EUC, zapewniaj\u0105cy komfort, stabilno\u015b\u0107 i&hellip;\" \/>\n<meta name=\"robots\" content=\"index, follow, max-snippet:-1, max-image-preview:large, max-video-preview:-1\" \/>\n<link rel=\"canonical\" href=\"\" \/>\n<meta property=\"og:locale\" content=\"pl_PL\" \/>\n<meta property=\"og:type\" content=\"article\" \/>\n<meta property=\"og:title\" content=\"KingSong KS F22 Pro\" \/>\n<meta property=\"og:description\" content=\"Monocykl elektryczny KingSong F22 Pro to nowoczesne urz\u0105dzenie do mobilno\u015bci osobistej, idealne dla poszukiwaczy mocnych wra\u017ce\u0144 i doje\u017cd\u017caj\u0105cych w mie\u015bcie. Niezale\u017cnie od tego, czy chcesz pokonywa\u0107 strome wzg\u00f3rza, czy przemierza\u0107 ulice miasta, KS-F22 Pro oferuje niezr\u00f3wnan\u0105 wydajno\u015b\u0107 i opcje personalizacji. G\u0142\u00f3wne cechy: System zawieszenia: Pierwszy w bran\u017cy czteropunktowy system zawieszenia EUC, zapewniaj\u0105cy komfort, stabilno\u015b\u0107 i&hellip;\" \/>\n<meta property=\"og:url\" content=\"https:\/\/monokolo.eu\/pl\/product\/kingsong-f-22-pro\/\" \/>\n<meta property=\"og:site_name\" content=\"Monokolo\" \/>\n<meta property=\"article:publisher\" content=\"https:\/\/facebook.com\/monokolo.polska\/\" \/>\n<meta property=\"article:modified_time\" content=\"2026-04-25T01:43:35+00:00\" \/>\n<meta property=\"og:image\" content=\"https:\/\/monokolo.eu\/wp-content\/uploads\/2025\/03\/kingsong-f22pro-001.jpg\" \/>\n\t<meta property=\"og:image:width\" content=\"1050\" \/>\n\t<meta property=\"og:image:height\" content=\"1400\" \/>\n\t<meta property=\"og:image:type\" content=\"image\/jpeg\" \/>\n<meta name=\"twitter:card\" content=\"summary_large_image\" \/>\n<meta name=\"twitter:label1\" content=\"Szacowany czas czytania\" \/>\n\t<meta name=\"twitter:data1\" content=\"3 minuty\" \/>\n<script type=\"application\/ld+json\" class=\"yoast-schema-graph\">{\"@context\":\"https:\/\/schema.org\",\"@graph\":[{\"@type\":\"WebPage\",\"@id\":\"https:\/\/monokolo.eu\/pl\/product\/kingsong-f-22-pro\/\",\"url\":\"https:\/\/monokolo.eu\/pl\/product\/kingsong-f-22-pro\/\",\"name\":\"KingSong KS F22 Pro - Monokolo\",\"isPartOf\":{\"@id\":\"https:\/\/monokolo.eu\/#website\"},\"primaryImageOfPage\":{\"@id\":\"https:\/\/monokolo.eu\/pl\/product\/kingsong-f-22-pro\/#primaryimage\"},\"image\":{\"@id\":\"https:\/\/monokolo.eu\/pl\/product\/kingsong-f-22-pro\/#primaryimage\"},\"thumbnailUrl\":\"https:\/\/monokolo.eu\/wp-content\/uploads\/2025\/03\/kingsong-f22pro-001.jpg\",\"datePublished\":\"2025-03-17T12:29:48+00:00\",\"dateModified\":\"2026-04-25T01:43:35+00:00\",\"description\":\"Experience the power of the KingSong F22 Pro. 5500W motor, 130km\/h idle speed, and a massive 3108Wh battery. Contact us and we\u2019ll help you choose the right wheel!\",\"breadcrumb\":{\"@id\":\"https:\/\/monokolo.eu\/pl\/product\/kingsong-f-22-pro\/#breadcrumb\"},\"inLanguage\":\"pl-PL\",\"potentialAction\":[{\"@type\":\"ReadAction\",\"target\":[\"https:\/\/monokolo.eu\/pl\/product\/kingsong-f-22-pro\/\"]}]},{\"@type\":\"ImageObject\",\"inLanguage\":\"pl-PL\",\"@id\":\"https:\/\/monokolo.eu\/pl\/product\/kingsong-f-22-pro\/#primaryimage\",\"url\":\"https:\/\/monokolo.eu\/wp-content\/uploads\/2025\/03\/kingsong-f22pro-001.jpg\",\"contentUrl\":\"https:\/\/monokolo.eu\/wp-content\/uploads\/2025\/03\/kingsong-f22pro-001.jpg\",\"width\":1050,\"height\":1400,\"caption\":\"Kingsong F22 PRO 2738wh electric unicycle\"},{\"@type\":\"BreadcrumbList\",\"@id\":\"https:\/\/monokolo.eu\/pl\/product\/kingsong-f-22-pro\/#breadcrumb\",\"itemListElement\":[{\"@type\":\"ListItem\",\"position\":1,\"name\":\"Monokolo.eu - monocykle elektryczne, transport elektryczny w Europie\",\"item\":\"https:\/\/monokolo.eu\/\"},{\"@type\":\"ListItem\",\"position\":2,\"name\":\"Sklep\",\"item\":\"https:\/\/monokolo.eu\/shop\/\"},{\"@type\":\"ListItem\",\"position\":3,\"name\":\"KingSong KS F22 Pro\"}]},{\"@type\":\"WebSite\",\"@id\":\"https:\/\/monokolo.eu\/pl\/#website\",\"url\":\"https:\/\/monokolo.eu\/pl\/\",\"name\":\"Monokolo.eu\",\"description\":\"Sklep z jednoko\u0142owcami elektrycznymi w Europie\",\"publisher\":{\"@id\":\"https:\/\/monokolo.eu\/pl\/#organization\"},\"potentialAction\":[{\"@type\":\"SearchAction\",\"target\":{\"@type\":\"EntryPoint\",\"urlTemplate\":\"https:\/\/monokolo.eu\/pl\/?s={search_term_string}\"},\"query-input\":{\"@type\":\"PropertyValueSpecification\",\"valueRequired\":true,\"valueName\":\"search_term_string\"}}],\"inLanguage\":\"pl-PL\"},{\"@type\":\"Organization\",\"@id\":\"https:\/\/monokolo.eu\/pl\/#organization\",\"name\":\"Monokolo\",\"url\":\"https:\/\/monokolo.eu\/pl\/\",\"logo\":{\"@type\":\"ImageObject\",\"inLanguage\":\"pl-PL\",\"@id\":\"https:\/\/monokolo.eu\/pl\/#\/schema\/logo\/image\/\",\"url\":\"https:\/\/monokolo.eu\/wp-content\/uploads\/2025\/04\/logo22.png\",\"contentUrl\":\"https:\/\/monokolo.eu\/wp-content\/uploads\/2025\/04\/logo22.png\",\"width\":755,\"height\":192,\"caption\":\"Monokolo\"},\"image\":{\"@id\":\"https:\/\/monokolo.eu\/pl\/#\/schema\/logo\/image\/\"},\"sameAs\":[\"https:\/\/facebook.com\/monokolo.polska\/\",\"https:\/\/www.instagram.com\/monokolo.pl\/\",\"https:\/\/www.tiktok.com\/@monokolo.pl\"]}]}<\/script>\n<!-- \/ Yoast SEO plugin. -->","yoast_head_json":{"title":"KingSong KS F22 Pro","description":"Monocykl elektryczny KingSong F22 Pro to nowoczesne urz\u0105dzenie do mobilno\u015bci osobistej, idealne dla poszukiwaczy mocnych wra\u017ce\u0144 i doje\u017cd\u017caj\u0105cych w mie\u015bcie. Niezale\u017cnie od tego, czy chcesz pokonywa\u0107 strome wzg\u00f3rza, czy przemierza\u0107 ulice miasta, KS-F22 Pro oferuje niezr\u00f3wnan\u0105 wydajno\u015b\u0107 i opcje personalizacji. G\u0142\u00f3wne cechy: System zawieszenia: Pierwszy w bran\u017cy czteropunktowy system zawieszenia EUC, zapewniaj\u0105cy komfort, stabilno\u015b\u0107 i&hellip;","robots":{"index":"index","follow":"follow","max-snippet":"max-snippet:-1","max-image-preview":"max-image-preview:large","max-video-preview":"max-video-preview:-1"},"canonical":"Monocykl elektryczny KingSong F22 Pro to nowoczesne urz\u0105dzenie do mobilno\u015bci osobistej, idealne dla poszukiwaczy mocnych wra\u017ce\u0144 i doje\u017cd\u017caj\u0105cych w mie\u015bcie. Niezale\u017cnie od tego, czy chcesz pokonywa\u0107 strome wzg\u00f3rza, czy przemierza\u0107 ulice miasta, KS-F22 Pro oferuje niezr\u00f3wnan\u0105 wydajno\u015b\u0107 i opcje personalizacji. G\u0142\u00f3wne cechy: System zawieszenia: Pierwszy w bran\u017cy czteropunktowy system zawieszenia EUC, zapewniaj\u0105cy komfort, stabilno\u015b\u0107 i&hellip;","og_locale":"pl_PL","og_type":"article","og_title":"KingSong KS F22 Pro","og_description":"Monocykl elektryczny KingSong F22 Pro to nowoczesne urz\u0105dzenie do mobilno\u015bci osobistej, idealne dla poszukiwaczy mocnych wra\u017ce\u0144 i doje\u017cd\u017caj\u0105cych w mie\u015bcie. Niezale\u017cnie od tego, czy chcesz pokonywa\u0107 strome wzg\u00f3rza, czy przemierza\u0107 ulice miasta, KS-F22 Pro oferuje niezr\u00f3wnan\u0105 wydajno\u015b\u0107 i opcje personalizacji. G\u0142\u00f3wne cechy: System zawieszenia: Pierwszy w bran\u017cy czteropunktowy system zawieszenia EUC, zapewniaj\u0105cy komfort, stabilno\u015b\u0107 i&hellip;","og_url":"https:\/\/monokolo.eu\/pl\/product\/kingsong-f-22-pro\/","og_site_name":"Monokolo","article_publisher":"https:\/\/facebook.com\/monokolo.polska\/","article_modified_time":"2026-04-25T01:43:35+00:00","og_image":[{"width":1050,"height":1400,"url":"https:\/\/monokolo.eu\/wp-content\/uploads\/2025\/03\/kingsong-f22pro-001.jpg","type":"image\/jpeg"}],"twitter_card":"summary_large_image","twitter_misc":{"Szacowany czas czytania":"3 minuty"},"schema":{"@context":"https:\/\/schema.org","@graph":[{"@type":"WebPage","@id":"https:\/\/monokolo.eu\/pl\/product\/kingsong-f-22-pro\/","url":"https:\/\/monokolo.eu\/pl\/product\/kingsong-f-22-pro\/","name":"KingSong KS F22 Pro - Monokolo","isPartOf":{"@id":"https:\/\/monokolo.eu\/#website"},"primaryImageOfPage":{"@id":"https:\/\/monokolo.eu\/pl\/product\/kingsong-f-22-pro\/#primaryimage"},"image":{"@id":"https:\/\/monokolo.eu\/pl\/product\/kingsong-f-22-pro\/#primaryimage"},"thumbnailUrl":"https:\/\/monokolo.eu\/wp-content\/uploads\/2025\/03\/kingsong-f22pro-001.jpg","datePublished":"2025-03-17T12:29:48+00:00","dateModified":"2026-04-25T01:43:35+00:00","description":"Experience the power of the KingSong F22 Pro. 5500W motor, 130km\/h idle speed, and a massive 3108Wh battery. Contact us and we\u2019ll help you choose the right wheel!","breadcrumb":{"@id":"https:\/\/monokolo.eu\/pl\/product\/kingsong-f-22-pro\/#breadcrumb"},"inLanguage":"pl-PL","potentialAction":[{"@type":"ReadAction","target":["https:\/\/monokolo.eu\/pl\/product\/kingsong-f-22-pro\/"]}]},{"@type":"ImageObject","inLanguage":"pl-PL","@id":"https:\/\/monokolo.eu\/pl\/product\/kingsong-f-22-pro\/#primaryimage","url":"https:\/\/monokolo.eu\/wp-content\/uploads\/2025\/03\/kingsong-f22pro-001.jpg","contentUrl":"https:\/\/monokolo.eu\/wp-content\/uploads\/2025\/03\/kingsong-f22pro-001.jpg","width":1050,"height":1400,"caption":"Kingsong F22 PRO 2738wh electric unicycle"},{"@type":"BreadcrumbList","@id":"https:\/\/monokolo.eu\/pl\/product\/kingsong-f-22-pro\/#breadcrumb","itemListElement":[{"@type":"ListItem","position":1,"name":"Monokolo.eu - monocykle elektryczne, transport elektryczny w Europie","item":"https:\/\/monokolo.eu\/"},{"@type":"ListItem","position":2,"name":"Sklep","item":"https:\/\/monokolo.eu\/shop\/"},{"@type":"ListItem","position":3,"name":"KingSong KS F22 Pro"}]},{"@type":"WebSite","@id":"https:\/\/monokolo.eu\/pl\/#website","url":"https:\/\/monokolo.eu\/pl\/","name":"Monokolo.eu","description":"Sklep z jednoko\u0142owcami elektrycznymi w Europie","publisher":{"@id":"https:\/\/monokolo.eu\/pl\/#organization"},"potentialAction":[{"@type":"SearchAction","target":{"@type":"EntryPoint","urlTemplate":"https:\/\/monokolo.eu\/pl\/?s={search_term_string}"},"query-input":{"@type":"PropertyValueSpecification","valueRequired":true,"valueName":"search_term_string"}}],"inLanguage":"pl-PL"},{"@type":"Organization","@id":"https:\/\/monokolo.eu\/pl\/#organization","name":"Monokolo","url":"https:\/\/monokolo.eu\/pl\/","logo":{"@type":"ImageObject","inLanguage":"pl-PL","@id":"https:\/\/monokolo.eu\/pl\/#\/schema\/logo\/image\/","url":"https:\/\/monokolo.eu\/wp-content\/uploads\/2025\/04\/logo22.png","contentUrl":"https:\/\/monokolo.eu\/wp-content\/uploads\/2025\/04\/logo22.png","width":755,"height":192,"caption":"Monokolo"},"image":{"@id":"https:\/\/monokolo.eu\/pl\/#\/schema\/logo\/image\/"},"sameAs":["https:\/\/facebook.com\/monokolo.polska\/","https:\/\/www.instagram.com\/monokolo.pl\/","https:\/\/www.tiktok.com\/@monokolo.pl"]}]}},"_links":{"self":[{"href":"https:\/\/monokolo.eu\/pl\/wp-json\/wp\/v2\/product\/14774","targetHints":{"allow":["GET"]}}],"collection":[{"href":"https:\/\/monokolo.eu\/pl\/wp-json\/wp\/v2\/product"}],"about":[{"href":"https:\/\/monokolo.eu\/pl\/wp-json\/wp\/v2\/types\/product"}],"replies":[{"embeddable":true,"href":"https:\/\/monokolo.eu\/pl\/wp-json\/wp\/v2\/comments?post=14774"}],"wp:featuredmedia":[{"embeddable":true,"href":"https:\/\/monokolo.eu\/pl\/wp-json\/wp\/v2\/media\/14775"}],"wp:attachment":[{"href":"https:\/\/monokolo.eu\/pl\/wp-json\/wp\/v2\/media?parent=14774"}],"wp:term":[{"taxonomy":"product_brand","embeddable":true,"href":"https:\/\/monokolo.eu\/pl\/wp-json\/wp\/v2\/product_brand?post=14774"},{"taxonomy":"product_cat","embeddable":true,"href":"https:\/\/monokolo.eu\/pl\/wp-json\/wp\/v2\/product_cat?post=14774"},{"taxonomy":"product_tag","embeddable":true,"href":"https:\/\/monokolo.eu\/pl\/wp-json\/wp\/v2\/product_tag?post=14774"}],"curies":[{"name":"wp","href":"https:\/\/api.w.org\/{rel}","templated":true}]}}