{"id":14753,"date":"2025-03-04T17:49:01","date_gmt":"2025-03-04T17:49:01","guid":{"rendered":"https:\/\/monokolo.eu\/product\/\/"},"modified":"2025-10-06T07:50:56","modified_gmt":"2025-10-06T07:50:56","slug":"kingsong-ks-16s","status":"publish","type":"product","link":"https:\/\/monokolo.eu\/pl\/product\/kingsong-ks-16s\/","title":{"rendered":"KingSong KS 16S"},"content":{"rendered":"<p>KingSong 16S to doskona\u0142e po\u0142\u0105czenie zwinno\u015bci, stabilno\u015bci i lekkiej konstrukcji. Idealny do miejskich dojazd\u00f3w, oferuje szeroki zasi\u0119g umo\u017cliwiaj\u0105cy \u0142atwe poruszanie si\u0119 po miejskich krajobrazach. Jego kompaktowa i lekka forma sprawia, \u017ce \u0142atwo go przenie\u015b\u0107 po schodach lub schowa\u0107 pod biurkiem czy sto\u0142em. Oferuj\u0105c niezr\u00f3wnany komfort w\u015br\u00f3d k\u00f3\u0142 o ma\u0142ej i \u015bredniej pojemno\u015bci baterii, 16S nie traci na mocy. Wyposa\u017cony w silnik 1200W, osi\u0105gaj\u0105cy szczytow\u0105 moc 3000W i niesamowit\u0105 bateri\u0119 820Wh, zapewnia niezawodne osi\u0105gi za ka\u017cdym razem. Idealny dla rekreacyjnych u\u017cytkownik\u00f3w, 16S mo\u017ce osi\u0105ga\u0107 pr\u0119dko\u015b\u0107 do 35 km\/h, gwarantuj\u0105c p\u0142ynn\u0105 i ekscytuj\u0105c\u0105 jazd\u0119 za ka\u017cdym razem.<\/p>\n<p>1200W Silnik bezszczotkowy du\u017cej pr\u0119dko\u015bci<\/p>\n<p>Wyposa\u017cony w pot\u0119\u017cny silnik bezszczotkowy, wydajno\u015b\u0107 jest stabilna i niezawodna, moc znamionowa osi\u0105ga 1200W, maksymalny moment obrotowy to 80N.m, a maksymalna pr\u0119dko\u015b\u0107 mo\u017ce osi\u0105gn\u0105\u0107 35 km\/h.<\/p>\n<p>840Wh Pot\u0119\u017cna Bateria<\/p>\n<p>Sercem jednoko\u0142owca KingSong jest pot\u0119\u017cna wbudowana bateria 840Wh, kt\u00f3rej czas \u0142adowania wynosi oko\u0142o 7 godzin, co zapewnia ci\u0105g\u0142\u0105 jazd\u0119 na oko\u0142o 80 km.<\/p>\n<p>Nowa Zmodernizowana Peda\u0142ka Plastra Miodu<\/p>\n<p>Zmodernizowana peda\u0142ka poprawia tarcie mi\u0119dzy butami a powierzchni\u0105 peda\u0142u, co sprawia, \u017ce jazda jest bardziej komfortowa i bezpieczna.<\/p>\n","protected":false},"excerpt":{"rendered":"<p>KingSong 16S to doskona\u0142e po\u0142\u0105czenie zwinno\u015bci, stabilno\u015bci i lekkiej konstrukcji. Idealny do miejskich dojazd\u00f3w, oferuje szeroki zasi\u0119g umo\u017cliwiaj\u0105cy \u0142atwe poruszanie si\u0119 po miejskich krajobrazach. Jego kompaktowa i lekka forma sprawia, \u017ce \u0142atwo go przenie\u015b\u0107 po schodach lub schowa\u0107 pod biurkiem czy sto\u0142em. Oferuj\u0105c niezr\u00f3wnany komfort w\u015br\u00f3d k\u00f3\u0142 o ma\u0142ej i \u015bredniej pojemno\u015bci baterii, 16S nie &hellip; <br \/><a href=\"https:\/\/monokolo.eu\/pl\/product\/kingsong-ks-16s\/\" class=\"more-link\">Continue reading <span class=\"screen-reader-text\">KingSong KS 16S<\/span><\/a><\/p>\n","protected":false},"featured_media":14754,"comment_status":"open","ping_status":"closed","template":"","meta":[],"product_brand":[],"product_cat":[55,110],"product_tag":[26],"class_list":{"0":"post-14753","1":"product","2":"type-product","3":"status-publish","4":"has-post-thumbnail","6":"product_cat-electric-unicycles","7":"product_cat-kingsong","8":"product_tag-euc","10":"first","11":"instock","12":"sale","13":"taxable","14":"shipping-taxable","15":"purchasable","16":"product-type-simple"},"yoast_head":"<!-- This site is optimized with the Yoast SEO plugin v26.8 - https:\/\/yoast.com\/product\/yoast-seo-wordpress\/ -->\n<title>KingSong KS 16S<\/title>\n<meta name=\"description\" content=\"KingSong 16S to doskona\u0142e po\u0142\u0105czenie zwinno\u015bci, stabilno\u015bci i lekkiej konstrukcji. Idealny do miejskich dojazd\u00f3w, oferuje szeroki zasi\u0119g umo\u017cliwiaj\u0105cy \u0142atwe poruszanie si\u0119 po miejskich krajobrazach. Jego kompaktowa i lekka forma sprawia, \u017ce \u0142atwo go przenie\u015b\u0107 po schodach lub schowa\u0107 pod biurkiem czy sto\u0142em. Oferuj\u0105c niezr\u00f3wnany komfort w\u015br\u00f3d k\u00f3\u0142 o ma\u0142ej i \u015bredniej pojemno\u015bci baterii, 16S nie&hellip;\" \/>\n<meta name=\"robots\" content=\"index, follow, max-snippet:-1, max-image-preview:large, max-video-preview:-1\" \/>\n<link rel=\"canonical\" href=\"http:\/\/KingSong%2016S%20to%20doskona\u0142e%20po\u0142\u0105czenie%20zwinno\u015bci,%20stabilno\u015bci%20i%20lekkiej%20konstrukcji.%20Idealny%20do%20miejskich%20dojazd\u00f3w,%20oferuje%20szeroki%20zasi\u0119g%20umo\u017cliwiaj\u0105cy%20\u0142atwe%20poruszanie%20si\u0119%20po%20miejskich%20krajobrazach.%20Jego%20kompaktowa%20i%20lekka%20forma%20sprawia,%20\u017ce%20\u0142atwo%20go%20przenie\u015b\u0107%20po%20schodach%20lub%20schowa\u0107%20pod%20biurkiem%20czy%20sto\u0142em.%20Oferuj\u0105c%20niezr\u00f3wnany%20komfort%20w\u015br\u00f3d%20k\u00f3\u0142%20o%20ma\u0142ej%20i%20\u015bredniej%20pojemno\u015bci%20baterii,%2016S%20nie&hellip;\" \/>\n<meta property=\"og:locale\" content=\"pl_PL\" \/>\n<meta property=\"og:type\" content=\"article\" \/>\n<meta property=\"og:title\" content=\"KingSong KS 16S\" \/>\n<meta property=\"og:description\" content=\"KingSong 16S to doskona\u0142e po\u0142\u0105czenie zwinno\u015bci, stabilno\u015bci i lekkiej konstrukcji. Idealny do miejskich dojazd\u00f3w, oferuje szeroki zasi\u0119g umo\u017cliwiaj\u0105cy \u0142atwe poruszanie si\u0119 po miejskich krajobrazach. Jego kompaktowa i lekka forma sprawia, \u017ce \u0142atwo go przenie\u015b\u0107 po schodach lub schowa\u0107 pod biurkiem czy sto\u0142em. Oferuj\u0105c niezr\u00f3wnany komfort w\u015br\u00f3d k\u00f3\u0142 o ma\u0142ej i \u015bredniej pojemno\u015bci baterii, 16S nie&hellip;\" \/>\n<meta property=\"og:url\" content=\"https:\/\/monokolo.eu\/pl\/product\/kingsong-ks-16s\/\" \/>\n<meta property=\"og:site_name\" content=\"Monokolo\" \/>\n<meta property=\"article:publisher\" content=\"https:\/\/facebook.com\/monokolo.polska\/\" \/>\n<meta property=\"article:modified_time\" content=\"2025-10-06T07:50:56+00:00\" \/>\n<meta property=\"og:image\" content=\"https:\/\/monokolo.eu\/wp-content\/uploads\/2025\/03\/kingsong-16S.jpg\" \/>\n\t<meta property=\"og:image:width\" content=\"900\" \/>\n\t<meta property=\"og:image:height\" content=\"1200\" \/>\n\t<meta property=\"og:image:type\" content=\"image\/jpeg\" \/>\n<meta name=\"twitter:card\" content=\"summary_large_image\" \/>\n<meta name=\"twitter:label1\" content=\"Szacowany czas czytania\" \/>\n\t<meta name=\"twitter:data1\" content=\"1 minuta\" \/>\n<script type=\"application\/ld+json\" class=\"yoast-schema-graph\">{\"@context\":\"https:\/\/schema.org\",\"@graph\":[{\"@type\":\"WebPage\",\"@id\":\"https:\/\/monokolo.eu\/pl\/product\/kingsong-ks-16s\/\",\"url\":\"https:\/\/monokolo.eu\/pl\/product\/kingsong-ks-16s\/\",\"name\":\"KingSong KS 16S - Monokolo\",\"isPartOf\":{\"@id\":\"https:\/\/monokolo.eu\/#website\"},\"primaryImageOfPage\":{\"@id\":\"https:\/\/monokolo.eu\/pl\/product\/kingsong-ks-16s\/#primaryimage\"},\"image\":{\"@id\":\"https:\/\/monokolo.eu\/pl\/product\/kingsong-ks-16s\/#primaryimage\"},\"thumbnailUrl\":\"https:\/\/monokolo.eu\/wp-content\/uploads\/2025\/03\/kingsong-16S.jpg\",\"datePublished\":\"2025-03-04T17:49:01+00:00\",\"dateModified\":\"2025-10-06T07:50:56+00:00\",\"breadcrumb\":{\"@id\":\"https:\/\/monokolo.eu\/pl\/product\/kingsong-ks-16s\/#breadcrumb\"},\"inLanguage\":\"pl-PL\",\"potentialAction\":[{\"@type\":\"ReadAction\",\"target\":[\"https:\/\/monokolo.eu\/pl\/product\/kingsong-ks-16s\/\"]}]},{\"@type\":\"ImageObject\",\"inLanguage\":\"pl-PL\",\"@id\":\"https:\/\/monokolo.eu\/pl\/product\/kingsong-ks-16s\/#primaryimage\",\"url\":\"https:\/\/monokolo.eu\/wp-content\/uploads\/2025\/03\/kingsong-16S.jpg\",\"contentUrl\":\"https:\/\/monokolo.eu\/wp-content\/uploads\/2025\/03\/kingsong-16S.jpg\",\"width\":900,\"height\":1200,\"caption\":\"Kingsong 16S EUC black\"},{\"@type\":\"BreadcrumbList\",\"@id\":\"https:\/\/monokolo.eu\/pl\/product\/kingsong-ks-16s\/#breadcrumb\",\"itemListElement\":[{\"@type\":\"ListItem\",\"position\":1,\"name\":\"Monokolo.eu - monocykle elektryczne, transport elektryczny w Europie\",\"item\":\"https:\/\/monokolo.eu\/\"},{\"@type\":\"ListItem\",\"position\":2,\"name\":\"Sklep\",\"item\":\"https:\/\/monokolo.eu\/shop\/\"},{\"@type\":\"ListItem\",\"position\":3,\"name\":\"KingSong KS 16S\"}]},{\"@type\":\"WebSite\",\"@id\":\"https:\/\/monokolo.eu\/pl\/#website\",\"url\":\"https:\/\/monokolo.eu\/pl\/\",\"name\":\"Monokolo.eu\",\"description\":\"Sklep z jednoko\u0142owcami elektrycznymi w Europie\",\"publisher\":{\"@id\":\"https:\/\/monokolo.eu\/pl\/#organization\"},\"potentialAction\":[{\"@type\":\"SearchAction\",\"target\":{\"@type\":\"EntryPoint\",\"urlTemplate\":\"https:\/\/monokolo.eu\/pl\/?s={search_term_string}\"},\"query-input\":{\"@type\":\"PropertyValueSpecification\",\"valueRequired\":true,\"valueName\":\"search_term_string\"}}],\"inLanguage\":\"pl-PL\"},{\"@type\":\"Organization\",\"@id\":\"https:\/\/monokolo.eu\/pl\/#organization\",\"name\":\"Monokolo\",\"url\":\"https:\/\/monokolo.eu\/pl\/\",\"logo\":{\"@type\":\"ImageObject\",\"inLanguage\":\"pl-PL\",\"@id\":\"https:\/\/monokolo.eu\/pl\/#\/schema\/logo\/image\/\",\"url\":\"https:\/\/monokolo.eu\/wp-content\/uploads\/2025\/04\/logo22.png\",\"contentUrl\":\"https:\/\/monokolo.eu\/wp-content\/uploads\/2025\/04\/logo22.png\",\"width\":755,\"height\":192,\"caption\":\"Monokolo\"},\"image\":{\"@id\":\"https:\/\/monokolo.eu\/pl\/#\/schema\/logo\/image\/\"},\"sameAs\":[\"https:\/\/facebook.com\/monokolo.polska\/\",\"https:\/\/www.instagram.com\/monokolo.pl\/\",\"https:\/\/www.tiktok.com\/@monokolo.pl\"]}]}<\/script>\n<!-- \/ Yoast SEO plugin. -->","yoast_head_json":{"title":"KingSong KS 16S","description":"KingSong 16S to doskona\u0142e po\u0142\u0105czenie zwinno\u015bci, stabilno\u015bci i lekkiej konstrukcji. Idealny do miejskich dojazd\u00f3w, oferuje szeroki zasi\u0119g umo\u017cliwiaj\u0105cy \u0142atwe poruszanie si\u0119 po miejskich krajobrazach. Jego kompaktowa i lekka forma sprawia, \u017ce \u0142atwo go przenie\u015b\u0107 po schodach lub schowa\u0107 pod biurkiem czy sto\u0142em. Oferuj\u0105c niezr\u00f3wnany komfort w\u015br\u00f3d k\u00f3\u0142 o ma\u0142ej i \u015bredniej pojemno\u015bci baterii, 16S nie&hellip;","robots":{"index":"index","follow":"follow","max-snippet":"max-snippet:-1","max-image-preview":"max-image-preview:large","max-video-preview":"max-video-preview:-1"},"canonical":"KingSong 16S to doskona\u0142e po\u0142\u0105czenie zwinno\u015bci, stabilno\u015bci i lekkiej konstrukcji. Idealny do miejskich dojazd\u00f3w, oferuje szeroki zasi\u0119g umo\u017cliwiaj\u0105cy \u0142atwe poruszanie si\u0119 po miejskich krajobrazach. Jego kompaktowa i lekka forma sprawia, \u017ce \u0142atwo go przenie\u015b\u0107 po schodach lub schowa\u0107 pod biurkiem czy sto\u0142em. Oferuj\u0105c niezr\u00f3wnany komfort w\u015br\u00f3d k\u00f3\u0142 o ma\u0142ej i \u015bredniej pojemno\u015bci baterii, 16S nie&hellip;","og_locale":"pl_PL","og_type":"article","og_title":"KingSong KS 16S","og_description":"KingSong 16S to doskona\u0142e po\u0142\u0105czenie zwinno\u015bci, stabilno\u015bci i lekkiej konstrukcji. Idealny do miejskich dojazd\u00f3w, oferuje szeroki zasi\u0119g umo\u017cliwiaj\u0105cy \u0142atwe poruszanie si\u0119 po miejskich krajobrazach. Jego kompaktowa i lekka forma sprawia, \u017ce \u0142atwo go przenie\u015b\u0107 po schodach lub schowa\u0107 pod biurkiem czy sto\u0142em. Oferuj\u0105c niezr\u00f3wnany komfort w\u015br\u00f3d k\u00f3\u0142 o ma\u0142ej i \u015bredniej pojemno\u015bci baterii, 16S nie&hellip;","og_url":"https:\/\/monokolo.eu\/pl\/product\/kingsong-ks-16s\/","og_site_name":"Monokolo","article_publisher":"https:\/\/facebook.com\/monokolo.polska\/","article_modified_time":"2025-10-06T07:50:56+00:00","og_image":[{"width":900,"height":1200,"url":"https:\/\/monokolo.eu\/wp-content\/uploads\/2025\/03\/kingsong-16S.jpg","type":"image\/jpeg"}],"twitter_card":"summary_large_image","twitter_misc":{"Szacowany czas czytania":"1 minuta"},"schema":{"@context":"https:\/\/schema.org","@graph":[{"@type":"WebPage","@id":"https:\/\/monokolo.eu\/pl\/product\/kingsong-ks-16s\/","url":"https:\/\/monokolo.eu\/pl\/product\/kingsong-ks-16s\/","name":"KingSong KS 16S - Monokolo","isPartOf":{"@id":"https:\/\/monokolo.eu\/#website"},"primaryImageOfPage":{"@id":"https:\/\/monokolo.eu\/pl\/product\/kingsong-ks-16s\/#primaryimage"},"image":{"@id":"https:\/\/monokolo.eu\/pl\/product\/kingsong-ks-16s\/#primaryimage"},"thumbnailUrl":"https:\/\/monokolo.eu\/wp-content\/uploads\/2025\/03\/kingsong-16S.jpg","datePublished":"2025-03-04T17:49:01+00:00","dateModified":"2025-10-06T07:50:56+00:00","breadcrumb":{"@id":"https:\/\/monokolo.eu\/pl\/product\/kingsong-ks-16s\/#breadcrumb"},"inLanguage":"pl-PL","potentialAction":[{"@type":"ReadAction","target":["https:\/\/monokolo.eu\/pl\/product\/kingsong-ks-16s\/"]}]},{"@type":"ImageObject","inLanguage":"pl-PL","@id":"https:\/\/monokolo.eu\/pl\/product\/kingsong-ks-16s\/#primaryimage","url":"https:\/\/monokolo.eu\/wp-content\/uploads\/2025\/03\/kingsong-16S.jpg","contentUrl":"https:\/\/monokolo.eu\/wp-content\/uploads\/2025\/03\/kingsong-16S.jpg","width":900,"height":1200,"caption":"Kingsong 16S EUC black"},{"@type":"BreadcrumbList","@id":"https:\/\/monokolo.eu\/pl\/product\/kingsong-ks-16s\/#breadcrumb","itemListElement":[{"@type":"ListItem","position":1,"name":"Monokolo.eu - monocykle elektryczne, transport elektryczny w Europie","item":"https:\/\/monokolo.eu\/"},{"@type":"ListItem","position":2,"name":"Sklep","item":"https:\/\/monokolo.eu\/shop\/"},{"@type":"ListItem","position":3,"name":"KingSong KS 16S"}]},{"@type":"WebSite","@id":"https:\/\/monokolo.eu\/pl\/#website","url":"https:\/\/monokolo.eu\/pl\/","name":"Monokolo.eu","description":"Sklep z jednoko\u0142owcami elektrycznymi w Europie","publisher":{"@id":"https:\/\/monokolo.eu\/pl\/#organization"},"potentialAction":[{"@type":"SearchAction","target":{"@type":"EntryPoint","urlTemplate":"https:\/\/monokolo.eu\/pl\/?s={search_term_string}"},"query-input":{"@type":"PropertyValueSpecification","valueRequired":true,"valueName":"search_term_string"}}],"inLanguage":"pl-PL"},{"@type":"Organization","@id":"https:\/\/monokolo.eu\/pl\/#organization","name":"Monokolo","url":"https:\/\/monokolo.eu\/pl\/","logo":{"@type":"ImageObject","inLanguage":"pl-PL","@id":"https:\/\/monokolo.eu\/pl\/#\/schema\/logo\/image\/","url":"https:\/\/monokolo.eu\/wp-content\/uploads\/2025\/04\/logo22.png","contentUrl":"https:\/\/monokolo.eu\/wp-content\/uploads\/2025\/04\/logo22.png","width":755,"height":192,"caption":"Monokolo"},"image":{"@id":"https:\/\/monokolo.eu\/pl\/#\/schema\/logo\/image\/"},"sameAs":["https:\/\/facebook.com\/monokolo.polska\/","https:\/\/www.instagram.com\/monokolo.pl\/","https:\/\/www.tiktok.com\/@monokolo.pl"]}]}},"_links":{"self":[{"href":"https:\/\/monokolo.eu\/pl\/wp-json\/wp\/v2\/product\/14753","targetHints":{"allow":["GET"]}}],"collection":[{"href":"https:\/\/monokolo.eu\/pl\/wp-json\/wp\/v2\/product"}],"about":[{"href":"https:\/\/monokolo.eu\/pl\/wp-json\/wp\/v2\/types\/product"}],"replies":[{"embeddable":true,"href":"https:\/\/monokolo.eu\/pl\/wp-json\/wp\/v2\/comments?post=14753"}],"wp:featuredmedia":[{"embeddable":true,"href":"https:\/\/monokolo.eu\/pl\/wp-json\/wp\/v2\/media\/14754"}],"wp:attachment":[{"href":"https:\/\/monokolo.eu\/pl\/wp-json\/wp\/v2\/media?parent=14753"}],"wp:term":[{"taxonomy":"product_brand","embeddable":true,"href":"https:\/\/monokolo.eu\/pl\/wp-json\/wp\/v2\/product_brand?post=14753"},{"taxonomy":"product_cat","embeddable":true,"href":"https:\/\/monokolo.eu\/pl\/wp-json\/wp\/v2\/product_cat?post=14753"},{"taxonomy":"product_tag","embeddable":true,"href":"https:\/\/monokolo.eu\/pl\/wp-json\/wp\/v2\/product_tag?post=14753"}],"curies":[{"name":"wp","href":"https:\/\/api.w.org\/{rel}","templated":true}]}}