{"id":14743,"date":"2025-03-04T16:41:25","date_gmt":"2025-03-04T16:41:25","guid":{"rendered":"https:\/\/monokolo.eu\/product\/\/"},"modified":"2025-10-25T08:53:40","modified_gmt":"2025-10-25T08:53:40","slug":"kingsong-14d","status":"publish","type":"product","link":"https:\/\/monokolo.eu\/pl\/product\/kingsong-14d\/","title":{"rendered":"KingSong 14D"},"content":{"rendered":"<p>KS-14D jest jednym z najlepszych modeli jednoko\u0142owc\u00f3w w kategorii 14-calowych, \u0142atwo wyprzedzaj\u0105c wiele konkurencyjnych modeli. To doskona\u0142y wyb\u00f3r zar\u00f3wno dla pocz\u0105tkuj\u0105cych, jak i dla tych, kt\u00f3rzy szukaj\u0105 ulepszenia swojego pocz\u0105tkowego jednoko\u0142owca elektrycznego. Model ten oferuje doskona\u0142\u0105 r\u00f3wnowag\u0119 wagi, rozmiaru i wydajno\u015bci.<\/p>\n<p>Elektryczny jednoko\u0142owiec Kingsong 14D zosta\u0142 zaprojektowany dla os\u00f3b, kt\u00f3re chc\u0105 szybko porusza\u0107 si\u0119 po mie\u015bcie. Jego lekka konstrukcja pozwala na \u0142atwe noszenie, co jest idealne dla tych, kt\u00f3rzy jeszcze nie czuj\u0105 si\u0119 komfortowo z wi\u0119kszymi, bardziej pot\u0119\u017cnymi jednoko\u0142owcami. Dodatkowo jednoko\u0142owiec posiada wysuwany uchwyt na g\u00f3rze, dzi\u0119ki czemu mo\u017cna go \u0142atwo prowadzi\u0107 obok siebie.<\/p>\n<p>Z silnikiem o mocy 800W zamkni\u0119tym w 14-calowym kole, 14D mo\u017ce osi\u0105ga\u0107 pr\u0119dko\u015bci ponad 30 km\/h i pokonywa\u0107 odleg\u0142o\u015bci do 30 kilometr\u00f3w. To sprawia, \u017ce jest idealny dla pocz\u0105tkuj\u0105cych, kt\u00f3rzy chc\u0105 rozwija\u0107 swoje umiej\u0119tno\u015bci jazdy na jednoko\u0142owcu, jak r\u00f3wnie\u017c dla ka\u017cdego, kto chce odkrywa\u0107 \u015bwiat mniejszych k\u00f3\u0142.<\/p>\n<p>Kompaktowo\u015b\u0107 modelu 14D, podobnie jak innych 14-calowych k\u00f3\u0142, jest nie do pobicia do jazdy po mie\u015bcie. Dzi\u0119ki czterem konfigurowalnym paskom LED po bokach oraz g\u0142o\u015bnikom Bluetooth, b\u0119dziesz widoczny i s\u0142yszalny podczas nocnych przeja\u017cd\u017cek. O\u015bwietlenie przednie i tylne zapewniaj\u0105 bezpieczn\u0105 jazd\u0119 w obu kierunkach. Ponadto, jego sk\u0142adany uchwyt na w\u00f3zek sprawia, \u017ce \u0142atwo go przenosi\u0107 lub pcha\u0107, a jednocze\u015bnie wa\u017cy nieco poni\u017cej 15 kg.<\/p>\n<p>Dzi\u0119ki swojej lekkiej i kompaktowej konstrukcji, 14D oferuje przyjemno\u015b\u0107 z jazdy w miejscach, gdzie samochody nie mog\u0105 si\u0119 porusza\u0107. Niezale\u017cnie od tego, czy zwiedzasz lokalne parki, \u015bcie\u017cki rowerowe, czy g\u0119sto zabudowane obszary miejskie, nie b\u0119dziesz musia\u0142 zmaga\u0107 si\u0119 z ci\u0119\u017ckim lub niepor\u0119cznym urz\u0105dzeniem. Bezproblemowo wtopisz si\u0119 w ruch pieszy i rowerowy, a podczas gdy inni b\u0119d\u0105 wysila\u0107 si\u0119, aby dotrze\u0107 do celu, ty b\u0119dziesz p\u0142ynnie sun\u0105\u0142 i cieszy\u0142 si\u0119 jazd\u0105.<\/p>\n","protected":false},"excerpt":{"rendered":"<p>Cho\u0107 KingSong 14D jest ma\u0142y, oferuje mn\u00f3stwo funkcji, kt\u00f3re sprawiaj\u0105, \u017ce trudno innym pojazdom elektrycznym konkurowa\u0107 w jego przedziale cenowym. Opona 14-calowa modelu King Song 14D zapewnia doskona\u0142\u0105 zwrotno\u015b\u0107, \u0142atwo\u015b\u0107 przenoszenia i wszechstronno\u015b\u0107, co czyni go idealnym wyborem zar\u00f3wno dla miejskich podr\u00f3\u017cnik\u00f3w, jak i mi\u0142o\u015bnik\u00f3w eksploracji szlak\u00f3w. Je\u015bli chcesz wkroczy\u0107 do \u015bwiata jednoko\u0142owc\u00f3w elektrycznych bez nadmiernych wydatk\u00f3w i szukasz modelu, kt\u00f3ry pozwoli ci rozwija\u0107 umiej\u0119tno\u015bci, King Song 14D jest idealnym wyborem.<\/p>\n","protected":false},"featured_media":14744,"comment_status":"open","ping_status":"closed","template":"","meta":[],"product_brand":[],"product_cat":[55,110],"product_tag":[26],"class_list":{"0":"post-14743","1":"product","2":"type-product","3":"status-publish","4":"has-post-thumbnail","6":"product_cat-electric-unicycles","7":"product_cat-kingsong","8":"product_tag-euc","10":"first","11":"onbackorder","12":"sale","13":"taxable","14":"shipping-taxable","15":"purchasable","16":"product-type-simple"},"yoast_head":"<!-- This site is optimized with the Yoast SEO plugin v26.8 - https:\/\/yoast.com\/product\/yoast-seo-wordpress\/ -->\n<title>KingSong 14D<\/title>\n<meta name=\"description\" content=\"Cho\u0107 KingSong 14D jest ma\u0142y, oferuje mn\u00f3stwo funkcji, kt\u00f3re sprawiaj\u0105, \u017ce trudno innym pojazdom elektrycznym konkurowa\u0107 w jego przedziale cenowym. Opona 14-calowa modelu King Song 14D zapewnia doskona\u0142\u0105 zwrotno\u015b\u0107, \u0142atwo\u015b\u0107 przenoszenia i wszechstronno\u015b\u0107, co czyni go idealnym wyborem zar\u00f3wno dla miejskich podr\u00f3\u017cnik\u00f3w, jak i mi\u0142o\u015bnik\u00f3w eksploracji szlak\u00f3w. Je\u015bli chcesz wkroczy\u0107 do \u015bwiata jednoko\u0142owc\u00f3w elektrycznych bez nadmiernych wydatk\u00f3w i szukasz modelu, kt\u00f3ry pozwoli ci rozwija\u0107 umiej\u0119tno\u015bci, King Song 14D jest idealnym wyborem.\" \/>\n<meta name=\"robots\" content=\"index, follow, max-snippet:-1, max-image-preview:large, max-video-preview:-1\" \/>\n<link rel=\"canonical\" href=\"http:\/\/Cho\u0107%20KingSong%2014D%20jest%20ma\u0142y,%20oferuje%20mn\u00f3stwo%20funkcji,%20kt\u00f3re%20sprawiaj\u0105,%20\u017ce%20trudno%20innym%20pojazdom%20elektrycznym%20konkurowa\u0107%20w%20jego%20przedziale%20cenowym.%20Opona%2014-calowa%20modelu%20King%20Song%2014D%20zapewnia%20doskona\u0142\u0105%20zwrotno\u015b\u0107,%20\u0142atwo\u015b\u0107%20przenoszenia%20i%20wszechstronno\u015b\u0107,%20co%20czyni%20go%20idealnym%20wyborem%20zar\u00f3wno%20dla%20miejskich%20podr\u00f3\u017cnik\u00f3w,%20jak%20i%20mi\u0142o\u015bnik\u00f3w%20eksploracji%20szlak\u00f3w.%20Je\u015bli%20chcesz%20wkroczy\u0107%20do%20\u015bwiata%20jednoko\u0142owc\u00f3w%20elektrycznych%20bez%20nadmiernych%20wydatk\u00f3w%20i%20szukasz%20modelu,%20kt\u00f3ry%20pozwoli%20ci%20rozwija\u0107%20umiej\u0119tno\u015bci,%20King%20Song%2014D%20jest%20idealnym%20wyborem.\" \/>\n<meta property=\"og:locale\" content=\"pl_PL\" \/>\n<meta property=\"og:type\" content=\"article\" \/>\n<meta property=\"og:title\" content=\"KingSong 14D\" \/>\n<meta property=\"og:description\" content=\"Cho\u0107 KingSong 14D jest ma\u0142y, oferuje mn\u00f3stwo funkcji, kt\u00f3re sprawiaj\u0105, \u017ce trudno innym pojazdom elektrycznym konkurowa\u0107 w jego przedziale cenowym. Opona 14-calowa modelu King Song 14D zapewnia doskona\u0142\u0105 zwrotno\u015b\u0107, \u0142atwo\u015b\u0107 przenoszenia i wszechstronno\u015b\u0107, co czyni go idealnym wyborem zar\u00f3wno dla miejskich podr\u00f3\u017cnik\u00f3w, jak i mi\u0142o\u015bnik\u00f3w eksploracji szlak\u00f3w. Je\u015bli chcesz wkroczy\u0107 do \u015bwiata jednoko\u0142owc\u00f3w elektrycznych bez nadmiernych wydatk\u00f3w i szukasz modelu, kt\u00f3ry pozwoli ci rozwija\u0107 umiej\u0119tno\u015bci, King Song 14D jest idealnym wyborem.\" \/>\n<meta property=\"og:url\" content=\"https:\/\/monokolo.eu\/pl\/product\/kingsong-14d\/\" \/>\n<meta property=\"og:site_name\" content=\"Monokolo\" \/>\n<meta property=\"article:publisher\" content=\"https:\/\/facebook.com\/monokolo.polska\/\" \/>\n<meta property=\"article:modified_time\" content=\"2025-10-25T08:53:40+00:00\" \/>\n<meta property=\"og:image\" content=\"https:\/\/monokolo.eu\/wp-content\/uploads\/2025\/03\/kingsong-14d-black-001.jpg\" \/>\n\t<meta property=\"og:image:width\" content=\"1050\" \/>\n\t<meta property=\"og:image:height\" content=\"1400\" \/>\n\t<meta property=\"og:image:type\" content=\"image\/jpeg\" \/>\n<meta name=\"twitter:card\" content=\"summary_large_image\" \/>\n<meta name=\"twitter:label1\" content=\"Szacowany czas czytania\" \/>\n\t<meta name=\"twitter:data1\" content=\"1 minuta\" \/>\n<script type=\"application\/ld+json\" class=\"yoast-schema-graph\">{\"@context\":\"https:\/\/schema.org\",\"@graph\":[{\"@type\":\"WebPage\",\"@id\":\"https:\/\/monokolo.eu\/pl\/product\/kingsong-14d\/\",\"url\":\"https:\/\/monokolo.eu\/pl\/product\/kingsong-14d\/\",\"name\":\"KingSong 14D - Monokolo\",\"isPartOf\":{\"@id\":\"https:\/\/monokolo.eu\/#website\"},\"primaryImageOfPage\":{\"@id\":\"https:\/\/monokolo.eu\/pl\/product\/kingsong-14d\/#primaryimage\"},\"image\":{\"@id\":\"https:\/\/monokolo.eu\/pl\/product\/kingsong-14d\/#primaryimage\"},\"thumbnailUrl\":\"https:\/\/monokolo.eu\/wp-content\/uploads\/2025\/03\/kingsong-14d-black-001.jpg\",\"datePublished\":\"2025-03-04T16:41:25+00:00\",\"dateModified\":\"2025-10-25T08:53:40+00:00\",\"breadcrumb\":{\"@id\":\"https:\/\/monokolo.eu\/pl\/product\/kingsong-14d\/#breadcrumb\"},\"inLanguage\":\"pl-PL\",\"potentialAction\":[{\"@type\":\"ReadAction\",\"target\":[\"https:\/\/monokolo.eu\/pl\/product\/kingsong-14d\/\"]}]},{\"@type\":\"ImageObject\",\"inLanguage\":\"pl-PL\",\"@id\":\"https:\/\/monokolo.eu\/pl\/product\/kingsong-14d\/#primaryimage\",\"url\":\"https:\/\/monokolo.eu\/wp-content\/uploads\/2025\/03\/kingsong-14d-black-001.jpg\",\"contentUrl\":\"https:\/\/monokolo.eu\/wp-content\/uploads\/2025\/03\/kingsong-14d-black-001.jpg\",\"width\":1050,\"height\":1400,\"caption\":\"kingsong 14D 420wh black\"},{\"@type\":\"BreadcrumbList\",\"@id\":\"https:\/\/monokolo.eu\/pl\/product\/kingsong-14d\/#breadcrumb\",\"itemListElement\":[{\"@type\":\"ListItem\",\"position\":1,\"name\":\"Monokolo.eu - monocykle elektryczne, transport elektryczny w Europie\",\"item\":\"https:\/\/monokolo.eu\/\"},{\"@type\":\"ListItem\",\"position\":2,\"name\":\"Sklep\",\"item\":\"https:\/\/monokolo.eu\/shop\/\"},{\"@type\":\"ListItem\",\"position\":3,\"name\":\"KingSong 14D\"}]},{\"@type\":\"WebSite\",\"@id\":\"https:\/\/monokolo.eu\/pl\/#website\",\"url\":\"https:\/\/monokolo.eu\/pl\/\",\"name\":\"Monokolo.eu\",\"description\":\"Sklep z jednoko\u0142owcami elektrycznymi w Europie\",\"publisher\":{\"@id\":\"https:\/\/monokolo.eu\/pl\/#organization\"},\"potentialAction\":[{\"@type\":\"SearchAction\",\"target\":{\"@type\":\"EntryPoint\",\"urlTemplate\":\"https:\/\/monokolo.eu\/pl\/?s={search_term_string}\"},\"query-input\":{\"@type\":\"PropertyValueSpecification\",\"valueRequired\":true,\"valueName\":\"search_term_string\"}}],\"inLanguage\":\"pl-PL\"},{\"@type\":\"Organization\",\"@id\":\"https:\/\/monokolo.eu\/pl\/#organization\",\"name\":\"Monokolo\",\"url\":\"https:\/\/monokolo.eu\/pl\/\",\"logo\":{\"@type\":\"ImageObject\",\"inLanguage\":\"pl-PL\",\"@id\":\"https:\/\/monokolo.eu\/pl\/#\/schema\/logo\/image\/\",\"url\":\"https:\/\/monokolo.eu\/wp-content\/uploads\/2025\/04\/logo22.png\",\"contentUrl\":\"https:\/\/monokolo.eu\/wp-content\/uploads\/2025\/04\/logo22.png\",\"width\":755,\"height\":192,\"caption\":\"Monokolo\"},\"image\":{\"@id\":\"https:\/\/monokolo.eu\/pl\/#\/schema\/logo\/image\/\"},\"sameAs\":[\"https:\/\/facebook.com\/monokolo.polska\/\",\"https:\/\/www.instagram.com\/monokolo.pl\/\",\"https:\/\/www.tiktok.com\/@monokolo.pl\"]}]}<\/script>\n<!-- \/ Yoast SEO plugin. -->","yoast_head_json":{"title":"KingSong 14D","description":"Cho\u0107 KingSong 14D jest ma\u0142y, oferuje mn\u00f3stwo funkcji, kt\u00f3re sprawiaj\u0105, \u017ce trudno innym pojazdom elektrycznym konkurowa\u0107 w jego przedziale cenowym. Opona 14-calowa modelu King Song 14D zapewnia doskona\u0142\u0105 zwrotno\u015b\u0107, \u0142atwo\u015b\u0107 przenoszenia i wszechstronno\u015b\u0107, co czyni go idealnym wyborem zar\u00f3wno dla miejskich podr\u00f3\u017cnik\u00f3w, jak i mi\u0142o\u015bnik\u00f3w eksploracji szlak\u00f3w. Je\u015bli chcesz wkroczy\u0107 do \u015bwiata jednoko\u0142owc\u00f3w elektrycznych bez nadmiernych wydatk\u00f3w i szukasz modelu, kt\u00f3ry pozwoli ci rozwija\u0107 umiej\u0119tno\u015bci, King Song 14D jest idealnym wyborem.","robots":{"index":"index","follow":"follow","max-snippet":"max-snippet:-1","max-image-preview":"max-image-preview:large","max-video-preview":"max-video-preview:-1"},"canonical":"Cho\u0107 KingSong 14D jest ma\u0142y, oferuje mn\u00f3stwo funkcji, kt\u00f3re sprawiaj\u0105, \u017ce trudno innym pojazdom elektrycznym konkurowa\u0107 w jego przedziale cenowym. Opona 14-calowa modelu King Song 14D zapewnia doskona\u0142\u0105 zwrotno\u015b\u0107, \u0142atwo\u015b\u0107 przenoszenia i wszechstronno\u015b\u0107, co czyni go idealnym wyborem zar\u00f3wno dla miejskich podr\u00f3\u017cnik\u00f3w, jak i mi\u0142o\u015bnik\u00f3w eksploracji szlak\u00f3w. Je\u015bli chcesz wkroczy\u0107 do \u015bwiata jednoko\u0142owc\u00f3w elektrycznych bez nadmiernych wydatk\u00f3w i szukasz modelu, kt\u00f3ry pozwoli ci rozwija\u0107 umiej\u0119tno\u015bci, King Song 14D jest idealnym wyborem.","og_locale":"pl_PL","og_type":"article","og_title":"KingSong 14D","og_description":"Cho\u0107 KingSong 14D jest ma\u0142y, oferuje mn\u00f3stwo funkcji, kt\u00f3re sprawiaj\u0105, \u017ce trudno innym pojazdom elektrycznym konkurowa\u0107 w jego przedziale cenowym. Opona 14-calowa modelu King Song 14D zapewnia doskona\u0142\u0105 zwrotno\u015b\u0107, \u0142atwo\u015b\u0107 przenoszenia i wszechstronno\u015b\u0107, co czyni go idealnym wyborem zar\u00f3wno dla miejskich podr\u00f3\u017cnik\u00f3w, jak i mi\u0142o\u015bnik\u00f3w eksploracji szlak\u00f3w. Je\u015bli chcesz wkroczy\u0107 do \u015bwiata jednoko\u0142owc\u00f3w elektrycznych bez nadmiernych wydatk\u00f3w i szukasz modelu, kt\u00f3ry pozwoli ci rozwija\u0107 umiej\u0119tno\u015bci, King Song 14D jest idealnym wyborem.","og_url":"https:\/\/monokolo.eu\/pl\/product\/kingsong-14d\/","og_site_name":"Monokolo","article_publisher":"https:\/\/facebook.com\/monokolo.polska\/","article_modified_time":"2025-10-25T08:53:40+00:00","og_image":[{"width":1050,"height":1400,"url":"https:\/\/monokolo.eu\/wp-content\/uploads\/2025\/03\/kingsong-14d-black-001.jpg","type":"image\/jpeg"}],"twitter_card":"summary_large_image","twitter_misc":{"Szacowany czas czytania":"1 minuta"},"schema":{"@context":"https:\/\/schema.org","@graph":[{"@type":"WebPage","@id":"https:\/\/monokolo.eu\/pl\/product\/kingsong-14d\/","url":"https:\/\/monokolo.eu\/pl\/product\/kingsong-14d\/","name":"KingSong 14D - Monokolo","isPartOf":{"@id":"https:\/\/monokolo.eu\/#website"},"primaryImageOfPage":{"@id":"https:\/\/monokolo.eu\/pl\/product\/kingsong-14d\/#primaryimage"},"image":{"@id":"https:\/\/monokolo.eu\/pl\/product\/kingsong-14d\/#primaryimage"},"thumbnailUrl":"https:\/\/monokolo.eu\/wp-content\/uploads\/2025\/03\/kingsong-14d-black-001.jpg","datePublished":"2025-03-04T16:41:25+00:00","dateModified":"2025-10-25T08:53:40+00:00","breadcrumb":{"@id":"https:\/\/monokolo.eu\/pl\/product\/kingsong-14d\/#breadcrumb"},"inLanguage":"pl-PL","potentialAction":[{"@type":"ReadAction","target":["https:\/\/monokolo.eu\/pl\/product\/kingsong-14d\/"]}]},{"@type":"ImageObject","inLanguage":"pl-PL","@id":"https:\/\/monokolo.eu\/pl\/product\/kingsong-14d\/#primaryimage","url":"https:\/\/monokolo.eu\/wp-content\/uploads\/2025\/03\/kingsong-14d-black-001.jpg","contentUrl":"https:\/\/monokolo.eu\/wp-content\/uploads\/2025\/03\/kingsong-14d-black-001.jpg","width":1050,"height":1400,"caption":"kingsong 14D 420wh black"},{"@type":"BreadcrumbList","@id":"https:\/\/monokolo.eu\/pl\/product\/kingsong-14d\/#breadcrumb","itemListElement":[{"@type":"ListItem","position":1,"name":"Monokolo.eu - monocykle elektryczne, transport elektryczny w Europie","item":"https:\/\/monokolo.eu\/"},{"@type":"ListItem","position":2,"name":"Sklep","item":"https:\/\/monokolo.eu\/shop\/"},{"@type":"ListItem","position":3,"name":"KingSong 14D"}]},{"@type":"WebSite","@id":"https:\/\/monokolo.eu\/pl\/#website","url":"https:\/\/monokolo.eu\/pl\/","name":"Monokolo.eu","description":"Sklep z jednoko\u0142owcami elektrycznymi w Europie","publisher":{"@id":"https:\/\/monokolo.eu\/pl\/#organization"},"potentialAction":[{"@type":"SearchAction","target":{"@type":"EntryPoint","urlTemplate":"https:\/\/monokolo.eu\/pl\/?s={search_term_string}"},"query-input":{"@type":"PropertyValueSpecification","valueRequired":true,"valueName":"search_term_string"}}],"inLanguage":"pl-PL"},{"@type":"Organization","@id":"https:\/\/monokolo.eu\/pl\/#organization","name":"Monokolo","url":"https:\/\/monokolo.eu\/pl\/","logo":{"@type":"ImageObject","inLanguage":"pl-PL","@id":"https:\/\/monokolo.eu\/pl\/#\/schema\/logo\/image\/","url":"https:\/\/monokolo.eu\/wp-content\/uploads\/2025\/04\/logo22.png","contentUrl":"https:\/\/monokolo.eu\/wp-content\/uploads\/2025\/04\/logo22.png","width":755,"height":192,"caption":"Monokolo"},"image":{"@id":"https:\/\/monokolo.eu\/pl\/#\/schema\/logo\/image\/"},"sameAs":["https:\/\/facebook.com\/monokolo.polska\/","https:\/\/www.instagram.com\/monokolo.pl\/","https:\/\/www.tiktok.com\/@monokolo.pl"]}]}},"_links":{"self":[{"href":"https:\/\/monokolo.eu\/pl\/wp-json\/wp\/v2\/product\/14743","targetHints":{"allow":["GET"]}}],"collection":[{"href":"https:\/\/monokolo.eu\/pl\/wp-json\/wp\/v2\/product"}],"about":[{"href":"https:\/\/monokolo.eu\/pl\/wp-json\/wp\/v2\/types\/product"}],"replies":[{"embeddable":true,"href":"https:\/\/monokolo.eu\/pl\/wp-json\/wp\/v2\/comments?post=14743"}],"wp:featuredmedia":[{"embeddable":true,"href":"https:\/\/monokolo.eu\/pl\/wp-json\/wp\/v2\/media\/14744"}],"wp:attachment":[{"href":"https:\/\/monokolo.eu\/pl\/wp-json\/wp\/v2\/media?parent=14743"}],"wp:term":[{"taxonomy":"product_brand","embeddable":true,"href":"https:\/\/monokolo.eu\/pl\/wp-json\/wp\/v2\/product_brand?post=14743"},{"taxonomy":"product_cat","embeddable":true,"href":"https:\/\/monokolo.eu\/pl\/wp-json\/wp\/v2\/product_cat?post=14743"},{"taxonomy":"product_tag","embeddable":true,"href":"https:\/\/monokolo.eu\/pl\/wp-json\/wp\/v2\/product_tag?post=14743"}],"curies":[{"name":"wp","href":"https:\/\/api.w.org\/{rel}","templated":true}]}}