{"id":14628,"date":"2025-02-20T14:24:37","date_gmt":"2025-02-20T14:24:37","guid":{"rendered":"https:\/\/monokolo.eu\/product\/\/"},"modified":"2026-04-15T18:49:02","modified_gmt":"2026-04-15T18:49:02","slug":"inmotion-v9","status":"publish","type":"product","link":"https:\/\/monokolo.eu\/pl\/product\/inmotion-v9\/","title":{"rendered":"Inmotion V9"},"content":{"rendered":"<p>Firma Inmotion wprowadzi\u0142a model InMotion V9. Ten model zosta\u0142 zaprojektowany z my\u015bl\u0105 o miejskich u\u017cytkownikach szukaj\u0105cych niezawodnego i stylowego elektrycznego monocykla do codziennych podr\u00f3\u017cy i rekreacyjnych przeja\u017cd\u017cek. Inmotion V9 jest obecnie najl\u017cejszym monocyklem elektrycznym z zawieszeniem dost\u0119pnym na rynku.<br \/>\nModel V9 wyposa\u017cony jest w solidny silnik elektryczny o mocy 1000W, kt\u00f3ry umo\u017cliwia osi\u0105gni\u0119cie pr\u0119dko\u015bci maksymalnej 28 mph (oko\u0142o 45 km\/h), gwarantuj\u0105c relaksuj\u0105c\u0105 jazd\u0119. Silnik mo\u017ce osi\u0105gn\u0105\u0107 moc szczytow\u0105 2000W, generuj\u0105c moment obrotowy 90 Nm, co daje dodatkow\u0105 moc w razie potrzeby. Bateria o pojemno\u015bci 750Wh zapewnia dobry zasi\u0119g wynosz\u0105cy do 37 mil (oko\u0142o 60 km) na jednym \u0142adowaniu. Jest to wystarczaj\u0105ce na codzienne dojazdy, kr\u00f3tsze podr\u00f3\u017ce oraz weekendowe wypady. Co wi\u0119cej, urz\u0105dzenie zawiera funkcj\u0119 \u0142adowania zwrotnego o mocy 20W (USB-A i USB-C), dzi\u0119ki czemu Twoje urz\u0105dzenia pozostan\u0105 na\u0142adowane w razie potrzeby. Model V9 posiada klas\u0119 wodoodporno\u015bci IPX6, co oznacza, \u017ce mo\u017ce by\u0107 u\u017cywany do lekkiej jazdy terenowej oraz w lekkim deszczu.<\/p>\n<p><strong>Nimbus Air Suspension dla niezr\u00f3wnanego komfortu<\/strong><br \/>\nWyposa\u017cony w zaawansowane aluminiowe spr\u0119\u017cyny pneumatyczne z 60 mm skokiem, model V9 p\u0142ynnie pokonuje zr\u00f3\u017cnicowane tereny. System Nimbus Air Suspension pozwala na dostosowanie ci\u015bnienia powietrza, zapewniaj\u0105c spersonalizowan\u0105, niezwykle wygodn\u0105 jazd\u0119. System przetestowany na ponad 100 000 cykli gwarantuje d\u0142ugotrwa\u0142\u0105 wydajno\u015b\u0107.<\/p>\n<p><strong>BEZPIECZE\u0143STWO PRIORYTETEM<\/strong><br \/>\nBateria Premium Samsung + Inteligentny BMS<br \/>\nModel V9 wyposa\u017cony jest w zaawansowane ogniwa Samsunga, dok\u0142adnie przetestowane w ekstremalnych temperaturach od -20\u00b0C do 60\u00b0C, wspieraj\u0105ce tysi\u0105ce cykli \u0142adowania. W po\u0142\u0105czeniu z ulepszonym Systemem Zarz\u0105dzania Bateri\u0105 (BMS) urz\u0105dzenie oferuje monitorowanie stanu baterii w czasie rzeczywistym, zwi\u0119kszaj\u0105c bezpiecze\u0144stwo i niezawodno\u015b\u0107.<br \/>\n<strong>Kontroler Next-Gen Raptor M<\/strong><br \/>\nNowej generacji kontroler Raptor M wykorzystuje modu\u0142ow\u0105 konstrukcj\u0119 i dostarcza 180A wyj\u015bcia wysokopr\u0105dowego dla mocnego przyspieszenia. Jego 12-rurowy system ch\u0142odzenia zwi\u0119ksza odprowadzanie ciep\u0142a, a pojemno\u015b\u0107 84V zapewnia stabiln\u0105 wydajno\u015b\u0107 przy wysokim obci\u0105\u017ceniu, kontynuuj\u0105c dziedzictwo serii Raptor.<\/p>\n<p><strong>System Balansowania Ultra-Control<\/strong><br \/>\nUlepszony system Ultra-Control zapewnia reakcj\u0119 na poziomie milisekund oraz precyzyjne sterowanie r\u00f3wnowag\u0105, z wieloma zabezpieczeniami dla p\u0142ynniejszej i bardziej stabilnej jazdy.<\/p>\n<p><strong>Ultra-Beam Adaptacyjny Reflektor<\/strong><br \/>\nReflektor 12 W z regulacj\u0105 jasno\u015bci i k\u0105ta zapewnia krystalicznie czyst\u0105 widoczno\u015b\u0107 w nocy. Wykonany z trwa\u0142ych materia\u0142\u00f3w i zaprojektowany do optymalnego odprowadzania ciep\u0142a, reflektor oferuje niezawodn\u0105 i d\u0142ugotrwa\u0142\u0105 wydajno\u015b\u0107 w codziennym u\u017cytkowaniu.<br \/>\n<strong>Opony bezd\u0119tkowe<\/strong><br \/>\nOpony bezd\u0119tkowe 16\u00d73.0 gwarantuj\u0105 bezpieczn\u0105 jazd\u0119. Szeroka powierzchnia opony zwi\u0119ksza przyczepno\u015b\u0107, zapewniaj\u0105c doskona\u0142\u0105 trakcj\u0119 i kontrol\u0119 dla p\u0142ynnej i pewnej jazdy.<\/p>\n<p><strong>Szybkie \u0142adowanie, gotowe do drogi<\/strong><br \/>\nDzi\u0119ki szybkiemu \u0142adowaniu 1C pe\u0142ne na\u0142adowanie mo\u017cna osi\u0105gn\u0105\u0107 w zaledwie 1 godzin\u0119. Zawsze gotowy do jazdy bez d\u0142ugiego oczekiwania.<\/p>\n<p><strong>Zawsze aktywna inteligentna pomoc<\/strong><br \/>\nZ dedykowan\u0105 aplikacj\u0105 mo\u017cna monitorowa\u0107 status ko\u0142a w czasie rzeczywistym, zdalnie zablokowa\u0107 monocykl i \u015bledzi\u0107 jego lokalizacj\u0119 bez trudu. Nawet po wy\u0142\u0105czeniu RideConnect pozostaje online, oferuj\u0105c ci\u0105g\u0142\u0105 ochron\u0119.<\/p>\n<p><a href=\"https:\/\/monokolo.eu\/wp-content\/uploads\/2025\/02\/inmotion-v9-specification.jpg\"><img fetchpriority=\"high\" decoding=\"async\" class=\"alignnone size-full wp-image-14768\" src=\"https:\/\/monokolo.eu\/wp-content\/uploads\/2025\/02\/inmotion-v9-specification.jpg\" alt=\"inmotion v9 specification\" width=\"600\" height=\"800\" srcset=\"https:\/\/monokolo.eu\/wp-content\/uploads\/2025\/02\/inmotion-v9-specification.jpg 600w, https:\/\/monokolo.eu\/wp-content\/uploads\/2025\/02\/inmotion-v9-specification-225x300.jpg 225w\" sizes=\"(max-width: 600px) 100vw, 600px\" \/><\/a><\/p>\n","protected":false},"excerpt":{"rendered":"<p>Firma Inmotion wprowadzi\u0142a na rynek model InMotion V9. Model ten zosta\u0142 zaprojektowany z my\u015bl\u0105 o miejskich u\u017cytkownikach, kt\u00f3rzy poszukuj\u0105 niezawodnego i stylowego elektrycznego monocykla do codziennych podr\u00f3\u017cy oraz rekreacyjnych przeja\u017cd\u017cek. Obecnie InMotion V9 jest najl\u017cejszym elektrycznym monocyklem z zawieszeniem dost\u0119pnym na rynku.<\/p>\n","protected":false},"featured_media":14631,"comment_status":"open","ping_status":"closed","template":"","meta":[],"product_brand":[],"product_cat":[55,109],"product_tag":[26],"class_list":{"0":"post-14628","1":"product","2":"type-product","3":"status-publish","4":"has-post-thumbnail","6":"product_cat-electric-unicycles","7":"product_cat-inmotion","8":"product_tag-euc","10":"first","11":"instock","12":"sale","13":"taxable","14":"shipping-taxable","15":"purchasable","16":"product-type-simple"},"yoast_head":"<!-- This site is optimized with the Yoast SEO plugin v26.8 - https:\/\/yoast.com\/product\/yoast-seo-wordpress\/ -->\n<title>Inmotion V9<\/title>\n<meta name=\"description\" content=\"Firma Inmotion wprowadzi\u0142a na rynek model InMotion V9. Model ten zosta\u0142 zaprojektowany z my\u015bl\u0105 o miejskich u\u017cytkownikach, kt\u00f3rzy poszukuj\u0105 niezawodnego i stylowego elektrycznego monocykla do codziennych podr\u00f3\u017cy oraz rekreacyjnych przeja\u017cd\u017cek. Obecnie InMotion V9 jest najl\u017cejszym elektrycznym monocyklem z zawieszeniem dost\u0119pnym na rynku.\" \/>\n<meta name=\"robots\" content=\"index, follow, max-snippet:-1, max-image-preview:large, max-video-preview:-1\" \/>\n<link rel=\"canonical\" href=\"http:\/\/Firma%20Inmotion%20wprowadzi\u0142a%20na%20rynek%20model%20InMotion%20V9.%20Model%20ten%20zosta\u0142%20zaprojektowany%20z%20my\u015bl\u0105%20o%20miejskich%20u\u017cytkownikach,%20kt\u00f3rzy%20poszukuj\u0105%20niezawodnego%20i%20stylowego%20elektrycznego%20monocykla%20do%20codziennych%20podr\u00f3\u017cy%20oraz%20rekreacyjnych%20przeja\u017cd\u017cek.%20Obecnie%20InMotion%20V9%20jest%20najl\u017cejszym%20elektrycznym%20monocyklem%20z%20zawieszeniem%20dost\u0119pnym%20na%20rynku.\" \/>\n<meta property=\"og:locale\" content=\"pl_PL\" \/>\n<meta property=\"og:type\" content=\"article\" \/>\n<meta property=\"og:title\" content=\"Inmotion V9\" \/>\n<meta property=\"og:description\" content=\"Firma Inmotion wprowadzi\u0142a na rynek model InMotion V9. Model ten zosta\u0142 zaprojektowany z my\u015bl\u0105 o miejskich u\u017cytkownikach, kt\u00f3rzy poszukuj\u0105 niezawodnego i stylowego elektrycznego monocykla do codziennych podr\u00f3\u017cy oraz rekreacyjnych przeja\u017cd\u017cek. Obecnie InMotion V9 jest najl\u017cejszym elektrycznym monocyklem z zawieszeniem dost\u0119pnym na rynku.\" \/>\n<meta property=\"og:url\" content=\"https:\/\/monokolo.eu\/pl\/product\/inmotion-v9\/\" \/>\n<meta property=\"og:site_name\" content=\"Monokolo\" \/>\n<meta property=\"article:publisher\" content=\"https:\/\/facebook.com\/monokolo.polska\/\" \/>\n<meta property=\"article:modified_time\" content=\"2026-04-15T18:49:02+00:00\" \/>\n<meta property=\"og:image\" content=\"https:\/\/monokolo.eu\/wp-content\/uploads\/2025\/02\/inmotion-v9-01.jpg\" \/>\n\t<meta property=\"og:image:width\" content=\"1050\" \/>\n\t<meta property=\"og:image:height\" content=\"1400\" \/>\n\t<meta property=\"og:image:type\" content=\"image\/jpeg\" \/>\n<meta name=\"twitter:card\" content=\"summary_large_image\" \/>\n<meta name=\"twitter:label1\" content=\"Szacowany czas czytania\" \/>\n\t<meta name=\"twitter:data1\" content=\"3 minuty\" \/>\n<script type=\"application\/ld+json\" class=\"yoast-schema-graph\">{\"@context\":\"https:\/\/schema.org\",\"@graph\":[{\"@type\":\"WebPage\",\"@id\":\"https:\/\/monokolo.eu\/pl\/product\/inmotion-v9\/\",\"url\":\"https:\/\/monokolo.eu\/pl\/product\/inmotion-v9\/\",\"name\":\"Inmotion V9 - Monokolo\",\"isPartOf\":{\"@id\":\"https:\/\/monokolo.eu\/#website\"},\"primaryImageOfPage\":{\"@id\":\"https:\/\/monokolo.eu\/pl\/product\/inmotion-v9\/#primaryimage\"},\"image\":{\"@id\":\"https:\/\/monokolo.eu\/pl\/product\/inmotion-v9\/#primaryimage\"},\"thumbnailUrl\":\"https:\/\/monokolo.eu\/wp-content\/uploads\/2025\/02\/inmotion-v9-01.jpg\",\"datePublished\":\"2025-02-20T14:24:37+00:00\",\"dateModified\":\"2026-04-15T18:49:02+00:00\",\"breadcrumb\":{\"@id\":\"https:\/\/monokolo.eu\/pl\/product\/inmotion-v9\/#breadcrumb\"},\"inLanguage\":\"pl-PL\",\"potentialAction\":[{\"@type\":\"ReadAction\",\"target\":[\"https:\/\/monokolo.eu\/pl\/product\/inmotion-v9\/\"]}]},{\"@type\":\"ImageObject\",\"inLanguage\":\"pl-PL\",\"@id\":\"https:\/\/monokolo.eu\/pl\/product\/inmotion-v9\/#primaryimage\",\"url\":\"https:\/\/monokolo.eu\/wp-content\/uploads\/2025\/02\/inmotion-v9-01.jpg\",\"contentUrl\":\"https:\/\/monokolo.eu\/wp-content\/uploads\/2025\/02\/inmotion-v9-01.jpg\",\"width\":1050,\"height\":1400},{\"@type\":\"BreadcrumbList\",\"@id\":\"https:\/\/monokolo.eu\/pl\/product\/inmotion-v9\/#breadcrumb\",\"itemListElement\":[{\"@type\":\"ListItem\",\"position\":1,\"name\":\"Monokolo.eu - monocykle elektryczne, transport elektryczny w Europie\",\"item\":\"https:\/\/monokolo.eu\/\"},{\"@type\":\"ListItem\",\"position\":2,\"name\":\"Sklep\",\"item\":\"https:\/\/monokolo.eu\/shop\/\"},{\"@type\":\"ListItem\",\"position\":3,\"name\":\"Inmotion V9\"}]},{\"@type\":\"WebSite\",\"@id\":\"https:\/\/monokolo.eu\/pl\/#website\",\"url\":\"https:\/\/monokolo.eu\/pl\/\",\"name\":\"Monokolo.eu\",\"description\":\"Sklep z jednoko\u0142owcami elektrycznymi w Europie\",\"publisher\":{\"@id\":\"https:\/\/monokolo.eu\/pl\/#organization\"},\"potentialAction\":[{\"@type\":\"SearchAction\",\"target\":{\"@type\":\"EntryPoint\",\"urlTemplate\":\"https:\/\/monokolo.eu\/pl\/?s={search_term_string}\"},\"query-input\":{\"@type\":\"PropertyValueSpecification\",\"valueRequired\":true,\"valueName\":\"search_term_string\"}}],\"inLanguage\":\"pl-PL\"},{\"@type\":\"Organization\",\"@id\":\"https:\/\/monokolo.eu\/pl\/#organization\",\"name\":\"Monokolo\",\"url\":\"https:\/\/monokolo.eu\/pl\/\",\"logo\":{\"@type\":\"ImageObject\",\"inLanguage\":\"pl-PL\",\"@id\":\"https:\/\/monokolo.eu\/pl\/#\/schema\/logo\/image\/\",\"url\":\"https:\/\/monokolo.eu\/wp-content\/uploads\/2025\/04\/logo22.png\",\"contentUrl\":\"https:\/\/monokolo.eu\/wp-content\/uploads\/2025\/04\/logo22.png\",\"width\":755,\"height\":192,\"caption\":\"Monokolo\"},\"image\":{\"@id\":\"https:\/\/monokolo.eu\/pl\/#\/schema\/logo\/image\/\"},\"sameAs\":[\"https:\/\/facebook.com\/monokolo.polska\/\",\"https:\/\/www.instagram.com\/monokolo.pl\/\",\"https:\/\/www.tiktok.com\/@monokolo.pl\"]}]}<\/script>\n<!-- \/ Yoast SEO plugin. -->","yoast_head_json":{"title":"Inmotion V9","description":"Firma Inmotion wprowadzi\u0142a na rynek model InMotion V9. Model ten zosta\u0142 zaprojektowany z my\u015bl\u0105 o miejskich u\u017cytkownikach, kt\u00f3rzy poszukuj\u0105 niezawodnego i stylowego elektrycznego monocykla do codziennych podr\u00f3\u017cy oraz rekreacyjnych przeja\u017cd\u017cek. Obecnie InMotion V9 jest najl\u017cejszym elektrycznym monocyklem z zawieszeniem dost\u0119pnym na rynku.","robots":{"index":"index","follow":"follow","max-snippet":"max-snippet:-1","max-image-preview":"max-image-preview:large","max-video-preview":"max-video-preview:-1"},"canonical":"Firma Inmotion wprowadzi\u0142a na rynek model InMotion V9. Model ten zosta\u0142 zaprojektowany z my\u015bl\u0105 o miejskich u\u017cytkownikach, kt\u00f3rzy poszukuj\u0105 niezawodnego i stylowego elektrycznego monocykla do codziennych podr\u00f3\u017cy oraz rekreacyjnych przeja\u017cd\u017cek. Obecnie InMotion V9 jest najl\u017cejszym elektrycznym monocyklem z zawieszeniem dost\u0119pnym na rynku.","og_locale":"pl_PL","og_type":"article","og_title":"Inmotion V9","og_description":"Firma Inmotion wprowadzi\u0142a na rynek model InMotion V9. Model ten zosta\u0142 zaprojektowany z my\u015bl\u0105 o miejskich u\u017cytkownikach, kt\u00f3rzy poszukuj\u0105 niezawodnego i stylowego elektrycznego monocykla do codziennych podr\u00f3\u017cy oraz rekreacyjnych przeja\u017cd\u017cek. Obecnie InMotion V9 jest najl\u017cejszym elektrycznym monocyklem z zawieszeniem dost\u0119pnym na rynku.","og_url":"https:\/\/monokolo.eu\/pl\/product\/inmotion-v9\/","og_site_name":"Monokolo","article_publisher":"https:\/\/facebook.com\/monokolo.polska\/","article_modified_time":"2026-04-15T18:49:02+00:00","og_image":[{"width":1050,"height":1400,"url":"https:\/\/monokolo.eu\/wp-content\/uploads\/2025\/02\/inmotion-v9-01.jpg","type":"image\/jpeg"}],"twitter_card":"summary_large_image","twitter_misc":{"Szacowany czas czytania":"3 minuty"},"schema":{"@context":"https:\/\/schema.org","@graph":[{"@type":"WebPage","@id":"https:\/\/monokolo.eu\/pl\/product\/inmotion-v9\/","url":"https:\/\/monokolo.eu\/pl\/product\/inmotion-v9\/","name":"Inmotion V9 - Monokolo","isPartOf":{"@id":"https:\/\/monokolo.eu\/#website"},"primaryImageOfPage":{"@id":"https:\/\/monokolo.eu\/pl\/product\/inmotion-v9\/#primaryimage"},"image":{"@id":"https:\/\/monokolo.eu\/pl\/product\/inmotion-v9\/#primaryimage"},"thumbnailUrl":"https:\/\/monokolo.eu\/wp-content\/uploads\/2025\/02\/inmotion-v9-01.jpg","datePublished":"2025-02-20T14:24:37+00:00","dateModified":"2026-04-15T18:49:02+00:00","breadcrumb":{"@id":"https:\/\/monokolo.eu\/pl\/product\/inmotion-v9\/#breadcrumb"},"inLanguage":"pl-PL","potentialAction":[{"@type":"ReadAction","target":["https:\/\/monokolo.eu\/pl\/product\/inmotion-v9\/"]}]},{"@type":"ImageObject","inLanguage":"pl-PL","@id":"https:\/\/monokolo.eu\/pl\/product\/inmotion-v9\/#primaryimage","url":"https:\/\/monokolo.eu\/wp-content\/uploads\/2025\/02\/inmotion-v9-01.jpg","contentUrl":"https:\/\/monokolo.eu\/wp-content\/uploads\/2025\/02\/inmotion-v9-01.jpg","width":1050,"height":1400},{"@type":"BreadcrumbList","@id":"https:\/\/monokolo.eu\/pl\/product\/inmotion-v9\/#breadcrumb","itemListElement":[{"@type":"ListItem","position":1,"name":"Monokolo.eu - monocykle elektryczne, transport elektryczny w Europie","item":"https:\/\/monokolo.eu\/"},{"@type":"ListItem","position":2,"name":"Sklep","item":"https:\/\/monokolo.eu\/shop\/"},{"@type":"ListItem","position":3,"name":"Inmotion V9"}]},{"@type":"WebSite","@id":"https:\/\/monokolo.eu\/pl\/#website","url":"https:\/\/monokolo.eu\/pl\/","name":"Monokolo.eu","description":"Sklep z jednoko\u0142owcami elektrycznymi w Europie","publisher":{"@id":"https:\/\/monokolo.eu\/pl\/#organization"},"potentialAction":[{"@type":"SearchAction","target":{"@type":"EntryPoint","urlTemplate":"https:\/\/monokolo.eu\/pl\/?s={search_term_string}"},"query-input":{"@type":"PropertyValueSpecification","valueRequired":true,"valueName":"search_term_string"}}],"inLanguage":"pl-PL"},{"@type":"Organization","@id":"https:\/\/monokolo.eu\/pl\/#organization","name":"Monokolo","url":"https:\/\/monokolo.eu\/pl\/","logo":{"@type":"ImageObject","inLanguage":"pl-PL","@id":"https:\/\/monokolo.eu\/pl\/#\/schema\/logo\/image\/","url":"https:\/\/monokolo.eu\/wp-content\/uploads\/2025\/04\/logo22.png","contentUrl":"https:\/\/monokolo.eu\/wp-content\/uploads\/2025\/04\/logo22.png","width":755,"height":192,"caption":"Monokolo"},"image":{"@id":"https:\/\/monokolo.eu\/pl\/#\/schema\/logo\/image\/"},"sameAs":["https:\/\/facebook.com\/monokolo.polska\/","https:\/\/www.instagram.com\/monokolo.pl\/","https:\/\/www.tiktok.com\/@monokolo.pl"]}]}},"_links":{"self":[{"href":"https:\/\/monokolo.eu\/pl\/wp-json\/wp\/v2\/product\/14628","targetHints":{"allow":["GET"]}}],"collection":[{"href":"https:\/\/monokolo.eu\/pl\/wp-json\/wp\/v2\/product"}],"about":[{"href":"https:\/\/monokolo.eu\/pl\/wp-json\/wp\/v2\/types\/product"}],"replies":[{"embeddable":true,"href":"https:\/\/monokolo.eu\/pl\/wp-json\/wp\/v2\/comments?post=14628"}],"wp:featuredmedia":[{"embeddable":true,"href":"https:\/\/monokolo.eu\/pl\/wp-json\/wp\/v2\/media\/14631"}],"wp:attachment":[{"href":"https:\/\/monokolo.eu\/pl\/wp-json\/wp\/v2\/media?parent=14628"}],"wp:term":[{"taxonomy":"product_brand","embeddable":true,"href":"https:\/\/monokolo.eu\/pl\/wp-json\/wp\/v2\/product_brand?post=14628"},{"taxonomy":"product_cat","embeddable":true,"href":"https:\/\/monokolo.eu\/pl\/wp-json\/wp\/v2\/product_cat?post=14628"},{"taxonomy":"product_tag","embeddable":true,"href":"https:\/\/monokolo.eu\/pl\/wp-json\/wp\/v2\/product_tag?post=14628"}],"curies":[{"name":"wp","href":"https:\/\/api.w.org\/{rel}","templated":true}]}}