{"id":14481,"date":"2024-12-15T21:14:58","date_gmt":"2024-12-15T21:14:58","guid":{"rendered":"https:\/\/monokolo-d2e6bb.ingress-baronn.ewp.live\/?post_type=product&#038;p=14481"},"modified":"2026-03-19T22:54:44","modified_gmt":"2026-03-19T22:54:44","slug":"veteran-lynx","status":"publish","type":"product","link":"https:\/\/monokolo.eu\/pl\/product\/veteran-lynx\/","title":{"rendered":"Veteran Lynx"},"content":{"rendered":"<p><strong>Najnowszy monocykl elektryczny Leaperkim Veteran Lynx, wyposa\u017cony w 20-calowy silnik o mocy 3200 W, baterie 151 V 2700 Wh, zmodernizowan\u0105 dwuwarstwow\u0105 p\u0142yt\u0119 Gen 5, inteligentny BMS i nowe algorytmy poprawiaj\u0105ce zarz\u0105dzanie b\u0142\u0119dami czujnika halla i blokowaniem silnika.<\/strong><br \/>\nTo ko\u0142o jest wi\u0119ksz\u0105 wersj\u0105 Leaperkim Veteran Patton, integruj\u0105c\u0105 wy\u017csz\u0105 specyfikacj\u0119 i szereg ulepsze\u0144, kt\u00f3re powinny zrobi\u0107 ten model niezwykle wydajnym EUC.<\/p>\n<p>Cechy Leaperkim Lynx:<\/p>\n<ul>\n<li> Obr\u0119cz silnika ze stopu magnezu<\/li>\n<li> Nowe dwuwarstwowe p\u0142yty steruj\u0105ce, aluminiowa p\u0142yta, 36 sztuk MOSFET, obs\u0142uguje szczytowe obci\u0105\u017cenie pr\u0105dowe 840A<\/li>\n<li> Regulowany system amortyzacji zamontowany po\u015brodku, regulowane napi\u0119cie wst\u0119pne ze skokiem 90 mm<\/li>\n<li> Podw\u00f3jne porty \u0142adowania (obs\u0142uga \u0142adowania maks. 15 A)<\/li>\n<li> \u015awiat\u0142o tylne ze \u015bwiat\u0142ami ostrzegawczymi hamowania i skr\u0119tu<\/li>\n<li> Inteligentny system BMS, kt\u00f3ry raportuje stan poszczeg\u00f3lnych ogniw akumulatora, np. wahania\/odchylenia napi\u0119cia ogniw, z p\u00f3\u0142 tuzinem niezale\u017cnych sond temperatury w kilku ogniwach i komponentach systemu BMS.<\/li>\n<li> Algorytm naprawy b\u0142\u0119du Halla: W przypadku wyst\u0105pienia b\u0142\u0119du Halla, algorytm naprawia go, aby ko\u0142o kontynuowa\u0142o wywa\u017canie.<\/li>\n<li> Inteligentne os\u0142abianie pola: Zwi\u0119kszenie marginesu bezpiecze\u0144stwa pr\u0119dko\u015bci poprzez algorytm oprogramowania.<\/li>\n<li> Blokada obrot\u00f3w silnika: Zablokowanie obrot\u00f3w silnika nie spowoduje uszkodzenia silnika ani sterownika.<\/li>\n<\/ul>\n","protected":false},"excerpt":{"rendered":"<p>Najnowszy monocykl elektryczny Leaperkim Veteran Lynx, wyposa\u017cony w 20-calowy silnik o mocy 3200 W, baterie 151 V 2700 Wh, zmodernizowan\u0105 dwuwarstwow\u0105 p\u0142yt\u0119 Gen 5, inteligentny BMS i nowe algorytmy poprawiaj\u0105ce zarz\u0105dzanie b\u0142\u0119dami czujnika halla i blokowaniem silnika.<\/p>\n","protected":false},"featured_media":14482,"comment_status":"open","ping_status":"closed","template":"","meta":[],"product_brand":[271],"product_cat":[55,111],"product_tag":[26],"class_list":{"0":"post-14481","1":"product","2":"type-product","3":"status-publish","4":"has-post-thumbnail","6":"product_brand-leaperkimveteran","7":"product_cat-electric-unicycles","8":"product_cat-leaperkim","9":"product_tag-euc","11":"first","12":"onbackorder","13":"sale","14":"taxable","15":"shipping-taxable","16":"purchasable","17":"product-type-simple"},"yoast_head":"<!-- This site is optimized with the Yoast SEO plugin v26.8 - https:\/\/yoast.com\/product\/yoast-seo-wordpress\/ -->\n<title>Veteran Lynx<\/title>\n<meta name=\"description\" content=\"Najnowszy monocykl elektryczny Leaperkim Veteran Lynx, wyposa\u017cony w 20-calowy silnik o mocy 3200 W, baterie 151 V 2700 Wh, zmodernizowan\u0105 dwuwarstwow\u0105 p\u0142yt\u0119 Gen 5, inteligentny BMS i nowe algorytmy poprawiaj\u0105ce zarz\u0105dzanie b\u0142\u0119dami czujnika halla i blokowaniem silnika.\" \/>\n<meta name=\"robots\" content=\"index, follow, max-snippet:-1, max-image-preview:large, max-video-preview:-1\" \/>\n<link rel=\"canonical\" href=\"http:\/\/Najnowszy%20monocykl%20elektryczny%20Leaperkim%20Veteran%20Lynx,%20wyposa\u017cony%20w%2020-calowy%20silnik%20o%20mocy%203200%20W,%20baterie%20151%20V%202700%20Wh,%20zmodernizowan\u0105%20dwuwarstwow\u0105%20p\u0142yt\u0119%20Gen%205,%20inteligentny%20BMS%20i%20nowe%20algorytmy%20poprawiaj\u0105ce%20zarz\u0105dzanie%20b\u0142\u0119dami%20czujnika%20halla%20i%20blokowaniem%20silnika.\" \/>\n<meta property=\"og:locale\" content=\"pl_PL\" \/>\n<meta property=\"og:type\" content=\"article\" \/>\n<meta property=\"og:title\" content=\"Veteran Lynx\" \/>\n<meta property=\"og:description\" content=\"Najnowszy monocykl elektryczny Leaperkim Veteran Lynx, wyposa\u017cony w 20-calowy silnik o mocy 3200 W, baterie 151 V 2700 Wh, zmodernizowan\u0105 dwuwarstwow\u0105 p\u0142yt\u0119 Gen 5, inteligentny BMS i nowe algorytmy poprawiaj\u0105ce zarz\u0105dzanie b\u0142\u0119dami czujnika halla i blokowaniem silnika.\" \/>\n<meta property=\"og:url\" content=\"https:\/\/monokolo.eu\/pl\/product\/veteran-lynx\/\" \/>\n<meta property=\"og:site_name\" content=\"Monokolo\" \/>\n<meta property=\"article:publisher\" content=\"https:\/\/facebook.com\/monokolo.polska\/\" \/>\n<meta property=\"article:modified_time\" content=\"2026-03-19T22:54:44+00:00\" \/>\n<meta property=\"og:image\" content=\"https:\/\/monokolo.eu\/wp-content\/uploads\/2024\/12\/veteran-lynx-01.jpg\" \/>\n\t<meta property=\"og:image:width\" content=\"1050\" \/>\n\t<meta property=\"og:image:height\" content=\"1400\" \/>\n\t<meta property=\"og:image:type\" content=\"image\/jpeg\" \/>\n<meta name=\"twitter:card\" content=\"summary_large_image\" \/>\n<meta name=\"twitter:label1\" content=\"Szacowany czas czytania\" \/>\n\t<meta name=\"twitter:data1\" content=\"2 minuty\" \/>\n<script type=\"application\/ld+json\" class=\"yoast-schema-graph\">{\"@context\":\"https:\/\/schema.org\",\"@graph\":[{\"@type\":\"WebPage\",\"@id\":\"https:\/\/monokolo.eu\/pl\/product\/veteran-lynx\/\",\"url\":\"https:\/\/monokolo.eu\/pl\/product\/veteran-lynx\/\",\"name\":\"LeaperKim Veteran Lynx - Monokolo\",\"isPartOf\":{\"@id\":\"https:\/\/monokolo.eu\/#website\"},\"primaryImageOfPage\":{\"@id\":\"https:\/\/monokolo.eu\/pl\/product\/veteran-lynx\/#primaryimage\"},\"image\":{\"@id\":\"https:\/\/monokolo.eu\/pl\/product\/veteran-lynx\/#primaryimage\"},\"thumbnailUrl\":\"https:\/\/monokolo.eu\/wp-content\/uploads\/2024\/12\/veteran-lynx-01.jpg\",\"datePublished\":\"2024-12-15T21:14:58+00:00\",\"dateModified\":\"2026-03-19T22:54:44+00:00\",\"breadcrumb\":{\"@id\":\"https:\/\/monokolo.eu\/pl\/product\/veteran-lynx\/#breadcrumb\"},\"inLanguage\":\"pl-PL\",\"potentialAction\":[{\"@type\":\"ReadAction\",\"target\":[\"https:\/\/monokolo.eu\/pl\/product\/veteran-lynx\/\"]}]},{\"@type\":\"ImageObject\",\"inLanguage\":\"pl-PL\",\"@id\":\"https:\/\/monokolo.eu\/pl\/product\/veteran-lynx\/#primaryimage\",\"url\":\"https:\/\/monokolo.eu\/wp-content\/uploads\/2024\/12\/veteran-lynx-01.jpg\",\"contentUrl\":\"https:\/\/monokolo.eu\/wp-content\/uploads\/2024\/12\/veteran-lynx-01.jpg\",\"width\":1050,\"height\":1400,\"caption\":\"veteran lynx\"},{\"@type\":\"BreadcrumbList\",\"@id\":\"https:\/\/monokolo.eu\/pl\/product\/veteran-lynx\/#breadcrumb\",\"itemListElement\":[{\"@type\":\"ListItem\",\"position\":1,\"name\":\"Monokolo.eu - monocykle elektryczne, transport elektryczny w Europie\",\"item\":\"https:\/\/monokolo.eu\/\"},{\"@type\":\"ListItem\",\"position\":2,\"name\":\"Sklep\",\"item\":\"https:\/\/monokolo.eu\/shop\/\"},{\"@type\":\"ListItem\",\"position\":3,\"name\":\"Veteran Lynx\"}]},{\"@type\":\"WebSite\",\"@id\":\"https:\/\/monokolo.eu\/pl\/#website\",\"url\":\"https:\/\/monokolo.eu\/pl\/\",\"name\":\"Monokolo.eu\",\"description\":\"Sklep z jednoko\u0142owcami elektrycznymi w Europie\",\"publisher\":{\"@id\":\"https:\/\/monokolo.eu\/pl\/#organization\"},\"potentialAction\":[{\"@type\":\"SearchAction\",\"target\":{\"@type\":\"EntryPoint\",\"urlTemplate\":\"https:\/\/monokolo.eu\/pl\/?s={search_term_string}\"},\"query-input\":{\"@type\":\"PropertyValueSpecification\",\"valueRequired\":true,\"valueName\":\"search_term_string\"}}],\"inLanguage\":\"pl-PL\"},{\"@type\":\"Organization\",\"@id\":\"https:\/\/monokolo.eu\/pl\/#organization\",\"name\":\"Monokolo\",\"url\":\"https:\/\/monokolo.eu\/pl\/\",\"logo\":{\"@type\":\"ImageObject\",\"inLanguage\":\"pl-PL\",\"@id\":\"https:\/\/monokolo.eu\/pl\/#\/schema\/logo\/image\/\",\"url\":\"https:\/\/monokolo.eu\/wp-content\/uploads\/2025\/04\/logo22.png\",\"contentUrl\":\"https:\/\/monokolo.eu\/wp-content\/uploads\/2025\/04\/logo22.png\",\"width\":755,\"height\":192,\"caption\":\"Monokolo\"},\"image\":{\"@id\":\"https:\/\/monokolo.eu\/pl\/#\/schema\/logo\/image\/\"},\"sameAs\":[\"https:\/\/facebook.com\/monokolo.polska\/\",\"https:\/\/www.instagram.com\/monokolo.pl\/\",\"https:\/\/www.tiktok.com\/@monokolo.pl\"]}]}<\/script>\n<!-- \/ Yoast SEO plugin. -->","yoast_head_json":{"title":"Veteran Lynx","description":"Najnowszy monocykl elektryczny Leaperkim Veteran Lynx, wyposa\u017cony w 20-calowy silnik o mocy 3200 W, baterie 151 V 2700 Wh, zmodernizowan\u0105 dwuwarstwow\u0105 p\u0142yt\u0119 Gen 5, inteligentny BMS i nowe algorytmy poprawiaj\u0105ce zarz\u0105dzanie b\u0142\u0119dami czujnika halla i blokowaniem silnika.","robots":{"index":"index","follow":"follow","max-snippet":"max-snippet:-1","max-image-preview":"max-image-preview:large","max-video-preview":"max-video-preview:-1"},"canonical":"Najnowszy monocykl elektryczny Leaperkim Veteran Lynx, wyposa\u017cony w 20-calowy silnik o mocy 3200 W, baterie 151 V 2700 Wh, zmodernizowan\u0105 dwuwarstwow\u0105 p\u0142yt\u0119 Gen 5, inteligentny BMS i nowe algorytmy poprawiaj\u0105ce zarz\u0105dzanie b\u0142\u0119dami czujnika halla i blokowaniem silnika.","og_locale":"pl_PL","og_type":"article","og_title":"Veteran Lynx","og_description":"Najnowszy monocykl elektryczny Leaperkim Veteran Lynx, wyposa\u017cony w 20-calowy silnik o mocy 3200 W, baterie 151 V 2700 Wh, zmodernizowan\u0105 dwuwarstwow\u0105 p\u0142yt\u0119 Gen 5, inteligentny BMS i nowe algorytmy poprawiaj\u0105ce zarz\u0105dzanie b\u0142\u0119dami czujnika halla i blokowaniem silnika.","og_url":"https:\/\/monokolo.eu\/pl\/product\/veteran-lynx\/","og_site_name":"Monokolo","article_publisher":"https:\/\/facebook.com\/monokolo.polska\/","article_modified_time":"2026-03-19T22:54:44+00:00","og_image":[{"width":1050,"height":1400,"url":"https:\/\/monokolo.eu\/wp-content\/uploads\/2024\/12\/veteran-lynx-01.jpg","type":"image\/jpeg"}],"twitter_card":"summary_large_image","twitter_misc":{"Szacowany czas czytania":"2 minuty"},"schema":{"@context":"https:\/\/schema.org","@graph":[{"@type":"WebPage","@id":"https:\/\/monokolo.eu\/pl\/product\/veteran-lynx\/","url":"https:\/\/monokolo.eu\/pl\/product\/veteran-lynx\/","name":"LeaperKim Veteran Lynx - Monokolo","isPartOf":{"@id":"https:\/\/monokolo.eu\/#website"},"primaryImageOfPage":{"@id":"https:\/\/monokolo.eu\/pl\/product\/veteran-lynx\/#primaryimage"},"image":{"@id":"https:\/\/monokolo.eu\/pl\/product\/veteran-lynx\/#primaryimage"},"thumbnailUrl":"https:\/\/monokolo.eu\/wp-content\/uploads\/2024\/12\/veteran-lynx-01.jpg","datePublished":"2024-12-15T21:14:58+00:00","dateModified":"2026-03-19T22:54:44+00:00","breadcrumb":{"@id":"https:\/\/monokolo.eu\/pl\/product\/veteran-lynx\/#breadcrumb"},"inLanguage":"pl-PL","potentialAction":[{"@type":"ReadAction","target":["https:\/\/monokolo.eu\/pl\/product\/veteran-lynx\/"]}]},{"@type":"ImageObject","inLanguage":"pl-PL","@id":"https:\/\/monokolo.eu\/pl\/product\/veteran-lynx\/#primaryimage","url":"https:\/\/monokolo.eu\/wp-content\/uploads\/2024\/12\/veteran-lynx-01.jpg","contentUrl":"https:\/\/monokolo.eu\/wp-content\/uploads\/2024\/12\/veteran-lynx-01.jpg","width":1050,"height":1400,"caption":"veteran lynx"},{"@type":"BreadcrumbList","@id":"https:\/\/monokolo.eu\/pl\/product\/veteran-lynx\/#breadcrumb","itemListElement":[{"@type":"ListItem","position":1,"name":"Monokolo.eu - monocykle elektryczne, transport elektryczny w Europie","item":"https:\/\/monokolo.eu\/"},{"@type":"ListItem","position":2,"name":"Sklep","item":"https:\/\/monokolo.eu\/shop\/"},{"@type":"ListItem","position":3,"name":"Veteran Lynx"}]},{"@type":"WebSite","@id":"https:\/\/monokolo.eu\/pl\/#website","url":"https:\/\/monokolo.eu\/pl\/","name":"Monokolo.eu","description":"Sklep z jednoko\u0142owcami elektrycznymi w Europie","publisher":{"@id":"https:\/\/monokolo.eu\/pl\/#organization"},"potentialAction":[{"@type":"SearchAction","target":{"@type":"EntryPoint","urlTemplate":"https:\/\/monokolo.eu\/pl\/?s={search_term_string}"},"query-input":{"@type":"PropertyValueSpecification","valueRequired":true,"valueName":"search_term_string"}}],"inLanguage":"pl-PL"},{"@type":"Organization","@id":"https:\/\/monokolo.eu\/pl\/#organization","name":"Monokolo","url":"https:\/\/monokolo.eu\/pl\/","logo":{"@type":"ImageObject","inLanguage":"pl-PL","@id":"https:\/\/monokolo.eu\/pl\/#\/schema\/logo\/image\/","url":"https:\/\/monokolo.eu\/wp-content\/uploads\/2025\/04\/logo22.png","contentUrl":"https:\/\/monokolo.eu\/wp-content\/uploads\/2025\/04\/logo22.png","width":755,"height":192,"caption":"Monokolo"},"image":{"@id":"https:\/\/monokolo.eu\/pl\/#\/schema\/logo\/image\/"},"sameAs":["https:\/\/facebook.com\/monokolo.polska\/","https:\/\/www.instagram.com\/monokolo.pl\/","https:\/\/www.tiktok.com\/@monokolo.pl"]}]}},"_links":{"self":[{"href":"https:\/\/monokolo.eu\/pl\/wp-json\/wp\/v2\/product\/14481","targetHints":{"allow":["GET"]}}],"collection":[{"href":"https:\/\/monokolo.eu\/pl\/wp-json\/wp\/v2\/product"}],"about":[{"href":"https:\/\/monokolo.eu\/pl\/wp-json\/wp\/v2\/types\/product"}],"replies":[{"embeddable":true,"href":"https:\/\/monokolo.eu\/pl\/wp-json\/wp\/v2\/comments?post=14481"}],"wp:featuredmedia":[{"embeddable":true,"href":"https:\/\/monokolo.eu\/pl\/wp-json\/wp\/v2\/media\/14482"}],"wp:attachment":[{"href":"https:\/\/monokolo.eu\/pl\/wp-json\/wp\/v2\/media?parent=14481"}],"wp:term":[{"taxonomy":"product_brand","embeddable":true,"href":"https:\/\/monokolo.eu\/pl\/wp-json\/wp\/v2\/product_brand?post=14481"},{"taxonomy":"product_cat","embeddable":true,"href":"https:\/\/monokolo.eu\/pl\/wp-json\/wp\/v2\/product_cat?post=14481"},{"taxonomy":"product_tag","embeddable":true,"href":"https:\/\/monokolo.eu\/pl\/wp-json\/wp\/v2\/product_tag?post=14481"}],"curies":[{"name":"wp","href":"https:\/\/api.w.org\/{rel}","templated":true}]}}