{"id":14470,"date":"2024-12-15T20:57:30","date_gmt":"2024-12-15T20:57:30","guid":{"rendered":"https:\/\/monokolo-d2e6bb.ingress-baronn.ewp.live\/?post_type=product&#038;p=14470"},"modified":"2026-04-02T12:21:20","modified_gmt":"2026-04-02T12:21:20","slug":"kingsong-s19-pro","status":"publish","type":"product","link":"https:\/\/monokolo.eu\/pl\/product\/kingsong-s19-pro\/","title":{"rendered":"King Song S19 Pro"},"content":{"rendered":"<p><strong>Monocykl elektryczny KingSong S19 Pro wyr\u00f3\u017cnia si\u0119 pot\u0119\u017cnymi ogniwami akumulatorowymi Samsung 50S.<\/strong><br \/>\nDecyzja ta podkre\u015bla zobowi\u0105zanie do zapewnienia rideram najwy\u017cszej wydajno\u015bci, niezawodno\u015bci i bezpiecze\u0144stwa.<br \/>\nZwi\u0119kszona wydajno\u015b\u0107: Ogniwa 50S zapewniaj\u0105 moc wyj\u015bciow\u0105 25 amper\u00f3w na ogniwo.<br \/>\nZdolno\u015b\u0107 ta przek\u0142ada si\u0119 na margines bezpiecze\u0144stwa i wydajno\u015b\u0107.<\/p>\n<p>Ch\u0142odna praca: Ogniwa 50S pracuj\u0105 ch\u0142odniej ni\u017c ich odpowiedniki dzi\u0119ki ni\u017cszej rezystancji wewn\u0119trznej.<br \/>\nTa cecha zapobiega przegrzaniu akumulatora, zapewniaj\u0105c tym samym bezpieczniejsz\u0105 prac\u0119 i d\u0142u\u017csz\u0105 \u017cywotno\u015b\u0107 baterii.<\/p>\n<p>Zwi\u0119kszone bezpiecze\u0144stwo: W scenariuszach szybkiego roz\u0142adowania, ogniwa 50S wyr\u00f3\u017cniaj\u0105 si\u0119 tym, \u017ce mog\u0105 zapewni\u0107 niezb\u0119dn\u0105 moc, aby zapobiec \u201eodci\u0119ciu\u201d lub nag\u0142ej utracie mocy.<br \/>\nTa w\u0142a\u015bciwo\u015b\u0107 przek\u0142ada si\u0119 na bezpieczniejsz\u0105 jazd\u0119, zw\u0142aszcza w ekstremalnych warunkach.<\/p>\n<p>Minimalny spadek napi\u0119cia: Ogniwa 50S zapewniaj\u0105 mniejszy spadek napi\u0119cia, utrzymuj\u0105c wy\u017csze napi\u0119cie przez wi\u0119ksz\u0105 cz\u0119\u015b\u0107 cyklu roz\u0142adowania.<br \/>\nTa w\u0142a\u015bciwo\u015b\u0107 jest korzystna podczas szybkiej jazdy lub gdy poziom na\u0142adowania akumulatora jest niski, zapewniaj\u0105c bezpieczniejsz\u0105 i bardziej wydajn\u0105 jazd\u0119.<\/p>\n","protected":false},"excerpt":{"rendered":"<p>Monocykl elektryczny KingSong S19 Pro wyr\u00f3\u017cnia si\u0119 pot\u0119\u017cnymi ogniwami akumulatorowymi Samsung 50S.<br \/>\nDecyzja ta podkre\u015bla zobowi\u0105zanie do zapewnienia rideram najwy\u017cszej wydajno\u015bci, niezawodno\u015bci i bezpiecze\u0144stwa.<br \/>\nZwi\u0119kszona wydajno\u015b\u0107: Ogniwa 50S zapewniaj\u0105 moc wyj\u015bciow\u0105 25 amper\u00f3w na ogniwo.<br \/>\nZdolno\u015b\u0107 ta przek\u0142ada si\u0119 na margines bezpiecze\u0144stwa i wydajno\u015b\u0107.<\/p>\n<p>Ch\u0142odna praca: Ogniwa 50S pracuj\u0105 ch\u0142odniej ni\u017c ich odpowiedniki dzi\u0119ki ni\u017cszej rezystancji wewn\u0119trznej.<br \/>\nTa cecha zapobiega przegrzaniu akumulatora, zapewniaj\u0105c tym samym bezpieczniejsz\u0105 prac\u0119 i d\u0142u\u017csz\u0105 \u017cywotno\u015b\u0107 baterii.<\/p>\n<p>Zwi\u0119kszone bezpiecze\u0144stwo: W scenariuszach szybkiego roz\u0142adowania, ogniwa 50S wyr\u00f3\u017cniaj\u0105 si\u0119 tym, \u017ce mog\u0105 zapewni\u0107 niezb\u0119dn\u0105 moc, aby zapobiec \u201eodci\u0119ciu\u201d lub nag\u0142ej utracie mocy.<br \/>\nTa w\u0142a\u015bciwo\u015b\u0107 przek\u0142ada si\u0119 na bezpieczniejsz\u0105 jazd\u0119, zw\u0142aszcza w ekstremalnych warunkach.<\/p>\n<p>Minimalny spadek napi\u0119cia: Ogniwa 50S zapewniaj\u0105 mniejszy spadek napi\u0119cia, utrzymuj\u0105c wy\u017csze napi\u0119cie przez wi\u0119ksz\u0105 cz\u0119\u015b\u0107 cyklu roz\u0142adowania.<br \/>\nTa w\u0142a\u015bciwo\u015b\u0107 jest korzystna podczas szybkiej jazdy lub gdy poziom na\u0142adowania akumulatora jest niski, zapewniaj\u0105c bezpieczniejsz\u0105 i bardziej wydajn\u0105 jazd\u0119.<\/p>\n","protected":false},"featured_media":14471,"comment_status":"open","ping_status":"closed","template":"","meta":[],"product_brand":[],"product_cat":[55,110],"product_tag":[26],"class_list":{"0":"post-14470","1":"product","2":"type-product","3":"status-publish","4":"has-post-thumbnail","6":"product_cat-electric-unicycles","7":"product_cat-kingsong","8":"product_tag-euc","10":"first","11":"instock","12":"taxable","13":"shipping-taxable","14":"purchasable","15":"product-type-simple"},"yoast_head":"<!-- This site is optimized with the Yoast SEO plugin v26.8 - https:\/\/yoast.com\/product\/yoast-seo-wordpress\/ -->\n<title>King Song S19 Pro<\/title>\n<meta name=\"description\" content=\"Monocykl elektryczny KingSong S19 Pro wyr\u00f3\u017cnia si\u0119 pot\u0119\u017cnymi ogniwami akumulatorowymi Samsung 50S. Decyzja ta podkre\u015bla zobowi\u0105zanie do zapewnienia rideram najwy\u017cszej wydajno\u015bci, niezawodno\u015bci i bezpiecze\u0144stwa. Zwi\u0119kszona wydajno\u015b\u0107: Ogniwa 50S zapewniaj\u0105 moc wyj\u015bciow\u0105 25 amper\u00f3w na ogniwo. Zdolno\u015b\u0107 ta przek\u0142ada si\u0119 na margines bezpiecze\u0144stwa i wydajno\u015b\u0107.  Ch\u0142odna praca: Ogniwa 50S pracuj\u0105 ch\u0142odniej ni\u017c ich odpowiedniki dzi\u0119ki ni\u017cszej rezystancji wewn\u0119trznej. Ta cecha zapobiega przegrzaniu akumulatora, zapewniaj\u0105c tym samym bezpieczniejsz\u0105 prac\u0119 i d\u0142u\u017csz\u0105 \u017cywotno\u015b\u0107 baterii.  Zwi\u0119kszone bezpiecze\u0144stwo: W scenariuszach szybkiego roz\u0142adowania, ogniwa 50S wyr\u00f3\u017cniaj\u0105 si\u0119 tym, \u017ce mog\u0105 zapewni\u0107 niezb\u0119dn\u0105 moc, aby zapobiec \u201eodci\u0119ciu\u201d lub nag\u0142ej utracie mocy. Ta w\u0142a\u015bciwo\u015b\u0107 przek\u0142ada si\u0119 na bezpieczniejsz\u0105 jazd\u0119, zw\u0142aszcza w ekstremalnych warunkach.  Minimalny spadek napi\u0119cia: Ogniwa 50S zapewniaj\u0105 mniejszy spadek napi\u0119cia, utrzymuj\u0105c wy\u017csze napi\u0119cie przez wi\u0119ksz\u0105 cz\u0119\u015b\u0107 cyklu roz\u0142adowania. Ta w\u0142a\u015bciwo\u015b\u0107 jest korzystna podczas szybkiej jazdy lub gdy poziom na\u0142adowania akumulatora jest niski, zapewniaj\u0105c bezpieczniejsz\u0105 i bardziej wydajn\u0105 jazd\u0119.\" \/>\n<meta name=\"robots\" content=\"index, follow, max-snippet:-1, max-image-preview:large, max-video-preview:-1\" \/>\n<link rel=\"canonical\" href=\"\" \/>\n<meta property=\"og:locale\" content=\"pl_PL\" \/>\n<meta property=\"og:type\" content=\"article\" \/>\n<meta property=\"og:title\" content=\"King Song S19 Pro\" \/>\n<meta property=\"og:description\" content=\"Monocykl elektryczny KingSong S19 Pro wyr\u00f3\u017cnia si\u0119 pot\u0119\u017cnymi ogniwami akumulatorowymi Samsung 50S. Decyzja ta podkre\u015bla zobowi\u0105zanie do zapewnienia rideram najwy\u017cszej wydajno\u015bci, niezawodno\u015bci i bezpiecze\u0144stwa. Zwi\u0119kszona wydajno\u015b\u0107: Ogniwa 50S zapewniaj\u0105 moc wyj\u015bciow\u0105 25 amper\u00f3w na ogniwo. Zdolno\u015b\u0107 ta przek\u0142ada si\u0119 na margines bezpiecze\u0144stwa i wydajno\u015b\u0107.  Ch\u0142odna praca: Ogniwa 50S pracuj\u0105 ch\u0142odniej ni\u017c ich odpowiedniki dzi\u0119ki ni\u017cszej rezystancji wewn\u0119trznej. Ta cecha zapobiega przegrzaniu akumulatora, zapewniaj\u0105c tym samym bezpieczniejsz\u0105 prac\u0119 i d\u0142u\u017csz\u0105 \u017cywotno\u015b\u0107 baterii.  Zwi\u0119kszone bezpiecze\u0144stwo: W scenariuszach szybkiego roz\u0142adowania, ogniwa 50S wyr\u00f3\u017cniaj\u0105 si\u0119 tym, \u017ce mog\u0105 zapewni\u0107 niezb\u0119dn\u0105 moc, aby zapobiec \u201eodci\u0119ciu\u201d lub nag\u0142ej utracie mocy. Ta w\u0142a\u015bciwo\u015b\u0107 przek\u0142ada si\u0119 na bezpieczniejsz\u0105 jazd\u0119, zw\u0142aszcza w ekstremalnych warunkach.  Minimalny spadek napi\u0119cia: Ogniwa 50S zapewniaj\u0105 mniejszy spadek napi\u0119cia, utrzymuj\u0105c wy\u017csze napi\u0119cie przez wi\u0119ksz\u0105 cz\u0119\u015b\u0107 cyklu roz\u0142adowania. Ta w\u0142a\u015bciwo\u015b\u0107 jest korzystna podczas szybkiej jazdy lub gdy poziom na\u0142adowania akumulatora jest niski, zapewniaj\u0105c bezpieczniejsz\u0105 i bardziej wydajn\u0105 jazd\u0119.\" \/>\n<meta property=\"og:url\" content=\"https:\/\/monokolo.eu\/pl\/product\/kingsong-s19-pro\/\" \/>\n<meta property=\"og:site_name\" content=\"Monokolo\" \/>\n<meta property=\"article:publisher\" content=\"https:\/\/facebook.com\/monokolo.polska\/\" \/>\n<meta property=\"article:modified_time\" content=\"2026-04-02T12:21:20+00:00\" \/>\n<meta property=\"og:image\" content=\"https:\/\/monokolo.eu\/wp-content\/uploads\/2024\/12\/kingsong-s19-pro-01.jpg\" \/>\n\t<meta property=\"og:image:width\" content=\"1050\" \/>\n\t<meta property=\"og:image:height\" content=\"1400\" \/>\n\t<meta property=\"og:image:type\" content=\"image\/jpeg\" \/>\n<meta name=\"twitter:card\" content=\"summary_large_image\" \/>\n<meta name=\"twitter:label1\" content=\"Szacowany czas czytania\" \/>\n\t<meta name=\"twitter:data1\" content=\"1 minuta\" \/>\n<script type=\"application\/ld+json\" class=\"yoast-schema-graph\">{\"@context\":\"https:\/\/schema.org\",\"@graph\":[{\"@type\":\"WebPage\",\"@id\":\"https:\/\/monokolo.eu\/pl\/product\/kingsong-s19-pro\/\",\"url\":\"https:\/\/monokolo.eu\/pl\/product\/kingsong-s19-pro\/\",\"name\":\"King Song S19 Pro - Monokolo\",\"isPartOf\":{\"@id\":\"https:\/\/monokolo.eu\/#website\"},\"primaryImageOfPage\":{\"@id\":\"https:\/\/monokolo.eu\/pl\/product\/kingsong-s19-pro\/#primaryimage\"},\"image\":{\"@id\":\"https:\/\/monokolo.eu\/pl\/product\/kingsong-s19-pro\/#primaryimage\"},\"thumbnailUrl\":\"https:\/\/monokolo.eu\/wp-content\/uploads\/2024\/12\/kingsong-s19-pro-01.jpg\",\"datePublished\":\"2024-12-15T20:57:30+00:00\",\"dateModified\":\"2026-04-02T12:21:20+00:00\",\"breadcrumb\":{\"@id\":\"https:\/\/monokolo.eu\/pl\/product\/kingsong-s19-pro\/#breadcrumb\"},\"inLanguage\":\"pl-PL\",\"potentialAction\":[{\"@type\":\"ReadAction\",\"target\":[\"https:\/\/monokolo.eu\/pl\/product\/kingsong-s19-pro\/\"]}]},{\"@type\":\"ImageObject\",\"inLanguage\":\"pl-PL\",\"@id\":\"https:\/\/monokolo.eu\/pl\/product\/kingsong-s19-pro\/#primaryimage\",\"url\":\"https:\/\/monokolo.eu\/wp-content\/uploads\/2024\/12\/kingsong-s19-pro-01.jpg\",\"contentUrl\":\"https:\/\/monokolo.eu\/wp-content\/uploads\/2024\/12\/kingsong-s19-pro-01.jpg\",\"width\":1050,\"height\":1400,\"caption\":\"kingsong s19 pro euc\"},{\"@type\":\"BreadcrumbList\",\"@id\":\"https:\/\/monokolo.eu\/pl\/product\/kingsong-s19-pro\/#breadcrumb\",\"itemListElement\":[{\"@type\":\"ListItem\",\"position\":1,\"name\":\"Monokolo.eu - monocykle elektryczne, transport elektryczny w Europie\",\"item\":\"https:\/\/monokolo.eu\/\"},{\"@type\":\"ListItem\",\"position\":2,\"name\":\"Sklep\",\"item\":\"https:\/\/monokolo.eu\/shop\/\"},{\"@type\":\"ListItem\",\"position\":3,\"name\":\"King Song S19 Pro\"}]},{\"@type\":\"WebSite\",\"@id\":\"https:\/\/monokolo.eu\/pl\/#website\",\"url\":\"https:\/\/monokolo.eu\/pl\/\",\"name\":\"Monokolo.eu\",\"description\":\"Sklep z jednoko\u0142owcami elektrycznymi w Europie\",\"publisher\":{\"@id\":\"https:\/\/monokolo.eu\/pl\/#organization\"},\"potentialAction\":[{\"@type\":\"SearchAction\",\"target\":{\"@type\":\"EntryPoint\",\"urlTemplate\":\"https:\/\/monokolo.eu\/pl\/?s={search_term_string}\"},\"query-input\":{\"@type\":\"PropertyValueSpecification\",\"valueRequired\":true,\"valueName\":\"search_term_string\"}}],\"inLanguage\":\"pl-PL\"},{\"@type\":\"Organization\",\"@id\":\"https:\/\/monokolo.eu\/pl\/#organization\",\"name\":\"Monokolo\",\"url\":\"https:\/\/monokolo.eu\/pl\/\",\"logo\":{\"@type\":\"ImageObject\",\"inLanguage\":\"pl-PL\",\"@id\":\"https:\/\/monokolo.eu\/pl\/#\/schema\/logo\/image\/\",\"url\":\"https:\/\/monokolo.eu\/wp-content\/uploads\/2025\/04\/logo22.png\",\"contentUrl\":\"https:\/\/monokolo.eu\/wp-content\/uploads\/2025\/04\/logo22.png\",\"width\":755,\"height\":192,\"caption\":\"Monokolo\"},\"image\":{\"@id\":\"https:\/\/monokolo.eu\/pl\/#\/schema\/logo\/image\/\"},\"sameAs\":[\"https:\/\/facebook.com\/monokolo.polska\/\",\"https:\/\/www.instagram.com\/monokolo.pl\/\",\"https:\/\/www.tiktok.com\/@monokolo.pl\"]}]}<\/script>\n<!-- \/ Yoast SEO plugin. -->","yoast_head_json":{"title":"King Song S19 Pro","description":"Monocykl elektryczny KingSong S19 Pro wyr\u00f3\u017cnia si\u0119 pot\u0119\u017cnymi ogniwami akumulatorowymi Samsung 50S. Decyzja ta podkre\u015bla zobowi\u0105zanie do zapewnienia rideram najwy\u017cszej wydajno\u015bci, niezawodno\u015bci i bezpiecze\u0144stwa. Zwi\u0119kszona wydajno\u015b\u0107: Ogniwa 50S zapewniaj\u0105 moc wyj\u015bciow\u0105 25 amper\u00f3w na ogniwo. Zdolno\u015b\u0107 ta przek\u0142ada si\u0119 na margines bezpiecze\u0144stwa i wydajno\u015b\u0107.  Ch\u0142odna praca: Ogniwa 50S pracuj\u0105 ch\u0142odniej ni\u017c ich odpowiedniki dzi\u0119ki ni\u017cszej rezystancji wewn\u0119trznej. Ta cecha zapobiega przegrzaniu akumulatora, zapewniaj\u0105c tym samym bezpieczniejsz\u0105 prac\u0119 i d\u0142u\u017csz\u0105 \u017cywotno\u015b\u0107 baterii.  Zwi\u0119kszone bezpiecze\u0144stwo: W scenariuszach szybkiego roz\u0142adowania, ogniwa 50S wyr\u00f3\u017cniaj\u0105 si\u0119 tym, \u017ce mog\u0105 zapewni\u0107 niezb\u0119dn\u0105 moc, aby zapobiec \u201eodci\u0119ciu\u201d lub nag\u0142ej utracie mocy. Ta w\u0142a\u015bciwo\u015b\u0107 przek\u0142ada si\u0119 na bezpieczniejsz\u0105 jazd\u0119, zw\u0142aszcza w ekstremalnych warunkach.  Minimalny spadek napi\u0119cia: Ogniwa 50S zapewniaj\u0105 mniejszy spadek napi\u0119cia, utrzymuj\u0105c wy\u017csze napi\u0119cie przez wi\u0119ksz\u0105 cz\u0119\u015b\u0107 cyklu roz\u0142adowania. Ta w\u0142a\u015bciwo\u015b\u0107 jest korzystna podczas szybkiej jazdy lub gdy poziom na\u0142adowania akumulatora jest niski, zapewniaj\u0105c bezpieczniejsz\u0105 i bardziej wydajn\u0105 jazd\u0119.","robots":{"index":"index","follow":"follow","max-snippet":"max-snippet:-1","max-image-preview":"max-image-preview:large","max-video-preview":"max-video-preview:-1"},"canonical":"Monocykl elektryczny KingSong S19 Pro wyr\u00f3\u017cnia si\u0119 pot\u0119\u017cnymi ogniwami akumulatorowymi Samsung 50S. Decyzja ta podkre\u015bla zobowi\u0105zanie do zapewnienia rideram najwy\u017cszej wydajno\u015bci, niezawodno\u015bci i bezpiecze\u0144stwa. Zwi\u0119kszona wydajno\u015b\u0107: Ogniwa 50S zapewniaj\u0105 moc wyj\u015bciow\u0105 25 amper\u00f3w na ogniwo. Zdolno\u015b\u0107 ta przek\u0142ada si\u0119 na margines bezpiecze\u0144stwa i wydajno\u015b\u0107.  Ch\u0142odna praca: Ogniwa 50S pracuj\u0105 ch\u0142odniej ni\u017c ich odpowiedniki dzi\u0119ki ni\u017cszej rezystancji wewn\u0119trznej. Ta cecha zapobiega przegrzaniu akumulatora, zapewniaj\u0105c tym samym bezpieczniejsz\u0105 prac\u0119 i d\u0142u\u017csz\u0105 \u017cywotno\u015b\u0107 baterii.  Zwi\u0119kszone bezpiecze\u0144stwo: W scenariuszach szybkiego roz\u0142adowania, ogniwa 50S wyr\u00f3\u017cniaj\u0105 si\u0119 tym, \u017ce mog\u0105 zapewni\u0107 niezb\u0119dn\u0105 moc, aby zapobiec \u201eodci\u0119ciu\u201d lub nag\u0142ej utracie mocy. Ta w\u0142a\u015bciwo\u015b\u0107 przek\u0142ada si\u0119 na bezpieczniejsz\u0105 jazd\u0119, zw\u0142aszcza w ekstremalnych warunkach.  Minimalny spadek napi\u0119cia: Ogniwa 50S zapewniaj\u0105 mniejszy spadek napi\u0119cia, utrzymuj\u0105c wy\u017csze napi\u0119cie przez wi\u0119ksz\u0105 cz\u0119\u015b\u0107 cyklu roz\u0142adowania. Ta w\u0142a\u015bciwo\u015b\u0107 jest korzystna podczas szybkiej jazdy lub gdy poziom na\u0142adowania akumulatora jest niski, zapewniaj\u0105c bezpieczniejsz\u0105 i bardziej wydajn\u0105 jazd\u0119.","og_locale":"pl_PL","og_type":"article","og_title":"King Song S19 Pro","og_description":"Monocykl elektryczny KingSong S19 Pro wyr\u00f3\u017cnia si\u0119 pot\u0119\u017cnymi ogniwami akumulatorowymi Samsung 50S. Decyzja ta podkre\u015bla zobowi\u0105zanie do zapewnienia rideram najwy\u017cszej wydajno\u015bci, niezawodno\u015bci i bezpiecze\u0144stwa. Zwi\u0119kszona wydajno\u015b\u0107: Ogniwa 50S zapewniaj\u0105 moc wyj\u015bciow\u0105 25 amper\u00f3w na ogniwo. Zdolno\u015b\u0107 ta przek\u0142ada si\u0119 na margines bezpiecze\u0144stwa i wydajno\u015b\u0107.  Ch\u0142odna praca: Ogniwa 50S pracuj\u0105 ch\u0142odniej ni\u017c ich odpowiedniki dzi\u0119ki ni\u017cszej rezystancji wewn\u0119trznej. Ta cecha zapobiega przegrzaniu akumulatora, zapewniaj\u0105c tym samym bezpieczniejsz\u0105 prac\u0119 i d\u0142u\u017csz\u0105 \u017cywotno\u015b\u0107 baterii.  Zwi\u0119kszone bezpiecze\u0144stwo: W scenariuszach szybkiego roz\u0142adowania, ogniwa 50S wyr\u00f3\u017cniaj\u0105 si\u0119 tym, \u017ce mog\u0105 zapewni\u0107 niezb\u0119dn\u0105 moc, aby zapobiec \u201eodci\u0119ciu\u201d lub nag\u0142ej utracie mocy. Ta w\u0142a\u015bciwo\u015b\u0107 przek\u0142ada si\u0119 na bezpieczniejsz\u0105 jazd\u0119, zw\u0142aszcza w ekstremalnych warunkach.  Minimalny spadek napi\u0119cia: Ogniwa 50S zapewniaj\u0105 mniejszy spadek napi\u0119cia, utrzymuj\u0105c wy\u017csze napi\u0119cie przez wi\u0119ksz\u0105 cz\u0119\u015b\u0107 cyklu roz\u0142adowania. Ta w\u0142a\u015bciwo\u015b\u0107 jest korzystna podczas szybkiej jazdy lub gdy poziom na\u0142adowania akumulatora jest niski, zapewniaj\u0105c bezpieczniejsz\u0105 i bardziej wydajn\u0105 jazd\u0119.","og_url":"https:\/\/monokolo.eu\/pl\/product\/kingsong-s19-pro\/","og_site_name":"Monokolo","article_publisher":"https:\/\/facebook.com\/monokolo.polska\/","article_modified_time":"2026-04-02T12:21:20+00:00","og_image":[{"width":1050,"height":1400,"url":"https:\/\/monokolo.eu\/wp-content\/uploads\/2024\/12\/kingsong-s19-pro-01.jpg","type":"image\/jpeg"}],"twitter_card":"summary_large_image","twitter_misc":{"Szacowany czas czytania":"1 minuta"},"schema":{"@context":"https:\/\/schema.org","@graph":[{"@type":"WebPage","@id":"https:\/\/monokolo.eu\/pl\/product\/kingsong-s19-pro\/","url":"https:\/\/monokolo.eu\/pl\/product\/kingsong-s19-pro\/","name":"King Song S19 Pro - Monokolo","isPartOf":{"@id":"https:\/\/monokolo.eu\/#website"},"primaryImageOfPage":{"@id":"https:\/\/monokolo.eu\/pl\/product\/kingsong-s19-pro\/#primaryimage"},"image":{"@id":"https:\/\/monokolo.eu\/pl\/product\/kingsong-s19-pro\/#primaryimage"},"thumbnailUrl":"https:\/\/monokolo.eu\/wp-content\/uploads\/2024\/12\/kingsong-s19-pro-01.jpg","datePublished":"2024-12-15T20:57:30+00:00","dateModified":"2026-04-02T12:21:20+00:00","breadcrumb":{"@id":"https:\/\/monokolo.eu\/pl\/product\/kingsong-s19-pro\/#breadcrumb"},"inLanguage":"pl-PL","potentialAction":[{"@type":"ReadAction","target":["https:\/\/monokolo.eu\/pl\/product\/kingsong-s19-pro\/"]}]},{"@type":"ImageObject","inLanguage":"pl-PL","@id":"https:\/\/monokolo.eu\/pl\/product\/kingsong-s19-pro\/#primaryimage","url":"https:\/\/monokolo.eu\/wp-content\/uploads\/2024\/12\/kingsong-s19-pro-01.jpg","contentUrl":"https:\/\/monokolo.eu\/wp-content\/uploads\/2024\/12\/kingsong-s19-pro-01.jpg","width":1050,"height":1400,"caption":"kingsong s19 pro euc"},{"@type":"BreadcrumbList","@id":"https:\/\/monokolo.eu\/pl\/product\/kingsong-s19-pro\/#breadcrumb","itemListElement":[{"@type":"ListItem","position":1,"name":"Monokolo.eu - monocykle elektryczne, transport elektryczny w Europie","item":"https:\/\/monokolo.eu\/"},{"@type":"ListItem","position":2,"name":"Sklep","item":"https:\/\/monokolo.eu\/shop\/"},{"@type":"ListItem","position":3,"name":"King Song S19 Pro"}]},{"@type":"WebSite","@id":"https:\/\/monokolo.eu\/pl\/#website","url":"https:\/\/monokolo.eu\/pl\/","name":"Monokolo.eu","description":"Sklep z jednoko\u0142owcami elektrycznymi w Europie","publisher":{"@id":"https:\/\/monokolo.eu\/pl\/#organization"},"potentialAction":[{"@type":"SearchAction","target":{"@type":"EntryPoint","urlTemplate":"https:\/\/monokolo.eu\/pl\/?s={search_term_string}"},"query-input":{"@type":"PropertyValueSpecification","valueRequired":true,"valueName":"search_term_string"}}],"inLanguage":"pl-PL"},{"@type":"Organization","@id":"https:\/\/monokolo.eu\/pl\/#organization","name":"Monokolo","url":"https:\/\/monokolo.eu\/pl\/","logo":{"@type":"ImageObject","inLanguage":"pl-PL","@id":"https:\/\/monokolo.eu\/pl\/#\/schema\/logo\/image\/","url":"https:\/\/monokolo.eu\/wp-content\/uploads\/2025\/04\/logo22.png","contentUrl":"https:\/\/monokolo.eu\/wp-content\/uploads\/2025\/04\/logo22.png","width":755,"height":192,"caption":"Monokolo"},"image":{"@id":"https:\/\/monokolo.eu\/pl\/#\/schema\/logo\/image\/"},"sameAs":["https:\/\/facebook.com\/monokolo.polska\/","https:\/\/www.instagram.com\/monokolo.pl\/","https:\/\/www.tiktok.com\/@monokolo.pl"]}]}},"_links":{"self":[{"href":"https:\/\/monokolo.eu\/pl\/wp-json\/wp\/v2\/product\/14470","targetHints":{"allow":["GET"]}}],"collection":[{"href":"https:\/\/monokolo.eu\/pl\/wp-json\/wp\/v2\/product"}],"about":[{"href":"https:\/\/monokolo.eu\/pl\/wp-json\/wp\/v2\/types\/product"}],"replies":[{"embeddable":true,"href":"https:\/\/monokolo.eu\/pl\/wp-json\/wp\/v2\/comments?post=14470"}],"wp:featuredmedia":[{"embeddable":true,"href":"https:\/\/monokolo.eu\/pl\/wp-json\/wp\/v2\/media\/14471"}],"wp:attachment":[{"href":"https:\/\/monokolo.eu\/pl\/wp-json\/wp\/v2\/media?parent=14470"}],"wp:term":[{"taxonomy":"product_brand","embeddable":true,"href":"https:\/\/monokolo.eu\/pl\/wp-json\/wp\/v2\/product_brand?post=14470"},{"taxonomy":"product_cat","embeddable":true,"href":"https:\/\/monokolo.eu\/pl\/wp-json\/wp\/v2\/product_cat?post=14470"},{"taxonomy":"product_tag","embeddable":true,"href":"https:\/\/monokolo.eu\/pl\/wp-json\/wp\/v2\/product_tag?post=14470"}],"curies":[{"name":"wp","href":"https:\/\/api.w.org\/{rel}","templated":true}]}}