{"id":14460,"date":"2024-12-15T20:37:54","date_gmt":"2024-12-15T20:37:54","guid":{"rendered":"https:\/\/monokolo-d2e6bb.ingress-baronn.ewp.live\/?post_type=product&#038;p=14460"},"modified":"2026-04-24T06:56:52","modified_gmt":"2026-04-24T06:56:52","slug":"inmotion-v14","status":"publish","type":"product","link":"https:\/\/monokolo.eu\/pl\/product\/inmotion-v14\/","title":{"rendered":"Inmotion V14 Pro 2026"},"content":{"rendered":"<p><strong>Inmotion V14 Pro<\/strong><br \/>\nInMotion V14 Pro: Kolejny krok w rozwoju wydajno\u015bci monocykli elektrycznych. InMotion V14 Pro redefiniuje innowacj\u0119 w monocyklach elektrycznych, stanowi\u0105c \u015bmia\u0142y krok naprz\u00f3d w stosunku do swojego poprzednika, modelu V14. Zbudowany w oparciu o zasady modu\u0142owo\u015bci, precyzji i przygody, ten ulepszony model oferuje lepsz\u0105 wydajno\u015b\u0107 i najnowocze\u015bniejsze funkcje dla u\u017cytkownik\u00f3w, kt\u00f3rzy wymagaj\u0105 wi\u0119cej. Najwa\u017cniejsze ulepszenia w por\u00f3wnaniu z V14 PRO Adventure:<br \/>\nPr\u0119dko\u015b\u0107 maksymalna: zwi\u0119kszona z 80 km\/h do ekscytuj\u0105cych 80 km\/h<br \/>\nMoment obrotowy: zwi\u0119kszony z 230 Nm do pot\u0119\u017cnych 276 Nm<br \/>\nDesign: Nowa, inspirowana kolorystyka<br \/>\nKluczowe cechy zachowane z V14 Adventure:<br \/>\nWyposa\u017cone w ekskluzywne, progresywne zawieszenie INMOTION, stworzone do przyg\u00f3d<br \/>\nBezproblemowe pokonywanie 50-stopniowych nachyle\u0144 dzi\u0119ki sile uci\u0105gu k\u00f3\u0142 850 N<br \/>\nSilnik magnetyczny C40 ze stali: moc szczytowa 9000 W<br \/>\nZasi\u0119g 120 km i obs\u0142uga szybkiego \u0142adowania<br \/>\nAkumulator Samsung 2400 Wh\/134 V, wykorzystuj\u0105cy ogniwa o wysokiej mocy<\/p>\n<p>InMotion V14 to jedne z najmocniejszych 16-calowych k\u00f3\u0142 dost\u0119pnych obecnie na rynku. Dzi\u0119ki mniejszej \u015brednicy opony i 134-woltowemu uk\u0142adowi zasilania, ko\u0142a te oferuj\u0105 wystarczaj\u0105cy moment obrotowy, aby sprosta\u0107 wszystkim Twoim potrzebom w terenie. InMotion V14 to pierwszy elektryczny monocykl z progresywn\u0105 spr\u0119\u017cyn\u0105 o sztywno\u015bci przedniej cz\u0119\u015bci wynosz\u0105cej 600 funt\u00f3w na cal (ok. 270 kg) i tylnej cz\u0119\u015bci wynosz\u0105cej 970 funt\u00f3w na cal (ok. 440 kg). Standardowe peda\u0142y z kolcami s\u0105 takie same jak w modelu InMotion V13. Do\u0142\u0105czone nak\u0142adki mo\u017cna \u0142atwo regulowa\u0107 za pomoc\u0105 fabrycznie na\u0142o\u017conych rzep\u00f3w, aby uzyska\u0107 lepsze dopasowanie do indywidualnych potrzeb, zar\u00f3wno podczas jazdy na luzie, jak i podczas skok\u00f3w.<\/p>\n<p>V14 wyposa\u017cony jest w inteligentny system BMS, kt\u00f3ry umo\u017cliwia \u0142atwe monitorowanie napi\u0119cia i temperatury ka\u017cdego ogniwa akumulatora z poziomu aplikacji InMotion. Ka\u017cdy z akumulator\u00f3w V14 mo\u017cna \u0142atwo wyj\u0105\u0107, poniewa\u017c kable znajduj\u0105 si\u0119 pod panelem bocznym, w g\u00f3rnej cz\u0119\u015bci urz\u0105dzenia.<\/p>\n<p>Obecnie V14 dost\u0119pny jest w dw\u00f3ch wariantach akumulator\u00f3w: 50 GB i 50S. Ogniwa Samsung 50S pozwalaj\u0105 na pobieranie wi\u0119kszej mocy w dowolnym momencie, co oznacza, \u017ce \u200b\u200bmo\u017cesz szybciej przyspiesza\u0107, szybciej hamowa\u0107, a nawet utrzymywa\u0107 wysokie pr\u0119dko\u015bci przez d\u0142u\u017cszy czas. Akumulatory Samsung 50 GB mog\u0105 okaza\u0107 si\u0119 przydatne dla u\u017cytkownik\u00f3w, kt\u00f3rzy chc\u0105 wyda\u0107 mniej pieni\u0119dzy na V14, a tak\u017ce zapewni\u0107 wi\u0119kszy zasi\u0119g, poniewa\u017c ze wzgl\u0119du na ograniczenia tych ogniw, nie mo\u017cna pobiera\u0107 tak du\u017cej mocy w danym momencie.<\/p>\n<p><strong>Specyfikacja InMotion V14 Pro<\/strong><\/p>\n<ul>\n<li>Maksymalny zasi\u0119g: ~120 km<\/li>\n<li>Moc silnika: 4000 W, szczytowa moc 9000 W<\/li>\n<li>Akumulator: 2400 Wh 134 V<\/li>\n<li>Czas \u0142adowania: 4-6 godzin standardow\u0105 \u0142adowark\u0105<\/li>\n<li>Pr\u0119dko\u015b\u0107 maksymalna: 70 km\/h<\/li>\n<li>K\u0105t podjazdu: 50 stopni<\/li>\n<li>Opona: 40 cm<\/li>\n<li>Waga: 38 kg (86 funt\u00f3w)<\/li>\n<li>\u0141adowno\u015b\u0107: 149 kg (309 funt\u00f3w)<\/li>\n<li>Stopie\u0144 ochrony IP: IPX6<\/li>\n<li>O\u015bwietlenie: Przednie i tylne \u015bwiat\u0142o<\/li>\n<li>Wyj\u015bcie \u0142adowarki: DC 134 V* 3 A<\/li>\n<\/ul>\n<div class=\"row\">\n<div class=\"col-xs-12 col-sm-6\"><img fetchpriority=\"high\" decoding=\"async\" class=\"alignnone size-medium wp-image-14469\" src=\"https:\/\/monokolo.eu\/wp-content\/uploads\/2024\/12\/Adventure-Specs-182x300.jpg\" alt=\"Inmotion V14 Adventure Specs\" width=\"182\" height=\"300\" srcset=\"https:\/\/monokolo.eu\/wp-content\/uploads\/2024\/12\/Adventure-Specs-182x300.jpg 182w, https:\/\/monokolo.eu\/wp-content\/uploads\/2024\/12\/Adventure-Specs-600x992.jpg 600w, https:\/\/monokolo.eu\/wp-content\/uploads\/2024\/12\/Adventure-Specs-620x1024.jpg 620w, https:\/\/monokolo.eu\/wp-content\/uploads\/2024\/12\/Adventure-Specs-768x1269.jpg 768w, https:\/\/monokolo.eu\/wp-content\/uploads\/2024\/12\/Adventure-Specs-929x1536.jpg 929w, https:\/\/monokolo.eu\/wp-content\/uploads\/2024\/12\/Adventure-Specs.jpg 1080w\" sizes=\"(max-width: 182px) 100vw, 182px\" \/><\/div>\n<\/div>\n","protected":false},"excerpt":{"rendered":"<p>InMotion V14 to jedne z najmocniejszych 16-calowych k\u00f3\u0142 dost\u0119pnych obecnie na rynku. Dzi\u0119ki oponom o mniejszej \u015brednicy i uk\u0142adowi zasilania 134 V, ko\u0142o to oferuje wystarczaj\u0105cy moment obrotowy, aby sprosta\u0107 wszystkim Twoim potrzebom w terenie.<\/p>\n","protected":false},"featured_media":14954,"comment_status":"open","ping_status":"closed","template":"","meta":[],"product_brand":[],"product_cat":[55,109],"product_tag":[26],"class_list":{"0":"post-14460","1":"product","2":"type-product","3":"status-publish","4":"has-post-thumbnail","6":"product_cat-electric-unicycles","7":"product_cat-inmotion","8":"product_tag-euc","10":"first","11":"onbackorder","12":"sale","13":"taxable","14":"shipping-taxable","15":"purchasable","16":"product-type-simple"},"yoast_head":"<!-- This site is optimized with the Yoast SEO plugin v26.8 - https:\/\/yoast.com\/product\/yoast-seo-wordpress\/ -->\n<title>Inmotion V14 Pro 2026<\/title>\n<meta name=\"description\" content=\"InMotion V14 to jedne z najmocniejszych 16-calowych k\u00f3\u0142 dost\u0119pnych obecnie na rynku. Dzi\u0119ki oponom o mniejszej \u015brednicy i uk\u0142adowi zasilania 134 V, ko\u0142o to oferuje wystarczaj\u0105cy moment obrotowy, aby sprosta\u0107 wszystkim Twoim potrzebom w terenie.\" \/>\n<meta name=\"robots\" content=\"index, follow, max-snippet:-1, max-image-preview:large, max-video-preview:-1\" \/>\n<link rel=\"canonical\" href=\"http:\/\/InMotion%20V14%20to%20jedne%20z%20najmocniejszych%2016-calowych%20k\u00f3\u0142%20dost\u0119pnych%20obecnie%20na%20rynku.%20Dzi\u0119ki%20oponom%20o%20mniejszej%20\u015brednicy%20i%20uk\u0142adowi%20zasilania%20134%20V,%20ko\u0142o%20to%20oferuje%20wystarczaj\u0105cy%20moment%20obrotowy,%20aby%20sprosta\u0107%20wszystkim%20Twoim%20potrzebom%20w%20terenie.\" \/>\n<meta property=\"og:locale\" content=\"pl_PL\" \/>\n<meta property=\"og:type\" content=\"article\" \/>\n<meta property=\"og:title\" content=\"Inmotion V14 Pro 2026\" \/>\n<meta property=\"og:description\" content=\"InMotion V14 to jedne z najmocniejszych 16-calowych k\u00f3\u0142 dost\u0119pnych obecnie na rynku. Dzi\u0119ki oponom o mniejszej \u015brednicy i uk\u0142adowi zasilania 134 V, ko\u0142o to oferuje wystarczaj\u0105cy moment obrotowy, aby sprosta\u0107 wszystkim Twoim potrzebom w terenie.\" \/>\n<meta property=\"og:url\" content=\"https:\/\/monokolo.eu\/pl\/product\/inmotion-v14\/\" \/>\n<meta property=\"og:site_name\" content=\"Monokolo\" \/>\n<meta property=\"article:publisher\" content=\"https:\/\/facebook.com\/monokolo.polska\/\" \/>\n<meta property=\"article:modified_time\" content=\"2026-04-24T06:56:52+00:00\" \/>\n<meta property=\"og:image\" content=\"https:\/\/monokolo.eu\/wp-content\/uploads\/2024\/12\/inmotion-v14-pro-001.jpg\" \/>\n\t<meta property=\"og:image:width\" content=\"1050\" \/>\n\t<meta property=\"og:image:height\" content=\"1400\" \/>\n\t<meta property=\"og:image:type\" content=\"image\/jpeg\" \/>\n<meta name=\"twitter:card\" content=\"summary_large_image\" \/>\n<meta name=\"twitter:label1\" content=\"Szacowany czas czytania\" \/>\n\t<meta name=\"twitter:data1\" content=\"3 minuty\" \/>\n<script type=\"application\/ld+json\" class=\"yoast-schema-graph\">{\"@context\":\"https:\/\/schema.org\",\"@graph\":[{\"@type\":\"WebPage\",\"@id\":\"https:\/\/monokolo.eu\/pl\/product\/inmotion-v14\/\",\"url\":\"https:\/\/monokolo.eu\/pl\/product\/inmotion-v14\/\",\"name\":\"Inmotion V14 Pro 2026 - Monokolo\",\"isPartOf\":{\"@id\":\"https:\/\/monokolo.eu\/#website\"},\"primaryImageOfPage\":{\"@id\":\"https:\/\/monokolo.eu\/pl\/product\/inmotion-v14\/#primaryimage\"},\"image\":{\"@id\":\"https:\/\/monokolo.eu\/pl\/product\/inmotion-v14\/#primaryimage\"},\"thumbnailUrl\":\"https:\/\/monokolo.eu\/wp-content\/uploads\/2024\/12\/inmotion-v14-pro-001.jpg\",\"datePublished\":\"2024-12-15T20:37:54+00:00\",\"dateModified\":\"2026-04-24T06:56:52+00:00\",\"breadcrumb\":{\"@id\":\"https:\/\/monokolo.eu\/pl\/product\/inmotion-v14\/#breadcrumb\"},\"inLanguage\":\"pl-PL\",\"potentialAction\":[{\"@type\":\"ReadAction\",\"target\":[\"https:\/\/monokolo.eu\/pl\/product\/inmotion-v14\/\"]}]},{\"@type\":\"ImageObject\",\"inLanguage\":\"pl-PL\",\"@id\":\"https:\/\/monokolo.eu\/pl\/product\/inmotion-v14\/#primaryimage\",\"url\":\"https:\/\/monokolo.eu\/wp-content\/uploads\/2024\/12\/inmotion-v14-pro-001.jpg\",\"contentUrl\":\"https:\/\/monokolo.eu\/wp-content\/uploads\/2024\/12\/inmotion-v14-pro-001.jpg\",\"width\":1050,\"height\":1400,\"caption\":\"Inmotion v14 Pro\"},{\"@type\":\"BreadcrumbList\",\"@id\":\"https:\/\/monokolo.eu\/pl\/product\/inmotion-v14\/#breadcrumb\",\"itemListElement\":[{\"@type\":\"ListItem\",\"position\":1,\"name\":\"Monokolo.eu - monocykle elektryczne, transport elektryczny w Europie\",\"item\":\"https:\/\/monokolo.eu\/\"},{\"@type\":\"ListItem\",\"position\":2,\"name\":\"Sklep\",\"item\":\"https:\/\/monokolo.eu\/shop\/\"},{\"@type\":\"ListItem\",\"position\":3,\"name\":\"Inmotion V14 Pro 2026\"}]},{\"@type\":\"WebSite\",\"@id\":\"https:\/\/monokolo.eu\/pl\/#website\",\"url\":\"https:\/\/monokolo.eu\/pl\/\",\"name\":\"Monokolo.eu\",\"description\":\"Sklep z jednoko\u0142owcami elektrycznymi w Europie\",\"publisher\":{\"@id\":\"https:\/\/monokolo.eu\/pl\/#organization\"},\"potentialAction\":[{\"@type\":\"SearchAction\",\"target\":{\"@type\":\"EntryPoint\",\"urlTemplate\":\"https:\/\/monokolo.eu\/pl\/?s={search_term_string}\"},\"query-input\":{\"@type\":\"PropertyValueSpecification\",\"valueRequired\":true,\"valueName\":\"search_term_string\"}}],\"inLanguage\":\"pl-PL\"},{\"@type\":\"Organization\",\"@id\":\"https:\/\/monokolo.eu\/pl\/#organization\",\"name\":\"Monokolo\",\"url\":\"https:\/\/monokolo.eu\/pl\/\",\"logo\":{\"@type\":\"ImageObject\",\"inLanguage\":\"pl-PL\",\"@id\":\"https:\/\/monokolo.eu\/pl\/#\/schema\/logo\/image\/\",\"url\":\"https:\/\/monokolo.eu\/wp-content\/uploads\/2025\/04\/logo22.png\",\"contentUrl\":\"https:\/\/monokolo.eu\/wp-content\/uploads\/2025\/04\/logo22.png\",\"width\":755,\"height\":192,\"caption\":\"Monokolo\"},\"image\":{\"@id\":\"https:\/\/monokolo.eu\/pl\/#\/schema\/logo\/image\/\"},\"sameAs\":[\"https:\/\/facebook.com\/monokolo.polska\/\",\"https:\/\/www.instagram.com\/monokolo.pl\/\",\"https:\/\/www.tiktok.com\/@monokolo.pl\"]}]}<\/script>\n<!-- \/ Yoast SEO plugin. -->","yoast_head_json":{"title":"Inmotion V14 Pro 2026","description":"InMotion V14 to jedne z najmocniejszych 16-calowych k\u00f3\u0142 dost\u0119pnych obecnie na rynku. Dzi\u0119ki oponom o mniejszej \u015brednicy i uk\u0142adowi zasilania 134 V, ko\u0142o to oferuje wystarczaj\u0105cy moment obrotowy, aby sprosta\u0107 wszystkim Twoim potrzebom w terenie.","robots":{"index":"index","follow":"follow","max-snippet":"max-snippet:-1","max-image-preview":"max-image-preview:large","max-video-preview":"max-video-preview:-1"},"canonical":"InMotion V14 to jedne z najmocniejszych 16-calowych k\u00f3\u0142 dost\u0119pnych obecnie na rynku. Dzi\u0119ki oponom o mniejszej \u015brednicy i uk\u0142adowi zasilania 134 V, ko\u0142o to oferuje wystarczaj\u0105cy moment obrotowy, aby sprosta\u0107 wszystkim Twoim potrzebom w terenie.","og_locale":"pl_PL","og_type":"article","og_title":"Inmotion V14 Pro 2026","og_description":"InMotion V14 to jedne z najmocniejszych 16-calowych k\u00f3\u0142 dost\u0119pnych obecnie na rynku. Dzi\u0119ki oponom o mniejszej \u015brednicy i uk\u0142adowi zasilania 134 V, ko\u0142o to oferuje wystarczaj\u0105cy moment obrotowy, aby sprosta\u0107 wszystkim Twoim potrzebom w terenie.","og_url":"https:\/\/monokolo.eu\/pl\/product\/inmotion-v14\/","og_site_name":"Monokolo","article_publisher":"https:\/\/facebook.com\/monokolo.polska\/","article_modified_time":"2026-04-24T06:56:52+00:00","og_image":[{"width":1050,"height":1400,"url":"https:\/\/monokolo.eu\/wp-content\/uploads\/2024\/12\/inmotion-v14-pro-001.jpg","type":"image\/jpeg"}],"twitter_card":"summary_large_image","twitter_misc":{"Szacowany czas czytania":"3 minuty"},"schema":{"@context":"https:\/\/schema.org","@graph":[{"@type":"WebPage","@id":"https:\/\/monokolo.eu\/pl\/product\/inmotion-v14\/","url":"https:\/\/monokolo.eu\/pl\/product\/inmotion-v14\/","name":"Inmotion V14 Pro 2026 - Monokolo","isPartOf":{"@id":"https:\/\/monokolo.eu\/#website"},"primaryImageOfPage":{"@id":"https:\/\/monokolo.eu\/pl\/product\/inmotion-v14\/#primaryimage"},"image":{"@id":"https:\/\/monokolo.eu\/pl\/product\/inmotion-v14\/#primaryimage"},"thumbnailUrl":"https:\/\/monokolo.eu\/wp-content\/uploads\/2024\/12\/inmotion-v14-pro-001.jpg","datePublished":"2024-12-15T20:37:54+00:00","dateModified":"2026-04-24T06:56:52+00:00","breadcrumb":{"@id":"https:\/\/monokolo.eu\/pl\/product\/inmotion-v14\/#breadcrumb"},"inLanguage":"pl-PL","potentialAction":[{"@type":"ReadAction","target":["https:\/\/monokolo.eu\/pl\/product\/inmotion-v14\/"]}]},{"@type":"ImageObject","inLanguage":"pl-PL","@id":"https:\/\/monokolo.eu\/pl\/product\/inmotion-v14\/#primaryimage","url":"https:\/\/monokolo.eu\/wp-content\/uploads\/2024\/12\/inmotion-v14-pro-001.jpg","contentUrl":"https:\/\/monokolo.eu\/wp-content\/uploads\/2024\/12\/inmotion-v14-pro-001.jpg","width":1050,"height":1400,"caption":"Inmotion v14 Pro"},{"@type":"BreadcrumbList","@id":"https:\/\/monokolo.eu\/pl\/product\/inmotion-v14\/#breadcrumb","itemListElement":[{"@type":"ListItem","position":1,"name":"Monokolo.eu - monocykle elektryczne, transport elektryczny w Europie","item":"https:\/\/monokolo.eu\/"},{"@type":"ListItem","position":2,"name":"Sklep","item":"https:\/\/monokolo.eu\/shop\/"},{"@type":"ListItem","position":3,"name":"Inmotion V14 Pro 2026"}]},{"@type":"WebSite","@id":"https:\/\/monokolo.eu\/pl\/#website","url":"https:\/\/monokolo.eu\/pl\/","name":"Monokolo.eu","description":"Sklep z jednoko\u0142owcami elektrycznymi w Europie","publisher":{"@id":"https:\/\/monokolo.eu\/pl\/#organization"},"potentialAction":[{"@type":"SearchAction","target":{"@type":"EntryPoint","urlTemplate":"https:\/\/monokolo.eu\/pl\/?s={search_term_string}"},"query-input":{"@type":"PropertyValueSpecification","valueRequired":true,"valueName":"search_term_string"}}],"inLanguage":"pl-PL"},{"@type":"Organization","@id":"https:\/\/monokolo.eu\/pl\/#organization","name":"Monokolo","url":"https:\/\/monokolo.eu\/pl\/","logo":{"@type":"ImageObject","inLanguage":"pl-PL","@id":"https:\/\/monokolo.eu\/pl\/#\/schema\/logo\/image\/","url":"https:\/\/monokolo.eu\/wp-content\/uploads\/2025\/04\/logo22.png","contentUrl":"https:\/\/monokolo.eu\/wp-content\/uploads\/2025\/04\/logo22.png","width":755,"height":192,"caption":"Monokolo"},"image":{"@id":"https:\/\/monokolo.eu\/pl\/#\/schema\/logo\/image\/"},"sameAs":["https:\/\/facebook.com\/monokolo.polska\/","https:\/\/www.instagram.com\/monokolo.pl\/","https:\/\/www.tiktok.com\/@monokolo.pl"]}]}},"_links":{"self":[{"href":"https:\/\/monokolo.eu\/pl\/wp-json\/wp\/v2\/product\/14460","targetHints":{"allow":["GET"]}}],"collection":[{"href":"https:\/\/monokolo.eu\/pl\/wp-json\/wp\/v2\/product"}],"about":[{"href":"https:\/\/monokolo.eu\/pl\/wp-json\/wp\/v2\/types\/product"}],"replies":[{"embeddable":true,"href":"https:\/\/monokolo.eu\/pl\/wp-json\/wp\/v2\/comments?post=14460"}],"wp:featuredmedia":[{"embeddable":true,"href":"https:\/\/monokolo.eu\/pl\/wp-json\/wp\/v2\/media\/14954"}],"wp:attachment":[{"href":"https:\/\/monokolo.eu\/pl\/wp-json\/wp\/v2\/media?parent=14460"}],"wp:term":[{"taxonomy":"product_brand","embeddable":true,"href":"https:\/\/monokolo.eu\/pl\/wp-json\/wp\/v2\/product_brand?post=14460"},{"taxonomy":"product_cat","embeddable":true,"href":"https:\/\/monokolo.eu\/pl\/wp-json\/wp\/v2\/product_cat?post=14460"},{"taxonomy":"product_tag","embeddable":true,"href":"https:\/\/monokolo.eu\/pl\/wp-json\/wp\/v2\/product_tag?post=14460"}],"curies":[{"name":"wp","href":"https:\/\/api.w.org\/{rel}","templated":true}]}}