{"id":13111,"date":"2022-05-09T17:33:31","date_gmt":"2022-05-09T17:33:31","guid":{"rendered":"http:\/\/localhost\/wp\/elecgreen\/?post_type=product&#038;p=13111"},"modified":"2026-04-02T12:21:51","modified_gmt":"2026-04-02T12:21:51","slug":"kingsong-s16-pro","status":"publish","type":"product","link":"https:\/\/monokolo.eu\/pl\/product\/kingsong-s16-pro\/","title":{"rendered":"King Song S16 PRO"},"content":{"rendered":"<p>Marzysz o elektrycznym monocyklu, kt\u00f3ry zapewnia zar\u00f3wno komfort, jak i wydajno\u015b\u0107 podczas miejskich podr\u00f3\u017cy?<br \/>\nKingSong S16 jest Twoj\u0105 odpowiedzi\u0105. Ten lekki powerhouse oferuje funkcje, kt\u00f3re pozwol\u0105 Ci przemierza\u0107 miasto z pewno\u015bci\u0105 siebie i u\u015bmiechem.<\/p>\n<p>Frajda bez wysi\u0142ku: Dzi\u0119ki zawieszeniu pneumatycznemu p\u0142ynna jazda zapewnia wygod\u0119 i kontrol\u0119, niezale\u017cnie od terenu.<\/p>\n<p>Stworzony dla wygody: Przenoszenie monocykla nie b\u0119dzie uci\u0105\u017cliwe. Lekka konstrukcja z tworzywa sztucznego i zintegrowane uchwyty w\u00f3zka sprawiaj\u0105, \u017ce mo\u017cna go bez wysi\u0142ku przenosi\u0107.<br \/>\nA gdy jeste\u015b gotowy do zaparkowania, por\u0119czna podp\u00f3rka utrzymuje go w pozycji pionowej i bezpiecznej.<br \/>\nBezpiecze\u0144stwo przede wszystkim, zabawa zawsze: S16 stawia na bezpiecze\u0144stwo dzi\u0119ki jasnym \u015bwiat\u0142om, kt\u00f3re o\u015bwietlaj\u0105 drog\u0119 podczas nocnych przeja\u017cd\u017cek.<br \/>\nPrzyczepna 16-calowa opona zapewnia pewn\u0105 trakcj\u0119, zapewniaj\u0105c spok\u00f3j ducha podczas poruszania si\u0119 po ulicach miasta.<\/p>\n<p>Co ludzie m\u00f3wi\u0105 o kole:<br \/>\n<em>\u201eNiesamowite uczucie. Stabilny. Mocne. Wszystko, czego potrzebujesz w miejskim kole\u201d.<\/em><br \/>\n<em>\u201eJedno z najlepszych k\u00f3\u0142, jakie kiedykolwiek wyprodukowano w tej cenie\u201d.<\/em><br \/>\n<em>\u201eLekki, przeno\u015bny i przyjemny do odkrywania miasta\u201d.<br \/>\n<\/em><br \/>\nKingSong S16: Tw\u00f3j klucz do odblokowania \u015bwiata miejskich przyg\u00f3d na monocyklu elektrycznym.<\/p>\n","protected":false},"excerpt":{"rendered":"<p>Marzysz o elektrycznym monocyklu, kt\u00f3ry zapewnia zar\u00f3wno komfort, jak i wydajno\u015b\u0107 podczas miejskich podr\u00f3\u017cy?<br \/>\nKingSong S16 jest Twoj\u0105 odpowiedzi\u0105. Ten lekki powerhouse oferuje funkcje, kt\u00f3re pozwol\u0105 Ci przemierza\u0107 miasto z pewno\u015bci\u0105 siebie i u\u015bmiechem.<\/p>\n","protected":false},"featured_media":14476,"comment_status":"open","ping_status":"closed","template":"","meta":[],"product_brand":[],"product_cat":[55,110],"product_tag":[26],"class_list":{"0":"post-13111","1":"product","2":"type-product","3":"status-publish","4":"has-post-thumbnail","6":"product_cat-electric-unicycles","7":"product_cat-kingsong","8":"product_tag-euc","10":"first","11":"instock","12":"sale","13":"taxable","14":"shipping-taxable","15":"purchasable","16":"product-type-simple"},"yoast_head":"<!-- This site is optimized with the Yoast SEO plugin v26.8 - https:\/\/yoast.com\/product\/yoast-seo-wordpress\/ -->\n<title>King Song S16 PRO<\/title>\n<meta name=\"description\" content=\"Marzysz o elektrycznym monocyklu, kt\u00f3ry zapewnia zar\u00f3wno komfort, jak i wydajno\u015b\u0107 podczas miejskich podr\u00f3\u017cy? KingSong S16 jest Twoj\u0105 odpowiedzi\u0105. Ten lekki powerhouse oferuje funkcje, kt\u00f3re pozwol\u0105 Ci przemierza\u0107 miasto z pewno\u015bci\u0105 siebie i u\u015bmiechem.\" \/>\n<meta name=\"robots\" content=\"index, follow, max-snippet:-1, max-image-preview:large, max-video-preview:-1\" \/>\n<link rel=\"canonical\" href=\"http:\/\/Marzysz%20o%20elektrycznym%20monocyklu,%20kt\u00f3ry%20zapewnia%20zar\u00f3wno%20komfort,%20jak%20i%20wydajno\u015b\u0107%20podczas%20miejskich%20podr\u00f3\u017cy?%20KingSong%20S16%20jest%20Twoj\u0105%20odpowiedzi\u0105.%20Ten%20lekki%20powerhouse%20oferuje%20funkcje,%20kt\u00f3re%20pozwol\u0105%20Ci%20przemierza\u0107%20miasto%20z%20pewno\u015bci\u0105%20siebie%20i%20u\u015bmiechem.\" \/>\n<meta property=\"og:locale\" content=\"pl_PL\" \/>\n<meta property=\"og:type\" content=\"article\" \/>\n<meta property=\"og:title\" content=\"King Song S16 PRO\" \/>\n<meta property=\"og:description\" content=\"Marzysz o elektrycznym monocyklu, kt\u00f3ry zapewnia zar\u00f3wno komfort, jak i wydajno\u015b\u0107 podczas miejskich podr\u00f3\u017cy? KingSong S16 jest Twoj\u0105 odpowiedzi\u0105. Ten lekki powerhouse oferuje funkcje, kt\u00f3re pozwol\u0105 Ci przemierza\u0107 miasto z pewno\u015bci\u0105 siebie i u\u015bmiechem.\" \/>\n<meta property=\"og:url\" content=\"https:\/\/monokolo.eu\/pl\/product\/kingsong-s16-pro\/\" \/>\n<meta property=\"og:site_name\" content=\"Monokolo\" \/>\n<meta property=\"article:publisher\" content=\"https:\/\/facebook.com\/monokolo.polska\/\" \/>\n<meta property=\"article:modified_time\" content=\"2026-04-02T12:21:51+00:00\" \/>\n<meta property=\"og:image\" content=\"https:\/\/monokolo.eu\/wp-content\/uploads\/2022\/05\/kingsong-s16-pro-01.jpg\" \/>\n\t<meta property=\"og:image:width\" content=\"750\" \/>\n\t<meta property=\"og:image:height\" content=\"1000\" \/>\n\t<meta property=\"og:image:type\" content=\"image\/jpeg\" \/>\n<meta name=\"twitter:card\" content=\"summary_large_image\" \/>\n<meta name=\"twitter:label1\" content=\"Szacowany czas czytania\" \/>\n\t<meta name=\"twitter:data1\" content=\"2 minuty\" \/>\n<script type=\"application\/ld+json\" class=\"yoast-schema-graph\">{\"@context\":\"https:\/\/schema.org\",\"@graph\":[{\"@type\":\"WebPage\",\"@id\":\"https:\/\/monokolo.eu\/pl\/product\/kingsong-s16-pro\/\",\"url\":\"https:\/\/monokolo.eu\/pl\/product\/kingsong-s16-pro\/\",\"name\":\"KingSong S16 PRO - Monokolo\",\"isPartOf\":{\"@id\":\"https:\/\/monokolo.eu\/#website\"},\"primaryImageOfPage\":{\"@id\":\"https:\/\/monokolo.eu\/pl\/product\/kingsong-s16-pro\/#primaryimage\"},\"image\":{\"@id\":\"https:\/\/monokolo.eu\/pl\/product\/kingsong-s16-pro\/#primaryimage\"},\"thumbnailUrl\":\"https:\/\/monokolo.eu\/wp-content\/uploads\/2022\/05\/kingsong-s16-pro-01.jpg\",\"datePublished\":\"2022-05-09T17:33:31+00:00\",\"dateModified\":\"2026-04-02T12:21:51+00:00\",\"breadcrumb\":{\"@id\":\"https:\/\/monokolo.eu\/pl\/product\/kingsong-s16-pro\/#breadcrumb\"},\"inLanguage\":\"pl-PL\",\"potentialAction\":[{\"@type\":\"ReadAction\",\"target\":[\"https:\/\/monokolo.eu\/pl\/product\/kingsong-s16-pro\/\"]}]},{\"@type\":\"ImageObject\",\"inLanguage\":\"pl-PL\",\"@id\":\"https:\/\/monokolo.eu\/pl\/product\/kingsong-s16-pro\/#primaryimage\",\"url\":\"https:\/\/monokolo.eu\/wp-content\/uploads\/2022\/05\/kingsong-s16-pro-01.jpg\",\"contentUrl\":\"https:\/\/monokolo.eu\/wp-content\/uploads\/2022\/05\/kingsong-s16-pro-01.jpg\",\"width\":750,\"height\":1000,\"caption\":\"kingsong s16 pro\"},{\"@type\":\"BreadcrumbList\",\"@id\":\"https:\/\/monokolo.eu\/pl\/product\/kingsong-s16-pro\/#breadcrumb\",\"itemListElement\":[{\"@type\":\"ListItem\",\"position\":1,\"name\":\"Monokolo.eu - monocykle elektryczne, transport elektryczny w Europie\",\"item\":\"https:\/\/monokolo.eu\/\"},{\"@type\":\"ListItem\",\"position\":2,\"name\":\"Sklep\",\"item\":\"https:\/\/monokolo.eu\/shop\/\"},{\"@type\":\"ListItem\",\"position\":3,\"name\":\"King Song S16 PRO\"}]},{\"@type\":\"WebSite\",\"@id\":\"https:\/\/monokolo.eu\/pl\/#website\",\"url\":\"https:\/\/monokolo.eu\/pl\/\",\"name\":\"Monokolo.eu\",\"description\":\"Sklep z jednoko\u0142owcami elektrycznymi w Europie\",\"publisher\":{\"@id\":\"https:\/\/monokolo.eu\/pl\/#organization\"},\"potentialAction\":[{\"@type\":\"SearchAction\",\"target\":{\"@type\":\"EntryPoint\",\"urlTemplate\":\"https:\/\/monokolo.eu\/pl\/?s={search_term_string}\"},\"query-input\":{\"@type\":\"PropertyValueSpecification\",\"valueRequired\":true,\"valueName\":\"search_term_string\"}}],\"inLanguage\":\"pl-PL\"},{\"@type\":\"Organization\",\"@id\":\"https:\/\/monokolo.eu\/pl\/#organization\",\"name\":\"Monokolo\",\"url\":\"https:\/\/monokolo.eu\/pl\/\",\"logo\":{\"@type\":\"ImageObject\",\"inLanguage\":\"pl-PL\",\"@id\":\"https:\/\/monokolo.eu\/pl\/#\/schema\/logo\/image\/\",\"url\":\"https:\/\/monokolo.eu\/wp-content\/uploads\/2025\/04\/logo22.png\",\"contentUrl\":\"https:\/\/monokolo.eu\/wp-content\/uploads\/2025\/04\/logo22.png\",\"width\":755,\"height\":192,\"caption\":\"Monokolo\"},\"image\":{\"@id\":\"https:\/\/monokolo.eu\/pl\/#\/schema\/logo\/image\/\"},\"sameAs\":[\"https:\/\/facebook.com\/monokolo.polska\/\",\"https:\/\/www.instagram.com\/monokolo.pl\/\",\"https:\/\/www.tiktok.com\/@monokolo.pl\"]}]}<\/script>\n<!-- \/ Yoast SEO plugin. -->","yoast_head_json":{"title":"King Song S16 PRO","description":"Marzysz o elektrycznym monocyklu, kt\u00f3ry zapewnia zar\u00f3wno komfort, jak i wydajno\u015b\u0107 podczas miejskich podr\u00f3\u017cy? KingSong S16 jest Twoj\u0105 odpowiedzi\u0105. Ten lekki powerhouse oferuje funkcje, kt\u00f3re pozwol\u0105 Ci przemierza\u0107 miasto z pewno\u015bci\u0105 siebie i u\u015bmiechem.","robots":{"index":"index","follow":"follow","max-snippet":"max-snippet:-1","max-image-preview":"max-image-preview:large","max-video-preview":"max-video-preview:-1"},"canonical":"Marzysz o elektrycznym monocyklu, kt\u00f3ry zapewnia zar\u00f3wno komfort, jak i wydajno\u015b\u0107 podczas miejskich podr\u00f3\u017cy? KingSong S16 jest Twoj\u0105 odpowiedzi\u0105. Ten lekki powerhouse oferuje funkcje, kt\u00f3re pozwol\u0105 Ci przemierza\u0107 miasto z pewno\u015bci\u0105 siebie i u\u015bmiechem.","og_locale":"pl_PL","og_type":"article","og_title":"King Song S16 PRO","og_description":"Marzysz o elektrycznym monocyklu, kt\u00f3ry zapewnia zar\u00f3wno komfort, jak i wydajno\u015b\u0107 podczas miejskich podr\u00f3\u017cy? KingSong S16 jest Twoj\u0105 odpowiedzi\u0105. Ten lekki powerhouse oferuje funkcje, kt\u00f3re pozwol\u0105 Ci przemierza\u0107 miasto z pewno\u015bci\u0105 siebie i u\u015bmiechem.","og_url":"https:\/\/monokolo.eu\/pl\/product\/kingsong-s16-pro\/","og_site_name":"Monokolo","article_publisher":"https:\/\/facebook.com\/monokolo.polska\/","article_modified_time":"2026-04-02T12:21:51+00:00","og_image":[{"width":750,"height":1000,"url":"https:\/\/monokolo.eu\/wp-content\/uploads\/2022\/05\/kingsong-s16-pro-01.jpg","type":"image\/jpeg"}],"twitter_card":"summary_large_image","twitter_misc":{"Szacowany czas czytania":"2 minuty"},"schema":{"@context":"https:\/\/schema.org","@graph":[{"@type":"WebPage","@id":"https:\/\/monokolo.eu\/pl\/product\/kingsong-s16-pro\/","url":"https:\/\/monokolo.eu\/pl\/product\/kingsong-s16-pro\/","name":"KingSong S16 PRO - Monokolo","isPartOf":{"@id":"https:\/\/monokolo.eu\/#website"},"primaryImageOfPage":{"@id":"https:\/\/monokolo.eu\/pl\/product\/kingsong-s16-pro\/#primaryimage"},"image":{"@id":"https:\/\/monokolo.eu\/pl\/product\/kingsong-s16-pro\/#primaryimage"},"thumbnailUrl":"https:\/\/monokolo.eu\/wp-content\/uploads\/2022\/05\/kingsong-s16-pro-01.jpg","datePublished":"2022-05-09T17:33:31+00:00","dateModified":"2026-04-02T12:21:51+00:00","breadcrumb":{"@id":"https:\/\/monokolo.eu\/pl\/product\/kingsong-s16-pro\/#breadcrumb"},"inLanguage":"pl-PL","potentialAction":[{"@type":"ReadAction","target":["https:\/\/monokolo.eu\/pl\/product\/kingsong-s16-pro\/"]}]},{"@type":"ImageObject","inLanguage":"pl-PL","@id":"https:\/\/monokolo.eu\/pl\/product\/kingsong-s16-pro\/#primaryimage","url":"https:\/\/monokolo.eu\/wp-content\/uploads\/2022\/05\/kingsong-s16-pro-01.jpg","contentUrl":"https:\/\/monokolo.eu\/wp-content\/uploads\/2022\/05\/kingsong-s16-pro-01.jpg","width":750,"height":1000,"caption":"kingsong s16 pro"},{"@type":"BreadcrumbList","@id":"https:\/\/monokolo.eu\/pl\/product\/kingsong-s16-pro\/#breadcrumb","itemListElement":[{"@type":"ListItem","position":1,"name":"Monokolo.eu - monocykle elektryczne, transport elektryczny w Europie","item":"https:\/\/monokolo.eu\/"},{"@type":"ListItem","position":2,"name":"Sklep","item":"https:\/\/monokolo.eu\/shop\/"},{"@type":"ListItem","position":3,"name":"King Song S16 PRO"}]},{"@type":"WebSite","@id":"https:\/\/monokolo.eu\/pl\/#website","url":"https:\/\/monokolo.eu\/pl\/","name":"Monokolo.eu","description":"Sklep z jednoko\u0142owcami elektrycznymi w Europie","publisher":{"@id":"https:\/\/monokolo.eu\/pl\/#organization"},"potentialAction":[{"@type":"SearchAction","target":{"@type":"EntryPoint","urlTemplate":"https:\/\/monokolo.eu\/pl\/?s={search_term_string}"},"query-input":{"@type":"PropertyValueSpecification","valueRequired":true,"valueName":"search_term_string"}}],"inLanguage":"pl-PL"},{"@type":"Organization","@id":"https:\/\/monokolo.eu\/pl\/#organization","name":"Monokolo","url":"https:\/\/monokolo.eu\/pl\/","logo":{"@type":"ImageObject","inLanguage":"pl-PL","@id":"https:\/\/monokolo.eu\/pl\/#\/schema\/logo\/image\/","url":"https:\/\/monokolo.eu\/wp-content\/uploads\/2025\/04\/logo22.png","contentUrl":"https:\/\/monokolo.eu\/wp-content\/uploads\/2025\/04\/logo22.png","width":755,"height":192,"caption":"Monokolo"},"image":{"@id":"https:\/\/monokolo.eu\/pl\/#\/schema\/logo\/image\/"},"sameAs":["https:\/\/facebook.com\/monokolo.polska\/","https:\/\/www.instagram.com\/monokolo.pl\/","https:\/\/www.tiktok.com\/@monokolo.pl"]}]}},"_links":{"self":[{"href":"https:\/\/monokolo.eu\/pl\/wp-json\/wp\/v2\/product\/13111","targetHints":{"allow":["GET"]}}],"collection":[{"href":"https:\/\/monokolo.eu\/pl\/wp-json\/wp\/v2\/product"}],"about":[{"href":"https:\/\/monokolo.eu\/pl\/wp-json\/wp\/v2\/types\/product"}],"replies":[{"embeddable":true,"href":"https:\/\/monokolo.eu\/pl\/wp-json\/wp\/v2\/comments?post=13111"}],"wp:featuredmedia":[{"embeddable":true,"href":"https:\/\/monokolo.eu\/pl\/wp-json\/wp\/v2\/media\/14476"}],"wp:attachment":[{"href":"https:\/\/monokolo.eu\/pl\/wp-json\/wp\/v2\/media?parent=13111"}],"wp:term":[{"taxonomy":"product_brand","embeddable":true,"href":"https:\/\/monokolo.eu\/pl\/wp-json\/wp\/v2\/product_brand?post=13111"},{"taxonomy":"product_cat","embeddable":true,"href":"https:\/\/monokolo.eu\/pl\/wp-json\/wp\/v2\/product_cat?post=13111"},{"taxonomy":"product_tag","embeddable":true,"href":"https:\/\/monokolo.eu\/pl\/wp-json\/wp\/v2\/product_tag?post=13111"}],"curies":[{"name":"wp","href":"https:\/\/api.w.org\/{rel}","templated":true}]}}