{"id":13101,"date":"2022-05-09T17:13:00","date_gmt":"2022-05-09T17:13:00","guid":{"rendered":"http:\/\/localhost\/wp\/elecgreen\/?post_type=product&#038;p=13101"},"modified":"2026-03-08T20:28:13","modified_gmt":"2026-03-08T20:28:13","slug":"inmotion-v11y","status":"publish","type":"product","link":"https:\/\/monokolo.eu\/pl\/product\/inmotion-v11y\/","title":{"rendered":"Inmotion V11Y"},"content":{"rendered":"<h5>Informacje o produkcie<\/h5>\n<p class=\"\">Znany model marki V11 otrzyma\u0142 aktualizacj\u0119, aby kontynuowa\u0107 sw\u00f3j sukces. Zacznijmy od najwa\u017cniejszej rzeczy, czyli tego co nowego w V11Y w por\u00f3wnaniu do V11.<br \/>\nDodano pomara\u0144czowe zderzaki chroni\u0105ce najs\u0142absze punkty modelu. Ide\u0105 jest zabezpieczenie element\u00f3w monocykla elektrycznego, kt\u00f3re w codziennym u\u017cytkowaniu najcz\u0119\u015bciej ulegaj\u0105 osk\u00f3rowaniu. Zderzaki te znajduj\u0105 si\u0119 na reflektorze, tylnym ograniczniku i skrzynkach akumulator\u00f3w. Zobaczcie sami na zdj\u0119ciach.<\/p>\n<p class=\"\">By\u0107 mo\u017ce jednym z najwa\u017cniejszych ulepsze\u0144 V11Y jest p\u0142yta g\u0142\u00f3wna. In\u017cynierowie z Inmotion wymienili p\u0142ytk\u0119 na kontroler z serii Raptor. G\u0142\u00f3wnym aspektem jest tutaj bezpiecze\u0144stwo. 18 kondensator\u00f3w w por\u00f3wnaniu do tylko 2 w starej wersji. 42 Mosfety w por\u00f3wnaniu do zaledwie 16 w V11.<br \/>\nPoprawiono tak\u017ce typ silnika i jego charakterystyk\u0119. Zamiast silnika o mocy 2,2 kW, V11Y b\u0119dzie teraz mia\u0142 moc znamionow\u0105 2,5 kW i moment obrotowy 150 Nm w por\u00f3wnaniu do silnika o mocy 2,2 kW, kt\u00f3ry mia\u0142 V11 i moment obrotowy 85 Nm.<\/p>\n<p class=\"\">Jest rzecz\u0105 oczywist\u0105, \u017ce poniewa\u017c sterownik i silnik s\u0105 nowe i znacznie mocniejsze, maksymalna pr\u0119dko\u015b\u0107 roweru zosta\u0142a zwi\u0119kszona do 60 km\/h, przy czym pr\u0119dko\u015b\u0107 maksymalna jest ograniczona programowo, chocia\u017c mo\u017cliwo\u015bci s\u0105 znacznie wi\u0119ksze.<br \/>\nZmieniono tak\u017ce opon\u0119. Stary CST-1488 w V11 nie b\u0119dzie u\u017cywany i zamiast niego firma InMotion wybra\u0142a Longxin L841, kt\u00f3ry ma lepiej radzi\u0107 sobie na drodze w por\u00f3wnaniu z CST.<\/p>\n<p class=\"\">V11Y b\u0119dzie obs\u0142ugiwa\u0107 szybkie \u0142adowanie 10A. W starym modelu mo\u017cna by\u0142o \u0142adowa\u0107 jedynie pr\u0105dem 5A. Co skutecznie pozwala na \u0142adowanie elektrycznego monocykla dwa razy szybciej, je\u015bli dysponujesz odpowiednimi \u0142adowarkami 2 x 5A.<br \/>\nNowy typ Smart BMS, kt\u00f3ry zadba o lepsze zbilansowanie poszczeg\u00f3lnych ogniw i umo\u017cliwi monitorowanie ich napi\u0119\u0107 w aplikacji.<br \/>\nSkok zawieszenia 85mm.<\/p>\n<p class=\"\">\nNowe Peda\u0142y<br \/>\nWysoko\u015b\u0107 peda\u0142u od 9,76 do 9 cali Nieco kr\u00f3tsza wysoko\u015b\u0107 peda\u0142u ma r\u00f3\u017cne zalety i wady: zaletami s\u0105 lepsze przyspieszenie\/hamowanie oraz mniejsze uczucie siedzenia na pochy\u0142o\u015bciach. Niewielk\u0105 wad\u0105 jest to, \u017ce dolne peda\u0142y maj\u0105 zmniejszony prze\u015bwit pod pojazdem, chocia\u017c 9\u2033 to stosunkowo wci\u0105\u017c do\u015b\u0107 du\u017co. Te wsporniki peda\u0142\u00f3w s\u0105 zamocowane na sta\u0142e i nie maj\u0105 regulowanych mocowa\u0144 V12.<br \/>\nGdyby\u015bmy mieli to wszystko podsumowa\u0107 w kilku zdaniach wygl\u0105da\u0142oby to tak.<br \/>\nV11Y otrzymuje znaczn\u0105 popraw\u0119 pod wzgl\u0119dem mocy, momentu obrotowego i bezpiecze\u0144stwa. Jedynym minusem jest wzrost wagi, ale nie jest on znacz\u0105cy i nie odczujesz tego.\n<\/p>\n<div class=\"row\">\n<div class=\"col-xs-12 col-sm-6\">\n<h5>Dlaczego warto wybra\u0107 ten model?<\/h5>\n<ul>\n<li>W por\u00f3wnaniu do V11, V11Y ma wzrost mocy o 15%<\/li>\n<li>wzrost momentu obrotowego o 20%<\/li>\n<li>k\u0105t wspinaczki wzr\u00f3s\u0142 o 8%<\/li>\n<\/ul>\n<\/div>\n<div class=\"col-xs-12 col-sm-6\">\n<h5>Sample Number List<\/h5>\n<ol>\n<li>Create Store-specific attrittbutes on the fly<\/li>\n<li>Simple, Configurable (e.g. size, color, etc.), bundled<\/li>\n<li>Downloadable\/Digital Products, Virtual Products<\/li>\n<\/ol>\n<\/div>\n<\/div>\n<h5>Lining<\/h5>\n<p>100% Polyester, Main: 100% Polyester.<\/p>\n","protected":false},"excerpt":{"rendered":"<p>Znany model marki V11 otrzyma\u0142 aktualizacj\u0119, aby kontynuowa\u0107 sw\u00f3j sukces. Zacznijmy od najwa\u017cniejszej rzeczy, czyli tego co nowego w V11Y w por\u00f3wnaniu do V11.<\/p>\n","protected":false},"featured_media":14455,"comment_status":"open","ping_status":"closed","template":"","meta":[],"product_brand":[],"product_cat":[109,55],"product_tag":[26],"class_list":{"0":"post-13101","1":"product","2":"type-product","3":"status-publish","4":"has-post-thumbnail","6":"product_cat-inmotion","7":"product_cat-electric-unicycles","8":"product_tag-euc","10":"first","11":"onbackorder","12":"sale","13":"taxable","14":"shipping-taxable","15":"purchasable","16":"product-type-simple"},"yoast_head":"<!-- This site is optimized with the Yoast SEO plugin v26.8 - https:\/\/yoast.com\/product\/yoast-seo-wordpress\/ -->\n<title>Inmotion V11Y<\/title>\n<meta name=\"description\" content=\"Znany model marki V11 otrzyma\u0142 aktualizacj\u0119, aby kontynuowa\u0107 sw\u00f3j sukces. Zacznijmy od najwa\u017cniejszej rzeczy, czyli tego co nowego w V11Y w por\u00f3wnaniu do V11.\" \/>\n<meta name=\"robots\" content=\"index, follow, max-snippet:-1, max-image-preview:large, max-video-preview:-1\" \/>\n<link rel=\"canonical\" href=\"http:\/\/Znany%20model%20marki%20V11%20otrzyma\u0142%20aktualizacj\u0119,%20aby%20kontynuowa\u0107%20sw\u00f3j%20sukces.%20Zacznijmy%20od%20najwa\u017cniejszej%20rzeczy,%20czyli%20tego%20co%20nowego%20w%20V11Y%20w%20por\u00f3wnaniu%20do%20V11.\" \/>\n<meta property=\"og:locale\" content=\"pl_PL\" \/>\n<meta property=\"og:type\" content=\"article\" \/>\n<meta property=\"og:title\" content=\"Inmotion V11Y\" \/>\n<meta property=\"og:description\" content=\"Znany model marki V11 otrzyma\u0142 aktualizacj\u0119, aby kontynuowa\u0107 sw\u00f3j sukces. Zacznijmy od najwa\u017cniejszej rzeczy, czyli tego co nowego w V11Y w por\u00f3wnaniu do V11.\" \/>\n<meta property=\"og:url\" content=\"https:\/\/monokolo.eu\/pl\/product\/inmotion-v11y\/\" \/>\n<meta property=\"og:site_name\" content=\"Monokolo\" \/>\n<meta property=\"article:publisher\" content=\"https:\/\/facebook.com\/monokolo.polska\/\" \/>\n<meta property=\"article:modified_time\" content=\"2026-03-08T20:28:13+00:00\" \/>\n<meta property=\"og:image\" content=\"https:\/\/monokolo.eu\/wp-content\/uploads\/2022\/05\/01.jpg\" \/>\n\t<meta property=\"og:image:width\" content=\"900\" \/>\n\t<meta property=\"og:image:height\" content=\"1200\" \/>\n\t<meta property=\"og:image:type\" content=\"image\/jpeg\" \/>\n<meta name=\"twitter:card\" content=\"summary_large_image\" \/>\n<meta name=\"twitter:label1\" content=\"Szacowany czas czytania\" \/>\n\t<meta name=\"twitter:data1\" content=\"1 minuta\" \/>\n<script type=\"application\/ld+json\" class=\"yoast-schema-graph\">{\"@context\":\"https:\/\/schema.org\",\"@graph\":[{\"@type\":\"WebPage\",\"@id\":\"https:\/\/monokolo.eu\/pl\/product\/inmotion-v11y\/\",\"url\":\"https:\/\/monokolo.eu\/pl\/product\/inmotion-v11y\/\",\"name\":\"Inmotion V11Y - Monokolo\",\"isPartOf\":{\"@id\":\"https:\/\/monokolo.eu\/#website\"},\"primaryImageOfPage\":{\"@id\":\"https:\/\/monokolo.eu\/pl\/product\/inmotion-v11y\/#primaryimage\"},\"image\":{\"@id\":\"https:\/\/monokolo.eu\/pl\/product\/inmotion-v11y\/#primaryimage\"},\"thumbnailUrl\":\"https:\/\/monokolo.eu\/wp-content\/uploads\/2022\/05\/01.jpg\",\"datePublished\":\"2022-05-09T17:13:00+00:00\",\"dateModified\":\"2026-03-08T20:28:13+00:00\",\"breadcrumb\":{\"@id\":\"https:\/\/monokolo.eu\/pl\/product\/inmotion-v11y\/#breadcrumb\"},\"inLanguage\":\"pl-PL\",\"potentialAction\":[{\"@type\":\"ReadAction\",\"target\":[\"https:\/\/monokolo.eu\/pl\/product\/inmotion-v11y\/\"]}]},{\"@type\":\"ImageObject\",\"inLanguage\":\"pl-PL\",\"@id\":\"https:\/\/monokolo.eu\/pl\/product\/inmotion-v11y\/#primaryimage\",\"url\":\"https:\/\/monokolo.eu\/wp-content\/uploads\/2022\/05\/01.jpg\",\"contentUrl\":\"https:\/\/monokolo.eu\/wp-content\/uploads\/2022\/05\/01.jpg\",\"width\":900,\"height\":1200,\"caption\":\"Inmotion V11Y euc\"},{\"@type\":\"BreadcrumbList\",\"@id\":\"https:\/\/monokolo.eu\/pl\/product\/inmotion-v11y\/#breadcrumb\",\"itemListElement\":[{\"@type\":\"ListItem\",\"position\":1,\"name\":\"Monokolo.eu - monocykle elektryczne, transport elektryczny w Europie\",\"item\":\"https:\/\/monokolo.eu\/\"},{\"@type\":\"ListItem\",\"position\":2,\"name\":\"Sklep\",\"item\":\"https:\/\/monokolo.eu\/shop\/\"},{\"@type\":\"ListItem\",\"position\":3,\"name\":\"Inmotion V11Y\"}]},{\"@type\":\"WebSite\",\"@id\":\"https:\/\/monokolo.eu\/pl\/#website\",\"url\":\"https:\/\/monokolo.eu\/pl\/\",\"name\":\"Monokolo.eu\",\"description\":\"Sklep z jednoko\u0142owcami elektrycznymi w Europie\",\"publisher\":{\"@id\":\"https:\/\/monokolo.eu\/pl\/#organization\"},\"potentialAction\":[{\"@type\":\"SearchAction\",\"target\":{\"@type\":\"EntryPoint\",\"urlTemplate\":\"https:\/\/monokolo.eu\/pl\/?s={search_term_string}\"},\"query-input\":{\"@type\":\"PropertyValueSpecification\",\"valueRequired\":true,\"valueName\":\"search_term_string\"}}],\"inLanguage\":\"pl-PL\"},{\"@type\":\"Organization\",\"@id\":\"https:\/\/monokolo.eu\/pl\/#organization\",\"name\":\"Monokolo\",\"url\":\"https:\/\/monokolo.eu\/pl\/\",\"logo\":{\"@type\":\"ImageObject\",\"inLanguage\":\"pl-PL\",\"@id\":\"https:\/\/monokolo.eu\/pl\/#\/schema\/logo\/image\/\",\"url\":\"https:\/\/monokolo.eu\/wp-content\/uploads\/2025\/04\/logo22.png\",\"contentUrl\":\"https:\/\/monokolo.eu\/wp-content\/uploads\/2025\/04\/logo22.png\",\"width\":755,\"height\":192,\"caption\":\"Monokolo\"},\"image\":{\"@id\":\"https:\/\/monokolo.eu\/pl\/#\/schema\/logo\/image\/\"},\"sameAs\":[\"https:\/\/facebook.com\/monokolo.polska\/\",\"https:\/\/www.instagram.com\/monokolo.pl\/\",\"https:\/\/www.tiktok.com\/@monokolo.pl\"]}]}<\/script>\n<!-- \/ Yoast SEO plugin. -->","yoast_head_json":{"title":"Inmotion V11Y","description":"Znany model marki V11 otrzyma\u0142 aktualizacj\u0119, aby kontynuowa\u0107 sw\u00f3j sukces. Zacznijmy od najwa\u017cniejszej rzeczy, czyli tego co nowego w V11Y w por\u00f3wnaniu do V11.","robots":{"index":"index","follow":"follow","max-snippet":"max-snippet:-1","max-image-preview":"max-image-preview:large","max-video-preview":"max-video-preview:-1"},"canonical":"Znany model marki V11 otrzyma\u0142 aktualizacj\u0119, aby kontynuowa\u0107 sw\u00f3j sukces. Zacznijmy od najwa\u017cniejszej rzeczy, czyli tego co nowego w V11Y w por\u00f3wnaniu do V11.","og_locale":"pl_PL","og_type":"article","og_title":"Inmotion V11Y","og_description":"Znany model marki V11 otrzyma\u0142 aktualizacj\u0119, aby kontynuowa\u0107 sw\u00f3j sukces. Zacznijmy od najwa\u017cniejszej rzeczy, czyli tego co nowego w V11Y w por\u00f3wnaniu do V11.","og_url":"https:\/\/monokolo.eu\/pl\/product\/inmotion-v11y\/","og_site_name":"Monokolo","article_publisher":"https:\/\/facebook.com\/monokolo.polska\/","article_modified_time":"2026-03-08T20:28:13+00:00","og_image":[{"width":900,"height":1200,"url":"https:\/\/monokolo.eu\/wp-content\/uploads\/2022\/05\/01.jpg","type":"image\/jpeg"}],"twitter_card":"summary_large_image","twitter_misc":{"Szacowany czas czytania":"1 minuta"},"schema":{"@context":"https:\/\/schema.org","@graph":[{"@type":"WebPage","@id":"https:\/\/monokolo.eu\/pl\/product\/inmotion-v11y\/","url":"https:\/\/monokolo.eu\/pl\/product\/inmotion-v11y\/","name":"Inmotion V11Y - Monokolo","isPartOf":{"@id":"https:\/\/monokolo.eu\/#website"},"primaryImageOfPage":{"@id":"https:\/\/monokolo.eu\/pl\/product\/inmotion-v11y\/#primaryimage"},"image":{"@id":"https:\/\/monokolo.eu\/pl\/product\/inmotion-v11y\/#primaryimage"},"thumbnailUrl":"https:\/\/monokolo.eu\/wp-content\/uploads\/2022\/05\/01.jpg","datePublished":"2022-05-09T17:13:00+00:00","dateModified":"2026-03-08T20:28:13+00:00","breadcrumb":{"@id":"https:\/\/monokolo.eu\/pl\/product\/inmotion-v11y\/#breadcrumb"},"inLanguage":"pl-PL","potentialAction":[{"@type":"ReadAction","target":["https:\/\/monokolo.eu\/pl\/product\/inmotion-v11y\/"]}]},{"@type":"ImageObject","inLanguage":"pl-PL","@id":"https:\/\/monokolo.eu\/pl\/product\/inmotion-v11y\/#primaryimage","url":"https:\/\/monokolo.eu\/wp-content\/uploads\/2022\/05\/01.jpg","contentUrl":"https:\/\/monokolo.eu\/wp-content\/uploads\/2022\/05\/01.jpg","width":900,"height":1200,"caption":"Inmotion V11Y euc"},{"@type":"BreadcrumbList","@id":"https:\/\/monokolo.eu\/pl\/product\/inmotion-v11y\/#breadcrumb","itemListElement":[{"@type":"ListItem","position":1,"name":"Monokolo.eu - monocykle elektryczne, transport elektryczny w Europie","item":"https:\/\/monokolo.eu\/"},{"@type":"ListItem","position":2,"name":"Sklep","item":"https:\/\/monokolo.eu\/shop\/"},{"@type":"ListItem","position":3,"name":"Inmotion V11Y"}]},{"@type":"WebSite","@id":"https:\/\/monokolo.eu\/pl\/#website","url":"https:\/\/monokolo.eu\/pl\/","name":"Monokolo.eu","description":"Sklep z jednoko\u0142owcami elektrycznymi w Europie","publisher":{"@id":"https:\/\/monokolo.eu\/pl\/#organization"},"potentialAction":[{"@type":"SearchAction","target":{"@type":"EntryPoint","urlTemplate":"https:\/\/monokolo.eu\/pl\/?s={search_term_string}"},"query-input":{"@type":"PropertyValueSpecification","valueRequired":true,"valueName":"search_term_string"}}],"inLanguage":"pl-PL"},{"@type":"Organization","@id":"https:\/\/monokolo.eu\/pl\/#organization","name":"Monokolo","url":"https:\/\/monokolo.eu\/pl\/","logo":{"@type":"ImageObject","inLanguage":"pl-PL","@id":"https:\/\/monokolo.eu\/pl\/#\/schema\/logo\/image\/","url":"https:\/\/monokolo.eu\/wp-content\/uploads\/2025\/04\/logo22.png","contentUrl":"https:\/\/monokolo.eu\/wp-content\/uploads\/2025\/04\/logo22.png","width":755,"height":192,"caption":"Monokolo"},"image":{"@id":"https:\/\/monokolo.eu\/pl\/#\/schema\/logo\/image\/"},"sameAs":["https:\/\/facebook.com\/monokolo.polska\/","https:\/\/www.instagram.com\/monokolo.pl\/","https:\/\/www.tiktok.com\/@monokolo.pl"]}]}},"_links":{"self":[{"href":"https:\/\/monokolo.eu\/pl\/wp-json\/wp\/v2\/product\/13101","targetHints":{"allow":["GET"]}}],"collection":[{"href":"https:\/\/monokolo.eu\/pl\/wp-json\/wp\/v2\/product"}],"about":[{"href":"https:\/\/monokolo.eu\/pl\/wp-json\/wp\/v2\/types\/product"}],"replies":[{"embeddable":true,"href":"https:\/\/monokolo.eu\/pl\/wp-json\/wp\/v2\/comments?post=13101"}],"wp:featuredmedia":[{"embeddable":true,"href":"https:\/\/monokolo.eu\/pl\/wp-json\/wp\/v2\/media\/14455"}],"wp:attachment":[{"href":"https:\/\/monokolo.eu\/pl\/wp-json\/wp\/v2\/media?parent=13101"}],"wp:term":[{"taxonomy":"product_brand","embeddable":true,"href":"https:\/\/monokolo.eu\/pl\/wp-json\/wp\/v2\/product_brand?post=13101"},{"taxonomy":"product_cat","embeddable":true,"href":"https:\/\/monokolo.eu\/pl\/wp-json\/wp\/v2\/product_cat?post=13101"},{"taxonomy":"product_tag","embeddable":true,"href":"https:\/\/monokolo.eu\/pl\/wp-json\/wp\/v2\/product_tag?post=13101"}],"curies":[{"name":"wp","href":"https:\/\/api.w.org\/{rel}","templated":true}]}}