{"id":13078,"date":"2022-05-09T16:52:10","date_gmt":"2022-05-09T16:52:10","guid":{"rendered":"http:\/\/localhost\/wp\/elecgreen\/?post_type=product&#038;p=13078"},"modified":"2026-04-01T13:54:14","modified_gmt":"2026-04-01T13:54:14","slug":"veteran-sherman-l","status":"publish","type":"product","link":"https:\/\/monokolo.eu\/pl\/product\/veteran-sherman-l\/","title":{"rendered":"Veteran Sherman-L"},"content":{"rendered":"<p>Najnowszy monocykl elektryczny Leaperkim Veteran SHERMAN-L, wyposa\u017cony w 20-calowy silnik o mocy 3200 W, baterie 151 V 4000 Wh, zmodernizowan\u0105 dwuwarstwow\u0105 p\u0142yt\u0119 Gen 5, inteligentny BMS i nowe algorytmy poprawiaj\u0105ce zarz\u0105dzanie b\u0142\u0119dami czujnika halla i blokowaniem silnika.<br \/>\nTo ko\u0142o jest wi\u0119ksz\u0105 wersj\u0105 Leaperkim Veteran Sherman-S, integruj\u0105c\u0105 wy\u017csz\u0105 specyfikacj\u0119 i szereg ulepsze\u0144, kt\u00f3re powinny zrobi\u0107 ten model niezwykle wydajnym EUC.<\/p>\n<p><b>Cechy Leaperkim SHERMAN-L:<\/b><\/p>\n<ul>\n<li><b>&#8211;<\/b>&nbsp;Obr\u0119cz silnika ze stopu magnezu<\/li>\n<li>Nowe dwuwarstwowe p\u0142yty steruj\u0105ce, aluminiowa p\u0142yta, 36 sztuk MOSFET, obs\u0142uguje szczytowe obci\u0105\u017cenie pr\u0105dowe 840A<\/li>\n<li>&nbsp;Regulowany system amortyzacji zamontowany po\u015brodku, regulowane napi\u0119cie wst\u0119pne ze skokiem 90 mm<\/li>\n<li>Podw\u00f3jne porty \u0142adowania (obs\u0142uga \u0142adowania maks. 20 A<\/li>\n<li>\u015awiat\u0142o tylne ze \u015bwiat\u0142ami ostrzegawczymi hamowania i skr\u0119tu<\/li>\n<li>\nInteligentny system BMS, kt\u00f3ry raportuje stan poszczeg\u00f3lnych ogniw akumulatora, np. wahania\/odchylenia napi\u0119cia ogniw, z p\u00f3\u0142 tuzinem niezale\u017cnych sond temperatury w kilku ogniwach i komponentach systemu BMS.\n<\/li>\n<li>\nAlgorytm naprawy b\u0142\u0119du Halla: W przypadku wyst\u0105pienia b\u0142\u0119du Halla, algorytm naprawia go, aby ko\u0142o kontynuowa\u0142o wywa\u017canie.\n<\/li>\n<li>Inteligentne os\u0142abianie pola: Zwi\u0119kszenie marginesu bezpiecze\u0144stwa pr\u0119dko\u015bci poprzez algorytm oprogramowania.\n<\/li>\n<li>Blokada obrot\u00f3w silnika: Zablokowanie obrot\u00f3w silnika nie spowoduje uszkodzenia silnika ani sterownika.<\/li>\n<\/ul>\n","protected":false},"excerpt":{"rendered":"<p>Najnowszy monocykl elektryczny Leaperkim Veteran SHERMAN-L, wyposa\u017cony w 20-calowy silnik o mocy 3200 W, baterie 151 V 4000 Wh, zmodernizowan\u0105 dwuwarstwow\u0105 p\u0142yt\u0119 Gen 5, inteligentny BMS i nowe algorytmy poprawiaj\u0105ce zarz\u0105dzanie b\u0142\u0119dami czujnika halla i blokowaniem silnika.<\/p>\n","protected":false},"featured_media":14486,"comment_status":"open","ping_status":"closed","template":"","meta":[],"product_brand":[271],"product_cat":[111,55],"product_tag":[26],"class_list":{"0":"post-13078","1":"product","2":"type-product","3":"status-publish","4":"has-post-thumbnail","6":"product_brand-leaperkimveteran","7":"product_cat-leaperkim","8":"product_cat-electric-unicycles","9":"product_tag-euc","11":"first","12":"instock","13":"sale","14":"taxable","15":"shipping-taxable","16":"purchasable","17":"product-type-simple"},"yoast_head":"<!-- This site is optimized with the Yoast SEO plugin v26.8 - https:\/\/yoast.com\/product\/yoast-seo-wordpress\/ -->\n<title>Veteran Sherman-L<\/title>\n<meta name=\"description\" content=\"Najnowszy monocykl elektryczny Leaperkim Veteran SHERMAN-L, wyposa\u017cony w 20-calowy silnik o mocy 3200 W, baterie 151 V 4000 Wh, zmodernizowan\u0105 dwuwarstwow\u0105 p\u0142yt\u0119 Gen 5, inteligentny BMS i nowe algorytmy poprawiaj\u0105ce zarz\u0105dzanie b\u0142\u0119dami czujnika halla i blokowaniem silnika.\" \/>\n<meta name=\"robots\" content=\"index, follow, max-snippet:-1, max-image-preview:large, max-video-preview:-1\" \/>\n<link rel=\"canonical\" href=\"http:\/\/Najnowszy%20monocykl%20elektryczny%20Leaperkim%20Veteran%20SHERMAN-L,%20wyposa\u017cony%20w%2020-calowy%20silnik%20o%20mocy%203200%20W,%20baterie%20151%20V%204000%20Wh,%20zmodernizowan\u0105%20dwuwarstwow\u0105%20p\u0142yt\u0119%20Gen%205,%20inteligentny%20BMS%20i%20nowe%20algorytmy%20poprawiaj\u0105ce%20zarz\u0105dzanie%20b\u0142\u0119dami%20czujnika%20halla%20i%20blokowaniem%20silnika.\" \/>\n<meta property=\"og:locale\" content=\"pl_PL\" \/>\n<meta property=\"og:type\" content=\"article\" \/>\n<meta property=\"og:title\" content=\"Veteran Sherman-L\" \/>\n<meta property=\"og:description\" content=\"Najnowszy monocykl elektryczny Leaperkim Veteran SHERMAN-L, wyposa\u017cony w 20-calowy silnik o mocy 3200 W, baterie 151 V 4000 Wh, zmodernizowan\u0105 dwuwarstwow\u0105 p\u0142yt\u0119 Gen 5, inteligentny BMS i nowe algorytmy poprawiaj\u0105ce zarz\u0105dzanie b\u0142\u0119dami czujnika halla i blokowaniem silnika.\" \/>\n<meta property=\"og:url\" content=\"https:\/\/monokolo.eu\/pl\/product\/veteran-sherman-l\/\" \/>\n<meta property=\"og:site_name\" content=\"Monokolo\" \/>\n<meta property=\"article:publisher\" content=\"https:\/\/facebook.com\/monokolo.polska\/\" \/>\n<meta property=\"article:modified_time\" content=\"2026-04-01T13:54:14+00:00\" \/>\n<meta property=\"og:image\" content=\"https:\/\/monokolo.eu\/wp-content\/uploads\/2022\/05\/veteran-sherman-L-01.jpg\" \/>\n\t<meta property=\"og:image:width\" content=\"1050\" \/>\n\t<meta property=\"og:image:height\" content=\"1400\" \/>\n\t<meta property=\"og:image:type\" content=\"image\/jpeg\" \/>\n<meta name=\"twitter:card\" content=\"summary_large_image\" \/>\n<meta name=\"twitter:label1\" content=\"Szacowany czas czytania\" \/>\n\t<meta name=\"twitter:data1\" content=\"2 minuty\" \/>\n<script type=\"application\/ld+json\" class=\"yoast-schema-graph\">{\"@context\":\"https:\/\/schema.org\",\"@graph\":[{\"@type\":\"WebPage\",\"@id\":\"https:\/\/monokolo.eu\/pl\/product\/veteran-sherman-l\/\",\"url\":\"https:\/\/monokolo.eu\/pl\/product\/veteran-sherman-l\/\",\"name\":\"Veteran Sherman-L - Monokolo\",\"isPartOf\":{\"@id\":\"https:\/\/monokolo.eu\/#website\"},\"primaryImageOfPage\":{\"@id\":\"https:\/\/monokolo.eu\/pl\/product\/veteran-sherman-l\/#primaryimage\"},\"image\":{\"@id\":\"https:\/\/monokolo.eu\/pl\/product\/veteran-sherman-l\/#primaryimage\"},\"thumbnailUrl\":\"https:\/\/monokolo.eu\/wp-content\/uploads\/2022\/05\/veteran-sherman-L-01.jpg\",\"datePublished\":\"2022-05-09T16:52:10+00:00\",\"dateModified\":\"2026-04-01T13:54:14+00:00\",\"description\":\"Dominate the road with the Veteran Sherman L. 4000Wh Samsung 50S battery, 151.2V system, and 3200W motor. Contact us and we\u2019ll help you choose the right wheel!\",\"breadcrumb\":{\"@id\":\"https:\/\/monokolo.eu\/pl\/product\/veteran-sherman-l\/#breadcrumb\"},\"inLanguage\":\"pl-PL\",\"potentialAction\":[{\"@type\":\"ReadAction\",\"target\":[\"https:\/\/monokolo.eu\/pl\/product\/veteran-sherman-l\/\"]}]},{\"@type\":\"ImageObject\",\"inLanguage\":\"pl-PL\",\"@id\":\"https:\/\/monokolo.eu\/pl\/product\/veteran-sherman-l\/#primaryimage\",\"url\":\"https:\/\/monokolo.eu\/wp-content\/uploads\/2022\/05\/veteran-sherman-L-01.jpg\",\"contentUrl\":\"https:\/\/monokolo.eu\/wp-content\/uploads\/2022\/05\/veteran-sherman-L-01.jpg\",\"width\":1050,\"height\":1400,\"caption\":\"veteran sherman L\"},{\"@type\":\"BreadcrumbList\",\"@id\":\"https:\/\/monokolo.eu\/pl\/product\/veteran-sherman-l\/#breadcrumb\",\"itemListElement\":[{\"@type\":\"ListItem\",\"position\":1,\"name\":\"Monokolo.eu - monocykle elektryczne, transport elektryczny w Europie\",\"item\":\"https:\/\/monokolo.eu\/\"},{\"@type\":\"ListItem\",\"position\":2,\"name\":\"Sklep\",\"item\":\"https:\/\/monokolo.eu\/shop\/\"},{\"@type\":\"ListItem\",\"position\":3,\"name\":\"Veteran Sherman-L\"}]},{\"@type\":\"WebSite\",\"@id\":\"https:\/\/monokolo.eu\/pl\/#website\",\"url\":\"https:\/\/monokolo.eu\/pl\/\",\"name\":\"Monokolo.eu\",\"description\":\"Sklep z jednoko\u0142owcami elektrycznymi w Europie\",\"publisher\":{\"@id\":\"https:\/\/monokolo.eu\/pl\/#organization\"},\"potentialAction\":[{\"@type\":\"SearchAction\",\"target\":{\"@type\":\"EntryPoint\",\"urlTemplate\":\"https:\/\/monokolo.eu\/pl\/?s={search_term_string}\"},\"query-input\":{\"@type\":\"PropertyValueSpecification\",\"valueRequired\":true,\"valueName\":\"search_term_string\"}}],\"inLanguage\":\"pl-PL\"},{\"@type\":\"Organization\",\"@id\":\"https:\/\/monokolo.eu\/pl\/#organization\",\"name\":\"Monokolo\",\"url\":\"https:\/\/monokolo.eu\/pl\/\",\"logo\":{\"@type\":\"ImageObject\",\"inLanguage\":\"pl-PL\",\"@id\":\"https:\/\/monokolo.eu\/pl\/#\/schema\/logo\/image\/\",\"url\":\"https:\/\/monokolo.eu\/wp-content\/uploads\/2025\/04\/logo22.png\",\"contentUrl\":\"https:\/\/monokolo.eu\/wp-content\/uploads\/2025\/04\/logo22.png\",\"width\":755,\"height\":192,\"caption\":\"Monokolo\"},\"image\":{\"@id\":\"https:\/\/monokolo.eu\/pl\/#\/schema\/logo\/image\/\"},\"sameAs\":[\"https:\/\/facebook.com\/monokolo.polska\/\",\"https:\/\/www.instagram.com\/monokolo.pl\/\",\"https:\/\/www.tiktok.com\/@monokolo.pl\"]}]}<\/script>\n<!-- \/ Yoast SEO plugin. -->","yoast_head_json":{"title":"Veteran Sherman-L","description":"Najnowszy monocykl elektryczny Leaperkim Veteran SHERMAN-L, wyposa\u017cony w 20-calowy silnik o mocy 3200 W, baterie 151 V 4000 Wh, zmodernizowan\u0105 dwuwarstwow\u0105 p\u0142yt\u0119 Gen 5, inteligentny BMS i nowe algorytmy poprawiaj\u0105ce zarz\u0105dzanie b\u0142\u0119dami czujnika halla i blokowaniem silnika.","robots":{"index":"index","follow":"follow","max-snippet":"max-snippet:-1","max-image-preview":"max-image-preview:large","max-video-preview":"max-video-preview:-1"},"canonical":"Najnowszy monocykl elektryczny Leaperkim Veteran SHERMAN-L, wyposa\u017cony w 20-calowy silnik o mocy 3200 W, baterie 151 V 4000 Wh, zmodernizowan\u0105 dwuwarstwow\u0105 p\u0142yt\u0119 Gen 5, inteligentny BMS i nowe algorytmy poprawiaj\u0105ce zarz\u0105dzanie b\u0142\u0119dami czujnika halla i blokowaniem silnika.","og_locale":"pl_PL","og_type":"article","og_title":"Veteran Sherman-L","og_description":"Najnowszy monocykl elektryczny Leaperkim Veteran SHERMAN-L, wyposa\u017cony w 20-calowy silnik o mocy 3200 W, baterie 151 V 4000 Wh, zmodernizowan\u0105 dwuwarstwow\u0105 p\u0142yt\u0119 Gen 5, inteligentny BMS i nowe algorytmy poprawiaj\u0105ce zarz\u0105dzanie b\u0142\u0119dami czujnika halla i blokowaniem silnika.","og_url":"https:\/\/monokolo.eu\/pl\/product\/veteran-sherman-l\/","og_site_name":"Monokolo","article_publisher":"https:\/\/facebook.com\/monokolo.polska\/","article_modified_time":"2026-04-01T13:54:14+00:00","og_image":[{"width":1050,"height":1400,"url":"https:\/\/monokolo.eu\/wp-content\/uploads\/2022\/05\/veteran-sherman-L-01.jpg","type":"image\/jpeg"}],"twitter_card":"summary_large_image","twitter_misc":{"Szacowany czas czytania":"2 minuty"},"schema":{"@context":"https:\/\/schema.org","@graph":[{"@type":"WebPage","@id":"https:\/\/monokolo.eu\/pl\/product\/veteran-sherman-l\/","url":"https:\/\/monokolo.eu\/pl\/product\/veteran-sherman-l\/","name":"Veteran Sherman-L - Monokolo","isPartOf":{"@id":"https:\/\/monokolo.eu\/#website"},"primaryImageOfPage":{"@id":"https:\/\/monokolo.eu\/pl\/product\/veteran-sherman-l\/#primaryimage"},"image":{"@id":"https:\/\/monokolo.eu\/pl\/product\/veteran-sherman-l\/#primaryimage"},"thumbnailUrl":"https:\/\/monokolo.eu\/wp-content\/uploads\/2022\/05\/veteran-sherman-L-01.jpg","datePublished":"2022-05-09T16:52:10+00:00","dateModified":"2026-04-01T13:54:14+00:00","description":"Dominate the road with the Veteran Sherman L. 4000Wh Samsung 50S battery, 151.2V system, and 3200W motor. Contact us and we\u2019ll help you choose the right wheel!","breadcrumb":{"@id":"https:\/\/monokolo.eu\/pl\/product\/veteran-sherman-l\/#breadcrumb"},"inLanguage":"pl-PL","potentialAction":[{"@type":"ReadAction","target":["https:\/\/monokolo.eu\/pl\/product\/veteran-sherman-l\/"]}]},{"@type":"ImageObject","inLanguage":"pl-PL","@id":"https:\/\/monokolo.eu\/pl\/product\/veteran-sherman-l\/#primaryimage","url":"https:\/\/monokolo.eu\/wp-content\/uploads\/2022\/05\/veteran-sherman-L-01.jpg","contentUrl":"https:\/\/monokolo.eu\/wp-content\/uploads\/2022\/05\/veteran-sherman-L-01.jpg","width":1050,"height":1400,"caption":"veteran sherman L"},{"@type":"BreadcrumbList","@id":"https:\/\/monokolo.eu\/pl\/product\/veteran-sherman-l\/#breadcrumb","itemListElement":[{"@type":"ListItem","position":1,"name":"Monokolo.eu - monocykle elektryczne, transport elektryczny w Europie","item":"https:\/\/monokolo.eu\/"},{"@type":"ListItem","position":2,"name":"Sklep","item":"https:\/\/monokolo.eu\/shop\/"},{"@type":"ListItem","position":3,"name":"Veteran Sherman-L"}]},{"@type":"WebSite","@id":"https:\/\/monokolo.eu\/pl\/#website","url":"https:\/\/monokolo.eu\/pl\/","name":"Monokolo.eu","description":"Sklep z jednoko\u0142owcami elektrycznymi w Europie","publisher":{"@id":"https:\/\/monokolo.eu\/pl\/#organization"},"potentialAction":[{"@type":"SearchAction","target":{"@type":"EntryPoint","urlTemplate":"https:\/\/monokolo.eu\/pl\/?s={search_term_string}"},"query-input":{"@type":"PropertyValueSpecification","valueRequired":true,"valueName":"search_term_string"}}],"inLanguage":"pl-PL"},{"@type":"Organization","@id":"https:\/\/monokolo.eu\/pl\/#organization","name":"Monokolo","url":"https:\/\/monokolo.eu\/pl\/","logo":{"@type":"ImageObject","inLanguage":"pl-PL","@id":"https:\/\/monokolo.eu\/pl\/#\/schema\/logo\/image\/","url":"https:\/\/monokolo.eu\/wp-content\/uploads\/2025\/04\/logo22.png","contentUrl":"https:\/\/monokolo.eu\/wp-content\/uploads\/2025\/04\/logo22.png","width":755,"height":192,"caption":"Monokolo"},"image":{"@id":"https:\/\/monokolo.eu\/pl\/#\/schema\/logo\/image\/"},"sameAs":["https:\/\/facebook.com\/monokolo.polska\/","https:\/\/www.instagram.com\/monokolo.pl\/","https:\/\/www.tiktok.com\/@monokolo.pl"]}]}},"_links":{"self":[{"href":"https:\/\/monokolo.eu\/pl\/wp-json\/wp\/v2\/product\/13078","targetHints":{"allow":["GET"]}}],"collection":[{"href":"https:\/\/monokolo.eu\/pl\/wp-json\/wp\/v2\/product"}],"about":[{"href":"https:\/\/monokolo.eu\/pl\/wp-json\/wp\/v2\/types\/product"}],"replies":[{"embeddable":true,"href":"https:\/\/monokolo.eu\/pl\/wp-json\/wp\/v2\/comments?post=13078"}],"wp:featuredmedia":[{"embeddable":true,"href":"https:\/\/monokolo.eu\/pl\/wp-json\/wp\/v2\/media\/14486"}],"wp:attachment":[{"href":"https:\/\/monokolo.eu\/pl\/wp-json\/wp\/v2\/media?parent=13078"}],"wp:term":[{"taxonomy":"product_brand","embeddable":true,"href":"https:\/\/monokolo.eu\/pl\/wp-json\/wp\/v2\/product_brand?post=13078"},{"taxonomy":"product_cat","embeddable":true,"href":"https:\/\/monokolo.eu\/pl\/wp-json\/wp\/v2\/product_cat?post=13078"},{"taxonomy":"product_tag","embeddable":true,"href":"https:\/\/monokolo.eu\/pl\/wp-json\/wp\/v2\/product_tag?post=13078"}],"curies":[{"name":"wp","href":"https:\/\/api.w.org\/{rel}","templated":true}]}}