{"id":91,"date":"2021-02-27T15:21:49","date_gmt":"2021-02-27T15:21:49","guid":{"rendered":"http:\/\/mygoalthemes.com\/demo\/medil\/?page_id=91"},"modified":"2025-02-26T20:23:11","modified_gmt":"2025-02-26T20:23:11","slug":"about","status":"publish","type":"page","link":"https:\/\/monokolo.eu\/pl\/onas\/","title":{"rendered":"O nas"},"content":{"rendered":"\t\t<div data-elementor-type=\"wp-page\" data-elementor-id=\"91\" class=\"elementor elementor-91\">\n\t\t\t\t\t\t<section class=\"elementor-section elementor-top-section elementor-element elementor-element-3812f07 elementor-section-boxed elementor-section-height-default elementor-section-height-default\" data-id=\"3812f07\" data-element_type=\"section\">\n\t\t\t\t\t\t<div class=\"elementor-container elementor-column-gap-default\">\n\t\t\t\t\t<div class=\"elementor-column elementor-col-100 elementor-top-column elementor-element elementor-element-a62b614\" data-id=\"a62b614\" data-element_type=\"column\">\n\t\t\t<div class=\"elementor-widget-wrap elementor-element-populated\">\n\t\t\t\t\t\t<div class=\"elementor-element elementor-element-c866c29 elementor-widget elementor-widget-heading\" data-id=\"c866c29\" data-element_type=\"widget\" data-widget_type=\"heading.default\">\n\t\t\t\t<div class=\"elementor-widget-container\">\n\t\t\t\t\t<h2 class=\"elementor-heading-title elementor-size-default\">O nas<\/h2>\t\t\t\t<\/div>\n\t\t\t\t<\/div>\n\t\t\t\t<div class=\"elementor-element elementor-element-2dc6b5e elementor-widget__width-initial elementor-widget elementor-widget-text-editor\" data-id=\"2dc6b5e\" data-element_type=\"widget\" data-widget_type=\"text-editor.default\">\n\t\t\t\t<div class=\"elementor-widget-container\">\n\t\t\t\t\t\t\t\t\t<p>Monokolo.euto nowoczesny sklep internetowy, kt\u00f3ry koncentruje si\u0119 wy\u0142\u0105cznie na kompaktowym, osobistym transporcie elektrycznym.<\/p><p>Monokolo, za\u0142o\u017cony w Polsce, specjalizuje si\u0119 w sprzeda\u017cy i obs\u0142udze posprzeda\u017cowej elektrycznych monocykli i hulajn\u00f3g. Zesp\u00f3\u0142 Monokolo.eudzia\u0142a w bran\u017cy od 2020 roku i obecnie jeste\u015bmy najwi\u0119kszym sklepem z urz\u0105dzeniami do osobistej mobilno\u015bci elektrycznej.<\/p><p>Jeste\u015bmy oficjalnymi dystrybutorami INMOTION, KINGSONG, BEGODE, Minimotors, Dualtron w Europie, z siedzib\u0105 w Polsce. Jeste\u015bmy dynamiczn\u0105 firm\u0105 zapewniaj\u0105c\u0105 najwy\u017csze wsparcie, nie jeste\u015bmy tylko sprzedawcami, jeste\u015bmy Riderami.<\/p>\t\t\t\t\t\t\t\t<\/div>\n\t\t\t\t<\/div>\n\t\t\t\t\t<\/div>\n\t\t<\/div>\n\t\t\t\t\t<\/div>\n\t\t<\/section>\n\t\t\t\t<section class=\"elementor-section elementor-top-section elementor-element elementor-element-696b6e1 elementor-section-boxed elementor-section-height-default elementor-section-height-default\" data-id=\"696b6e1\" data-element_type=\"section\">\n\t\t\t\t\t\t<div class=\"elementor-container elementor-column-gap-default\">\n\t\t\t\t\t<div class=\"elementor-column elementor-col-100 elementor-top-column elementor-element elementor-element-fca68f3\" data-id=\"fca68f3\" data-element_type=\"column\">\n\t\t\t<div class=\"elementor-widget-wrap elementor-element-populated\">\n\t\t\t\t\t\t<section class=\"elementor-section elementor-inner-section elementor-element elementor-element-947c83d elementor-section-boxed elementor-section-height-default elementor-section-height-default\" data-id=\"947c83d\" data-element_type=\"section\">\n\t\t\t\t\t\t<div class=\"elementor-container elementor-column-gap-default\">\n\t\t\t\t\t<div class=\"elementor-column elementor-col-33 elementor-inner-column elementor-element elementor-element-ff9a70d\" data-id=\"ff9a70d\" data-element_type=\"column\">\n\t\t\t<div class=\"elementor-widget-wrap elementor-element-populated\">\n\t\t\t\t\t\t<div class=\"elementor-element elementor-element-d45e4a5 elementor-widget elementor-widget-heading\" data-id=\"d45e4a5\" data-element_type=\"widget\" data-widget_type=\"heading.default\">\n\t\t\t\t<div class=\"elementor-widget-container\">\n\t\t\t\t\t<h2 class=\"elementor-heading-title elementor-size-default\">Nasza misja<\/h2>\t\t\t\t<\/div>\n\t\t\t\t<\/div>\n\t\t\t\t<div class=\"elementor-element elementor-element-c4a1566 elementor-widget elementor-widget-text-editor\" data-id=\"c4a1566\" data-element_type=\"widget\" data-widget_type=\"text-editor.default\">\n\t\t\t\t<div class=\"elementor-widget-container\">\n\t\t\t\t\t\t\t\t\t<p>Nasz\u0105 misj\u0105 jest dostarczanie wyj\u0105tkowych elektrycznych monocykli do osobistej mobilno\u015bci dla os\u00f3b w ca\u0142ej Europie. Jeste\u015bmy zaanga\u017cowani w utrzymanie najwy\u017cszej jako\u015bci naszych us\u0142ug, jednocze\u015bnie zachowuj\u0105c szacunek i uczciwo\u015b\u0107 we wszystkich aspektach naszej dzia\u0142alno\u015bci.<\/p>\t\t\t\t\t\t\t\t<\/div>\n\t\t\t\t<\/div>\n\t\t\t\t\t<\/div>\n\t\t<\/div>\n\t\t\t\t<div class=\"elementor-column elementor-col-33 elementor-inner-column elementor-element elementor-element-3571e02\" data-id=\"3571e02\" data-element_type=\"column\">\n\t\t\t<div class=\"elementor-widget-wrap\">\n\t\t\t\t\t\t\t<\/div>\n\t\t<\/div>\n\t\t\t\t<div class=\"elementor-column elementor-col-33 elementor-inner-column elementor-element elementor-element-86d8ab4\" data-id=\"86d8ab4\" data-element_type=\"column\">\n\t\t\t<div class=\"elementor-widget-wrap elementor-element-populated\">\n\t\t\t\t\t\t<div class=\"elementor-element elementor-element-52864c7 elementor-widget elementor-widget-heading\" data-id=\"52864c7\" data-element_type=\"widget\" data-widget_type=\"heading.default\">\n\t\t\t\t<div class=\"elementor-widget-container\">\n\t\t\t\t\t<h2 class=\"elementor-heading-title elementor-size-default\">Nasza Wizja<\/h2>\t\t\t\t<\/div>\n\t\t\t\t<\/div>\n\t\t\t\t<div class=\"elementor-element elementor-element-a2ff87f elementor-widget elementor-widget-text-editor\" data-id=\"a2ff87f\" data-element_type=\"widget\" data-widget_type=\"text-editor.default\">\n\t\t\t\t<div class=\"elementor-widget-container\">\n\t\t\t\t\t\t\t\t\t<p>W Monokolo.eu nasza wizja to zrewolucjonizowanie osobistej mobilno\u015bci w ca\u0142ej Europie poprzez oferowanie nowoczesnych elektrycznych monocykli, kt\u00f3re s\u0105 nie tylko funkcjonalne, ale tak\u017ce przyjazne dla \u015brodowiska i stylowe. Wierzymy w zapewnianie naszym klientom wolno\u015bci poruszania si\u0119 po miejskich krajobrazach z \u0142atwo\u015bci\u0105 i efektywno\u015bci\u0105.<\/p><p>Jeste\u015bmy zaanga\u017cowani w doskona\u0142o\u015b\u0107 ka\u017cdego produktu, kt\u00f3ry dostarczamy, upewniaj\u0105c si\u0119, \u017ce nasze elektryczne monocykl spe\u0142niaj\u0105 najwy\u017csze standardy jako\u015bci i wydajno\u015bci. Nasze zaanga\u017cowanie w szacunek i uczciwo\u015b\u0107 jest widoczne we wszystkich aspektach naszej dzia\u0142alno\u015bci, od obs\u0142ugi klienta po wsparcie posprzeda\u017cowe.<\/p><p>Do\u0142\u0105cz do nas w naszej podr\u00f3\u017cy, aby uczyni\u0107 osobist\u0105 mobilno\u015b\u0107 bardziej zr\u00f3wnowa\u017con\u0105, wygodn\u0105 i przyjemn\u0105 dla ka\u017cdego. Wsp\u00f3lnie mo\u017cemy stworzy\u0107 przysz\u0142o\u015b\u0107, w kt\u00f3rej poruszanie si\u0119 nie jest tylko konieczno\u015bci\u0105, ale przyjemno\u015bci\u0105.<\/p>\t\t\t\t\t\t\t\t<\/div>\n\t\t\t\t<\/div>\n\t\t\t\t\t<\/div>\n\t\t<\/div>\n\t\t\t\t\t<\/div>\n\t\t<\/section>\n\t\t\t\t\t<\/div>\n\t\t<\/div>\n\t\t\t\t\t<\/div>\n\t\t<\/section>\n\t\t\t\t<\/div>\n\t\t","protected":false},"excerpt":{"rendered":"<p>Monokolo.eu to nowoczesny sklep internetowy, kt\u00f3ry koncentruje si\u0119 wy\u0142\u0105cznie na kompaktowym, osobistym transporcie elektrycznym.<\/p>\n","protected":false},"author":1,"featured_media":0,"parent":0,"menu_order":0,"comment_status":"closed","ping_status":"closed","template":"","meta":{"footnotes":""},"class_list":["post-91","page","type-page","status-publish","hentry"],"yoast_head":"<!-- This site is optimized with the Yoast SEO plugin v26.8 - https:\/\/yoast.com\/product\/yoast-seo-wordpress\/ -->\n<title>O nas<\/title>\n<meta name=\"description\" content=\"Monokolo.eu to nowoczesny sklep internetowy, kt\u00f3ry koncentruje si\u0119 wy\u0142\u0105cznie na kompaktowym, osobistym transporcie elektrycznym.\" \/>\n<meta name=\"robots\" content=\"index, follow, max-snippet:-1, max-image-preview:large, max-video-preview:-1\" \/>\n<link rel=\"canonical\" href=\"http:\/\/Monokolo.eu%20to%20nowoczesny%20sklep%20internetowy,%20kt\u00f3ry%20koncentruje%20si\u0119%20wy\u0142\u0105cznie%20na%20kompaktowym,%20osobistym%20transporcie%20elektrycznym.\" \/>\n<meta property=\"og:locale\" content=\"pl_PL\" \/>\n<meta property=\"og:type\" content=\"article\" \/>\n<meta property=\"og:title\" content=\"O nas\" \/>\n<meta property=\"og:description\" content=\"Monokolo.eu to nowoczesny sklep internetowy, kt\u00f3ry koncentruje si\u0119 wy\u0142\u0105cznie na kompaktowym, osobistym transporcie elektrycznym.\" \/>\n<meta property=\"og:url\" content=\"https:\/\/monokolo.eu\/pl\/onas\/\" \/>\n<meta property=\"og:site_name\" content=\"Monokolo\" \/>\n<meta property=\"article:publisher\" content=\"https:\/\/facebook.com\/monokolo.polska\/\" \/>\n<meta property=\"article:modified_time\" content=\"2025-02-26T20:23:11+00:00\" \/>\n<meta name=\"twitter:card\" content=\"summary_large_image\" \/>\n<meta name=\"twitter:label1\" content=\"Szacowany czas czytania\" \/>\n\t<meta name=\"twitter:data1\" content=\"1 minuta\" \/>\n<script type=\"application\/ld+json\" class=\"yoast-schema-graph\">{\"@context\":\"https:\/\/schema.org\",\"@graph\":[{\"@type\":\"WebPage\",\"@id\":\"https:\/\/monokolo.eu\/pl\/onas\/\",\"url\":\"https:\/\/monokolo.eu\/pl\/onas\/\",\"name\":\"About - Monokolo\",\"isPartOf\":{\"@id\":\"https:\/\/monokolo.eu\/#website\"},\"datePublished\":\"2021-02-27T15:21:49+00:00\",\"dateModified\":\"2025-02-26T20:23:11+00:00\",\"breadcrumb\":{\"@id\":\"https:\/\/monokolo.eu\/pl\/onas\/#breadcrumb\"},\"inLanguage\":\"pl-PL\",\"potentialAction\":[{\"@type\":\"ReadAction\",\"target\":[\"https:\/\/monokolo.eu\/pl\/onas\/\"]}]},{\"@type\":\"BreadcrumbList\",\"@id\":\"https:\/\/monokolo.eu\/pl\/onas\/#breadcrumb\",\"itemListElement\":[{\"@type\":\"ListItem\",\"position\":1,\"name\":\"Monokolo.eu - monocykle elektryczne, transport elektryczny w Europie\",\"item\":\"https:\/\/monokolo.eu\/\"},{\"@type\":\"ListItem\",\"position\":2,\"name\":\"O nas\"}]},{\"@type\":\"WebSite\",\"@id\":\"https:\/\/monokolo.eu\/pl\/#website\",\"url\":\"https:\/\/monokolo.eu\/pl\/\",\"name\":\"Monokolo.eu\",\"description\":\"Sklep z jednoko\u0142owcami elektrycznymi w Europie\",\"publisher\":{\"@id\":\"https:\/\/monokolo.eu\/pl\/#organization\"},\"potentialAction\":[{\"@type\":\"SearchAction\",\"target\":{\"@type\":\"EntryPoint\",\"urlTemplate\":\"https:\/\/monokolo.eu\/pl\/?s={search_term_string}\"},\"query-input\":{\"@type\":\"PropertyValueSpecification\",\"valueRequired\":true,\"valueName\":\"search_term_string\"}}],\"inLanguage\":\"pl-PL\"},{\"@type\":\"Organization\",\"@id\":\"https:\/\/monokolo.eu\/pl\/#organization\",\"name\":\"Monokolo\",\"url\":\"https:\/\/monokolo.eu\/pl\/\",\"logo\":{\"@type\":\"ImageObject\",\"inLanguage\":\"pl-PL\",\"@id\":\"https:\/\/monokolo.eu\/pl\/#\/schema\/logo\/image\/\",\"url\":\"https:\/\/monokolo.eu\/wp-content\/uploads\/2025\/04\/logo22.png\",\"contentUrl\":\"https:\/\/monokolo.eu\/wp-content\/uploads\/2025\/04\/logo22.png\",\"width\":755,\"height\":192,\"caption\":\"Monokolo\"},\"image\":{\"@id\":\"https:\/\/monokolo.eu\/pl\/#\/schema\/logo\/image\/\"},\"sameAs\":[\"https:\/\/facebook.com\/monokolo.polska\/\",\"https:\/\/www.instagram.com\/monokolo.pl\/\",\"https:\/\/www.tiktok.com\/@monokolo.pl\"]}]}<\/script>\n<!-- \/ Yoast SEO plugin. -->","yoast_head_json":{"title":"O nas","description":"Monokolo.eu to nowoczesny sklep internetowy, kt\u00f3ry koncentruje si\u0119 wy\u0142\u0105cznie na kompaktowym, osobistym transporcie elektrycznym.","robots":{"index":"index","follow":"follow","max-snippet":"max-snippet:-1","max-image-preview":"max-image-preview:large","max-video-preview":"max-video-preview:-1"},"canonical":"Monokolo.eu to nowoczesny sklep internetowy, kt\u00f3ry koncentruje si\u0119 wy\u0142\u0105cznie na kompaktowym, osobistym transporcie elektrycznym.","og_locale":"pl_PL","og_type":"article","og_title":"O nas","og_description":"Monokolo.eu to nowoczesny sklep internetowy, kt\u00f3ry koncentruje si\u0119 wy\u0142\u0105cznie na kompaktowym, osobistym transporcie elektrycznym.","og_url":"https:\/\/monokolo.eu\/pl\/onas\/","og_site_name":"Monokolo","article_publisher":"https:\/\/facebook.com\/monokolo.polska\/","article_modified_time":"2025-02-26T20:23:11+00:00","twitter_card":"summary_large_image","twitter_misc":{"Szacowany czas czytania":"1 minuta"},"schema":{"@context":"https:\/\/schema.org","@graph":[{"@type":"WebPage","@id":"https:\/\/monokolo.eu\/pl\/onas\/","url":"https:\/\/monokolo.eu\/pl\/onas\/","name":"About - Monokolo","isPartOf":{"@id":"https:\/\/monokolo.eu\/#website"},"datePublished":"2021-02-27T15:21:49+00:00","dateModified":"2025-02-26T20:23:11+00:00","breadcrumb":{"@id":"https:\/\/monokolo.eu\/pl\/onas\/#breadcrumb"},"inLanguage":"pl-PL","potentialAction":[{"@type":"ReadAction","target":["https:\/\/monokolo.eu\/pl\/onas\/"]}]},{"@type":"BreadcrumbList","@id":"https:\/\/monokolo.eu\/pl\/onas\/#breadcrumb","itemListElement":[{"@type":"ListItem","position":1,"name":"Monokolo.eu - monocykle elektryczne, transport elektryczny w Europie","item":"https:\/\/monokolo.eu\/"},{"@type":"ListItem","position":2,"name":"O nas"}]},{"@type":"WebSite","@id":"https:\/\/monokolo.eu\/pl\/#website","url":"https:\/\/monokolo.eu\/pl\/","name":"Monokolo.eu","description":"Sklep z jednoko\u0142owcami elektrycznymi w Europie","publisher":{"@id":"https:\/\/monokolo.eu\/pl\/#organization"},"potentialAction":[{"@type":"SearchAction","target":{"@type":"EntryPoint","urlTemplate":"https:\/\/monokolo.eu\/pl\/?s={search_term_string}"},"query-input":{"@type":"PropertyValueSpecification","valueRequired":true,"valueName":"search_term_string"}}],"inLanguage":"pl-PL"},{"@type":"Organization","@id":"https:\/\/monokolo.eu\/pl\/#organization","name":"Monokolo","url":"https:\/\/monokolo.eu\/pl\/","logo":{"@type":"ImageObject","inLanguage":"pl-PL","@id":"https:\/\/monokolo.eu\/pl\/#\/schema\/logo\/image\/","url":"https:\/\/monokolo.eu\/wp-content\/uploads\/2025\/04\/logo22.png","contentUrl":"https:\/\/monokolo.eu\/wp-content\/uploads\/2025\/04\/logo22.png","width":755,"height":192,"caption":"Monokolo"},"image":{"@id":"https:\/\/monokolo.eu\/pl\/#\/schema\/logo\/image\/"},"sameAs":["https:\/\/facebook.com\/monokolo.polska\/","https:\/\/www.instagram.com\/monokolo.pl\/","https:\/\/www.tiktok.com\/@monokolo.pl"]}]}},"_links":{"self":[{"href":"https:\/\/monokolo.eu\/pl\/wp-json\/wp\/v2\/pages\/91","targetHints":{"allow":["GET"]}}],"collection":[{"href":"https:\/\/monokolo.eu\/pl\/wp-json\/wp\/v2\/pages"}],"about":[{"href":"https:\/\/monokolo.eu\/pl\/wp-json\/wp\/v2\/types\/page"}],"author":[{"embeddable":true,"href":"https:\/\/monokolo.eu\/pl\/wp-json\/wp\/v2\/users\/1"}],"replies":[{"embeddable":true,"href":"https:\/\/monokolo.eu\/pl\/wp-json\/wp\/v2\/comments?post=91"}],"version-history":[{"count":5,"href":"https:\/\/monokolo.eu\/pl\/wp-json\/wp\/v2\/pages\/91\/revisions"}],"predecessor-version":[{"id":14695,"href":"https:\/\/monokolo.eu\/pl\/wp-json\/wp\/v2\/pages\/91\/revisions\/14695"}],"wp:attachment":[{"href":"https:\/\/monokolo.eu\/pl\/wp-json\/wp\/v2\/media?parent=91"}],"curies":[{"name":"wp","href":"https:\/\/api.w.org\/{rel}","templated":true}]}}