{"id":15067,"date":"2025-12-15T14:51:31","date_gmt":"2025-12-15T14:51:31","guid":{"rendered":"https:\/\/monokolo.eu\/?page_id=15067"},"modified":"2025-12-18T21:02:14","modified_gmt":"2025-12-18T21:02:14","slug":"payment","status":"publish","type":"page","link":"https:\/\/monokolo.eu\/pl\/payment\/","title":{"rendered":"Opcje p\u0142atno\u015bci"},"content":{"rendered":"&nbsp;\r\n\r\n \r\n<p class=\"has-large-font-size\">Opcje p\u0142atno\u015bci:<\/p>\r\n \r\n<ol class=\"wp-block-list\">\r\n \t<li style=\"list-style-type: none;\">\r\n<ol class=\"wp-block-list\">\r\n \t<li>VISA, Mastercasrd debit and credit cards<\/li>\r\n<\/ol>\r\n<\/li>\r\n<\/ol>\r\n \r\n<ol class=\"wp-block-list\">\r\n \t<li style=\"list-style-type: none;\">\r\n<ol class=\"wp-block-list\">\r\n \t<li>Bank Wire Transfer \/ SWIFT \/ SEPA<\/li>\r\n<\/ol>\r\n<\/li>\r\n<\/ol>\r\n \r\n<ol class=\"wp-block-list\">\r\n \t<li style=\"list-style-type: none;\">\r\n<ol class=\"wp-block-list\">\r\n \t<li>USDT, Cryptocurrency<\/li>\r\n<\/ol>\r\n<\/li>\r\n<\/ol>\r\n \r\n<ol class=\"wp-block-list\">\r\n \t<li style=\"list-style-type: none;\">\r\n<ol class=\"wp-block-list\">\r\n \t<li>VAT registered companies can deduct VAT tax value from the price<\/li>\r\n<\/ol>\r\n<\/li>\r\n<\/ol>\r\n\r\n\r\n &nbsp;\r\n\r\n &nbsp;\r\n\r\n &nbsp;\r\n\r\n &nbsp;\r\n\r\n &nbsp;\r\n\r\n &nbsp;\r\n\r\n &nbsp;\r\n\r\n","protected":false},"excerpt":{"rendered":"<p>&nbsp; Opcje p\u0142atno\u015bci: VISA, Mastercasrd debit and credit cards Bank Wire Transfer \/ SWIFT \/ SEPA USDT, Cryptocurrency VAT registered companies can deduct VAT tax value from the price &nbsp; &nbsp; &nbsp; &nbsp; &nbsp; &nbsp; &nbsp;<\/p>\n","protected":false},"author":1,"featured_media":0,"parent":0,"menu_order":0,"comment_status":"closed","ping_status":"closed","template":"","meta":{"footnotes":""},"class_list":["post-15067","page","type-page","status-publish","hentry"],"yoast_head":"<!-- This site is optimized with the Yoast SEO plugin v26.8 - https:\/\/yoast.com\/product\/yoast-seo-wordpress\/ -->\n<title>Opcje p\u0142atno\u015bci<\/title>\n<meta name=\"description\" content=\"&nbsp; Opcje p\u0142atno\u015bci: VISA, Mastercasrd debit and credit cards Bank Wire Transfer \/ SWIFT \/ SEPA USDT, Cryptocurrency VAT registered companies can deduct VAT tax value from the price &nbsp; &nbsp; &nbsp; &nbsp; &nbsp; &nbsp; &nbsp;\" \/>\n<meta name=\"robots\" content=\"index, follow, max-snippet:-1, max-image-preview:large, max-video-preview:-1\" \/>\n<link rel=\"canonical\" href=\"\" \/>\n<meta property=\"og:locale\" content=\"pl_PL\" \/>\n<meta property=\"og:type\" content=\"article\" \/>\n<meta property=\"og:title\" content=\"Opcje p\u0142atno\u015bci\" \/>\n<meta property=\"og:description\" content=\"&nbsp; Opcje p\u0142atno\u015bci: VISA, Mastercasrd debit and credit cards Bank Wire Transfer \/ SWIFT \/ SEPA USDT, Cryptocurrency VAT registered companies can deduct VAT tax value from the price &nbsp; &nbsp; &nbsp; &nbsp; &nbsp; &nbsp; &nbsp;\" \/>\n<meta property=\"og:url\" content=\"https:\/\/monokolo.eu\/pl\/payment\/\" \/>\n<meta property=\"og:site_name\" content=\"Monokolo\" \/>\n<meta property=\"article:publisher\" content=\"https:\/\/facebook.com\/monokolo.polska\/\" \/>\n<meta property=\"article:modified_time\" content=\"2025-12-18T21:02:14+00:00\" \/>\n<meta name=\"twitter:card\" content=\"summary_large_image\" \/>\n<meta name=\"twitter:label1\" content=\"Szacowany czas czytania\" \/>\n\t<meta name=\"twitter:data1\" content=\"1 minuta\" \/>\n<script type=\"application\/ld+json\" class=\"yoast-schema-graph\">{\"@context\":\"https:\/\/schema.org\",\"@graph\":[{\"@type\":\"WebPage\",\"@id\":\"https:\/\/monokolo.eu\/pl\/payment\/\",\"url\":\"https:\/\/monokolo.eu\/pl\/payment\/\",\"name\":\"Payment - Monokolo\",\"isPartOf\":{\"@id\":\"https:\/\/monokolo.eu\/#website\"},\"datePublished\":\"2025-12-15T14:51:31+00:00\",\"dateModified\":\"2025-12-18T21:02:14+00:00\",\"breadcrumb\":{\"@id\":\"https:\/\/monokolo.eu\/pl\/payment\/#breadcrumb\"},\"inLanguage\":\"pl-PL\",\"potentialAction\":[{\"@type\":\"ReadAction\",\"target\":[\"https:\/\/monokolo.eu\/pl\/payment\/\"]}]},{\"@type\":\"BreadcrumbList\",\"@id\":\"https:\/\/monokolo.eu\/pl\/payment\/#breadcrumb\",\"itemListElement\":[{\"@type\":\"ListItem\",\"position\":1,\"name\":\"Monokolo.eu - monocykle elektryczne, transport elektryczny w Europie\",\"item\":\"https:\/\/monokolo.eu\/\"},{\"@type\":\"ListItem\",\"position\":2,\"name\":\"Opcje p\u0142atno\u015bci\"}]},{\"@type\":\"WebSite\",\"@id\":\"https:\/\/monokolo.eu\/pl\/#website\",\"url\":\"https:\/\/monokolo.eu\/pl\/\",\"name\":\"Monokolo.eu\",\"description\":\"Sklep z jednoko\u0142owcami elektrycznymi w Europie\",\"publisher\":{\"@id\":\"https:\/\/monokolo.eu\/pl\/#organization\"},\"potentialAction\":[{\"@type\":\"SearchAction\",\"target\":{\"@type\":\"EntryPoint\",\"urlTemplate\":\"https:\/\/monokolo.eu\/pl\/?s={search_term_string}\"},\"query-input\":{\"@type\":\"PropertyValueSpecification\",\"valueRequired\":true,\"valueName\":\"search_term_string\"}}],\"inLanguage\":\"pl-PL\"},{\"@type\":\"Organization\",\"@id\":\"https:\/\/monokolo.eu\/pl\/#organization\",\"name\":\"Monokolo\",\"url\":\"https:\/\/monokolo.eu\/pl\/\",\"logo\":{\"@type\":\"ImageObject\",\"inLanguage\":\"pl-PL\",\"@id\":\"https:\/\/monokolo.eu\/pl\/#\/schema\/logo\/image\/\",\"url\":\"https:\/\/monokolo.eu\/wp-content\/uploads\/2025\/04\/logo22.png\",\"contentUrl\":\"https:\/\/monokolo.eu\/wp-content\/uploads\/2025\/04\/logo22.png\",\"width\":755,\"height\":192,\"caption\":\"Monokolo\"},\"image\":{\"@id\":\"https:\/\/monokolo.eu\/pl\/#\/schema\/logo\/image\/\"},\"sameAs\":[\"https:\/\/facebook.com\/monokolo.polska\/\",\"https:\/\/www.instagram.com\/monokolo.pl\/\",\"https:\/\/www.tiktok.com\/@monokolo.pl\"]}]}<\/script>\n<!-- \/ Yoast SEO plugin. -->","yoast_head_json":{"title":"Opcje p\u0142atno\u015bci","description":"&nbsp; Opcje p\u0142atno\u015bci: VISA, Mastercasrd debit and credit cards Bank Wire Transfer \/ SWIFT \/ SEPA USDT, Cryptocurrency VAT registered companies can deduct VAT tax value from the price &nbsp; &nbsp; &nbsp; &nbsp; &nbsp; &nbsp; &nbsp;","robots":{"index":"index","follow":"follow","max-snippet":"max-snippet:-1","max-image-preview":"max-image-preview:large","max-video-preview":"max-video-preview:-1"},"canonical":"&nbsp; Opcje p\u0142atno\u015bci: VISA, Mastercasrd debit and credit cards Bank Wire Transfer \/ SWIFT \/ SEPA USDT, Cryptocurrency VAT registered companies can deduct VAT tax value from the price &nbsp; &nbsp; &nbsp; &nbsp; &nbsp; &nbsp; &nbsp;","og_locale":"pl_PL","og_type":"article","og_title":"Opcje p\u0142atno\u015bci","og_description":"&nbsp; Opcje p\u0142atno\u015bci: VISA, Mastercasrd debit and credit cards Bank Wire Transfer \/ SWIFT \/ SEPA USDT, Cryptocurrency VAT registered companies can deduct VAT tax value from the price &nbsp; &nbsp; &nbsp; &nbsp; &nbsp; &nbsp; &nbsp;","og_url":"https:\/\/monokolo.eu\/pl\/payment\/","og_site_name":"Monokolo","article_publisher":"https:\/\/facebook.com\/monokolo.polska\/","article_modified_time":"2025-12-18T21:02:14+00:00","twitter_card":"summary_large_image","twitter_misc":{"Szacowany czas czytania":"1 minuta"},"schema":{"@context":"https:\/\/schema.org","@graph":[{"@type":"WebPage","@id":"https:\/\/monokolo.eu\/pl\/payment\/","url":"https:\/\/monokolo.eu\/pl\/payment\/","name":"Payment - Monokolo","isPartOf":{"@id":"https:\/\/monokolo.eu\/#website"},"datePublished":"2025-12-15T14:51:31+00:00","dateModified":"2025-12-18T21:02:14+00:00","breadcrumb":{"@id":"https:\/\/monokolo.eu\/pl\/payment\/#breadcrumb"},"inLanguage":"pl-PL","potentialAction":[{"@type":"ReadAction","target":["https:\/\/monokolo.eu\/pl\/payment\/"]}]},{"@type":"BreadcrumbList","@id":"https:\/\/monokolo.eu\/pl\/payment\/#breadcrumb","itemListElement":[{"@type":"ListItem","position":1,"name":"Monokolo.eu - monocykle elektryczne, transport elektryczny w Europie","item":"https:\/\/monokolo.eu\/"},{"@type":"ListItem","position":2,"name":"Opcje p\u0142atno\u015bci"}]},{"@type":"WebSite","@id":"https:\/\/monokolo.eu\/pl\/#website","url":"https:\/\/monokolo.eu\/pl\/","name":"Monokolo.eu","description":"Sklep z jednoko\u0142owcami elektrycznymi w Europie","publisher":{"@id":"https:\/\/monokolo.eu\/pl\/#organization"},"potentialAction":[{"@type":"SearchAction","target":{"@type":"EntryPoint","urlTemplate":"https:\/\/monokolo.eu\/pl\/?s={search_term_string}"},"query-input":{"@type":"PropertyValueSpecification","valueRequired":true,"valueName":"search_term_string"}}],"inLanguage":"pl-PL"},{"@type":"Organization","@id":"https:\/\/monokolo.eu\/pl\/#organization","name":"Monokolo","url":"https:\/\/monokolo.eu\/pl\/","logo":{"@type":"ImageObject","inLanguage":"pl-PL","@id":"https:\/\/monokolo.eu\/pl\/#\/schema\/logo\/image\/","url":"https:\/\/monokolo.eu\/wp-content\/uploads\/2025\/04\/logo22.png","contentUrl":"https:\/\/monokolo.eu\/wp-content\/uploads\/2025\/04\/logo22.png","width":755,"height":192,"caption":"Monokolo"},"image":{"@id":"https:\/\/monokolo.eu\/pl\/#\/schema\/logo\/image\/"},"sameAs":["https:\/\/facebook.com\/monokolo.polska\/","https:\/\/www.instagram.com\/monokolo.pl\/","https:\/\/www.tiktok.com\/@monokolo.pl"]}]}},"_links":{"self":[{"href":"https:\/\/monokolo.eu\/pl\/wp-json\/wp\/v2\/pages\/15067","targetHints":{"allow":["GET"]}}],"collection":[{"href":"https:\/\/monokolo.eu\/pl\/wp-json\/wp\/v2\/pages"}],"about":[{"href":"https:\/\/monokolo.eu\/pl\/wp-json\/wp\/v2\/types\/page"}],"author":[{"embeddable":true,"href":"https:\/\/monokolo.eu\/pl\/wp-json\/wp\/v2\/users\/1"}],"replies":[{"embeddable":true,"href":"https:\/\/monokolo.eu\/pl\/wp-json\/wp\/v2\/comments?post=15067"}],"version-history":[{"count":5,"href":"https:\/\/monokolo.eu\/pl\/wp-json\/wp\/v2\/pages\/15067\/revisions"}],"predecessor-version":[{"id":15106,"href":"https:\/\/monokolo.eu\/pl\/wp-json\/wp\/v2\/pages\/15067\/revisions\/15106"}],"wp:attachment":[{"href":"https:\/\/monokolo.eu\/pl\/wp-json\/wp\/v2\/media?parent=15067"}],"curies":[{"name":"wp","href":"https:\/\/api.w.org\/{rel}","templated":true}]}}