{"id":15152,"date":"2026-01-13T09:49:24","date_gmt":"2026-01-13T09:49:24","guid":{"rendered":"https:\/\/monokolo.eu\/product\/\/"},"modified":"2026-04-02T12:19:58","modified_gmt":"2026-04-02T12:19:58","slug":"kingsong-f18","status":"publish","type":"product","link":"https:\/\/monokolo.eu\/it\/product\/kingsong-f18\/","title":{"rendered":"KingSong F18"},"content":{"rendered":"<p>The King Song F18<\/p>\n<table border=\"0\" width=\"100%\" cellspacing=\"0\" cellpadding=\"0\">\n<tbody>\n<tr>\n<td>Model<\/td>\n<td>F18<\/td>\n<\/tr>\n<tr>\n<td>Material<\/td>\n<td>Magnesium Alloy+&nbsp;ABS+PC<\/td>\n<\/tr>\n<tr>\n<td>Tyre Size<\/td>\n<td>20 inch<\/td>\n<\/tr>\n<tr>\n<td>Rated Power<\/td>\n<td>5000W<\/td>\n<\/tr>\n<tr>\n<td>Maximum Power<\/td>\n<td>9000W<\/td>\n<\/tr>\n<tr>\n<td>Max Speed<\/td>\n<td>120+km\/h(ldle speed)<\/td>\n<\/tr>\n<tr>\n<td>Max Gradeability<\/td>\n<td>45\u00b0<\/td>\n<\/tr>\n<tr>\n<td>Battery<\/td>\n<td>2260Wh (SAMSUNG 50S)<\/td>\n<\/tr>\n<tr>\n<td>Mileage<\/td>\n<td>150km<\/td>\n<\/tr>\n<tr>\n<td>Charger Voltage<\/td>\n<td>Input: AC 100-240V&nbsp;Output: 151.2V10A<\/td>\n<\/tr>\n<tr>\n<td>Charging Time<\/td>\n<td>2-3h<\/td>\n<\/tr>\n<tr>\n<td>Max Load<\/td>\n<td>140kg<\/td>\n<\/tr>\n<tr>\n<td>Suspension Travel<\/td>\n<td>100mm<\/td>\n<\/tr>\n<tr>\n<td>RGB Light<\/td>\n<td>\u221a<\/td>\n<\/tr>\n<tr>\n<td>Bluetooth Speaker<\/td>\n<td>\u221a<\/td>\n<\/tr>\n<tr>\n<td>USB<\/td>\n<td>\/<\/td>\n<\/tr>\n<tr>\n<td>APP<\/td>\n<td>\u221a<\/td>\n<\/tr>\n<tr>\n<td>Color<\/td>\n<td>Black<\/td>\n<\/tr>\n<tr>\n<td>N.W.<\/td>\n<td>41kg<\/td>\n<\/tr>\n<tr>\n<td>G.W.<\/td>\n<td>45.5kg<\/td>\n<\/tr>\n<\/tbody>\n<\/table>\n<p><a href=\"https:\/\/monokolo.eu\/wp-content\/uploads\/2026\/01\/kingsong-f18-info.jpg\"><img fetchpriority=\"high\" decoding=\"async\" class=\"alignnone size-full wp-image-15153\" src=\"https:\/\/monokolo.eu\/wp-content\/uploads\/2026\/01\/kingsong-f18-info.jpg\" alt=\"kingsong F18 spec\" width=\"1050\" height=\"596\" srcset=\"https:\/\/monokolo.eu\/wp-content\/uploads\/2026\/01\/kingsong-f18-info.jpg 1050w, https:\/\/monokolo.eu\/wp-content\/uploads\/2026\/01\/kingsong-f18-info-300x170.jpg 300w, https:\/\/monokolo.eu\/wp-content\/uploads\/2026\/01\/kingsong-f18-info-1024x581.jpg 1024w, https:\/\/monokolo.eu\/wp-content\/uploads\/2026\/01\/kingsong-f18-info-768x436.jpg 768w, https:\/\/monokolo.eu\/wp-content\/uploads\/2026\/01\/kingsong-f18-info-600x341.jpg 600w\" sizes=\"(max-width: 1050px) 100vw, 1050px\" \/><\/a> &nbsp; <a href=\"https:\/\/monokolo.eu\/wp-content\/uploads\/2026\/01\/kingsong-f18-info-2.jpg\"><img decoding=\"async\" class=\"alignnone size-full wp-image-15166\" src=\"https:\/\/monokolo.eu\/wp-content\/uploads\/2026\/01\/kingsong-f18-info-2.jpg\" alt=\"\" width=\"1200\" height=\"650\" srcset=\"https:\/\/monokolo.eu\/wp-content\/uploads\/2026\/01\/kingsong-f18-info-2.jpg 1200w, https:\/\/monokolo.eu\/wp-content\/uploads\/2026\/01\/kingsong-f18-info-2-300x163.jpg 300w, https:\/\/monokolo.eu\/wp-content\/uploads\/2026\/01\/kingsong-f18-info-2-1024x555.jpg 1024w, https:\/\/monokolo.eu\/wp-content\/uploads\/2026\/01\/kingsong-f18-info-2-768x416.jpg 768w, https:\/\/monokolo.eu\/wp-content\/uploads\/2026\/01\/kingsong-f18-info-2-600x325.jpg 600w\" sizes=\"(max-width: 1200px) 100vw, 1200px\" \/><\/a> <a href=\"https:\/\/monokolo.eu\/wp-content\/uploads\/2026\/01\/kingsong-f18-info-3.jpg\"><img decoding=\"async\" class=\"alignnone size-full wp-image-15167\" src=\"https:\/\/monokolo.eu\/wp-content\/uploads\/2026\/01\/kingsong-f18-info-3.jpg\" alt=\"\" width=\"1200\" height=\"763\" srcset=\"https:\/\/monokolo.eu\/wp-content\/uploads\/2026\/01\/kingsong-f18-info-3.jpg 1200w, https:\/\/monokolo.eu\/wp-content\/uploads\/2026\/01\/kingsong-f18-info-3-300x191.jpg 300w, https:\/\/monokolo.eu\/wp-content\/uploads\/2026\/01\/kingsong-f18-info-3-1024x651.jpg 1024w, https:\/\/monokolo.eu\/wp-content\/uploads\/2026\/01\/kingsong-f18-info-3-768x488.jpg 768w, https:\/\/monokolo.eu\/wp-content\/uploads\/2026\/01\/kingsong-f18-info-3-600x382.jpg 600w\" sizes=\"(max-width: 1200px) 100vw, 1200px\" \/><\/a> <a href=\"https:\/\/monokolo.eu\/wp-content\/uploads\/2026\/01\/kingsong-f18-info-4.jpg\"><img loading=\"lazy\" decoding=\"async\" class=\"alignnone size-full wp-image-15168\" src=\"https:\/\/monokolo.eu\/wp-content\/uploads\/2026\/01\/kingsong-f18-info-4.jpg\" alt=\"\" width=\"1200\" height=\"700\" srcset=\"https:\/\/monokolo.eu\/wp-content\/uploads\/2026\/01\/kingsong-f18-info-4.jpg 1200w, https:\/\/monokolo.eu\/wp-content\/uploads\/2026\/01\/kingsong-f18-info-4-300x175.jpg 300w, https:\/\/monokolo.eu\/wp-content\/uploads\/2026\/01\/kingsong-f18-info-4-1024x597.jpg 1024w, https:\/\/monokolo.eu\/wp-content\/uploads\/2026\/01\/kingsong-f18-info-4-768x448.jpg 768w, https:\/\/monokolo.eu\/wp-content\/uploads\/2026\/01\/kingsong-f18-info-4-600x350.jpg 600w\" sizes=\"(max-width: 1200px) 100vw, 1200px\" \/><\/a> &nbsp; <a href=\"https:\/\/monokolo.eu\/wp-content\/uploads\/2026\/01\/kingsong-f18-info-5.jpg\"><img loading=\"lazy\" decoding=\"async\" class=\"alignnone size-full wp-image-15169\" src=\"https:\/\/monokolo.eu\/wp-content\/uploads\/2026\/01\/kingsong-f18-info-5.jpg\" alt=\"\" width=\"1200\" height=\"652\" srcset=\"https:\/\/monokolo.eu\/wp-content\/uploads\/2026\/01\/kingsong-f18-info-5.jpg 1200w, https:\/\/monokolo.eu\/wp-content\/uploads\/2026\/01\/kingsong-f18-info-5-300x163.jpg 300w, https:\/\/monokolo.eu\/wp-content\/uploads\/2026\/01\/kingsong-f18-info-5-1024x556.jpg 1024w, https:\/\/monokolo.eu\/wp-content\/uploads\/2026\/01\/kingsong-f18-info-5-768x417.jpg 768w, https:\/\/monokolo.eu\/wp-content\/uploads\/2026\/01\/kingsong-f18-info-5-600x326.jpg 600w\" sizes=\"(max-width: 1200px) 100vw, 1200px\" \/><\/a><\/p>\n","protected":false},"excerpt":{"rendered":"<p>Il monociclo elettrico KingSong F18 (EUC) \u00e8 molto apprezzato in tutto il mondo per le sue eccezionali sospensioni personalizzabili (smorzamento aria\/olio) che superano gli ostacoli, offrendo coppia e potenza di livello superiore per prestazioni entusiasmanti su sentieri e fuoristrada, dando la sensazione di essere una &#8220;superpotenza&#8221; con velocit\u00e0 impressionanti. Offre un&#8217;eccellente qualit\u00e0 di guida, maneggevolezza e caratteristiche modulari (come la facilit\u00e0 di cambio gomme e un buon sistema di illuminazione\/carrello). \u00c8 generalmente considerato un monociclo di fascia alta, potente e ad alte prestazioni.<\/p>\n","protected":false},"featured_media":15154,"comment_status":"open","ping_status":"closed","template":"","meta":[],"product_brand":[],"product_cat":[55,110],"product_tag":[26],"class_list":{"0":"post-15152","1":"product","2":"type-product","3":"status-publish","4":"has-post-thumbnail","6":"product_cat-electric-unicycles","7":"product_cat-kingsong","8":"product_tag-euc","10":"first","11":"instock","12":"sale","13":"taxable","14":"shipping-taxable","15":"purchasable","16":"product-type-simple"},"yoast_head":"<!-- This site is optimized with the Yoast SEO plugin v26.8 - https:\/\/yoast.com\/product\/yoast-seo-wordpress\/ -->\n<title>KingSong F18<\/title>\n<meta name=\"description\" content=\"Il monociclo elettrico KingSong F18 (EUC) \u00e8 molto apprezzato in tutto il mondo per le sue eccezionali sospensioni personalizzabili (smorzamento aria\/olio) che superano gli ostacoli, offrendo coppia e potenza di livello superiore per prestazioni entusiasmanti su sentieri e fuoristrada, dando la sensazione di essere una &quot;superpotenza&quot; con velocit\u00e0 impressionanti. Offre un&#039;eccellente qualit\u00e0 di guida, maneggevolezza e caratteristiche modulari (come la facilit\u00e0 di cambio gomme e un buon sistema di illuminazione\/carrello). \u00c8 generalmente considerato un monociclo di fascia alta, potente e ad alte prestazioni.\" \/>\n<meta name=\"robots\" content=\"index, follow, max-snippet:-1, max-image-preview:large, max-video-preview:-1\" \/>\n<link rel=\"canonical\" href=\"http:\/\/Il%20monociclo%20elettrico%20KingSong%20F18%20(EUC)%20\u00e8%20molto%20apprezzato%20in%20tutto%20il%20mondo%20per%20le%20sue%20eccezionali%20sospensioni%20personalizzabili%20(smorzamento%20aria\/olio)%20che%20superano%20gli%20ostacoli,%20offrendo%20coppia%20e%20potenza%20di%20livello%20superiore%20per%20prestazioni%20entusiasmanti%20su%20sentieri%20e%20fuoristrada,%20dando%20la%20sensazione%20di%20essere%20una%20superpotenza%20con%20velocit\u00e0%20impressionanti.%20Offre%20un'eccellente%20qualit\u00e0%20di%20guida,%20maneggevolezza%20e%20caratteristiche%20modulari%20(come%20la%20facilit\u00e0%20di%20cambio%20gomme%20e%20un%20buon%20sistema%20di%20illuminazione\/carrello).%20\u00c8%20generalmente%20considerato%20un%20monociclo%20di%20fascia%20alta,%20potente%20e%20ad%20alte%20prestazioni.\" \/>\n<meta property=\"og:locale\" content=\"it_IT\" \/>\n<meta property=\"og:type\" content=\"article\" \/>\n<meta property=\"og:title\" content=\"KingSong F18\" \/>\n<meta property=\"og:description\" content=\"Il monociclo elettrico KingSong F18 (EUC) \u00e8 molto apprezzato in tutto il mondo per le sue eccezionali sospensioni personalizzabili (smorzamento aria\/olio) che superano gli ostacoli, offrendo coppia e potenza di livello superiore per prestazioni entusiasmanti su sentieri e fuoristrada, dando la sensazione di essere una &quot;superpotenza&quot; con velocit\u00e0 impressionanti. Offre un&#039;eccellente qualit\u00e0 di guida, maneggevolezza e caratteristiche modulari (come la facilit\u00e0 di cambio gomme e un buon sistema di illuminazione\/carrello). \u00c8 generalmente considerato un monociclo di fascia alta, potente e ad alte prestazioni.\" \/>\n<meta property=\"og:url\" content=\"https:\/\/monokolo.eu\/it\/product\/kingsong-f18\/\" \/>\n<meta property=\"og:site_name\" content=\"Monokolo\" \/>\n<meta property=\"article:publisher\" content=\"https:\/\/facebook.com\/monokolo.polska\/\" \/>\n<meta property=\"article:modified_time\" content=\"2026-04-02T12:19:58+00:00\" \/>\n<meta property=\"og:image\" content=\"https:\/\/monokolo.eu\/wp-content\/uploads\/2026\/01\/kingsong-f18-01.jpg\" \/>\n\t<meta property=\"og:image:width\" content=\"1050\" \/>\n\t<meta property=\"og:image:height\" content=\"1400\" \/>\n\t<meta property=\"og:image:type\" content=\"image\/jpeg\" \/>\n<meta name=\"twitter:card\" content=\"summary_large_image\" \/>\n<meta name=\"twitter:label1\" content=\"Tempo di lettura stimato\" \/>\n\t<meta name=\"twitter:data1\" content=\"2 minuti\" \/>\n<script type=\"application\/ld+json\" class=\"yoast-schema-graph\">{\"@context\":\"https:\/\/schema.org\",\"@graph\":[{\"@type\":\"WebPage\",\"@id\":\"https:\/\/monokolo.eu\/it\/product\/kingsong-f18\/\",\"url\":\"https:\/\/monokolo.eu\/it\/product\/kingsong-f18\/\",\"name\":\"KingSong F18 - Monokolo\",\"isPartOf\":{\"@id\":\"https:\/\/monokolo.eu\/#website\"},\"primaryImageOfPage\":{\"@id\":\"https:\/\/monokolo.eu\/it\/product\/kingsong-f18\/#primaryimage\"},\"image\":{\"@id\":\"https:\/\/monokolo.eu\/it\/product\/kingsong-f18\/#primaryimage\"},\"thumbnailUrl\":\"https:\/\/monokolo.eu\/wp-content\/uploads\/2026\/01\/kingsong-f18-01.jpg\",\"datePublished\":\"2026-01-13T09:49:24+00:00\",\"dateModified\":\"2026-04-02T12:19:58+00:00\",\"description\":\"Meet the KingSong F18: A 151.2V powerhouse with a 5000W motor, 2664Wh battery, and 100mm DNM suspension. Contact us and we\u2019ll help you choose the right wheel!\",\"breadcrumb\":{\"@id\":\"https:\/\/monokolo.eu\/it\/product\/kingsong-f18\/#breadcrumb\"},\"inLanguage\":\"it-IT\",\"potentialAction\":[{\"@type\":\"ReadAction\",\"target\":[\"https:\/\/monokolo.eu\/it\/product\/kingsong-f18\/\"]}]},{\"@type\":\"ImageObject\",\"inLanguage\":\"it-IT\",\"@id\":\"https:\/\/monokolo.eu\/it\/product\/kingsong-f18\/#primaryimage\",\"url\":\"https:\/\/monokolo.eu\/wp-content\/uploads\/2026\/01\/kingsong-f18-01.jpg\",\"contentUrl\":\"https:\/\/monokolo.eu\/wp-content\/uploads\/2026\/01\/kingsong-f18-01.jpg\",\"width\":1050,\"height\":1400,\"caption\":\"Kingsong F18\"},{\"@type\":\"BreadcrumbList\",\"@id\":\"https:\/\/monokolo.eu\/it\/product\/kingsong-f18\/#breadcrumb\",\"itemListElement\":[{\"@type\":\"ListItem\",\"position\":1,\"name\":\"Monokolo.eu - monocicli elettrici, trasporti elettrici in Europa\",\"item\":\"https:\/\/monokolo.eu\/\"},{\"@type\":\"ListItem\",\"position\":2,\"name\":\"Negozio\",\"item\":\"https:\/\/monokolo.eu\/shop\/\"},{\"@type\":\"ListItem\",\"position\":3,\"name\":\"KingSong F18\"}]},{\"@type\":\"WebSite\",\"@id\":\"https:\/\/monokolo.eu\/it\/#website\",\"url\":\"https:\/\/monokolo.eu\/it\/\",\"name\":\"Monokolo.eu\",\"description\":\"Negozio di monocicli elettrici in Europa\",\"publisher\":{\"@id\":\"https:\/\/monokolo.eu\/it\/#organization\"},\"potentialAction\":[{\"@type\":\"SearchAction\",\"target\":{\"@type\":\"EntryPoint\",\"urlTemplate\":\"https:\/\/monokolo.eu\/it\/?s={search_term_string}\"},\"query-input\":{\"@type\":\"PropertyValueSpecification\",\"valueRequired\":true,\"valueName\":\"search_term_string\"}}],\"inLanguage\":\"it-IT\"},{\"@type\":\"Organization\",\"@id\":\"https:\/\/monokolo.eu\/it\/#organization\",\"name\":\"Monokolo\",\"url\":\"https:\/\/monokolo.eu\/it\/\",\"logo\":{\"@type\":\"ImageObject\",\"inLanguage\":\"it-IT\",\"@id\":\"https:\/\/monokolo.eu\/it\/#\/schema\/logo\/image\/\",\"url\":\"https:\/\/monokolo.eu\/wp-content\/uploads\/2025\/04\/logo22.png\",\"contentUrl\":\"https:\/\/monokolo.eu\/wp-content\/uploads\/2025\/04\/logo22.png\",\"width\":755,\"height\":192,\"caption\":\"Monokolo\"},\"image\":{\"@id\":\"https:\/\/monokolo.eu\/it\/#\/schema\/logo\/image\/\"},\"sameAs\":[\"https:\/\/facebook.com\/monokolo.polska\/\",\"https:\/\/www.instagram.com\/monokolo.pl\/\",\"https:\/\/www.tiktok.com\/@monokolo.pl\"]}]}<\/script>\n<!-- \/ Yoast SEO plugin. -->","yoast_head_json":{"title":"KingSong F18","description":"Il monociclo elettrico KingSong F18 (EUC) \u00e8 molto apprezzato in tutto il mondo per le sue eccezionali sospensioni personalizzabili (smorzamento aria\/olio) che superano gli ostacoli, offrendo coppia e potenza di livello superiore per prestazioni entusiasmanti su sentieri e fuoristrada, dando la sensazione di essere una \"superpotenza\" con velocit\u00e0 impressionanti. Offre un'eccellente qualit\u00e0 di guida, maneggevolezza e caratteristiche modulari (come la facilit\u00e0 di cambio gomme e un buon sistema di illuminazione\/carrello). \u00c8 generalmente considerato un monociclo di fascia alta, potente e ad alte prestazioni.","robots":{"index":"index","follow":"follow","max-snippet":"max-snippet:-1","max-image-preview":"max-image-preview:large","max-video-preview":"max-video-preview:-1"},"canonical":"Il monociclo elettrico KingSong F18 (EUC) \u00e8 molto apprezzato in tutto il mondo per le sue eccezionali sospensioni personalizzabili (smorzamento aria\/olio) che superano gli ostacoli, offrendo coppia e potenza di livello superiore per prestazioni entusiasmanti su sentieri e fuoristrada, dando la sensazione di essere una \"superpotenza\" con velocit\u00e0 impressionanti. Offre un'eccellente qualit\u00e0 di guida, maneggevolezza e caratteristiche modulari (come la facilit\u00e0 di cambio gomme e un buon sistema di illuminazione\/carrello). \u00c8 generalmente considerato un monociclo di fascia alta, potente e ad alte prestazioni.","og_locale":"it_IT","og_type":"article","og_title":"KingSong F18","og_description":"Il monociclo elettrico KingSong F18 (EUC) \u00e8 molto apprezzato in tutto il mondo per le sue eccezionali sospensioni personalizzabili (smorzamento aria\/olio) che superano gli ostacoli, offrendo coppia e potenza di livello superiore per prestazioni entusiasmanti su sentieri e fuoristrada, dando la sensazione di essere una \"superpotenza\" con velocit\u00e0 impressionanti. Offre un'eccellente qualit\u00e0 di guida, maneggevolezza e caratteristiche modulari (come la facilit\u00e0 di cambio gomme e un buon sistema di illuminazione\/carrello). \u00c8 generalmente considerato un monociclo di fascia alta, potente e ad alte prestazioni.","og_url":"https:\/\/monokolo.eu\/it\/product\/kingsong-f18\/","og_site_name":"Monokolo","article_publisher":"https:\/\/facebook.com\/monokolo.polska\/","article_modified_time":"2026-04-02T12:19:58+00:00","og_image":[{"width":1050,"height":1400,"url":"https:\/\/monokolo.eu\/wp-content\/uploads\/2026\/01\/kingsong-f18-01.jpg","type":"image\/jpeg"}],"twitter_card":"summary_large_image","twitter_misc":{"Tempo di lettura stimato":"2 minuti"},"schema":{"@context":"https:\/\/schema.org","@graph":[{"@type":"WebPage","@id":"https:\/\/monokolo.eu\/it\/product\/kingsong-f18\/","url":"https:\/\/monokolo.eu\/it\/product\/kingsong-f18\/","name":"KingSong F18 - Monokolo","isPartOf":{"@id":"https:\/\/monokolo.eu\/#website"},"primaryImageOfPage":{"@id":"https:\/\/monokolo.eu\/it\/product\/kingsong-f18\/#primaryimage"},"image":{"@id":"https:\/\/monokolo.eu\/it\/product\/kingsong-f18\/#primaryimage"},"thumbnailUrl":"https:\/\/monokolo.eu\/wp-content\/uploads\/2026\/01\/kingsong-f18-01.jpg","datePublished":"2026-01-13T09:49:24+00:00","dateModified":"2026-04-02T12:19:58+00:00","description":"Meet the KingSong F18: A 151.2V powerhouse with a 5000W motor, 2664Wh battery, and 100mm DNM suspension. Contact us and we\u2019ll help you choose the right wheel!","breadcrumb":{"@id":"https:\/\/monokolo.eu\/it\/product\/kingsong-f18\/#breadcrumb"},"inLanguage":"it-IT","potentialAction":[{"@type":"ReadAction","target":["https:\/\/monokolo.eu\/it\/product\/kingsong-f18\/"]}]},{"@type":"ImageObject","inLanguage":"it-IT","@id":"https:\/\/monokolo.eu\/it\/product\/kingsong-f18\/#primaryimage","url":"https:\/\/monokolo.eu\/wp-content\/uploads\/2026\/01\/kingsong-f18-01.jpg","contentUrl":"https:\/\/monokolo.eu\/wp-content\/uploads\/2026\/01\/kingsong-f18-01.jpg","width":1050,"height":1400,"caption":"Kingsong F18"},{"@type":"BreadcrumbList","@id":"https:\/\/monokolo.eu\/it\/product\/kingsong-f18\/#breadcrumb","itemListElement":[{"@type":"ListItem","position":1,"name":"Monokolo.eu - monocicli elettrici, trasporti elettrici in Europa","item":"https:\/\/monokolo.eu\/"},{"@type":"ListItem","position":2,"name":"Negozio","item":"https:\/\/monokolo.eu\/shop\/"},{"@type":"ListItem","position":3,"name":"KingSong F18"}]},{"@type":"WebSite","@id":"https:\/\/monokolo.eu\/it\/#website","url":"https:\/\/monokolo.eu\/it\/","name":"Monokolo.eu","description":"Negozio di monocicli elettrici in Europa","publisher":{"@id":"https:\/\/monokolo.eu\/it\/#organization"},"potentialAction":[{"@type":"SearchAction","target":{"@type":"EntryPoint","urlTemplate":"https:\/\/monokolo.eu\/it\/?s={search_term_string}"},"query-input":{"@type":"PropertyValueSpecification","valueRequired":true,"valueName":"search_term_string"}}],"inLanguage":"it-IT"},{"@type":"Organization","@id":"https:\/\/monokolo.eu\/it\/#organization","name":"Monokolo","url":"https:\/\/monokolo.eu\/it\/","logo":{"@type":"ImageObject","inLanguage":"it-IT","@id":"https:\/\/monokolo.eu\/it\/#\/schema\/logo\/image\/","url":"https:\/\/monokolo.eu\/wp-content\/uploads\/2025\/04\/logo22.png","contentUrl":"https:\/\/monokolo.eu\/wp-content\/uploads\/2025\/04\/logo22.png","width":755,"height":192,"caption":"Monokolo"},"image":{"@id":"https:\/\/monokolo.eu\/it\/#\/schema\/logo\/image\/"},"sameAs":["https:\/\/facebook.com\/monokolo.polska\/","https:\/\/www.instagram.com\/monokolo.pl\/","https:\/\/www.tiktok.com\/@monokolo.pl"]}]}},"_links":{"self":[{"href":"https:\/\/monokolo.eu\/it\/wp-json\/wp\/v2\/product\/15152","targetHints":{"allow":["GET"]}}],"collection":[{"href":"https:\/\/monokolo.eu\/it\/wp-json\/wp\/v2\/product"}],"about":[{"href":"https:\/\/monokolo.eu\/it\/wp-json\/wp\/v2\/types\/product"}],"replies":[{"embeddable":true,"href":"https:\/\/monokolo.eu\/it\/wp-json\/wp\/v2\/comments?post=15152"}],"wp:featuredmedia":[{"embeddable":true,"href":"https:\/\/monokolo.eu\/it\/wp-json\/wp\/v2\/media\/15154"}],"wp:attachment":[{"href":"https:\/\/monokolo.eu\/it\/wp-json\/wp\/v2\/media?parent=15152"}],"wp:term":[{"taxonomy":"product_brand","embeddable":true,"href":"https:\/\/monokolo.eu\/it\/wp-json\/wp\/v2\/product_brand?post=15152"},{"taxonomy":"product_cat","embeddable":true,"href":"https:\/\/monokolo.eu\/it\/wp-json\/wp\/v2\/product_cat?post=15152"},{"taxonomy":"product_tag","embeddable":true,"href":"https:\/\/monokolo.eu\/it\/wp-json\/wp\/v2\/product_tag?post=15152"}],"curies":[{"name":"wp","href":"https:\/\/api.w.org\/{rel}","templated":true}]}}