{"id":15138,"date":"2026-01-09T13:13:30","date_gmt":"2026-01-09T13:13:30","guid":{"rendered":"https:\/\/monokolo.eu\/product\/\/"},"modified":"2026-02-26T10:24:16","modified_gmt":"2026-02-26T10:24:16","slug":"leaperkim-veteran-lynx-s","status":"publish","type":"product","link":"https:\/\/monokolo.eu\/it\/product\/leaperkim-veteran-lynx-s\/","title":{"rendered":"Leaperkim Veteran Lynx S"},"content":{"rendered":"<p>Il <strong>Leaperkim Lynx-S<\/strong> \u00e8 l&#8217;evoluzione di uno dei monocicli elettrici pi\u00f9 apprezzati mai costruiti. Prendendo tutto ci\u00f2 che i ciclisti hanno amato del Lynx originale e spingendolo oltre, il Lynx-S offre una potenza notevolmente maggiore, sospensioni pi\u00f9 fluide e raffinatezze pi\u00f9 intelligenti, senza sacrificare l&#8217;affidabilit\u00e0 per cui Leaperkim \u00e8 nota. \u00c8 una ruota davvero versatile, altrettanto affidabile su asfalto ad alta velocit\u00e0, su lunghe distanze o su terreni fuoristrada impegnativi.<br \/>\nIl cuore del Lynx-S \u00e8 un motore e un controller completamente nuovi e aggiornati, che offrono il 25% di potenza in pi\u00f9 rispetto al Lynx originale. Con una potenza nominale di 3.800 W e un picco fino a 10.000 W, il Lynx-S produce una coppia pi\u00f9 forte, un&#8217;accelerazione pi\u00f9 rapida e velocit\u00e0 sostenute pi\u00f9 elevate, mantenendo un&#8217;efficienza eccellente.<br \/>\nLo statore pi\u00f9 largo da 42 mm e il firmware aggiornato consentono alla ruota di raggiungere velocit\u00e0 di crociera superiori a 96 km\/h, offrendo una stabilit\u00e0 ad alta velocit\u00e0 senza sforzo e senza stress. Che si affrontino salite ripide, si acceleri in uscita di curva o si guidi a pieno carico, la Lynx-S trasmette sicurezza e compostezza.<\/p>\n<p>Leaperkim ha completamente riprogettato il sistema di sospensioni della Lynx-S. Entrambi gli ammortizzatori ora dispongono di regolazione indipendente della compressione e del ritorno, lavorando all&#8217;unisono per una guida pi\u00f9 fluida e prevedibile. Una nuova camera d&#8217;aria inferiore consente la regolazione precisa del precarico e del sag, offrendo ai ciclisti un maggiore controllo sulla sensazione di guida su diversi terreni e stili di guida. Il risultato \u00e8 una sospensione che assorbe le asperit\u00e0 senza sforzo, rimane composta in frenata brusca e gestisce la guida aggressiva senza bruschi finecorsa: una delle configurazioni di sospensioni pi\u00f9 fluide mai prodotte da Leaperkim. I pedali grandi e migliorati, con tre posizioni di altezza regolabili, consentono di regolare il baricentro: pi\u00f9 alto per la luce libera dal terreno o pi\u00f9 basso per la stabilit\u00e0 ad alta velocit\u00e0. I \u200b\u200bperni dei pedali sostituibili offrono un&#8217;aderenza eccellente in condizioni di bagnato o polvere, mentre la geometria regolabile migliora il comfort sulle lunghe percorrenze. Un sensore fisico della temperatura del motore fornisce un monitoraggio termico in tempo reale per una maggiore sicurezza e il design rivisto del controller migliora la stabilit\u00e0 dell&#8217;erogazione di potenza sotto carico pesante. In combinazione con la comprovata modalit\u00e0 di bilanciamento di emergenza senza sensori Hall di Leaperkim, la Lynx-S \u00e8 progettata per garantirti una guida sicura anche in situazioni impreviste. Con la possibilit\u00e0 di scegliere tra pneumatici TNT tassellati o tubeless da strada TNT, la Lynx-S pu\u00f2 essere personalizzata per la guida off-road aggressiva o per l&#8217;uso su strade asfaltate lisce e ad alta velocit\u00e0. Che tu stia cercando una ruota unica che faccia tutto o un aggiornamento di alto livello rispetto alla Lynx originale, la Lynx-S offre una guida raffinata, potente e che ispira sicurezza.<a href=\"https:\/\/monokolo.eu\/wp-content\/uploads\/2026\/01\/veteran-lynx-s-main-features.jpg\"><img fetchpriority=\"high\" decoding=\"async\" class=\"alignnone size-full wp-image-15139\" src=\"https:\/\/monokolo.eu\/wp-content\/uploads\/2026\/01\/veteran-lynx-s-main-features.jpg\" alt=\"Leaperkim Veteran Lynx S main characteristics\" width=\"1200\" height=\"675\" srcset=\"https:\/\/monokolo.eu\/wp-content\/uploads\/2026\/01\/veteran-lynx-s-main-features.jpg 1200w, https:\/\/monokolo.eu\/wp-content\/uploads\/2026\/01\/veteran-lynx-s-main-features-300x169.jpg 300w, https:\/\/monokolo.eu\/wp-content\/uploads\/2026\/01\/veteran-lynx-s-main-features-1024x576.jpg 1024w, https:\/\/monokolo.eu\/wp-content\/uploads\/2026\/01\/veteran-lynx-s-main-features-768x432.jpg 768w, https:\/\/monokolo.eu\/wp-content\/uploads\/2026\/01\/veteran-lynx-s-main-features-600x338.jpg 600w\" sizes=\"(max-width: 1200px) 100vw, 1200px\" \/><\/a> <a href=\"https:\/\/monokolo.eu\/wp-content\/uploads\/2026\/01\/veteran-lynx-s-dimension.jpg\"><img decoding=\"async\" class=\"alignnone size-full wp-image-15145\" src=\"https:\/\/monokolo.eu\/wp-content\/uploads\/2026\/01\/veteran-lynx-s-dimension.jpg\" alt=\"veteran lynx s dimension\" width=\"1200\" height=\"675\" srcset=\"https:\/\/monokolo.eu\/wp-content\/uploads\/2026\/01\/veteran-lynx-s-dimension.jpg 1200w, https:\/\/monokolo.eu\/wp-content\/uploads\/2026\/01\/veteran-lynx-s-dimension-300x169.jpg 300w, https:\/\/monokolo.eu\/wp-content\/uploads\/2026\/01\/veteran-lynx-s-dimension-1024x576.jpg 1024w, https:\/\/monokolo.eu\/wp-content\/uploads\/2026\/01\/veteran-lynx-s-dimension-768x432.jpg 768w, https:\/\/monokolo.eu\/wp-content\/uploads\/2026\/01\/veteran-lynx-s-dimension-600x338.jpg 600w\" sizes=\"(max-width: 1200px) 100vw, 1200px\" \/><\/a> <a href=\"https:\/\/monokolo.eu\/wp-content\/uploads\/2026\/01\/high-power-motor-lynx-s.jpg\"><img decoding=\"async\" class=\"alignnone size-full wp-image-15147\" src=\"https:\/\/monokolo.eu\/wp-content\/uploads\/2026\/01\/high-power-motor-lynx-s.jpg\" alt=\"\" width=\"1200\" height=\"675\" srcset=\"https:\/\/monokolo.eu\/wp-content\/uploads\/2026\/01\/high-power-motor-lynx-s.jpg 1200w, https:\/\/monokolo.eu\/wp-content\/uploads\/2026\/01\/high-power-motor-lynx-s-300x169.jpg 300w, https:\/\/monokolo.eu\/wp-content\/uploads\/2026\/01\/high-power-motor-lynx-s-1024x576.jpg 1024w, https:\/\/monokolo.eu\/wp-content\/uploads\/2026\/01\/high-power-motor-lynx-s-768x432.jpg 768w, https:\/\/monokolo.eu\/wp-content\/uploads\/2026\/01\/high-power-motor-lynx-s-600x338.jpg 600w\" sizes=\"(max-width: 1200px) 100vw, 1200px\" \/><\/a> <a href=\"https:\/\/monokolo.eu\/wp-content\/uploads\/2026\/01\/veteran-lynx-s-features.jpg\"><img loading=\"lazy\" decoding=\"async\" class=\"alignnone size-full wp-image-15149\" src=\"https:\/\/monokolo.eu\/wp-content\/uploads\/2026\/01\/veteran-lynx-s-features.jpg\" alt=\"Leaperkim Veteran Lynx S features\" width=\"1200\" height=\"675\" srcset=\"https:\/\/monokolo.eu\/wp-content\/uploads\/2026\/01\/veteran-lynx-s-features.jpg 1200w, https:\/\/monokolo.eu\/wp-content\/uploads\/2026\/01\/veteran-lynx-s-features-300x169.jpg 300w, https:\/\/monokolo.eu\/wp-content\/uploads\/2026\/01\/veteran-lynx-s-features-1024x576.jpg 1024w, https:\/\/monokolo.eu\/wp-content\/uploads\/2026\/01\/veteran-lynx-s-features-768x432.jpg 768w, https:\/\/monokolo.eu\/wp-content\/uploads\/2026\/01\/veteran-lynx-s-features-600x338.jpg 600w\" sizes=\"(max-width: 1200px) 100vw, 1200px\" \/><\/a> <a href=\"https:\/\/monokolo.eu\/wp-content\/uploads\/2026\/01\/veteran-lynx-s-hydraulic-suspension-scaled.jpg\"><img loading=\"lazy\" decoding=\"async\" class=\"alignnone size-full wp-image-15150\" src=\"https:\/\/monokolo.eu\/wp-content\/uploads\/2026\/01\/veteran-lynx-s-hydraulic-suspension-scaled.jpg\" alt=\"veteran lynx s hydraulic suspension\" width=\"2560\" height=\"1440\" srcset=\"https:\/\/monokolo.eu\/wp-content\/uploads\/2026\/01\/veteran-lynx-s-hydraulic-suspension-scaled.jpg 2560w, https:\/\/monokolo.eu\/wp-content\/uploads\/2026\/01\/veteran-lynx-s-hydraulic-suspension-300x169.jpg 300w, https:\/\/monokolo.eu\/wp-content\/uploads\/2026\/01\/veteran-lynx-s-hydraulic-suspension-1024x576.jpg 1024w, https:\/\/monokolo.eu\/wp-content\/uploads\/2026\/01\/veteran-lynx-s-hydraulic-suspension-768x432.jpg 768w, https:\/\/monokolo.eu\/wp-content\/uploads\/2026\/01\/veteran-lynx-s-hydraulic-suspension-1536x864.jpg 1536w, https:\/\/monokolo.eu\/wp-content\/uploads\/2026\/01\/veteran-lynx-s-hydraulic-suspension-2048x1152.jpg 2048w, https:\/\/monokolo.eu\/wp-content\/uploads\/2026\/01\/veteran-lynx-s-hydraulic-suspension-600x338.jpg 600w\" sizes=\"(max-width: 2560px) 100vw, 2560px\" \/><\/a><\/p>\n","protected":false},"excerpt":{"rendered":"<p>Il Leaperkim Lynx-S \u00e8 l&#8217;evoluzione ad alte prestazioni di un leggendario monociclo elettrico, progettato per i ciclisti che esigono sia potenza pura che precisione tecnica. Il suo sistema motore aggiornato eroga una potenza nominale di 3.800 W e un picco di 10.000 W, garantendo un aumento della coppia del 25% rispetto al modello originale. Grazie a uno statore pi\u00f9 largo da 42 mm, la ruota mantiene senza sforzo velocit\u00e0 di crociera di oltre 96 km\/h con una stabilit\u00e0 eccezionale.<\/p>\n","protected":false},"featured_media":15141,"comment_status":"open","ping_status":"closed","template":"","meta":[],"product_brand":[271],"product_cat":[55,111],"product_tag":[26],"class_list":{"0":"post-15138","1":"product","2":"type-product","3":"status-publish","4":"has-post-thumbnail","6":"product_brand-leaperkimveteran","7":"product_cat-electric-unicycles","8":"product_cat-leaperkim","9":"product_tag-euc","11":"first","12":"instock","13":"sale","14":"taxable","15":"shipping-taxable","16":"purchasable","17":"product-type-simple"},"yoast_head":"<!-- This site is optimized with the Yoast SEO plugin v26.8 - https:\/\/yoast.com\/product\/yoast-seo-wordpress\/ -->\n<title>Leaperkim Veteran Lynx S<\/title>\n<meta name=\"description\" content=\"Il Leaperkim Lynx-S \u00e8 l&#039;evoluzione ad alte prestazioni di un leggendario monociclo elettrico, progettato per i ciclisti che esigono sia potenza pura che precisione tecnica. Il suo sistema motore aggiornato eroga una potenza nominale di 3.800 W e un picco di 10.000 W, garantendo un aumento della coppia del 25% rispetto al modello originale. Grazie a uno statore pi\u00f9 largo da 42 mm, la ruota mantiene senza sforzo velocit\u00e0 di crociera di oltre 96 km\/h con una stabilit\u00e0 eccezionale.\" \/>\n<meta name=\"robots\" content=\"index, follow, max-snippet:-1, max-image-preview:large, max-video-preview:-1\" \/>\n<link rel=\"canonical\" href=\"http:\/\/Il%20Leaperkim%20Lynx-S%20\u00e8%20l'evoluzione%20ad%20alte%20prestazioni%20di%20un%20leggendario%20monociclo%20elettrico,%20progettato%20per%20i%20ciclisti%20che%20esigono%20sia%20potenza%20pura%20che%20precisione%20tecnica.%20Il%20suo%20sistema%20motore%20aggiornato%20eroga%20una%20potenza%20nominale%20di%203.800%20W%20e%20un%20picco%20di%2010.000%20W,%20garantendo%20un%20aumento%20della%20coppia%20del%2025%%20rispetto%20al%20modello%20originale.%20Grazie%20a%20uno%20statore%20pi\u00f9%20largo%20da%2042%20mm,%20la%20ruota%20mantiene%20senza%20sforzo%20velocit\u00e0%20di%20crociera%20di%20oltre%2096%20km\/h%20con%20una%20stabilit\u00e0%20eccezionale.\" \/>\n<meta property=\"og:locale\" content=\"it_IT\" \/>\n<meta property=\"og:type\" content=\"article\" \/>\n<meta property=\"og:title\" content=\"Leaperkim Veteran Lynx S\" \/>\n<meta property=\"og:description\" content=\"Il Leaperkim Lynx-S \u00e8 l&#039;evoluzione ad alte prestazioni di un leggendario monociclo elettrico, progettato per i ciclisti che esigono sia potenza pura che precisione tecnica. Il suo sistema motore aggiornato eroga una potenza nominale di 3.800 W e un picco di 10.000 W, garantendo un aumento della coppia del 25% rispetto al modello originale. Grazie a uno statore pi\u00f9 largo da 42 mm, la ruota mantiene senza sforzo velocit\u00e0 di crociera di oltre 96 km\/h con una stabilit\u00e0 eccezionale.\" \/>\n<meta property=\"og:url\" content=\"https:\/\/monokolo.eu\/it\/product\/leaperkim-veteran-lynx-s\/\" \/>\n<meta property=\"og:site_name\" content=\"Monokolo\" \/>\n<meta property=\"article:publisher\" content=\"https:\/\/facebook.com\/monokolo.polska\/\" \/>\n<meta property=\"article:modified_time\" content=\"2026-02-26T10:24:16+00:00\" \/>\n<meta property=\"og:image\" content=\"https:\/\/monokolo.eu\/wp-content\/uploads\/2026\/01\/leaperkim-veteran-lynx-s-1.jpg\" \/>\n\t<meta property=\"og:image:width\" content=\"1050\" \/>\n\t<meta property=\"og:image:height\" content=\"1400\" \/>\n\t<meta property=\"og:image:type\" content=\"image\/jpeg\" \/>\n<meta name=\"twitter:card\" content=\"summary_large_image\" \/>\n<meta name=\"twitter:label1\" content=\"Tempo di lettura stimato\" \/>\n\t<meta name=\"twitter:data1\" content=\"3 minuti\" \/>\n<script type=\"application\/ld+json\" class=\"yoast-schema-graph\">{\"@context\":\"https:\/\/schema.org\",\"@graph\":[{\"@type\":\"WebPage\",\"@id\":\"https:\/\/monokolo.eu\/it\/product\/leaperkim-veteran-lynx-s\/\",\"url\":\"https:\/\/monokolo.eu\/it\/product\/leaperkim-veteran-lynx-s\/\",\"name\":\"Leaperkim Veteran Lynx S\",\"isPartOf\":{\"@id\":\"https:\/\/monokolo.eu\/#website\"},\"primaryImageOfPage\":{\"@id\":\"https:\/\/monokolo.eu\/it\/product\/leaperkim-veteran-lynx-s\/#primaryimage\"},\"image\":{\"@id\":\"https:\/\/monokolo.eu\/it\/product\/leaperkim-veteran-lynx-s\/#primaryimage\"},\"thumbnailUrl\":\"https:\/\/monokolo.eu\/wp-content\/uploads\/2026\/01\/leaperkim-veteran-lynx-s-1.jpg\",\"datePublished\":\"2026-01-09T13:13:30+00:00\",\"dateModified\":\"2026-02-26T10:24:16+00:00\",\"description\":\"Leaperkim Lynx S the best suspension\",\"breadcrumb\":{\"@id\":\"https:\/\/monokolo.eu\/it\/product\/leaperkim-veteran-lynx-s\/#breadcrumb\"},\"inLanguage\":\"it-IT\",\"potentialAction\":[{\"@type\":\"ReadAction\",\"target\":[\"https:\/\/monokolo.eu\/it\/product\/leaperkim-veteran-lynx-s\/\"]}]},{\"@type\":\"ImageObject\",\"inLanguage\":\"it-IT\",\"@id\":\"https:\/\/monokolo.eu\/it\/product\/leaperkim-veteran-lynx-s\/#primaryimage\",\"url\":\"https:\/\/monokolo.eu\/wp-content\/uploads\/2026\/01\/leaperkim-veteran-lynx-s-1.jpg\",\"contentUrl\":\"https:\/\/monokolo.eu\/wp-content\/uploads\/2026\/01\/leaperkim-veteran-lynx-s-1.jpg\",\"width\":1050,\"height\":1400,\"caption\":\"leaperkim veteran lynx s\"},{\"@type\":\"BreadcrumbList\",\"@id\":\"https:\/\/monokolo.eu\/it\/product\/leaperkim-veteran-lynx-s\/#breadcrumb\",\"itemListElement\":[{\"@type\":\"ListItem\",\"position\":1,\"name\":\"Monokolo.eu - monocicli elettrici, trasporti elettrici in Europa\",\"item\":\"https:\/\/monokolo.eu\/\"},{\"@type\":\"ListItem\",\"position\":2,\"name\":\"Negozio\",\"item\":\"https:\/\/monokolo.eu\/shop\/\"},{\"@type\":\"ListItem\",\"position\":3,\"name\":\"Leaperkim Veteran Lynx S\"}]},{\"@type\":\"WebSite\",\"@id\":\"https:\/\/monokolo.eu\/it\/#website\",\"url\":\"https:\/\/monokolo.eu\/it\/\",\"name\":\"Monokolo.eu\",\"description\":\"Negozio di monocicli elettrici in Europa\",\"publisher\":{\"@id\":\"https:\/\/monokolo.eu\/it\/#organization\"},\"potentialAction\":[{\"@type\":\"SearchAction\",\"target\":{\"@type\":\"EntryPoint\",\"urlTemplate\":\"https:\/\/monokolo.eu\/it\/?s={search_term_string}\"},\"query-input\":{\"@type\":\"PropertyValueSpecification\",\"valueRequired\":true,\"valueName\":\"search_term_string\"}}],\"inLanguage\":\"it-IT\"},{\"@type\":\"Organization\",\"@id\":\"https:\/\/monokolo.eu\/it\/#organization\",\"name\":\"Monokolo\",\"url\":\"https:\/\/monokolo.eu\/it\/\",\"logo\":{\"@type\":\"ImageObject\",\"inLanguage\":\"it-IT\",\"@id\":\"https:\/\/monokolo.eu\/it\/#\/schema\/logo\/image\/\",\"url\":\"https:\/\/monokolo.eu\/wp-content\/uploads\/2025\/04\/logo22.png\",\"contentUrl\":\"https:\/\/monokolo.eu\/wp-content\/uploads\/2025\/04\/logo22.png\",\"width\":755,\"height\":192,\"caption\":\"Monokolo\"},\"image\":{\"@id\":\"https:\/\/monokolo.eu\/it\/#\/schema\/logo\/image\/\"},\"sameAs\":[\"https:\/\/facebook.com\/monokolo.polska\/\",\"https:\/\/www.instagram.com\/monokolo.pl\/\",\"https:\/\/www.tiktok.com\/@monokolo.pl\"]}]}<\/script>\n<!-- \/ Yoast SEO plugin. -->","yoast_head_json":{"title":"Leaperkim Veteran Lynx S","description":"Il Leaperkim Lynx-S \u00e8 l'evoluzione ad alte prestazioni di un leggendario monociclo elettrico, progettato per i ciclisti che esigono sia potenza pura che precisione tecnica. Il suo sistema motore aggiornato eroga una potenza nominale di 3.800 W e un picco di 10.000 W, garantendo un aumento della coppia del 25% rispetto al modello originale. Grazie a uno statore pi\u00f9 largo da 42 mm, la ruota mantiene senza sforzo velocit\u00e0 di crociera di oltre 96 km\/h con una stabilit\u00e0 eccezionale.","robots":{"index":"index","follow":"follow","max-snippet":"max-snippet:-1","max-image-preview":"max-image-preview:large","max-video-preview":"max-video-preview:-1"},"canonical":"Il Leaperkim Lynx-S \u00e8 l'evoluzione ad alte prestazioni di un leggendario monociclo elettrico, progettato per i ciclisti che esigono sia potenza pura che precisione tecnica. Il suo sistema motore aggiornato eroga una potenza nominale di 3.800 W e un picco di 10.000 W, garantendo un aumento della coppia del 25% rispetto al modello originale. Grazie a uno statore pi\u00f9 largo da 42 mm, la ruota mantiene senza sforzo velocit\u00e0 di crociera di oltre 96 km\/h con una stabilit\u00e0 eccezionale.","og_locale":"it_IT","og_type":"article","og_title":"Leaperkim Veteran Lynx S","og_description":"Il Leaperkim Lynx-S \u00e8 l'evoluzione ad alte prestazioni di un leggendario monociclo elettrico, progettato per i ciclisti che esigono sia potenza pura che precisione tecnica. Il suo sistema motore aggiornato eroga una potenza nominale di 3.800 W e un picco di 10.000 W, garantendo un aumento della coppia del 25% rispetto al modello originale. Grazie a uno statore pi\u00f9 largo da 42 mm, la ruota mantiene senza sforzo velocit\u00e0 di crociera di oltre 96 km\/h con una stabilit\u00e0 eccezionale.","og_url":"https:\/\/monokolo.eu\/it\/product\/leaperkim-veteran-lynx-s\/","og_site_name":"Monokolo","article_publisher":"https:\/\/facebook.com\/monokolo.polska\/","article_modified_time":"2026-02-26T10:24:16+00:00","og_image":[{"width":1050,"height":1400,"url":"https:\/\/monokolo.eu\/wp-content\/uploads\/2026\/01\/leaperkim-veteran-lynx-s-1.jpg","type":"image\/jpeg"}],"twitter_card":"summary_large_image","twitter_misc":{"Tempo di lettura stimato":"3 minuti"},"schema":{"@context":"https:\/\/schema.org","@graph":[{"@type":"WebPage","@id":"https:\/\/monokolo.eu\/it\/product\/leaperkim-veteran-lynx-s\/","url":"https:\/\/monokolo.eu\/it\/product\/leaperkim-veteran-lynx-s\/","name":"Leaperkim Veteran Lynx S","isPartOf":{"@id":"https:\/\/monokolo.eu\/#website"},"primaryImageOfPage":{"@id":"https:\/\/monokolo.eu\/it\/product\/leaperkim-veteran-lynx-s\/#primaryimage"},"image":{"@id":"https:\/\/monokolo.eu\/it\/product\/leaperkim-veteran-lynx-s\/#primaryimage"},"thumbnailUrl":"https:\/\/monokolo.eu\/wp-content\/uploads\/2026\/01\/leaperkim-veteran-lynx-s-1.jpg","datePublished":"2026-01-09T13:13:30+00:00","dateModified":"2026-02-26T10:24:16+00:00","description":"Leaperkim Lynx S the best suspension","breadcrumb":{"@id":"https:\/\/monokolo.eu\/it\/product\/leaperkim-veteran-lynx-s\/#breadcrumb"},"inLanguage":"it-IT","potentialAction":[{"@type":"ReadAction","target":["https:\/\/monokolo.eu\/it\/product\/leaperkim-veteran-lynx-s\/"]}]},{"@type":"ImageObject","inLanguage":"it-IT","@id":"https:\/\/monokolo.eu\/it\/product\/leaperkim-veteran-lynx-s\/#primaryimage","url":"https:\/\/monokolo.eu\/wp-content\/uploads\/2026\/01\/leaperkim-veteran-lynx-s-1.jpg","contentUrl":"https:\/\/monokolo.eu\/wp-content\/uploads\/2026\/01\/leaperkim-veteran-lynx-s-1.jpg","width":1050,"height":1400,"caption":"leaperkim veteran lynx s"},{"@type":"BreadcrumbList","@id":"https:\/\/monokolo.eu\/it\/product\/leaperkim-veteran-lynx-s\/#breadcrumb","itemListElement":[{"@type":"ListItem","position":1,"name":"Monokolo.eu - monocicli elettrici, trasporti elettrici in Europa","item":"https:\/\/monokolo.eu\/"},{"@type":"ListItem","position":2,"name":"Negozio","item":"https:\/\/monokolo.eu\/shop\/"},{"@type":"ListItem","position":3,"name":"Leaperkim Veteran Lynx S"}]},{"@type":"WebSite","@id":"https:\/\/monokolo.eu\/it\/#website","url":"https:\/\/monokolo.eu\/it\/","name":"Monokolo.eu","description":"Negozio di monocicli elettrici in Europa","publisher":{"@id":"https:\/\/monokolo.eu\/it\/#organization"},"potentialAction":[{"@type":"SearchAction","target":{"@type":"EntryPoint","urlTemplate":"https:\/\/monokolo.eu\/it\/?s={search_term_string}"},"query-input":{"@type":"PropertyValueSpecification","valueRequired":true,"valueName":"search_term_string"}}],"inLanguage":"it-IT"},{"@type":"Organization","@id":"https:\/\/monokolo.eu\/it\/#organization","name":"Monokolo","url":"https:\/\/monokolo.eu\/it\/","logo":{"@type":"ImageObject","inLanguage":"it-IT","@id":"https:\/\/monokolo.eu\/it\/#\/schema\/logo\/image\/","url":"https:\/\/monokolo.eu\/wp-content\/uploads\/2025\/04\/logo22.png","contentUrl":"https:\/\/monokolo.eu\/wp-content\/uploads\/2025\/04\/logo22.png","width":755,"height":192,"caption":"Monokolo"},"image":{"@id":"https:\/\/monokolo.eu\/it\/#\/schema\/logo\/image\/"},"sameAs":["https:\/\/facebook.com\/monokolo.polska\/","https:\/\/www.instagram.com\/monokolo.pl\/","https:\/\/www.tiktok.com\/@monokolo.pl"]}]}},"_links":{"self":[{"href":"https:\/\/monokolo.eu\/it\/wp-json\/wp\/v2\/product\/15138","targetHints":{"allow":["GET"]}}],"collection":[{"href":"https:\/\/monokolo.eu\/it\/wp-json\/wp\/v2\/product"}],"about":[{"href":"https:\/\/monokolo.eu\/it\/wp-json\/wp\/v2\/types\/product"}],"replies":[{"embeddable":true,"href":"https:\/\/monokolo.eu\/it\/wp-json\/wp\/v2\/comments?post=15138"}],"wp:featuredmedia":[{"embeddable":true,"href":"https:\/\/monokolo.eu\/it\/wp-json\/wp\/v2\/media\/15141"}],"wp:attachment":[{"href":"https:\/\/monokolo.eu\/it\/wp-json\/wp\/v2\/media?parent=15138"}],"wp:term":[{"taxonomy":"product_brand","embeddable":true,"href":"https:\/\/monokolo.eu\/it\/wp-json\/wp\/v2\/product_brand?post=15138"},{"taxonomy":"product_cat","embeddable":true,"href":"https:\/\/monokolo.eu\/it\/wp-json\/wp\/v2\/product_cat?post=15138"},{"taxonomy":"product_tag","embeddable":true,"href":"https:\/\/monokolo.eu\/it\/wp-json\/wp\/v2\/product_tag?post=15138"}],"curies":[{"name":"wp","href":"https:\/\/api.w.org\/{rel}","templated":true}]}}