{"id":14855,"date":"2025-06-26T09:22:58","date_gmt":"2025-06-26T09:22:58","guid":{"rendered":"https:\/\/monokolo.eu\/product\/\/"},"modified":"2026-03-08T20:27:58","modified_gmt":"2026-03-08T20:27:58","slug":"kingsong-ks-16x","status":"publish","type":"product","link":"https:\/\/monokolo.eu\/it\/product\/kingsong-ks-16x\/","title":{"rendered":"KingSong KS 16X"},"content":{"rendered":"<p>Il King Song 16X \u00e8 un monociclo elettrico potente e affidabile. Pu\u00f2 raggiungere velocit\u00e0 elevate e la sua capiente batteria da 1554 Wh offre fino a 104 km con una singola carica. Il modello presenta un design accattivante e una qualit\u00e0 costruttiva notevole. Se la capacit\u00e0 di percorrere lunghe distanze \u00e8 in cima alla vostra lista dei desideri, il King Song 16X non vi deluder\u00e0. I grandi pedali sono posizionati pi\u00f9 in alto rispetto agli altri modelli King Song, garantendo una guida fluida e stabile su qualsiasi superficie. Presenta inoltre un nuovo pneumatico da 3 pollici di larghezza che garantisce un perfetto equilibrio tra manovrabilit\u00e0 e stabilit\u00e0.<img fetchpriority=\"high\" decoding=\"async\" class=\"alignnone size-full wp-image-14864\" src=\"https:\/\/monokolo.eu\/wp-content\/uploads\/2025\/06\/kingsong-16X-spec.jpg\" alt=\"kingsong 16X specification\" width=\"1400\" height=\"1050\" srcset=\"https:\/\/monokolo.eu\/wp-content\/uploads\/2025\/06\/kingsong-16X-spec.jpg 1400w, https:\/\/monokolo.eu\/wp-content\/uploads\/2025\/06\/kingsong-16X-spec-600x450.jpg 600w, https:\/\/monokolo.eu\/wp-content\/uploads\/2025\/06\/kingsong-16X-spec-300x225.jpg 300w, https:\/\/monokolo.eu\/wp-content\/uploads\/2025\/06\/kingsong-16X-spec-1024x768.jpg 1024w, https:\/\/monokolo.eu\/wp-content\/uploads\/2025\/06\/kingsong-16X-spec-768x576.jpg 768w\" sizes=\"(max-width: 1400px) 100vw, 1400px\" \/> <img decoding=\"async\" class=\"alignnone size-full wp-image-14865\" src=\"https:\/\/monokolo.eu\/wp-content\/uploads\/2025\/06\/kingsong-16X-motor-power.jpg\" alt=\"kingsong 16X motor power\" width=\"1669\" height=\"1252\" srcset=\"https:\/\/monokolo.eu\/wp-content\/uploads\/2025\/06\/kingsong-16X-motor-power.jpg 1669w, https:\/\/monokolo.eu\/wp-content\/uploads\/2025\/06\/kingsong-16X-motor-power-600x450.jpg 600w, https:\/\/monokolo.eu\/wp-content\/uploads\/2025\/06\/kingsong-16X-motor-power-300x225.jpg 300w, https:\/\/monokolo.eu\/wp-content\/uploads\/2025\/06\/kingsong-16X-motor-power-1024x768.jpg 1024w, https:\/\/monokolo.eu\/wp-content\/uploads\/2025\/06\/kingsong-16X-motor-power-768x576.jpg 768w, https:\/\/monokolo.eu\/wp-content\/uploads\/2025\/06\/kingsong-16X-motor-power-1536x1152.jpg 1536w\" sizes=\"(max-width: 1669px) 100vw, 1669px\" \/> <img decoding=\"async\" class=\"alignnone size-full wp-image-14866\" src=\"https:\/\/monokolo.eu\/wp-content\/uploads\/2025\/06\/kingsong-16X-battery-capacity.jpg\" alt=\"kingsong 16X battery capacity\" width=\"1920\" height=\"1057\" srcset=\"https:\/\/monokolo.eu\/wp-content\/uploads\/2025\/06\/kingsong-16X-battery-capacity.jpg 1920w, https:\/\/monokolo.eu\/wp-content\/uploads\/2025\/06\/kingsong-16X-battery-capacity-600x330.jpg 600w, https:\/\/monokolo.eu\/wp-content\/uploads\/2025\/06\/kingsong-16X-battery-capacity-300x165.jpg 300w, https:\/\/monokolo.eu\/wp-content\/uploads\/2025\/06\/kingsong-16X-battery-capacity-1024x564.jpg 1024w, https:\/\/monokolo.eu\/wp-content\/uploads\/2025\/06\/kingsong-16X-battery-capacity-768x423.jpg 768w, https:\/\/monokolo.eu\/wp-content\/uploads\/2025\/06\/kingsong-16X-battery-capacity-1536x846.jpg 1536w\" sizes=\"(max-width: 1920px) 100vw, 1920px\" \/> <img loading=\"lazy\" decoding=\"async\" class=\"alignnone size-full wp-image-14867\" src=\"https:\/\/monokolo.eu\/wp-content\/uploads\/2025\/06\/kingsong-16X-pedals-honey-comb.jpg\" alt=\"kingsong 16X pedals honey comb\" width=\"1400\" height=\"1050\" srcset=\"https:\/\/monokolo.eu\/wp-content\/uploads\/2025\/06\/kingsong-16X-pedals-honey-comb.jpg 1400w, https:\/\/monokolo.eu\/wp-content\/uploads\/2025\/06\/kingsong-16X-pedals-honey-comb-600x450.jpg 600w, https:\/\/monokolo.eu\/wp-content\/uploads\/2025\/06\/kingsong-16X-pedals-honey-comb-300x225.jpg 300w, https:\/\/monokolo.eu\/wp-content\/uploads\/2025\/06\/kingsong-16X-pedals-honey-comb-1024x768.jpg 1024w, https:\/\/monokolo.eu\/wp-content\/uploads\/2025\/06\/kingsong-16X-pedals-honey-comb-768x576.jpg 768w\" sizes=\"(max-width: 1400px) 100vw, 1400px\" \/><\/p>\n","protected":false},"excerpt":{"rendered":"<p>If you\u2019re searching for a powerful and reliable electric unicycle, the KingSong 16X remains a top contender. Driven by a high-performance 1554Wh battery and a sturdy build, this wheel is an ideal companion for both daily commutes and recreational weekend rides. Its standout feature is that massive battery capacity, which offers a theoretical range of up to 80 miles\u2014significantly outclassing most wheels in the 16-inch category. Whether you&#8217;re navigating urban traffic or embarking on a long-distance city tour, the 16X provides the torque and longevity to get you there with confidence<\/p>\n","protected":false},"featured_media":14856,"comment_status":"open","ping_status":"closed","template":"","meta":[],"product_brand":[],"product_cat":[55,110],"product_tag":[26],"class_list":{"0":"post-14855","1":"product","2":"type-product","3":"status-publish","4":"has-post-thumbnail","6":"product_cat-electric-unicycles","7":"product_cat-kingsong","8":"product_tag-euc","10":"first","11":"instock","12":"sale","13":"taxable","14":"shipping-taxable","15":"purchasable","16":"product-type-simple"},"yoast_head":"<!-- This site is optimized with the Yoast SEO plugin v26.8 - https:\/\/yoast.com\/product\/yoast-seo-wordpress\/ -->\n<title>KingSong KS 16X<\/title>\n<meta name=\"description\" content=\"Il King Song 16X \u00e8 un monociclo elettrico potente e affidabile. Pu\u00f2 raggiungere velocit\u00e0 elevate e la sua capiente batteria da 1554 Wh offre fino a 104 km con una singola carica. Il modello presenta un design accattivante e una qualit\u00e0 costruttiva notevole. Se la capacit\u00e0 di percorrere lunghe distanze \u00e8 in cima alla vostra&hellip;\" \/>\n<meta name=\"robots\" content=\"index, follow, max-snippet:-1, max-image-preview:large, max-video-preview:-1\" \/>\n<link rel=\"canonical\" href=\"http:\/\/Il%20King%20Song%2016X%20\u00e8%20un%20monociclo%20elettrico%20potente%20e%20affidabile.%20Pu\u00f2%20raggiungere%20velocit\u00e0%20elevate%20e%20la%20sua%20capiente%20batteria%20da%201554%20Wh%20offre%20fino%20a%20104%20km%20con%20una%20singola%20carica.%20Il%20modello%20presenta%20un%20design%20accattivante%20e%20una%20qualit\u00e0%20costruttiva%20notevole.%20Se%20la%20capacit\u00e0%20di%20percorrere%20lunghe%20distanze%20\u00e8%20in%20cima%20alla%20vostra&hellip;\" \/>\n<meta property=\"og:locale\" content=\"it_IT\" \/>\n<meta property=\"og:type\" content=\"article\" \/>\n<meta property=\"og:title\" content=\"KingSong KS 16X\" \/>\n<meta property=\"og:description\" content=\"Il King Song 16X \u00e8 un monociclo elettrico potente e affidabile. Pu\u00f2 raggiungere velocit\u00e0 elevate e la sua capiente batteria da 1554 Wh offre fino a 104 km con una singola carica. Il modello presenta un design accattivante e una qualit\u00e0 costruttiva notevole. Se la capacit\u00e0 di percorrere lunghe distanze \u00e8 in cima alla vostra&hellip;\" \/>\n<meta property=\"og:url\" content=\"https:\/\/monokolo.eu\/it\/product\/kingsong-ks-16x\/\" \/>\n<meta property=\"og:site_name\" content=\"Monokolo\" \/>\n<meta property=\"article:publisher\" content=\"https:\/\/facebook.com\/monokolo.polska\/\" \/>\n<meta property=\"article:modified_time\" content=\"2026-03-08T20:27:58+00:00\" \/>\n<meta property=\"og:image\" content=\"https:\/\/monokolo.eu\/wp-content\/uploads\/2025\/06\/kingsong-16x-01.jpg\" \/>\n\t<meta property=\"og:image:width\" content=\"1050\" \/>\n\t<meta property=\"og:image:height\" content=\"1400\" \/>\n\t<meta property=\"og:image:type\" content=\"image\/jpeg\" \/>\n<meta name=\"twitter:card\" content=\"summary_large_image\" \/>\n<meta name=\"twitter:label1\" content=\"Tempo di lettura stimato\" \/>\n\t<meta name=\"twitter:data1\" content=\"2 minuti\" \/>\n<script type=\"application\/ld+json\" class=\"yoast-schema-graph\">{\"@context\":\"https:\/\/schema.org\",\"@graph\":[{\"@type\":\"WebPage\",\"@id\":\"https:\/\/monokolo.eu\/it\/product\/kingsong-ks-16x\/\",\"url\":\"https:\/\/monokolo.eu\/it\/product\/kingsong-ks-16x\/\",\"name\":\"KingSong KS 16X - Monokolo\",\"isPartOf\":{\"@id\":\"https:\/\/monokolo.eu\/#website\"},\"primaryImageOfPage\":{\"@id\":\"https:\/\/monokolo.eu\/it\/product\/kingsong-ks-16x\/#primaryimage\"},\"image\":{\"@id\":\"https:\/\/monokolo.eu\/it\/product\/kingsong-ks-16x\/#primaryimage\"},\"thumbnailUrl\":\"https:\/\/monokolo.eu\/wp-content\/uploads\/2025\/06\/kingsong-16x-01.jpg\",\"datePublished\":\"2025-06-26T09:22:58+00:00\",\"dateModified\":\"2026-03-08T20:27:58+00:00\",\"description\":\"Conquer your commute with the KingSong 16X. Featuring a high-performance 1554Wh battery and 80-mile range, this powerful unicycle is built for distance and daily use\",\"breadcrumb\":{\"@id\":\"https:\/\/monokolo.eu\/it\/product\/kingsong-ks-16x\/#breadcrumb\"},\"inLanguage\":\"it-IT\",\"potentialAction\":[{\"@type\":\"ReadAction\",\"target\":[\"https:\/\/monokolo.eu\/it\/product\/kingsong-ks-16x\/\"]}]},{\"@type\":\"ImageObject\",\"inLanguage\":\"it-IT\",\"@id\":\"https:\/\/monokolo.eu\/it\/product\/kingsong-ks-16x\/#primaryimage\",\"url\":\"https:\/\/monokolo.eu\/wp-content\/uploads\/2025\/06\/kingsong-16x-01.jpg\",\"contentUrl\":\"https:\/\/monokolo.eu\/wp-content\/uploads\/2025\/06\/kingsong-16x-01.jpg\",\"width\":1050,\"height\":1400,\"caption\":\"King Song KS-16X Electric Unicycle\"},{\"@type\":\"BreadcrumbList\",\"@id\":\"https:\/\/monokolo.eu\/it\/product\/kingsong-ks-16x\/#breadcrumb\",\"itemListElement\":[{\"@type\":\"ListItem\",\"position\":1,\"name\":\"Monokolo.eu - monocicli elettrici, trasporti elettrici in Europa\",\"item\":\"https:\/\/monokolo.eu\/\"},{\"@type\":\"ListItem\",\"position\":2,\"name\":\"Negozio\",\"item\":\"https:\/\/monokolo.eu\/shop\/\"},{\"@type\":\"ListItem\",\"position\":3,\"name\":\"KingSong KS 16X\"}]},{\"@type\":\"WebSite\",\"@id\":\"https:\/\/monokolo.eu\/it\/#website\",\"url\":\"https:\/\/monokolo.eu\/it\/\",\"name\":\"Monokolo.eu\",\"description\":\"Negozio di monocicli elettrici in Europa\",\"publisher\":{\"@id\":\"https:\/\/monokolo.eu\/it\/#organization\"},\"potentialAction\":[{\"@type\":\"SearchAction\",\"target\":{\"@type\":\"EntryPoint\",\"urlTemplate\":\"https:\/\/monokolo.eu\/it\/?s={search_term_string}\"},\"query-input\":{\"@type\":\"PropertyValueSpecification\",\"valueRequired\":true,\"valueName\":\"search_term_string\"}}],\"inLanguage\":\"it-IT\"},{\"@type\":\"Organization\",\"@id\":\"https:\/\/monokolo.eu\/it\/#organization\",\"name\":\"Monokolo\",\"url\":\"https:\/\/monokolo.eu\/it\/\",\"logo\":{\"@type\":\"ImageObject\",\"inLanguage\":\"it-IT\",\"@id\":\"https:\/\/monokolo.eu\/it\/#\/schema\/logo\/image\/\",\"url\":\"https:\/\/monokolo.eu\/wp-content\/uploads\/2025\/04\/logo22.png\",\"contentUrl\":\"https:\/\/monokolo.eu\/wp-content\/uploads\/2025\/04\/logo22.png\",\"width\":755,\"height\":192,\"caption\":\"Monokolo\"},\"image\":{\"@id\":\"https:\/\/monokolo.eu\/it\/#\/schema\/logo\/image\/\"},\"sameAs\":[\"https:\/\/facebook.com\/monokolo.polska\/\",\"https:\/\/www.instagram.com\/monokolo.pl\/\",\"https:\/\/www.tiktok.com\/@monokolo.pl\"]}]}<\/script>\n<!-- \/ Yoast SEO plugin. -->","yoast_head_json":{"title":"KingSong KS 16X","description":"Il King Song 16X \u00e8 un monociclo elettrico potente e affidabile. Pu\u00f2 raggiungere velocit\u00e0 elevate e la sua capiente batteria da 1554 Wh offre fino a 104 km con una singola carica. Il modello presenta un design accattivante e una qualit\u00e0 costruttiva notevole. Se la capacit\u00e0 di percorrere lunghe distanze \u00e8 in cima alla vostra&hellip;","robots":{"index":"index","follow":"follow","max-snippet":"max-snippet:-1","max-image-preview":"max-image-preview:large","max-video-preview":"max-video-preview:-1"},"canonical":"Il King Song 16X \u00e8 un monociclo elettrico potente e affidabile. Pu\u00f2 raggiungere velocit\u00e0 elevate e la sua capiente batteria da 1554 Wh offre fino a 104 km con una singola carica. Il modello presenta un design accattivante e una qualit\u00e0 costruttiva notevole. Se la capacit\u00e0 di percorrere lunghe distanze \u00e8 in cima alla vostra&hellip;","og_locale":"it_IT","og_type":"article","og_title":"KingSong KS 16X","og_description":"Il King Song 16X \u00e8 un monociclo elettrico potente e affidabile. Pu\u00f2 raggiungere velocit\u00e0 elevate e la sua capiente batteria da 1554 Wh offre fino a 104 km con una singola carica. Il modello presenta un design accattivante e una qualit\u00e0 costruttiva notevole. Se la capacit\u00e0 di percorrere lunghe distanze \u00e8 in cima alla vostra&hellip;","og_url":"https:\/\/monokolo.eu\/it\/product\/kingsong-ks-16x\/","og_site_name":"Monokolo","article_publisher":"https:\/\/facebook.com\/monokolo.polska\/","article_modified_time":"2026-03-08T20:27:58+00:00","og_image":[{"width":1050,"height":1400,"url":"https:\/\/monokolo.eu\/wp-content\/uploads\/2025\/06\/kingsong-16x-01.jpg","type":"image\/jpeg"}],"twitter_card":"summary_large_image","twitter_misc":{"Tempo di lettura stimato":"2 minuti"},"schema":{"@context":"https:\/\/schema.org","@graph":[{"@type":"WebPage","@id":"https:\/\/monokolo.eu\/it\/product\/kingsong-ks-16x\/","url":"https:\/\/monokolo.eu\/it\/product\/kingsong-ks-16x\/","name":"KingSong KS 16X - Monokolo","isPartOf":{"@id":"https:\/\/monokolo.eu\/#website"},"primaryImageOfPage":{"@id":"https:\/\/monokolo.eu\/it\/product\/kingsong-ks-16x\/#primaryimage"},"image":{"@id":"https:\/\/monokolo.eu\/it\/product\/kingsong-ks-16x\/#primaryimage"},"thumbnailUrl":"https:\/\/monokolo.eu\/wp-content\/uploads\/2025\/06\/kingsong-16x-01.jpg","datePublished":"2025-06-26T09:22:58+00:00","dateModified":"2026-03-08T20:27:58+00:00","description":"Conquer your commute with the KingSong 16X. Featuring a high-performance 1554Wh battery and 80-mile range, this powerful unicycle is built for distance and daily use","breadcrumb":{"@id":"https:\/\/monokolo.eu\/it\/product\/kingsong-ks-16x\/#breadcrumb"},"inLanguage":"it-IT","potentialAction":[{"@type":"ReadAction","target":["https:\/\/monokolo.eu\/it\/product\/kingsong-ks-16x\/"]}]},{"@type":"ImageObject","inLanguage":"it-IT","@id":"https:\/\/monokolo.eu\/it\/product\/kingsong-ks-16x\/#primaryimage","url":"https:\/\/monokolo.eu\/wp-content\/uploads\/2025\/06\/kingsong-16x-01.jpg","contentUrl":"https:\/\/monokolo.eu\/wp-content\/uploads\/2025\/06\/kingsong-16x-01.jpg","width":1050,"height":1400,"caption":"King Song KS-16X Electric Unicycle"},{"@type":"BreadcrumbList","@id":"https:\/\/monokolo.eu\/it\/product\/kingsong-ks-16x\/#breadcrumb","itemListElement":[{"@type":"ListItem","position":1,"name":"Monokolo.eu - monocicli elettrici, trasporti elettrici in Europa","item":"https:\/\/monokolo.eu\/"},{"@type":"ListItem","position":2,"name":"Negozio","item":"https:\/\/monokolo.eu\/shop\/"},{"@type":"ListItem","position":3,"name":"KingSong KS 16X"}]},{"@type":"WebSite","@id":"https:\/\/monokolo.eu\/it\/#website","url":"https:\/\/monokolo.eu\/it\/","name":"Monokolo.eu","description":"Negozio di monocicli elettrici in Europa","publisher":{"@id":"https:\/\/monokolo.eu\/it\/#organization"},"potentialAction":[{"@type":"SearchAction","target":{"@type":"EntryPoint","urlTemplate":"https:\/\/monokolo.eu\/it\/?s={search_term_string}"},"query-input":{"@type":"PropertyValueSpecification","valueRequired":true,"valueName":"search_term_string"}}],"inLanguage":"it-IT"},{"@type":"Organization","@id":"https:\/\/monokolo.eu\/it\/#organization","name":"Monokolo","url":"https:\/\/monokolo.eu\/it\/","logo":{"@type":"ImageObject","inLanguage":"it-IT","@id":"https:\/\/monokolo.eu\/it\/#\/schema\/logo\/image\/","url":"https:\/\/monokolo.eu\/wp-content\/uploads\/2025\/04\/logo22.png","contentUrl":"https:\/\/monokolo.eu\/wp-content\/uploads\/2025\/04\/logo22.png","width":755,"height":192,"caption":"Monokolo"},"image":{"@id":"https:\/\/monokolo.eu\/it\/#\/schema\/logo\/image\/"},"sameAs":["https:\/\/facebook.com\/monokolo.polska\/","https:\/\/www.instagram.com\/monokolo.pl\/","https:\/\/www.tiktok.com\/@monokolo.pl"]}]}},"_links":{"self":[{"href":"https:\/\/monokolo.eu\/it\/wp-json\/wp\/v2\/product\/14855","targetHints":{"allow":["GET"]}}],"collection":[{"href":"https:\/\/monokolo.eu\/it\/wp-json\/wp\/v2\/product"}],"about":[{"href":"https:\/\/monokolo.eu\/it\/wp-json\/wp\/v2\/types\/product"}],"replies":[{"embeddable":true,"href":"https:\/\/monokolo.eu\/it\/wp-json\/wp\/v2\/comments?post=14855"}],"wp:featuredmedia":[{"embeddable":true,"href":"https:\/\/monokolo.eu\/it\/wp-json\/wp\/v2\/media\/14856"}],"wp:attachment":[{"href":"https:\/\/monokolo.eu\/it\/wp-json\/wp\/v2\/media?parent=14855"}],"wp:term":[{"taxonomy":"product_brand","embeddable":true,"href":"https:\/\/monokolo.eu\/it\/wp-json\/wp\/v2\/product_brand?post=14855"},{"taxonomy":"product_cat","embeddable":true,"href":"https:\/\/monokolo.eu\/it\/wp-json\/wp\/v2\/product_cat?post=14855"},{"taxonomy":"product_tag","embeddable":true,"href":"https:\/\/monokolo.eu\/it\/wp-json\/wp\/v2\/product_tag?post=14855"}],"curies":[{"name":"wp","href":"https:\/\/api.w.org\/{rel}","templated":true}]}}