{"id":14840,"date":"2025-04-06T12:34:42","date_gmt":"2025-04-06T12:34:42","guid":{"rendered":"https:\/\/monokolo.eu\/product\/\/"},"modified":"2026-03-30T15:24:16","modified_gmt":"2026-03-30T15:24:16","slug":"nosfet-aero","status":"publish","type":"product","link":"https:\/\/monokolo.eu\/it\/product\/nosfet-aero\/","title":{"rendered":"Nosfet Aero"},"content":{"rendered":"<p>AERO di NOSFET \u00e8 un monociclo elettrico all&#8217;avanguardia, progettato per garantire agilit\u00e0, durata e facilit\u00e0 d&#8217;uso ottimali. Il suo telaio monoblocco in lega di magnesio, leggero e monoblocco, semplifica sia la manutenzione che le riparazioni.<\/p>\n<p>Caratteristiche di AERO:<\/p>\n<p>Funzione anticaduta senza sensori Hall<br \/>\nSmartBMS &#8211; Impermeabilit\u00e0 IPX6<br \/>\nResistente alle cadute &#8211; Elettronica affidabile<br \/>\nSospensioni: ammortizzatori cilindrici simili a quelli di Patton\/Lynx, con escursione fino a 70 mm e impostazioni di compressione\/ritorno personalizzabili.<br \/>\nMotore: motore da 2.000 W, che offre un eccellente equilibrio tra velocit\u00e0 di rotazione, efficienza Wh\/km e coppia.<br \/>\nBatteria: batteria Samsung 50S ad alta potenza da 1.120 Wh\/126 V, con SmartBMS, in grado di ricaricarsi rapidamente fino a 10 A\/1260 W.<br \/>\nCerchio da 16&#8243;, peso di circa 55 libbre, capacit\u00e0 della batteria superiore del 20% rispetto al suo concorrente pi\u00f9 vicino e velocit\u00e0 massima superiore del 10%.<\/p>\n","protected":false},"excerpt":{"rendered":"<p>The NOSFET AERO is a revolutionary &#8220;pocket rocket&#8221; that redefined the compact EUC category in 2025 and 2026 by packing a high-voltage 126V architecture into a portable, 55 lb frame. Driven by a 2000W motor (4000W peak) and a high-discharge 1110Wh Samsung 50S battery, it delivers a punchy top speed of 34 mph and a real-world range of approximately 35 miles. Its standout feature is the ultra-durable magnesium alloy unibody frame, which houses a sophisticated 70mm adjustable fork suspension for a smooth, stable ride on both city streets and light trails. This wheel is designed for riders who refuse to sacrifice power for portability, featuring smart BMS technology and a rugged, maintenance-friendly design. Ready to upgrade your commute? Contact us and we\u2019ll help you choose the right wheel to make sure you get the perfect balance of agility and performance!<\/p>\n","protected":false},"featured_media":14841,"comment_status":"open","ping_status":"closed","template":"","meta":[],"product_brand":[270],"product_cat":[55,223],"product_tag":[],"class_list":{"0":"post-14840","1":"product","2":"type-product","3":"status-publish","4":"has-post-thumbnail","6":"product_brand-nosfet","7":"product_cat-electric-unicycles","8":"product_cat-nosfet","10":"first","11":"instock","12":"sale","13":"taxable","14":"shipping-taxable","15":"purchasable","16":"product-type-simple"},"yoast_head":"<!-- This site is optimized with the Yoast SEO plugin v26.8 - https:\/\/yoast.com\/product\/yoast-seo-wordpress\/ -->\n<title>Nosfet Aero<\/title>\n<meta name=\"description\" content=\"AERO di NOSFET \u00e8 un monociclo elettrico all&#039;avanguardia, progettato per garantire agilit\u00e0, durata e facilit\u00e0 d&#039;uso ottimali. Il suo telaio monoblocco in lega di magnesio, leggero e monoblocco, semplifica sia la manutenzione che le riparazioni. Caratteristiche di AERO: Funzione anticaduta senza sensori Hall SmartBMS - Impermeabilit\u00e0 IPX6 Resistente alle cadute - Elettronica affidabile Sospensioni: ammortizzatori&hellip;\" \/>\n<meta name=\"robots\" content=\"index, follow, max-snippet:-1, max-image-preview:large, max-video-preview:-1\" \/>\n<link rel=\"canonical\" href=\"\" \/>\n<meta property=\"og:locale\" content=\"it_IT\" \/>\n<meta property=\"og:type\" content=\"article\" \/>\n<meta property=\"og:title\" content=\"Nosfet Aero\" \/>\n<meta property=\"og:description\" content=\"AERO di NOSFET \u00e8 un monociclo elettrico all&#039;avanguardia, progettato per garantire agilit\u00e0, durata e facilit\u00e0 d&#039;uso ottimali. Il suo telaio monoblocco in lega di magnesio, leggero e monoblocco, semplifica sia la manutenzione che le riparazioni. Caratteristiche di AERO: Funzione anticaduta senza sensori Hall SmartBMS - Impermeabilit\u00e0 IPX6 Resistente alle cadute - Elettronica affidabile Sospensioni: ammortizzatori&hellip;\" \/>\n<meta property=\"og:url\" content=\"https:\/\/monokolo.eu\/it\/product\/nosfet-aero\/\" \/>\n<meta property=\"og:site_name\" content=\"Monokolo\" \/>\n<meta property=\"article:publisher\" content=\"https:\/\/facebook.com\/monokolo.polska\/\" \/>\n<meta property=\"article:modified_time\" content=\"2026-03-30T15:24:16+00:00\" \/>\n<meta property=\"og:image\" content=\"https:\/\/monokolo.eu\/wp-content\/uploads\/2025\/04\/nosfet-aero-01.jpg\" \/>\n\t<meta property=\"og:image:width\" content=\"960\" \/>\n\t<meta property=\"og:image:height\" content=\"1280\" \/>\n\t<meta property=\"og:image:type\" content=\"image\/jpeg\" \/>\n<meta name=\"twitter:card\" content=\"summary_large_image\" \/>\n<meta name=\"twitter:label1\" content=\"Tempo di lettura stimato\" \/>\n\t<meta name=\"twitter:data1\" content=\"1 minuto\" \/>\n<script type=\"application\/ld+json\" class=\"yoast-schema-graph\">{\"@context\":\"https:\/\/schema.org\",\"@graph\":[{\"@type\":\"WebPage\",\"@id\":\"https:\/\/monokolo.eu\/it\/product\/nosfet-aero\/\",\"url\":\"https:\/\/monokolo.eu\/it\/product\/nosfet-aero\/\",\"name\":\"Nosfet Aero - Monokolo\",\"isPartOf\":{\"@id\":\"https:\/\/monokolo.eu\/#website\"},\"primaryImageOfPage\":{\"@id\":\"https:\/\/monokolo.eu\/it\/product\/nosfet-aero\/#primaryimage\"},\"image\":{\"@id\":\"https:\/\/monokolo.eu\/it\/product\/nosfet-aero\/#primaryimage\"},\"thumbnailUrl\":\"https:\/\/monokolo.eu\/wp-content\/uploads\/2025\/04\/nosfet-aero-01.jpg\",\"datePublished\":\"2025-04-06T12:34:42+00:00\",\"dateModified\":\"2026-03-30T15:24:16+00:00\",\"description\":\"Nosfet Aero is a compact electric unicycle designed for agility, durability, and ease of use. It features a one-piece magnesium alloy unibody frame, which helps keep the weight low while ensuring easy maintenance and repairs.\",\"breadcrumb\":{\"@id\":\"https:\/\/monokolo.eu\/it\/product\/nosfet-aero\/#breadcrumb\"},\"inLanguage\":\"it-IT\",\"potentialAction\":[{\"@type\":\"ReadAction\",\"target\":[\"https:\/\/monokolo.eu\/it\/product\/nosfet-aero\/\"]}]},{\"@type\":\"ImageObject\",\"inLanguage\":\"it-IT\",\"@id\":\"https:\/\/monokolo.eu\/it\/product\/nosfet-aero\/#primaryimage\",\"url\":\"https:\/\/monokolo.eu\/wp-content\/uploads\/2025\/04\/nosfet-aero-01.jpg\",\"contentUrl\":\"https:\/\/monokolo.eu\/wp-content\/uploads\/2025\/04\/nosfet-aero-01.jpg\",\"width\":960,\"height\":1280,\"caption\":\"Nosfet Aero electric unicycle\"},{\"@type\":\"BreadcrumbList\",\"@id\":\"https:\/\/monokolo.eu\/it\/product\/nosfet-aero\/#breadcrumb\",\"itemListElement\":[{\"@type\":\"ListItem\",\"position\":1,\"name\":\"Monokolo.eu - monocicli elettrici, trasporti elettrici in Europa\",\"item\":\"https:\/\/monokolo.eu\/\"},{\"@type\":\"ListItem\",\"position\":2,\"name\":\"Negozio\",\"item\":\"https:\/\/monokolo.eu\/shop\/\"},{\"@type\":\"ListItem\",\"position\":3,\"name\":\"Nosfet Aero\"}]},{\"@type\":\"WebSite\",\"@id\":\"https:\/\/monokolo.eu\/it\/#website\",\"url\":\"https:\/\/monokolo.eu\/it\/\",\"name\":\"Monokolo.eu\",\"description\":\"Negozio di monocicli elettrici in Europa\",\"publisher\":{\"@id\":\"https:\/\/monokolo.eu\/it\/#organization\"},\"potentialAction\":[{\"@type\":\"SearchAction\",\"target\":{\"@type\":\"EntryPoint\",\"urlTemplate\":\"https:\/\/monokolo.eu\/it\/?s={search_term_string}\"},\"query-input\":{\"@type\":\"PropertyValueSpecification\",\"valueRequired\":true,\"valueName\":\"search_term_string\"}}],\"inLanguage\":\"it-IT\"},{\"@type\":\"Organization\",\"@id\":\"https:\/\/monokolo.eu\/it\/#organization\",\"name\":\"Monokolo\",\"url\":\"https:\/\/monokolo.eu\/it\/\",\"logo\":{\"@type\":\"ImageObject\",\"inLanguage\":\"it-IT\",\"@id\":\"https:\/\/monokolo.eu\/it\/#\/schema\/logo\/image\/\",\"url\":\"https:\/\/monokolo.eu\/wp-content\/uploads\/2025\/04\/logo22.png\",\"contentUrl\":\"https:\/\/monokolo.eu\/wp-content\/uploads\/2025\/04\/logo22.png\",\"width\":755,\"height\":192,\"caption\":\"Monokolo\"},\"image\":{\"@id\":\"https:\/\/monokolo.eu\/it\/#\/schema\/logo\/image\/\"},\"sameAs\":[\"https:\/\/facebook.com\/monokolo.polska\/\",\"https:\/\/www.instagram.com\/monokolo.pl\/\",\"https:\/\/www.tiktok.com\/@monokolo.pl\"]}]}<\/script>\n<!-- \/ Yoast SEO plugin. -->","yoast_head_json":{"title":"Nosfet Aero","description":"AERO di NOSFET \u00e8 un monociclo elettrico all'avanguardia, progettato per garantire agilit\u00e0, durata e facilit\u00e0 d'uso ottimali. Il suo telaio monoblocco in lega di magnesio, leggero e monoblocco, semplifica sia la manutenzione che le riparazioni. Caratteristiche di AERO: Funzione anticaduta senza sensori Hall SmartBMS - Impermeabilit\u00e0 IPX6 Resistente alle cadute - Elettronica affidabile Sospensioni: ammortizzatori&hellip;","robots":{"index":"index","follow":"follow","max-snippet":"max-snippet:-1","max-image-preview":"max-image-preview:large","max-video-preview":"max-video-preview:-1"},"canonical":"AERO di NOSFET \u00e8 un monociclo elettrico all'avanguardia, progettato per garantire agilit\u00e0, durata e facilit\u00e0 d'uso ottimali. Il suo telaio monoblocco in lega di magnesio, leggero e monoblocco, semplifica sia la manutenzione che le riparazioni. Caratteristiche di AERO: Funzione anticaduta senza sensori Hall SmartBMS - Impermeabilit\u00e0 IPX6 Resistente alle cadute - Elettronica affidabile Sospensioni: ammortizzatori&hellip;","og_locale":"it_IT","og_type":"article","og_title":"Nosfet Aero","og_description":"AERO di NOSFET \u00e8 un monociclo elettrico all'avanguardia, progettato per garantire agilit\u00e0, durata e facilit\u00e0 d'uso ottimali. Il suo telaio monoblocco in lega di magnesio, leggero e monoblocco, semplifica sia la manutenzione che le riparazioni. Caratteristiche di AERO: Funzione anticaduta senza sensori Hall SmartBMS - Impermeabilit\u00e0 IPX6 Resistente alle cadute - Elettronica affidabile Sospensioni: ammortizzatori&hellip;","og_url":"https:\/\/monokolo.eu\/it\/product\/nosfet-aero\/","og_site_name":"Monokolo","article_publisher":"https:\/\/facebook.com\/monokolo.polska\/","article_modified_time":"2026-03-30T15:24:16+00:00","og_image":[{"width":960,"height":1280,"url":"https:\/\/monokolo.eu\/wp-content\/uploads\/2025\/04\/nosfet-aero-01.jpg","type":"image\/jpeg"}],"twitter_card":"summary_large_image","twitter_misc":{"Tempo di lettura stimato":"1 minuto"},"schema":{"@context":"https:\/\/schema.org","@graph":[{"@type":"WebPage","@id":"https:\/\/monokolo.eu\/it\/product\/nosfet-aero\/","url":"https:\/\/monokolo.eu\/it\/product\/nosfet-aero\/","name":"Nosfet Aero - Monokolo","isPartOf":{"@id":"https:\/\/monokolo.eu\/#website"},"primaryImageOfPage":{"@id":"https:\/\/monokolo.eu\/it\/product\/nosfet-aero\/#primaryimage"},"image":{"@id":"https:\/\/monokolo.eu\/it\/product\/nosfet-aero\/#primaryimage"},"thumbnailUrl":"https:\/\/monokolo.eu\/wp-content\/uploads\/2025\/04\/nosfet-aero-01.jpg","datePublished":"2025-04-06T12:34:42+00:00","dateModified":"2026-03-30T15:24:16+00:00","description":"Nosfet Aero is a compact electric unicycle designed for agility, durability, and ease of use. It features a one-piece magnesium alloy unibody frame, which helps keep the weight low while ensuring easy maintenance and repairs.","breadcrumb":{"@id":"https:\/\/monokolo.eu\/it\/product\/nosfet-aero\/#breadcrumb"},"inLanguage":"it-IT","potentialAction":[{"@type":"ReadAction","target":["https:\/\/monokolo.eu\/it\/product\/nosfet-aero\/"]}]},{"@type":"ImageObject","inLanguage":"it-IT","@id":"https:\/\/monokolo.eu\/it\/product\/nosfet-aero\/#primaryimage","url":"https:\/\/monokolo.eu\/wp-content\/uploads\/2025\/04\/nosfet-aero-01.jpg","contentUrl":"https:\/\/monokolo.eu\/wp-content\/uploads\/2025\/04\/nosfet-aero-01.jpg","width":960,"height":1280,"caption":"Nosfet Aero electric unicycle"},{"@type":"BreadcrumbList","@id":"https:\/\/monokolo.eu\/it\/product\/nosfet-aero\/#breadcrumb","itemListElement":[{"@type":"ListItem","position":1,"name":"Monokolo.eu - monocicli elettrici, trasporti elettrici in Europa","item":"https:\/\/monokolo.eu\/"},{"@type":"ListItem","position":2,"name":"Negozio","item":"https:\/\/monokolo.eu\/shop\/"},{"@type":"ListItem","position":3,"name":"Nosfet Aero"}]},{"@type":"WebSite","@id":"https:\/\/monokolo.eu\/it\/#website","url":"https:\/\/monokolo.eu\/it\/","name":"Monokolo.eu","description":"Negozio di monocicli elettrici in Europa","publisher":{"@id":"https:\/\/monokolo.eu\/it\/#organization"},"potentialAction":[{"@type":"SearchAction","target":{"@type":"EntryPoint","urlTemplate":"https:\/\/monokolo.eu\/it\/?s={search_term_string}"},"query-input":{"@type":"PropertyValueSpecification","valueRequired":true,"valueName":"search_term_string"}}],"inLanguage":"it-IT"},{"@type":"Organization","@id":"https:\/\/monokolo.eu\/it\/#organization","name":"Monokolo","url":"https:\/\/monokolo.eu\/it\/","logo":{"@type":"ImageObject","inLanguage":"it-IT","@id":"https:\/\/monokolo.eu\/it\/#\/schema\/logo\/image\/","url":"https:\/\/monokolo.eu\/wp-content\/uploads\/2025\/04\/logo22.png","contentUrl":"https:\/\/monokolo.eu\/wp-content\/uploads\/2025\/04\/logo22.png","width":755,"height":192,"caption":"Monokolo"},"image":{"@id":"https:\/\/monokolo.eu\/it\/#\/schema\/logo\/image\/"},"sameAs":["https:\/\/facebook.com\/monokolo.polska\/","https:\/\/www.instagram.com\/monokolo.pl\/","https:\/\/www.tiktok.com\/@monokolo.pl"]}]}},"_links":{"self":[{"href":"https:\/\/monokolo.eu\/it\/wp-json\/wp\/v2\/product\/14840","targetHints":{"allow":["GET"]}}],"collection":[{"href":"https:\/\/monokolo.eu\/it\/wp-json\/wp\/v2\/product"}],"about":[{"href":"https:\/\/monokolo.eu\/it\/wp-json\/wp\/v2\/types\/product"}],"replies":[{"embeddable":true,"href":"https:\/\/monokolo.eu\/it\/wp-json\/wp\/v2\/comments?post=14840"}],"wp:featuredmedia":[{"embeddable":true,"href":"https:\/\/monokolo.eu\/it\/wp-json\/wp\/v2\/media\/14841"}],"wp:attachment":[{"href":"https:\/\/monokolo.eu\/it\/wp-json\/wp\/v2\/media?parent=14840"}],"wp:term":[{"taxonomy":"product_brand","embeddable":true,"href":"https:\/\/monokolo.eu\/it\/wp-json\/wp\/v2\/product_brand?post=14840"},{"taxonomy":"product_cat","embeddable":true,"href":"https:\/\/monokolo.eu\/it\/wp-json\/wp\/v2\/product_cat?post=14840"},{"taxonomy":"product_tag","embeddable":true,"href":"https:\/\/monokolo.eu\/it\/wp-json\/wp\/v2\/product_tag?post=14840"}],"curies":[{"name":"wp","href":"https:\/\/api.w.org\/{rel}","templated":true}]}}