{"id":14797,"date":"2025-03-19T09:02:19","date_gmt":"2025-03-19T09:02:19","guid":{"rendered":"https:\/\/monokolo.eu\/product\/\/"},"modified":"2026-04-15T18:54:12","modified_gmt":"2026-04-15T18:54:12","slug":"inmotion-v8s","status":"publish","type":"product","link":"https:\/\/monokolo.eu\/it\/product\/inmotion-v8s\/","title":{"rendered":"Inmotion V8S"},"content":{"rendered":"<p><strong>Inmotion V8S<\/strong><br \/>\nIl modello V8S \u00e8 il gradino tra la V8F e la V10F. Inmotion ha apportato un aggiornamento: la batteria ora \u00e8 da 728 Wh, 210 Wh in pi\u00f9 rispetto alla V8F. La maggior parte delle caratteristiche rimangono invariate rispetto alla V8F. Solo il peso \u00e8 aumentato di circa 1 kg. Sorprendentemente, Inmotion \u00e8 riuscita a integrare la capacit\u00e0 aggiuntiva della batteria senza alterare il design esterno del volante. Il motore rimane invariato, mantenendo lo stesso affidabile motore da 1000 W della V8F.<\/p>\n","protected":false},"excerpt":{"rendered":"<p>L&#8217;Inmotion V8S \u00e8 una versione raffinata e a lungo raggio di un classico dei mezzi per i pendolari, che raggiunge un perfetto equilibrio tra portabilit\u00e0 e prestazioni. \u00c8 dotato di una batteria potenziata da 728 Wh che offre un&#8217;autonomia reale impressionante di circa 48-64 km, eliminando efficacemente la &#8220;range anxiety&#8221; per chi guida in citt\u00e0. Nonostante la potenza extra, rimane notevolmente leggero, con un peso di circa 16 kg, e conserva il caratteristico profilo sottile e la maniglia trolley retrattile leader del settore, che lo rende facile da trasportare nei negozi o sui mezzi pubblici.<\/p>\n","protected":false},"featured_media":14798,"comment_status":"open","ping_status":"closed","template":"","meta":[],"product_brand":[],"product_cat":[109,55],"product_tag":[26],"class_list":{"0":"post-14797","1":"product","2":"type-product","3":"status-publish","4":"has-post-thumbnail","6":"product_cat-inmotion","7":"product_cat-electric-unicycles","8":"product_tag-euc","10":"first","11":"instock","12":"sale","13":"taxable","14":"shipping-taxable","15":"purchasable","16":"product-type-simple"},"yoast_head":"<!-- This site is optimized with the Yoast SEO plugin v26.8 - https:\/\/yoast.com\/product\/yoast-seo-wordpress\/ -->\n<title>Inmotion V8S<\/title>\n<meta name=\"description\" content=\"L&#039;Inmotion V8S \u00e8 una versione raffinata e a lungo raggio di un classico dei mezzi per i pendolari, che raggiunge un perfetto equilibrio tra portabilit\u00e0 e prestazioni. \u00c8 dotato di una batteria potenziata da 728 Wh che offre un&#039;autonomia reale impressionante di circa 48-64 km, eliminando efficacemente la &quot;range anxiety&quot; per chi guida in citt\u00e0. Nonostante la potenza extra, rimane notevolmente leggero, con un peso di circa 16 kg, e conserva il caratteristico profilo sottile e la maniglia trolley retrattile leader del settore, che lo rende facile da trasportare nei negozi o sui mezzi pubblici.\" \/>\n<meta name=\"robots\" content=\"index, follow, max-snippet:-1, max-image-preview:large, max-video-preview:-1\" \/>\n<link rel=\"canonical\" href=\"http:\/\/L'Inmotion%20V8S%20\u00e8%20una%20versione%20raffinata%20e%20a%20lungo%20raggio%20di%20un%20classico%20dei%20mezzi%20per%20i%20pendolari,%20che%20raggiunge%20un%20perfetto%20equilibrio%20tra%20portabilit\u00e0%20e%20prestazioni.%20\u00c8%20dotato%20di%20una%20batteria%20potenziata%20da%20728%20Wh%20che%20offre%20un'autonomia%20reale%20impressionante%20di%20circa%2048-64%20km,%20eliminando%20efficacemente%20la%20range%20anxiety%20per%20chi%20guida%20in%20citt\u00e0.%20Nonostante%20la%20potenza%20extra,%20rimane%20notevolmente%20leggero,%20con%20un%20peso%20di%20circa%2016%20kg,%20e%20conserva%20il%20caratteristico%20profilo%20sottile%20e%20la%20maniglia%20trolley%20retrattile%20leader%20del%20settore,%20che%20lo%20rende%20facile%20da%20trasportare%20nei%20negozi%20o%20sui%20mezzi%20pubblici.\" \/>\n<meta property=\"og:locale\" content=\"it_IT\" \/>\n<meta property=\"og:type\" content=\"article\" \/>\n<meta property=\"og:title\" content=\"Inmotion V8S\" \/>\n<meta property=\"og:description\" content=\"L&#039;Inmotion V8S \u00e8 una versione raffinata e a lungo raggio di un classico dei mezzi per i pendolari, che raggiunge un perfetto equilibrio tra portabilit\u00e0 e prestazioni. \u00c8 dotato di una batteria potenziata da 728 Wh che offre un&#039;autonomia reale impressionante di circa 48-64 km, eliminando efficacemente la &quot;range anxiety&quot; per chi guida in citt\u00e0. Nonostante la potenza extra, rimane notevolmente leggero, con un peso di circa 16 kg, e conserva il caratteristico profilo sottile e la maniglia trolley retrattile leader del settore, che lo rende facile da trasportare nei negozi o sui mezzi pubblici.\" \/>\n<meta property=\"og:url\" content=\"https:\/\/monokolo.eu\/it\/product\/inmotion-v8s\/\" \/>\n<meta property=\"og:site_name\" content=\"Monokolo\" \/>\n<meta property=\"article:publisher\" content=\"https:\/\/facebook.com\/monokolo.polska\/\" \/>\n<meta property=\"article:modified_time\" content=\"2026-04-15T18:54:12+00:00\" \/>\n<meta property=\"og:image\" content=\"https:\/\/monokolo.eu\/wp-content\/uploads\/2025\/03\/inmotion-v8s.jpg\" \/>\n\t<meta property=\"og:image:width\" content=\"1050\" \/>\n\t<meta property=\"og:image:height\" content=\"1400\" \/>\n\t<meta property=\"og:image:type\" content=\"image\/jpeg\" \/>\n<meta name=\"twitter:card\" content=\"summary_large_image\" \/>\n<meta name=\"twitter:label1\" content=\"Tempo di lettura stimato\" \/>\n\t<meta name=\"twitter:data1\" content=\"2 minuti\" \/>\n<script type=\"application\/ld+json\" class=\"yoast-schema-graph\">{\"@context\":\"https:\/\/schema.org\",\"@graph\":[{\"@type\":\"WebPage\",\"@id\":\"https:\/\/monokolo.eu\/it\/product\/inmotion-v8s\/\",\"url\":\"https:\/\/monokolo.eu\/it\/product\/inmotion-v8s\/\",\"name\":\"Inmotion V8S - Monokolo\",\"isPartOf\":{\"@id\":\"https:\/\/monokolo.eu\/#website\"},\"primaryImageOfPage\":{\"@id\":\"https:\/\/monokolo.eu\/it\/product\/inmotion-v8s\/#primaryimage\"},\"image\":{\"@id\":\"https:\/\/monokolo.eu\/it\/product\/inmotion-v8s\/#primaryimage\"},\"thumbnailUrl\":\"https:\/\/monokolo.eu\/wp-content\/uploads\/2025\/03\/inmotion-v8s.jpg\",\"datePublished\":\"2025-03-19T09:02:19+00:00\",\"dateModified\":\"2026-04-15T18:54:12+00:00\",\"description\":\"Master your city with the Inmotion V8S. 728Wh battery, 40-mile range, and ultra-portable at 35 lbs. Contact us and we\u2019ll help you choose the right wheel today!\",\"breadcrumb\":{\"@id\":\"https:\/\/monokolo.eu\/it\/product\/inmotion-v8s\/#breadcrumb\"},\"inLanguage\":\"it-IT\",\"potentialAction\":[{\"@type\":\"ReadAction\",\"target\":[\"https:\/\/monokolo.eu\/it\/product\/inmotion-v8s\/\"]}]},{\"@type\":\"ImageObject\",\"inLanguage\":\"it-IT\",\"@id\":\"https:\/\/monokolo.eu\/it\/product\/inmotion-v8s\/#primaryimage\",\"url\":\"https:\/\/monokolo.eu\/wp-content\/uploads\/2025\/03\/inmotion-v8s.jpg\",\"contentUrl\":\"https:\/\/monokolo.eu\/wp-content\/uploads\/2025\/03\/inmotion-v8s.jpg\",\"width\":1050,\"height\":1400,\"caption\":\"inmotion v8s\"},{\"@type\":\"BreadcrumbList\",\"@id\":\"https:\/\/monokolo.eu\/it\/product\/inmotion-v8s\/#breadcrumb\",\"itemListElement\":[{\"@type\":\"ListItem\",\"position\":1,\"name\":\"Monokolo.eu - monocicli elettrici, trasporti elettrici in Europa\",\"item\":\"https:\/\/monokolo.eu\/\"},{\"@type\":\"ListItem\",\"position\":2,\"name\":\"Negozio\",\"item\":\"https:\/\/monokolo.eu\/shop\/\"},{\"@type\":\"ListItem\",\"position\":3,\"name\":\"Inmotion V8S\"}]},{\"@type\":\"WebSite\",\"@id\":\"https:\/\/monokolo.eu\/it\/#website\",\"url\":\"https:\/\/monokolo.eu\/it\/\",\"name\":\"Monokolo.eu\",\"description\":\"Negozio di monocicli elettrici in Europa\",\"publisher\":{\"@id\":\"https:\/\/monokolo.eu\/it\/#organization\"},\"potentialAction\":[{\"@type\":\"SearchAction\",\"target\":{\"@type\":\"EntryPoint\",\"urlTemplate\":\"https:\/\/monokolo.eu\/it\/?s={search_term_string}\"},\"query-input\":{\"@type\":\"PropertyValueSpecification\",\"valueRequired\":true,\"valueName\":\"search_term_string\"}}],\"inLanguage\":\"it-IT\"},{\"@type\":\"Organization\",\"@id\":\"https:\/\/monokolo.eu\/it\/#organization\",\"name\":\"Monokolo\",\"url\":\"https:\/\/monokolo.eu\/it\/\",\"logo\":{\"@type\":\"ImageObject\",\"inLanguage\":\"it-IT\",\"@id\":\"https:\/\/monokolo.eu\/it\/#\/schema\/logo\/image\/\",\"url\":\"https:\/\/monokolo.eu\/wp-content\/uploads\/2025\/04\/logo22.png\",\"contentUrl\":\"https:\/\/monokolo.eu\/wp-content\/uploads\/2025\/04\/logo22.png\",\"width\":755,\"height\":192,\"caption\":\"Monokolo\"},\"image\":{\"@id\":\"https:\/\/monokolo.eu\/it\/#\/schema\/logo\/image\/\"},\"sameAs\":[\"https:\/\/facebook.com\/monokolo.polska\/\",\"https:\/\/www.instagram.com\/monokolo.pl\/\",\"https:\/\/www.tiktok.com\/@monokolo.pl\"]}]}<\/script>\n<!-- \/ Yoast SEO plugin. -->","yoast_head_json":{"title":"Inmotion V8S","description":"L'Inmotion V8S \u00e8 una versione raffinata e a lungo raggio di un classico dei mezzi per i pendolari, che raggiunge un perfetto equilibrio tra portabilit\u00e0 e prestazioni. \u00c8 dotato di una batteria potenziata da 728 Wh che offre un'autonomia reale impressionante di circa 48-64 km, eliminando efficacemente la \"range anxiety\" per chi guida in citt\u00e0. Nonostante la potenza extra, rimane notevolmente leggero, con un peso di circa 16 kg, e conserva il caratteristico profilo sottile e la maniglia trolley retrattile leader del settore, che lo rende facile da trasportare nei negozi o sui mezzi pubblici.","robots":{"index":"index","follow":"follow","max-snippet":"max-snippet:-1","max-image-preview":"max-image-preview:large","max-video-preview":"max-video-preview:-1"},"canonical":"L'Inmotion V8S \u00e8 una versione raffinata e a lungo raggio di un classico dei mezzi per i pendolari, che raggiunge un perfetto equilibrio tra portabilit\u00e0 e prestazioni. \u00c8 dotato di una batteria potenziata da 728 Wh che offre un'autonomia reale impressionante di circa 48-64 km, eliminando efficacemente la \"range anxiety\" per chi guida in citt\u00e0. Nonostante la potenza extra, rimane notevolmente leggero, con un peso di circa 16 kg, e conserva il caratteristico profilo sottile e la maniglia trolley retrattile leader del settore, che lo rende facile da trasportare nei negozi o sui mezzi pubblici.","og_locale":"it_IT","og_type":"article","og_title":"Inmotion V8S","og_description":"L'Inmotion V8S \u00e8 una versione raffinata e a lungo raggio di un classico dei mezzi per i pendolari, che raggiunge un perfetto equilibrio tra portabilit\u00e0 e prestazioni. \u00c8 dotato di una batteria potenziata da 728 Wh che offre un'autonomia reale impressionante di circa 48-64 km, eliminando efficacemente la \"range anxiety\" per chi guida in citt\u00e0. Nonostante la potenza extra, rimane notevolmente leggero, con un peso di circa 16 kg, e conserva il caratteristico profilo sottile e la maniglia trolley retrattile leader del settore, che lo rende facile da trasportare nei negozi o sui mezzi pubblici.","og_url":"https:\/\/monokolo.eu\/it\/product\/inmotion-v8s\/","og_site_name":"Monokolo","article_publisher":"https:\/\/facebook.com\/monokolo.polska\/","article_modified_time":"2026-04-15T18:54:12+00:00","og_image":[{"width":1050,"height":1400,"url":"https:\/\/monokolo.eu\/wp-content\/uploads\/2025\/03\/inmotion-v8s.jpg","type":"image\/jpeg"}],"twitter_card":"summary_large_image","twitter_misc":{"Tempo di lettura stimato":"2 minuti"},"schema":{"@context":"https:\/\/schema.org","@graph":[{"@type":"WebPage","@id":"https:\/\/monokolo.eu\/it\/product\/inmotion-v8s\/","url":"https:\/\/monokolo.eu\/it\/product\/inmotion-v8s\/","name":"Inmotion V8S - Monokolo","isPartOf":{"@id":"https:\/\/monokolo.eu\/#website"},"primaryImageOfPage":{"@id":"https:\/\/monokolo.eu\/it\/product\/inmotion-v8s\/#primaryimage"},"image":{"@id":"https:\/\/monokolo.eu\/it\/product\/inmotion-v8s\/#primaryimage"},"thumbnailUrl":"https:\/\/monokolo.eu\/wp-content\/uploads\/2025\/03\/inmotion-v8s.jpg","datePublished":"2025-03-19T09:02:19+00:00","dateModified":"2026-04-15T18:54:12+00:00","description":"Master your city with the Inmotion V8S. 728Wh battery, 40-mile range, and ultra-portable at 35 lbs. Contact us and we\u2019ll help you choose the right wheel today!","breadcrumb":{"@id":"https:\/\/monokolo.eu\/it\/product\/inmotion-v8s\/#breadcrumb"},"inLanguage":"it-IT","potentialAction":[{"@type":"ReadAction","target":["https:\/\/monokolo.eu\/it\/product\/inmotion-v8s\/"]}]},{"@type":"ImageObject","inLanguage":"it-IT","@id":"https:\/\/monokolo.eu\/it\/product\/inmotion-v8s\/#primaryimage","url":"https:\/\/monokolo.eu\/wp-content\/uploads\/2025\/03\/inmotion-v8s.jpg","contentUrl":"https:\/\/monokolo.eu\/wp-content\/uploads\/2025\/03\/inmotion-v8s.jpg","width":1050,"height":1400,"caption":"inmotion v8s"},{"@type":"BreadcrumbList","@id":"https:\/\/monokolo.eu\/it\/product\/inmotion-v8s\/#breadcrumb","itemListElement":[{"@type":"ListItem","position":1,"name":"Monokolo.eu - monocicli elettrici, trasporti elettrici in Europa","item":"https:\/\/monokolo.eu\/"},{"@type":"ListItem","position":2,"name":"Negozio","item":"https:\/\/monokolo.eu\/shop\/"},{"@type":"ListItem","position":3,"name":"Inmotion V8S"}]},{"@type":"WebSite","@id":"https:\/\/monokolo.eu\/it\/#website","url":"https:\/\/monokolo.eu\/it\/","name":"Monokolo.eu","description":"Negozio di monocicli elettrici in Europa","publisher":{"@id":"https:\/\/monokolo.eu\/it\/#organization"},"potentialAction":[{"@type":"SearchAction","target":{"@type":"EntryPoint","urlTemplate":"https:\/\/monokolo.eu\/it\/?s={search_term_string}"},"query-input":{"@type":"PropertyValueSpecification","valueRequired":true,"valueName":"search_term_string"}}],"inLanguage":"it-IT"},{"@type":"Organization","@id":"https:\/\/monokolo.eu\/it\/#organization","name":"Monokolo","url":"https:\/\/monokolo.eu\/it\/","logo":{"@type":"ImageObject","inLanguage":"it-IT","@id":"https:\/\/monokolo.eu\/it\/#\/schema\/logo\/image\/","url":"https:\/\/monokolo.eu\/wp-content\/uploads\/2025\/04\/logo22.png","contentUrl":"https:\/\/monokolo.eu\/wp-content\/uploads\/2025\/04\/logo22.png","width":755,"height":192,"caption":"Monokolo"},"image":{"@id":"https:\/\/monokolo.eu\/it\/#\/schema\/logo\/image\/"},"sameAs":["https:\/\/facebook.com\/monokolo.polska\/","https:\/\/www.instagram.com\/monokolo.pl\/","https:\/\/www.tiktok.com\/@monokolo.pl"]}]}},"_links":{"self":[{"href":"https:\/\/monokolo.eu\/it\/wp-json\/wp\/v2\/product\/14797","targetHints":{"allow":["GET"]}}],"collection":[{"href":"https:\/\/monokolo.eu\/it\/wp-json\/wp\/v2\/product"}],"about":[{"href":"https:\/\/monokolo.eu\/it\/wp-json\/wp\/v2\/types\/product"}],"replies":[{"embeddable":true,"href":"https:\/\/monokolo.eu\/it\/wp-json\/wp\/v2\/comments?post=14797"}],"wp:featuredmedia":[{"embeddable":true,"href":"https:\/\/monokolo.eu\/it\/wp-json\/wp\/v2\/media\/14798"}],"wp:attachment":[{"href":"https:\/\/monokolo.eu\/it\/wp-json\/wp\/v2\/media?parent=14797"}],"wp:term":[{"taxonomy":"product_brand","embeddable":true,"href":"https:\/\/monokolo.eu\/it\/wp-json\/wp\/v2\/product_brand?post=14797"},{"taxonomy":"product_cat","embeddable":true,"href":"https:\/\/monokolo.eu\/it\/wp-json\/wp\/v2\/product_cat?post=14797"},{"taxonomy":"product_tag","embeddable":true,"href":"https:\/\/monokolo.eu\/it\/wp-json\/wp\/v2\/product_tag?post=14797"}],"curies":[{"name":"wp","href":"https:\/\/api.w.org\/{rel}","templated":true}]}}