{"id":14753,"date":"2025-03-04T17:49:01","date_gmt":"2025-03-04T17:49:01","guid":{"rendered":"https:\/\/monokolo.eu\/product\/\/"},"modified":"2025-10-06T07:50:56","modified_gmt":"2025-10-06T07:50:56","slug":"kingsong-ks-16s","status":"publish","type":"product","link":"https:\/\/monokolo.eu\/it\/product\/kingsong-ks-16s\/","title":{"rendered":"KingSong KS 16S"},"content":{"rendered":"<p>Il KingSong 16S esemplifica un&#8217;armoniosa combinazione di agilit\u00e0, stabilit\u00e0 e design leggero. Perfetto per gli spostamenti in citt\u00e0, offre un&#8217;ampia autonomia per una navigazione senza sforzo nei paesaggi urbani. La sua forma compatta e leggera lo rende facile da trasportare su per le scale o da riporre sotto una scrivania o un tavolo. Dotato di un comfort ineguagliabile tra le ruote con batteria di capacit\u00e0 medio-piccola, il 16S non sacrifica la potenza. Dotato di un motore da 1200 W con un picco di 3000 W e di una straordinaria batteria da 820 Wh, garantisce prestazioni affidabili, pedalata dopo pedalata. Ideale per i ciclisti amatoriali, il 16S pu\u00f2 raggiungere velocit\u00e0 fino a 35 km\/h, garantendo un viaggio fluido ed entusiasmante ogni volta.<\/p>\n<p>Motore brushless ad alta velocit\u00e0 da 1200 Watt<\/p>\n<p>Dotato di un potente motore brushless, le prestazioni sono stabili e affidabili, la potenza nominale raggiunge i 1200 W, la coppia massima \u00e8 di 80 Nm e la velocit\u00e0 massima pu\u00f2 raggiungere i 35 km\/h.<\/p>\n<p>Batteria potente da 840 Wh<\/p>\n<p>Il cuore del monociclo Kingsong \u00e8 una potente batteria integrata da 840 Wh con un tempo di ricarica di circa 7 ore, che garantisce un&#8217;autonomia di circa 80 km.<\/p>\n<p>Nuovo pedale a nido d&#8217;ape migliorato<\/p>\n<p>Il pedale migliorato migliora l&#8217;attrito tra le scarpe e la superficie del pedale, rendendo la guida pi\u00f9 confortevole e sicura.<\/p>\n","protected":false},"excerpt":{"rendered":"<p>Il KingSong 16S esemplifica un&#8217;armoniosa combinazione di agilit\u00e0, stabilit\u00e0 e design leggero. Perfetto per gli spostamenti in citt\u00e0, offre un&#8217;ampia autonomia per una navigazione senza sforzo nei paesaggi urbani. La sua forma compatta e leggera lo rende facile da trasportare su per le scale o da riporre sotto una scrivania o un tavolo. Dotato di &hellip; <br \/><a href=\"https:\/\/monokolo.eu\/it\/product\/kingsong-ks-16s\/\" class=\"more-link\">Continue reading <span class=\"screen-reader-text\">KingSong KS 16S<\/span><\/a><\/p>\n","protected":false},"featured_media":14754,"comment_status":"open","ping_status":"closed","template":"","meta":[],"product_brand":[],"product_cat":[55,110],"product_tag":[26],"class_list":{"0":"post-14753","1":"product","2":"type-product","3":"status-publish","4":"has-post-thumbnail","6":"product_cat-electric-unicycles","7":"product_cat-kingsong","8":"product_tag-euc","10":"first","11":"instock","12":"sale","13":"taxable","14":"shipping-taxable","15":"purchasable","16":"product-type-simple"},"yoast_head":"<!-- This site is optimized with the Yoast SEO plugin v26.8 - https:\/\/yoast.com\/product\/yoast-seo-wordpress\/ -->\n<title>KingSong KS 16S<\/title>\n<meta name=\"description\" content=\"Il KingSong 16S esemplifica un&#039;armoniosa combinazione di agilit\u00e0, stabilit\u00e0 e design leggero. Perfetto per gli spostamenti in citt\u00e0, offre un&#039;ampia autonomia per una navigazione senza sforzo nei paesaggi urbani. La sua forma compatta e leggera lo rende facile da trasportare su per le scale o da riporre sotto una scrivania o un tavolo. Dotato di&hellip;\" \/>\n<meta name=\"robots\" content=\"index, follow, max-snippet:-1, max-image-preview:large, max-video-preview:-1\" \/>\n<link rel=\"canonical\" href=\"http:\/\/Il%20KingSong%2016S%20esemplifica%20un'armoniosa%20combinazione%20di%20agilit\u00e0,%20stabilit\u00e0%20e%20design%20leggero.%20Perfetto%20per%20gli%20spostamenti%20in%20citt\u00e0,%20offre%20un'ampia%20autonomia%20per%20una%20navigazione%20senza%20sforzo%20nei%20paesaggi%20urbani.%20La%20sua%20forma%20compatta%20e%20leggera%20lo%20rende%20facile%20da%20trasportare%20su%20per%20le%20scale%20o%20da%20riporre%20sotto%20una%20scrivania%20o%20un%20tavolo.%20Dotato%20di&hellip;\" \/>\n<meta property=\"og:locale\" content=\"it_IT\" \/>\n<meta property=\"og:type\" content=\"article\" \/>\n<meta property=\"og:title\" content=\"KingSong KS 16S\" \/>\n<meta property=\"og:description\" content=\"Il KingSong 16S esemplifica un&#039;armoniosa combinazione di agilit\u00e0, stabilit\u00e0 e design leggero. Perfetto per gli spostamenti in citt\u00e0, offre un&#039;ampia autonomia per una navigazione senza sforzo nei paesaggi urbani. La sua forma compatta e leggera lo rende facile da trasportare su per le scale o da riporre sotto una scrivania o un tavolo. Dotato di&hellip;\" \/>\n<meta property=\"og:url\" content=\"https:\/\/monokolo.eu\/it\/product\/kingsong-ks-16s\/\" \/>\n<meta property=\"og:site_name\" content=\"Monokolo\" \/>\n<meta property=\"article:publisher\" content=\"https:\/\/facebook.com\/monokolo.polska\/\" \/>\n<meta property=\"article:modified_time\" content=\"2025-10-06T07:50:56+00:00\" \/>\n<meta property=\"og:image\" content=\"https:\/\/monokolo.eu\/wp-content\/uploads\/2025\/03\/kingsong-16S.jpg\" \/>\n\t<meta property=\"og:image:width\" content=\"900\" \/>\n\t<meta property=\"og:image:height\" content=\"1200\" \/>\n\t<meta property=\"og:image:type\" content=\"image\/jpeg\" \/>\n<meta name=\"twitter:card\" content=\"summary_large_image\" \/>\n<meta name=\"twitter:label1\" content=\"Tempo di lettura stimato\" \/>\n\t<meta name=\"twitter:data1\" content=\"1 minuto\" \/>\n<script type=\"application\/ld+json\" class=\"yoast-schema-graph\">{\"@context\":\"https:\/\/schema.org\",\"@graph\":[{\"@type\":\"WebPage\",\"@id\":\"https:\/\/monokolo.eu\/it\/product\/kingsong-ks-16s\/\",\"url\":\"https:\/\/monokolo.eu\/it\/product\/kingsong-ks-16s\/\",\"name\":\"KingSong KS 16S - Monokolo\",\"isPartOf\":{\"@id\":\"https:\/\/monokolo.eu\/#website\"},\"primaryImageOfPage\":{\"@id\":\"https:\/\/monokolo.eu\/it\/product\/kingsong-ks-16s\/#primaryimage\"},\"image\":{\"@id\":\"https:\/\/monokolo.eu\/it\/product\/kingsong-ks-16s\/#primaryimage\"},\"thumbnailUrl\":\"https:\/\/monokolo.eu\/wp-content\/uploads\/2025\/03\/kingsong-16S.jpg\",\"datePublished\":\"2025-03-04T17:49:01+00:00\",\"dateModified\":\"2025-10-06T07:50:56+00:00\",\"breadcrumb\":{\"@id\":\"https:\/\/monokolo.eu\/it\/product\/kingsong-ks-16s\/#breadcrumb\"},\"inLanguage\":\"it-IT\",\"potentialAction\":[{\"@type\":\"ReadAction\",\"target\":[\"https:\/\/monokolo.eu\/it\/product\/kingsong-ks-16s\/\"]}]},{\"@type\":\"ImageObject\",\"inLanguage\":\"it-IT\",\"@id\":\"https:\/\/monokolo.eu\/it\/product\/kingsong-ks-16s\/#primaryimage\",\"url\":\"https:\/\/monokolo.eu\/wp-content\/uploads\/2025\/03\/kingsong-16S.jpg\",\"contentUrl\":\"https:\/\/monokolo.eu\/wp-content\/uploads\/2025\/03\/kingsong-16S.jpg\",\"width\":900,\"height\":1200,\"caption\":\"Kingsong 16S EUC black\"},{\"@type\":\"BreadcrumbList\",\"@id\":\"https:\/\/monokolo.eu\/it\/product\/kingsong-ks-16s\/#breadcrumb\",\"itemListElement\":[{\"@type\":\"ListItem\",\"position\":1,\"name\":\"Monokolo.eu - monocicli elettrici, trasporti elettrici in Europa\",\"item\":\"https:\/\/monokolo.eu\/\"},{\"@type\":\"ListItem\",\"position\":2,\"name\":\"Negozio\",\"item\":\"https:\/\/monokolo.eu\/shop\/\"},{\"@type\":\"ListItem\",\"position\":3,\"name\":\"KingSong KS 16S\"}]},{\"@type\":\"WebSite\",\"@id\":\"https:\/\/monokolo.eu\/it\/#website\",\"url\":\"https:\/\/monokolo.eu\/it\/\",\"name\":\"Monokolo.eu\",\"description\":\"Negozio di monocicli elettrici in Europa\",\"publisher\":{\"@id\":\"https:\/\/monokolo.eu\/it\/#organization\"},\"potentialAction\":[{\"@type\":\"SearchAction\",\"target\":{\"@type\":\"EntryPoint\",\"urlTemplate\":\"https:\/\/monokolo.eu\/it\/?s={search_term_string}\"},\"query-input\":{\"@type\":\"PropertyValueSpecification\",\"valueRequired\":true,\"valueName\":\"search_term_string\"}}],\"inLanguage\":\"it-IT\"},{\"@type\":\"Organization\",\"@id\":\"https:\/\/monokolo.eu\/it\/#organization\",\"name\":\"Monokolo\",\"url\":\"https:\/\/monokolo.eu\/it\/\",\"logo\":{\"@type\":\"ImageObject\",\"inLanguage\":\"it-IT\",\"@id\":\"https:\/\/monokolo.eu\/it\/#\/schema\/logo\/image\/\",\"url\":\"https:\/\/monokolo.eu\/wp-content\/uploads\/2025\/04\/logo22.png\",\"contentUrl\":\"https:\/\/monokolo.eu\/wp-content\/uploads\/2025\/04\/logo22.png\",\"width\":755,\"height\":192,\"caption\":\"Monokolo\"},\"image\":{\"@id\":\"https:\/\/monokolo.eu\/it\/#\/schema\/logo\/image\/\"},\"sameAs\":[\"https:\/\/facebook.com\/monokolo.polska\/\",\"https:\/\/www.instagram.com\/monokolo.pl\/\",\"https:\/\/www.tiktok.com\/@monokolo.pl\"]}]}<\/script>\n<!-- \/ Yoast SEO plugin. -->","yoast_head_json":{"title":"KingSong KS 16S","description":"Il KingSong 16S esemplifica un'armoniosa combinazione di agilit\u00e0, stabilit\u00e0 e design leggero. Perfetto per gli spostamenti in citt\u00e0, offre un'ampia autonomia per una navigazione senza sforzo nei paesaggi urbani. La sua forma compatta e leggera lo rende facile da trasportare su per le scale o da riporre sotto una scrivania o un tavolo. Dotato di&hellip;","robots":{"index":"index","follow":"follow","max-snippet":"max-snippet:-1","max-image-preview":"max-image-preview:large","max-video-preview":"max-video-preview:-1"},"canonical":"Il KingSong 16S esemplifica un'armoniosa combinazione di agilit\u00e0, stabilit\u00e0 e design leggero. Perfetto per gli spostamenti in citt\u00e0, offre un'ampia autonomia per una navigazione senza sforzo nei paesaggi urbani. La sua forma compatta e leggera lo rende facile da trasportare su per le scale o da riporre sotto una scrivania o un tavolo. Dotato di&hellip;","og_locale":"it_IT","og_type":"article","og_title":"KingSong KS 16S","og_description":"Il KingSong 16S esemplifica un'armoniosa combinazione di agilit\u00e0, stabilit\u00e0 e design leggero. Perfetto per gli spostamenti in citt\u00e0, offre un'ampia autonomia per una navigazione senza sforzo nei paesaggi urbani. La sua forma compatta e leggera lo rende facile da trasportare su per le scale o da riporre sotto una scrivania o un tavolo. Dotato di&hellip;","og_url":"https:\/\/monokolo.eu\/it\/product\/kingsong-ks-16s\/","og_site_name":"Monokolo","article_publisher":"https:\/\/facebook.com\/monokolo.polska\/","article_modified_time":"2025-10-06T07:50:56+00:00","og_image":[{"width":900,"height":1200,"url":"https:\/\/monokolo.eu\/wp-content\/uploads\/2025\/03\/kingsong-16S.jpg","type":"image\/jpeg"}],"twitter_card":"summary_large_image","twitter_misc":{"Tempo di lettura stimato":"1 minuto"},"schema":{"@context":"https:\/\/schema.org","@graph":[{"@type":"WebPage","@id":"https:\/\/monokolo.eu\/it\/product\/kingsong-ks-16s\/","url":"https:\/\/monokolo.eu\/it\/product\/kingsong-ks-16s\/","name":"KingSong KS 16S - Monokolo","isPartOf":{"@id":"https:\/\/monokolo.eu\/#website"},"primaryImageOfPage":{"@id":"https:\/\/monokolo.eu\/it\/product\/kingsong-ks-16s\/#primaryimage"},"image":{"@id":"https:\/\/monokolo.eu\/it\/product\/kingsong-ks-16s\/#primaryimage"},"thumbnailUrl":"https:\/\/monokolo.eu\/wp-content\/uploads\/2025\/03\/kingsong-16S.jpg","datePublished":"2025-03-04T17:49:01+00:00","dateModified":"2025-10-06T07:50:56+00:00","breadcrumb":{"@id":"https:\/\/monokolo.eu\/it\/product\/kingsong-ks-16s\/#breadcrumb"},"inLanguage":"it-IT","potentialAction":[{"@type":"ReadAction","target":["https:\/\/monokolo.eu\/it\/product\/kingsong-ks-16s\/"]}]},{"@type":"ImageObject","inLanguage":"it-IT","@id":"https:\/\/monokolo.eu\/it\/product\/kingsong-ks-16s\/#primaryimage","url":"https:\/\/monokolo.eu\/wp-content\/uploads\/2025\/03\/kingsong-16S.jpg","contentUrl":"https:\/\/monokolo.eu\/wp-content\/uploads\/2025\/03\/kingsong-16S.jpg","width":900,"height":1200,"caption":"Kingsong 16S EUC black"},{"@type":"BreadcrumbList","@id":"https:\/\/monokolo.eu\/it\/product\/kingsong-ks-16s\/#breadcrumb","itemListElement":[{"@type":"ListItem","position":1,"name":"Monokolo.eu - monocicli elettrici, trasporti elettrici in Europa","item":"https:\/\/monokolo.eu\/"},{"@type":"ListItem","position":2,"name":"Negozio","item":"https:\/\/monokolo.eu\/shop\/"},{"@type":"ListItem","position":3,"name":"KingSong KS 16S"}]},{"@type":"WebSite","@id":"https:\/\/monokolo.eu\/it\/#website","url":"https:\/\/monokolo.eu\/it\/","name":"Monokolo.eu","description":"Negozio di monocicli elettrici in Europa","publisher":{"@id":"https:\/\/monokolo.eu\/it\/#organization"},"potentialAction":[{"@type":"SearchAction","target":{"@type":"EntryPoint","urlTemplate":"https:\/\/monokolo.eu\/it\/?s={search_term_string}"},"query-input":{"@type":"PropertyValueSpecification","valueRequired":true,"valueName":"search_term_string"}}],"inLanguage":"it-IT"},{"@type":"Organization","@id":"https:\/\/monokolo.eu\/it\/#organization","name":"Monokolo","url":"https:\/\/monokolo.eu\/it\/","logo":{"@type":"ImageObject","inLanguage":"it-IT","@id":"https:\/\/monokolo.eu\/it\/#\/schema\/logo\/image\/","url":"https:\/\/monokolo.eu\/wp-content\/uploads\/2025\/04\/logo22.png","contentUrl":"https:\/\/monokolo.eu\/wp-content\/uploads\/2025\/04\/logo22.png","width":755,"height":192,"caption":"Monokolo"},"image":{"@id":"https:\/\/monokolo.eu\/it\/#\/schema\/logo\/image\/"},"sameAs":["https:\/\/facebook.com\/monokolo.polska\/","https:\/\/www.instagram.com\/monokolo.pl\/","https:\/\/www.tiktok.com\/@monokolo.pl"]}]}},"_links":{"self":[{"href":"https:\/\/monokolo.eu\/it\/wp-json\/wp\/v2\/product\/14753","targetHints":{"allow":["GET"]}}],"collection":[{"href":"https:\/\/monokolo.eu\/it\/wp-json\/wp\/v2\/product"}],"about":[{"href":"https:\/\/monokolo.eu\/it\/wp-json\/wp\/v2\/types\/product"}],"replies":[{"embeddable":true,"href":"https:\/\/monokolo.eu\/it\/wp-json\/wp\/v2\/comments?post=14753"}],"wp:featuredmedia":[{"embeddable":true,"href":"https:\/\/monokolo.eu\/it\/wp-json\/wp\/v2\/media\/14754"}],"wp:attachment":[{"href":"https:\/\/monokolo.eu\/it\/wp-json\/wp\/v2\/media?parent=14753"}],"wp:term":[{"taxonomy":"product_brand","embeddable":true,"href":"https:\/\/monokolo.eu\/it\/wp-json\/wp\/v2\/product_brand?post=14753"},{"taxonomy":"product_cat","embeddable":true,"href":"https:\/\/monokolo.eu\/it\/wp-json\/wp\/v2\/product_cat?post=14753"},{"taxonomy":"product_tag","embeddable":true,"href":"https:\/\/monokolo.eu\/it\/wp-json\/wp\/v2\/product_tag?post=14753"}],"curies":[{"name":"wp","href":"https:\/\/api.w.org\/{rel}","templated":true}]}}