{"id":14743,"date":"2025-03-04T16:41:25","date_gmt":"2025-03-04T16:41:25","guid":{"rendered":"https:\/\/monokolo.eu\/product\/\/"},"modified":"2025-10-25T08:53:40","modified_gmt":"2025-10-25T08:53:40","slug":"kingsong-14d","status":"publish","type":"product","link":"https:\/\/monokolo.eu\/it\/product\/kingsong-14d\/","title":{"rendered":"KingSong 14D"},"content":{"rendered":"<h5>Informazioni sul prodotto<\/h5>\n<p>Il KS-14D \u00e8 uno dei modelli di monociclo pi\u00f9 performanti nella categoria da 14 pollici, superando facilmente gran parte della concorrenza. \u00c8 una scelta fantastica sia per i principianti che per coloro che cercano un upgrade rispetto al loro monociclo elettrico base. Il modello vanta un eccellente equilibrio tra peso, dimensioni e prestazioni.<\/p>\n<p>Il monociclo elettrico Kingsong 14D \u00e8 progettato per chi desidera muoversi rapidamente in citt\u00e0. Il suo design leggero ne facilita il trasporto, perfetto per chi non si sente ancora a suo agio con monocicli pi\u00f9 grandi e potenti. Inoltre, il monociclo \u00e8 dotato di una maniglia estensibile sulla parte superiore, che ne facilita lo spostamento.<\/p>\n<p>Con un motore da 800 W racchiuso in una ruota da 14 pollici, il 14D pu\u00f2 superare i 30 km\/h e percorrere distanze di 30 chilometri. Questo lo rende ideale per i principianti che desiderano un monociclo con cui crescere, cos\u00ec come per chiunque desideri esplorare il mondo delle ruote pi\u00f9 piccole.<\/p>\n<p>La compattezza del 14D, come di altri cerchi da 14 pollici, \u00e8 imbattibile per la guida in citt\u00e0. Con quattro strisce LED laterali personalizzabili e altoparlanti Bluetooth, sarai visibile e udibile durante i viaggi notturni. I fari anteriori e posteriori, sia anteriori che posteriori, garantiscono una guida sicura in entrambe le direzioni. Inoltre, il manico pieghevole del trolley lo rende facile da trasportare o spingere, il tutto con un peso di poco inferiore ai 15 kg.<\/p>\n<p>Grazie al suo design leggero e compatto, il 14D offre un&#8217;esperienza di guida piacevole in luoghi in cui le auto non possono avventurarsi. Che tu stia esplorando parchi locali, piste ciclabili o aree urbane dense, non dovrai avere a che fare con un mezzo pesante o ingombrante. Ti mimetizzerai perfettamente nel traffico pedonale e ciclabile e, mentre gli altri si sforzano per raggiungere la loro destinazione, tu scivolerai senza sforzo e ti godrai il viaggio.<\/p>\n","protected":false},"excerpt":{"rendered":"<p>Sebbene il KingSong 14D sia piccolo, vanta una miriade di caratteristiche che lo rendono difficile da competere con altri veicoli elettrici nella sua fascia di prezzo. Gli pneumatici da 14 pollici del King Song 14D offrono un&#8217;eccellente manovrabilit\u00e0, portabilit\u00e0 e versatilit\u00e0, rendendolo la scelta perfetta sia per i pendolari urbani che per gli esploratori di sentieri. Se stai cercando di avventurarti nel mondo dei monocicli elettrici senza spendere una fortuna e desideri un modello con cui crescere, il King Song 14D \u00e8 la tua scelta ideale.<\/p>\n","protected":false},"featured_media":14744,"comment_status":"open","ping_status":"closed","template":"","meta":[],"product_brand":[],"product_cat":[55,110],"product_tag":[26],"class_list":{"0":"post-14743","1":"product","2":"type-product","3":"status-publish","4":"has-post-thumbnail","6":"product_cat-electric-unicycles","7":"product_cat-kingsong","8":"product_tag-euc","10":"first","11":"onbackorder","12":"sale","13":"taxable","14":"shipping-taxable","15":"purchasable","16":"product-type-simple"},"yoast_head":"<!-- This site is optimized with the Yoast SEO plugin v26.8 - https:\/\/yoast.com\/product\/yoast-seo-wordpress\/ -->\n<title>KingSong 14D<\/title>\n<meta name=\"description\" content=\"Sebbene il KingSong 14D sia piccolo, vanta una miriade di caratteristiche che lo rendono difficile da competere con altri veicoli elettrici nella sua fascia di prezzo. Gli pneumatici da 14 pollici del King Song 14D offrono un&#039;eccellente manovrabilit\u00e0, portabilit\u00e0 e versatilit\u00e0, rendendolo la scelta perfetta sia per i pendolari urbani che per gli esploratori di sentieri. Se stai cercando di avventurarti nel mondo dei monocicli elettrici senza spendere una fortuna e desideri un modello con cui crescere, il King Song 14D \u00e8 la tua scelta ideale.\" \/>\n<meta name=\"robots\" content=\"index, follow, max-snippet:-1, max-image-preview:large, max-video-preview:-1\" \/>\n<link rel=\"canonical\" href=\"http:\/\/Sebbene%20il%20KingSong%2014D%20sia%20piccolo,%20vanta%20una%20miriade%20di%20caratteristiche%20che%20lo%20rendono%20difficile%20da%20competere%20con%20altri%20veicoli%20elettrici%20nella%20sua%20fascia%20di%20prezzo.%20Gli%20pneumatici%20da%2014%20pollici%20del%20King%20Song%2014D%20offrono%20un'eccellente%20manovrabilit\u00e0,%20portabilit\u00e0%20e%20versatilit\u00e0,%20rendendolo%20la%20scelta%20perfetta%20sia%20per%20i%20pendolari%20urbani%20che%20per%20gli%20esploratori%20di%20sentieri.%20Se%20stai%20cercando%20di%20avventurarti%20nel%20mondo%20dei%20monocicli%20elettrici%20senza%20spendere%20una%20fortuna%20e%20desideri%20un%20modello%20con%20cui%20crescere,%20il%20King%20Song%2014D%20\u00e8%20la%20tua%20scelta%20ideale.\" \/>\n<meta property=\"og:locale\" content=\"it_IT\" \/>\n<meta property=\"og:type\" content=\"article\" \/>\n<meta property=\"og:title\" content=\"KingSong 14D\" \/>\n<meta property=\"og:description\" content=\"Sebbene il KingSong 14D sia piccolo, vanta una miriade di caratteristiche che lo rendono difficile da competere con altri veicoli elettrici nella sua fascia di prezzo. Gli pneumatici da 14 pollici del King Song 14D offrono un&#039;eccellente manovrabilit\u00e0, portabilit\u00e0 e versatilit\u00e0, rendendolo la scelta perfetta sia per i pendolari urbani che per gli esploratori di sentieri. Se stai cercando di avventurarti nel mondo dei monocicli elettrici senza spendere una fortuna e desideri un modello con cui crescere, il King Song 14D \u00e8 la tua scelta ideale.\" \/>\n<meta property=\"og:url\" content=\"https:\/\/monokolo.eu\/it\/product\/kingsong-14d\/\" \/>\n<meta property=\"og:site_name\" content=\"Monokolo\" \/>\n<meta property=\"article:publisher\" content=\"https:\/\/facebook.com\/monokolo.polska\/\" \/>\n<meta property=\"article:modified_time\" content=\"2025-10-25T08:53:40+00:00\" \/>\n<meta property=\"og:image\" content=\"https:\/\/monokolo.eu\/wp-content\/uploads\/2025\/03\/kingsong-14d-black-001.jpg\" \/>\n\t<meta property=\"og:image:width\" content=\"1050\" \/>\n\t<meta property=\"og:image:height\" content=\"1400\" \/>\n\t<meta property=\"og:image:type\" content=\"image\/jpeg\" \/>\n<meta name=\"twitter:card\" content=\"summary_large_image\" \/>\n<meta name=\"twitter:label1\" content=\"Tempo di lettura stimato\" \/>\n\t<meta name=\"twitter:data1\" content=\"1 minuto\" \/>\n<script type=\"application\/ld+json\" class=\"yoast-schema-graph\">{\"@context\":\"https:\/\/schema.org\",\"@graph\":[{\"@type\":\"WebPage\",\"@id\":\"https:\/\/monokolo.eu\/it\/product\/kingsong-14d\/\",\"url\":\"https:\/\/monokolo.eu\/it\/product\/kingsong-14d\/\",\"name\":\"KingSong 14D - Monokolo\",\"isPartOf\":{\"@id\":\"https:\/\/monokolo.eu\/#website\"},\"primaryImageOfPage\":{\"@id\":\"https:\/\/monokolo.eu\/it\/product\/kingsong-14d\/#primaryimage\"},\"image\":{\"@id\":\"https:\/\/monokolo.eu\/it\/product\/kingsong-14d\/#primaryimage\"},\"thumbnailUrl\":\"https:\/\/monokolo.eu\/wp-content\/uploads\/2025\/03\/kingsong-14d-black-001.jpg\",\"datePublished\":\"2025-03-04T16:41:25+00:00\",\"dateModified\":\"2025-10-25T08:53:40+00:00\",\"breadcrumb\":{\"@id\":\"https:\/\/monokolo.eu\/it\/product\/kingsong-14d\/#breadcrumb\"},\"inLanguage\":\"it-IT\",\"potentialAction\":[{\"@type\":\"ReadAction\",\"target\":[\"https:\/\/monokolo.eu\/it\/product\/kingsong-14d\/\"]}]},{\"@type\":\"ImageObject\",\"inLanguage\":\"it-IT\",\"@id\":\"https:\/\/monokolo.eu\/it\/product\/kingsong-14d\/#primaryimage\",\"url\":\"https:\/\/monokolo.eu\/wp-content\/uploads\/2025\/03\/kingsong-14d-black-001.jpg\",\"contentUrl\":\"https:\/\/monokolo.eu\/wp-content\/uploads\/2025\/03\/kingsong-14d-black-001.jpg\",\"width\":1050,\"height\":1400,\"caption\":\"kingsong 14D 420wh black\"},{\"@type\":\"BreadcrumbList\",\"@id\":\"https:\/\/monokolo.eu\/it\/product\/kingsong-14d\/#breadcrumb\",\"itemListElement\":[{\"@type\":\"ListItem\",\"position\":1,\"name\":\"Monokolo.eu - monocicli elettrici, trasporti elettrici in Europa\",\"item\":\"https:\/\/monokolo.eu\/\"},{\"@type\":\"ListItem\",\"position\":2,\"name\":\"Negozio\",\"item\":\"https:\/\/monokolo.eu\/shop\/\"},{\"@type\":\"ListItem\",\"position\":3,\"name\":\"KingSong 14D\"}]},{\"@type\":\"WebSite\",\"@id\":\"https:\/\/monokolo.eu\/it\/#website\",\"url\":\"https:\/\/monokolo.eu\/it\/\",\"name\":\"Monokolo.eu\",\"description\":\"Negozio di monocicli elettrici in Europa\",\"publisher\":{\"@id\":\"https:\/\/monokolo.eu\/it\/#organization\"},\"potentialAction\":[{\"@type\":\"SearchAction\",\"target\":{\"@type\":\"EntryPoint\",\"urlTemplate\":\"https:\/\/monokolo.eu\/it\/?s={search_term_string}\"},\"query-input\":{\"@type\":\"PropertyValueSpecification\",\"valueRequired\":true,\"valueName\":\"search_term_string\"}}],\"inLanguage\":\"it-IT\"},{\"@type\":\"Organization\",\"@id\":\"https:\/\/monokolo.eu\/it\/#organization\",\"name\":\"Monokolo\",\"url\":\"https:\/\/monokolo.eu\/it\/\",\"logo\":{\"@type\":\"ImageObject\",\"inLanguage\":\"it-IT\",\"@id\":\"https:\/\/monokolo.eu\/it\/#\/schema\/logo\/image\/\",\"url\":\"https:\/\/monokolo.eu\/wp-content\/uploads\/2025\/04\/logo22.png\",\"contentUrl\":\"https:\/\/monokolo.eu\/wp-content\/uploads\/2025\/04\/logo22.png\",\"width\":755,\"height\":192,\"caption\":\"Monokolo\"},\"image\":{\"@id\":\"https:\/\/monokolo.eu\/it\/#\/schema\/logo\/image\/\"},\"sameAs\":[\"https:\/\/facebook.com\/monokolo.polska\/\",\"https:\/\/www.instagram.com\/monokolo.pl\/\",\"https:\/\/www.tiktok.com\/@monokolo.pl\"]}]}<\/script>\n<!-- \/ Yoast SEO plugin. -->","yoast_head_json":{"title":"KingSong 14D","description":"Sebbene il KingSong 14D sia piccolo, vanta una miriade di caratteristiche che lo rendono difficile da competere con altri veicoli elettrici nella sua fascia di prezzo. Gli pneumatici da 14 pollici del King Song 14D offrono un'eccellente manovrabilit\u00e0, portabilit\u00e0 e versatilit\u00e0, rendendolo la scelta perfetta sia per i pendolari urbani che per gli esploratori di sentieri. Se stai cercando di avventurarti nel mondo dei monocicli elettrici senza spendere una fortuna e desideri un modello con cui crescere, il King Song 14D \u00e8 la tua scelta ideale.","robots":{"index":"index","follow":"follow","max-snippet":"max-snippet:-1","max-image-preview":"max-image-preview:large","max-video-preview":"max-video-preview:-1"},"canonical":"Sebbene il KingSong 14D sia piccolo, vanta una miriade di caratteristiche che lo rendono difficile da competere con altri veicoli elettrici nella sua fascia di prezzo. Gli pneumatici da 14 pollici del King Song 14D offrono un'eccellente manovrabilit\u00e0, portabilit\u00e0 e versatilit\u00e0, rendendolo la scelta perfetta sia per i pendolari urbani che per gli esploratori di sentieri. Se stai cercando di avventurarti nel mondo dei monocicli elettrici senza spendere una fortuna e desideri un modello con cui crescere, il King Song 14D \u00e8 la tua scelta ideale.","og_locale":"it_IT","og_type":"article","og_title":"KingSong 14D","og_description":"Sebbene il KingSong 14D sia piccolo, vanta una miriade di caratteristiche che lo rendono difficile da competere con altri veicoli elettrici nella sua fascia di prezzo. Gli pneumatici da 14 pollici del King Song 14D offrono un'eccellente manovrabilit\u00e0, portabilit\u00e0 e versatilit\u00e0, rendendolo la scelta perfetta sia per i pendolari urbani che per gli esploratori di sentieri. Se stai cercando di avventurarti nel mondo dei monocicli elettrici senza spendere una fortuna e desideri un modello con cui crescere, il King Song 14D \u00e8 la tua scelta ideale.","og_url":"https:\/\/monokolo.eu\/it\/product\/kingsong-14d\/","og_site_name":"Monokolo","article_publisher":"https:\/\/facebook.com\/monokolo.polska\/","article_modified_time":"2025-10-25T08:53:40+00:00","og_image":[{"width":1050,"height":1400,"url":"https:\/\/monokolo.eu\/wp-content\/uploads\/2025\/03\/kingsong-14d-black-001.jpg","type":"image\/jpeg"}],"twitter_card":"summary_large_image","twitter_misc":{"Tempo di lettura stimato":"1 minuto"},"schema":{"@context":"https:\/\/schema.org","@graph":[{"@type":"WebPage","@id":"https:\/\/monokolo.eu\/it\/product\/kingsong-14d\/","url":"https:\/\/monokolo.eu\/it\/product\/kingsong-14d\/","name":"KingSong 14D - Monokolo","isPartOf":{"@id":"https:\/\/monokolo.eu\/#website"},"primaryImageOfPage":{"@id":"https:\/\/monokolo.eu\/it\/product\/kingsong-14d\/#primaryimage"},"image":{"@id":"https:\/\/monokolo.eu\/it\/product\/kingsong-14d\/#primaryimage"},"thumbnailUrl":"https:\/\/monokolo.eu\/wp-content\/uploads\/2025\/03\/kingsong-14d-black-001.jpg","datePublished":"2025-03-04T16:41:25+00:00","dateModified":"2025-10-25T08:53:40+00:00","breadcrumb":{"@id":"https:\/\/monokolo.eu\/it\/product\/kingsong-14d\/#breadcrumb"},"inLanguage":"it-IT","potentialAction":[{"@type":"ReadAction","target":["https:\/\/monokolo.eu\/it\/product\/kingsong-14d\/"]}]},{"@type":"ImageObject","inLanguage":"it-IT","@id":"https:\/\/monokolo.eu\/it\/product\/kingsong-14d\/#primaryimage","url":"https:\/\/monokolo.eu\/wp-content\/uploads\/2025\/03\/kingsong-14d-black-001.jpg","contentUrl":"https:\/\/monokolo.eu\/wp-content\/uploads\/2025\/03\/kingsong-14d-black-001.jpg","width":1050,"height":1400,"caption":"kingsong 14D 420wh black"},{"@type":"BreadcrumbList","@id":"https:\/\/monokolo.eu\/it\/product\/kingsong-14d\/#breadcrumb","itemListElement":[{"@type":"ListItem","position":1,"name":"Monokolo.eu - monocicli elettrici, trasporti elettrici in Europa","item":"https:\/\/monokolo.eu\/"},{"@type":"ListItem","position":2,"name":"Negozio","item":"https:\/\/monokolo.eu\/shop\/"},{"@type":"ListItem","position":3,"name":"KingSong 14D"}]},{"@type":"WebSite","@id":"https:\/\/monokolo.eu\/it\/#website","url":"https:\/\/monokolo.eu\/it\/","name":"Monokolo.eu","description":"Negozio di monocicli elettrici in Europa","publisher":{"@id":"https:\/\/monokolo.eu\/it\/#organization"},"potentialAction":[{"@type":"SearchAction","target":{"@type":"EntryPoint","urlTemplate":"https:\/\/monokolo.eu\/it\/?s={search_term_string}"},"query-input":{"@type":"PropertyValueSpecification","valueRequired":true,"valueName":"search_term_string"}}],"inLanguage":"it-IT"},{"@type":"Organization","@id":"https:\/\/monokolo.eu\/it\/#organization","name":"Monokolo","url":"https:\/\/monokolo.eu\/it\/","logo":{"@type":"ImageObject","inLanguage":"it-IT","@id":"https:\/\/monokolo.eu\/it\/#\/schema\/logo\/image\/","url":"https:\/\/monokolo.eu\/wp-content\/uploads\/2025\/04\/logo22.png","contentUrl":"https:\/\/monokolo.eu\/wp-content\/uploads\/2025\/04\/logo22.png","width":755,"height":192,"caption":"Monokolo"},"image":{"@id":"https:\/\/monokolo.eu\/it\/#\/schema\/logo\/image\/"},"sameAs":["https:\/\/facebook.com\/monokolo.polska\/","https:\/\/www.instagram.com\/monokolo.pl\/","https:\/\/www.tiktok.com\/@monokolo.pl"]}]}},"_links":{"self":[{"href":"https:\/\/monokolo.eu\/it\/wp-json\/wp\/v2\/product\/14743","targetHints":{"allow":["GET"]}}],"collection":[{"href":"https:\/\/monokolo.eu\/it\/wp-json\/wp\/v2\/product"}],"about":[{"href":"https:\/\/monokolo.eu\/it\/wp-json\/wp\/v2\/types\/product"}],"replies":[{"embeddable":true,"href":"https:\/\/monokolo.eu\/it\/wp-json\/wp\/v2\/comments?post=14743"}],"wp:featuredmedia":[{"embeddable":true,"href":"https:\/\/monokolo.eu\/it\/wp-json\/wp\/v2\/media\/14744"}],"wp:attachment":[{"href":"https:\/\/monokolo.eu\/it\/wp-json\/wp\/v2\/media?parent=14743"}],"wp:term":[{"taxonomy":"product_brand","embeddable":true,"href":"https:\/\/monokolo.eu\/it\/wp-json\/wp\/v2\/product_brand?post=14743"},{"taxonomy":"product_cat","embeddable":true,"href":"https:\/\/monokolo.eu\/it\/wp-json\/wp\/v2\/product_cat?post=14743"},{"taxonomy":"product_tag","embeddable":true,"href":"https:\/\/monokolo.eu\/it\/wp-json\/wp\/v2\/product_tag?post=14743"}],"curies":[{"name":"wp","href":"https:\/\/api.w.org\/{rel}","templated":true}]}}