{"id":14481,"date":"2024-12-15T21:14:58","date_gmt":"2024-12-15T21:14:58","guid":{"rendered":"https:\/\/monokolo-d2e6bb.ingress-baronn.ewp.live\/?post_type=product&#038;p=14481"},"modified":"2026-03-19T22:54:44","modified_gmt":"2026-03-19T22:54:44","slug":"veteran-lynx","status":"publish","type":"product","link":"https:\/\/monokolo.eu\/it\/product\/veteran-lynx\/","title":{"rendered":"LeaperKim Veteran Lynx"},"content":{"rendered":"<p><strong>Monociclo elettrico Veteran Lynx 20&#8243; con motore da 3200 W e sospensioni<\/strong><\/p>\n<p>LeaperKim ha superato se stesso con il Lynx EUC, realizzandolo con un telaio in lega di magnesio leggero ed eccezionalmente robusto. Con un peso di soli 40 kg\/88 libbre, questa meraviglia del fuoristrada \u00e8 pronta ad affrontare le sfide pi\u00f9 difficili. E la parte migliore? Vanta un motore e pneumatici di dimensioni maggiori, oltre a una batteria con una capacit\u00e0 aggiuntiva di 500 Wh. Avrai la resistenza necessaria per esplorare i paesaggi pi\u00f9 selvaggi con facilit\u00e0.<\/p>\n<p><strong>Potenza della batteria estrema<\/strong><\/p>\n<p>Ad alimentare le tue avventure fuoristrada \u00e8 il potente pacco batteria Samsung 50S da 2.700 Wh\/151 V. Questo concentrato di energia \u00e8 dotato di uno SmartBMS per la gestione intelligente della batteria e pu\u00f2 ricaricarsi rapidamente a 15 A\/2.250 W. Con il Lynx EUC, puoi muoverti liberamente senza preoccuparti di rimanere senza batteria.<\/p>\n<p><strong>Controllo totale<\/strong><\/p>\n<p>Il Lynx EUC \u00e8 Il primo del suo genere a montare 36 MOFSET da 200 V\/140 A nel suo controller. Questo si traduce in un picco di corrente massimo di ben 840 A, offrendo un controllo preciso e una potenza costante su qualsiasi terreno.<\/p>\n<p><strong>Specifiche del Veteran Lynx:<\/strong><\/p>\n<ul>\n<li style=\"list-style-type: none;\">\n<ul>\n<li>Velocit\u00e0 massima: ~100 km\/h (62 mph)<\/li>\n<\/ul>\n<\/li>\n<\/ul>\n<ul>\n<li>Autonomia massima: ~160 km (100 miglia)<\/li>\n<li>Rotazione libera: 125 km\/h (77 mph)<\/li>\n<li>Potenza motore: motore ad alta coppia da 3.200 W (8 kW di picco)<\/li>\n<li>Potenza di picco: 8 kW<\/li>\n<li>Batteria: 2700 Wh \/ 151 V, Samsung 50S ad alta potenza<\/li>\n<li>Velocit\u00e0 di ricarica: 4-6 ore con caricabatterie da 5 A, 2 ore con caricabatterie da 10 A<\/li>\n<li>Doppia porta di ricarica: S\u00ec<\/li>\n<li>Materiale di costruzione: lega di magnesio<\/li>\n<li>Peso: ~40 kg (88 libbre)<\/li>\n<li>Numero di MOFSET: 36 MOFSET da 200 V\/140 A<\/li>\n<li>Corrente massima di picco in uscita: 840 A<\/li>\n<li>Sospensioni: 90 mm &#8211; Fastace con tre opzioni di peso delle molle: 62 libbre, 66 libbre e 70 libbre<\/li>\n<li>Sedile: Accessori aggiuntivi<\/li>\n<li>Parafango: S\u00ec<\/li>\n<li>Cavalletto: S\u00ec<\/li>\n<li>Pneumatico: 20&#8243; x 4&#8243;<\/li>\n<li>Cerchio: 14&#8243;<\/li>\n<li>Pedale: Honeycomb, 4,7&#8243; x 11,8&#8243;<\/li>\n<li>Maniglia: Trolley<\/li>\n<li>Interruttore di sollevamento: No<\/li>\n<li>Faro: 2500lm<\/li>\n<li>Luce freno: S\u00ec<\/li>\n<li>Indicatori di direzione: S\u00ec<\/li>\n<li>App: iOS\/Android<\/li>\n<li>Dimensioni: 23&#8243; x 28,5&#8243; x 8&#8243;<\/li>\n<\/ul>\n","protected":false},"excerpt":{"rendered":"<p>Preparatevi per un&#8217;avventura fuoristrada emozionante e senza precedenti con il nuovissimo Veteran Lynx EUC. Questa bestia \u00e8 equipaggiata con un formidabile motore da 3.200 W, in grado di erogare una sorprendente potenza di picco di 8 kW. Che stiate affrontando sentieri accidentati o conquistando la natura selvaggia, il motore ad alta coppia del Lynx EUC \u00e8 la chiave per una potenza e prestazioni senza pari.<\/p>\n","protected":false},"featured_media":14482,"comment_status":"open","ping_status":"closed","template":"","meta":[],"product_brand":[271],"product_cat":[55,111],"product_tag":[26],"class_list":{"0":"post-14481","1":"product","2":"type-product","3":"status-publish","4":"has-post-thumbnail","6":"product_brand-leaperkimveteran","7":"product_cat-electric-unicycles","8":"product_cat-leaperkim","9":"product_tag-euc","11":"first","12":"onbackorder","13":"sale","14":"taxable","15":"shipping-taxable","16":"purchasable","17":"product-type-simple"},"yoast_head":"<!-- This site is optimized with the Yoast SEO plugin v26.8 - https:\/\/yoast.com\/product\/yoast-seo-wordpress\/ -->\n<title>LeaperKim Veteran Lynx<\/title>\n<meta name=\"description\" content=\"Preparatevi per un&#039;avventura fuoristrada emozionante e senza precedenti con il nuovissimo Veteran Lynx EUC. Questa bestia \u00e8 equipaggiata con un formidabile motore da 3.200 W, in grado di erogare una sorprendente potenza di picco di 8 kW. Che stiate affrontando sentieri accidentati o conquistando la natura selvaggia, il motore ad alta coppia del Lynx EUC \u00e8 la chiave per una potenza e prestazioni senza pari.\" \/>\n<meta name=\"robots\" content=\"index, follow, max-snippet:-1, max-image-preview:large, max-video-preview:-1\" \/>\n<link rel=\"canonical\" href=\"http:\/\/Preparatevi%20per%20un'avventura%20fuoristrada%20emozionante%20e%20senza%20precedenti%20con%20il%20nuovissimo%20Veteran%20Lynx%20EUC.%20Questa%20bestia%20\u00e8%20equipaggiata%20con%20un%20formidabile%20motore%20da%203.200%20W,%20in%20grado%20di%20erogare%20una%20sorprendente%20potenza%20di%20picco%20di%208%20kW.%20Che%20stiate%20affrontando%20sentieri%20accidentati%20o%20conquistando%20la%20natura%20selvaggia,%20il%20motore%20ad%20alta%20coppia%20del%20Lynx%20EUC%20\u00e8%20la%20chiave%20per%20una%20potenza%20e%20prestazioni%20senza%20pari.\" \/>\n<meta property=\"og:locale\" content=\"it_IT\" \/>\n<meta property=\"og:type\" content=\"article\" \/>\n<meta property=\"og:title\" content=\"LeaperKim Veteran Lynx\" \/>\n<meta property=\"og:description\" content=\"Preparatevi per un&#039;avventura fuoristrada emozionante e senza precedenti con il nuovissimo Veteran Lynx EUC. Questa bestia \u00e8 equipaggiata con un formidabile motore da 3.200 W, in grado di erogare una sorprendente potenza di picco di 8 kW. Che stiate affrontando sentieri accidentati o conquistando la natura selvaggia, il motore ad alta coppia del Lynx EUC \u00e8 la chiave per una potenza e prestazioni senza pari.\" \/>\n<meta property=\"og:url\" content=\"https:\/\/monokolo.eu\/it\/product\/veteran-lynx\/\" \/>\n<meta property=\"og:site_name\" content=\"Monokolo\" \/>\n<meta property=\"article:publisher\" content=\"https:\/\/facebook.com\/monokolo.polska\/\" \/>\n<meta property=\"article:modified_time\" content=\"2026-03-19T22:54:44+00:00\" \/>\n<meta property=\"og:image\" content=\"https:\/\/monokolo.eu\/wp-content\/uploads\/2024\/12\/veteran-lynx-01.jpg\" \/>\n\t<meta property=\"og:image:width\" content=\"1050\" \/>\n\t<meta property=\"og:image:height\" content=\"1400\" \/>\n\t<meta property=\"og:image:type\" content=\"image\/jpeg\" \/>\n<meta name=\"twitter:card\" content=\"summary_large_image\" \/>\n<meta name=\"twitter:label1\" content=\"Tempo di lettura stimato\" \/>\n\t<meta name=\"twitter:data1\" content=\"2 minuti\" \/>\n<script type=\"application\/ld+json\" class=\"yoast-schema-graph\">{\"@context\":\"https:\/\/schema.org\",\"@graph\":[{\"@type\":\"WebPage\",\"@id\":\"https:\/\/monokolo.eu\/it\/product\/veteran-lynx\/\",\"url\":\"https:\/\/monokolo.eu\/it\/product\/veteran-lynx\/\",\"name\":\"LeaperKim Veteran Lynx - Monokolo\",\"isPartOf\":{\"@id\":\"https:\/\/monokolo.eu\/#website\"},\"primaryImageOfPage\":{\"@id\":\"https:\/\/monokolo.eu\/it\/product\/veteran-lynx\/#primaryimage\"},\"image\":{\"@id\":\"https:\/\/monokolo.eu\/it\/product\/veteran-lynx\/#primaryimage\"},\"thumbnailUrl\":\"https:\/\/monokolo.eu\/wp-content\/uploads\/2024\/12\/veteran-lynx-01.jpg\",\"datePublished\":\"2024-12-15T21:14:58+00:00\",\"dateModified\":\"2026-03-19T22:54:44+00:00\",\"breadcrumb\":{\"@id\":\"https:\/\/monokolo.eu\/it\/product\/veteran-lynx\/#breadcrumb\"},\"inLanguage\":\"it-IT\",\"potentialAction\":[{\"@type\":\"ReadAction\",\"target\":[\"https:\/\/monokolo.eu\/it\/product\/veteran-lynx\/\"]}]},{\"@type\":\"ImageObject\",\"inLanguage\":\"it-IT\",\"@id\":\"https:\/\/monokolo.eu\/it\/product\/veteran-lynx\/#primaryimage\",\"url\":\"https:\/\/monokolo.eu\/wp-content\/uploads\/2024\/12\/veteran-lynx-01.jpg\",\"contentUrl\":\"https:\/\/monokolo.eu\/wp-content\/uploads\/2024\/12\/veteran-lynx-01.jpg\",\"width\":1050,\"height\":1400,\"caption\":\"veteran lynx\"},{\"@type\":\"BreadcrumbList\",\"@id\":\"https:\/\/monokolo.eu\/it\/product\/veteran-lynx\/#breadcrumb\",\"itemListElement\":[{\"@type\":\"ListItem\",\"position\":1,\"name\":\"Monokolo.eu - monocicli elettrici, trasporti elettrici in Europa\",\"item\":\"https:\/\/monokolo.eu\/\"},{\"@type\":\"ListItem\",\"position\":2,\"name\":\"Negozio\",\"item\":\"https:\/\/monokolo.eu\/shop\/\"},{\"@type\":\"ListItem\",\"position\":3,\"name\":\"LeaperKim Veteran Lynx\"}]},{\"@type\":\"WebSite\",\"@id\":\"https:\/\/monokolo.eu\/it\/#website\",\"url\":\"https:\/\/monokolo.eu\/it\/\",\"name\":\"Monokolo.eu\",\"description\":\"Negozio di monocicli elettrici in Europa\",\"publisher\":{\"@id\":\"https:\/\/monokolo.eu\/it\/#organization\"},\"potentialAction\":[{\"@type\":\"SearchAction\",\"target\":{\"@type\":\"EntryPoint\",\"urlTemplate\":\"https:\/\/monokolo.eu\/it\/?s={search_term_string}\"},\"query-input\":{\"@type\":\"PropertyValueSpecification\",\"valueRequired\":true,\"valueName\":\"search_term_string\"}}],\"inLanguage\":\"it-IT\"},{\"@type\":\"Organization\",\"@id\":\"https:\/\/monokolo.eu\/it\/#organization\",\"name\":\"Monokolo\",\"url\":\"https:\/\/monokolo.eu\/it\/\",\"logo\":{\"@type\":\"ImageObject\",\"inLanguage\":\"it-IT\",\"@id\":\"https:\/\/monokolo.eu\/it\/#\/schema\/logo\/image\/\",\"url\":\"https:\/\/monokolo.eu\/wp-content\/uploads\/2025\/04\/logo22.png\",\"contentUrl\":\"https:\/\/monokolo.eu\/wp-content\/uploads\/2025\/04\/logo22.png\",\"width\":755,\"height\":192,\"caption\":\"Monokolo\"},\"image\":{\"@id\":\"https:\/\/monokolo.eu\/it\/#\/schema\/logo\/image\/\"},\"sameAs\":[\"https:\/\/facebook.com\/monokolo.polska\/\",\"https:\/\/www.instagram.com\/monokolo.pl\/\",\"https:\/\/www.tiktok.com\/@monokolo.pl\"]}]}<\/script>\n<!-- \/ Yoast SEO plugin. -->","yoast_head_json":{"title":"LeaperKim Veteran Lynx","description":"Preparatevi per un'avventura fuoristrada emozionante e senza precedenti con il nuovissimo Veteran Lynx EUC. Questa bestia \u00e8 equipaggiata con un formidabile motore da 3.200 W, in grado di erogare una sorprendente potenza di picco di 8 kW. Che stiate affrontando sentieri accidentati o conquistando la natura selvaggia, il motore ad alta coppia del Lynx EUC \u00e8 la chiave per una potenza e prestazioni senza pari.","robots":{"index":"index","follow":"follow","max-snippet":"max-snippet:-1","max-image-preview":"max-image-preview:large","max-video-preview":"max-video-preview:-1"},"canonical":"Preparatevi per un'avventura fuoristrada emozionante e senza precedenti con il nuovissimo Veteran Lynx EUC. Questa bestia \u00e8 equipaggiata con un formidabile motore da 3.200 W, in grado di erogare una sorprendente potenza di picco di 8 kW. Che stiate affrontando sentieri accidentati o conquistando la natura selvaggia, il motore ad alta coppia del Lynx EUC \u00e8 la chiave per una potenza e prestazioni senza pari.","og_locale":"it_IT","og_type":"article","og_title":"LeaperKim Veteran Lynx","og_description":"Preparatevi per un'avventura fuoristrada emozionante e senza precedenti con il nuovissimo Veteran Lynx EUC. Questa bestia \u00e8 equipaggiata con un formidabile motore da 3.200 W, in grado di erogare una sorprendente potenza di picco di 8 kW. Che stiate affrontando sentieri accidentati o conquistando la natura selvaggia, il motore ad alta coppia del Lynx EUC \u00e8 la chiave per una potenza e prestazioni senza pari.","og_url":"https:\/\/monokolo.eu\/it\/product\/veteran-lynx\/","og_site_name":"Monokolo","article_publisher":"https:\/\/facebook.com\/monokolo.polska\/","article_modified_time":"2026-03-19T22:54:44+00:00","og_image":[{"width":1050,"height":1400,"url":"https:\/\/monokolo.eu\/wp-content\/uploads\/2024\/12\/veteran-lynx-01.jpg","type":"image\/jpeg"}],"twitter_card":"summary_large_image","twitter_misc":{"Tempo di lettura stimato":"2 minuti"},"schema":{"@context":"https:\/\/schema.org","@graph":[{"@type":"WebPage","@id":"https:\/\/monokolo.eu\/it\/product\/veteran-lynx\/","url":"https:\/\/monokolo.eu\/it\/product\/veteran-lynx\/","name":"LeaperKim Veteran Lynx - Monokolo","isPartOf":{"@id":"https:\/\/monokolo.eu\/#website"},"primaryImageOfPage":{"@id":"https:\/\/monokolo.eu\/it\/product\/veteran-lynx\/#primaryimage"},"image":{"@id":"https:\/\/monokolo.eu\/it\/product\/veteran-lynx\/#primaryimage"},"thumbnailUrl":"https:\/\/monokolo.eu\/wp-content\/uploads\/2024\/12\/veteran-lynx-01.jpg","datePublished":"2024-12-15T21:14:58+00:00","dateModified":"2026-03-19T22:54:44+00:00","breadcrumb":{"@id":"https:\/\/monokolo.eu\/it\/product\/veteran-lynx\/#breadcrumb"},"inLanguage":"it-IT","potentialAction":[{"@type":"ReadAction","target":["https:\/\/monokolo.eu\/it\/product\/veteran-lynx\/"]}]},{"@type":"ImageObject","inLanguage":"it-IT","@id":"https:\/\/monokolo.eu\/it\/product\/veteran-lynx\/#primaryimage","url":"https:\/\/monokolo.eu\/wp-content\/uploads\/2024\/12\/veteran-lynx-01.jpg","contentUrl":"https:\/\/monokolo.eu\/wp-content\/uploads\/2024\/12\/veteran-lynx-01.jpg","width":1050,"height":1400,"caption":"veteran lynx"},{"@type":"BreadcrumbList","@id":"https:\/\/monokolo.eu\/it\/product\/veteran-lynx\/#breadcrumb","itemListElement":[{"@type":"ListItem","position":1,"name":"Monokolo.eu - monocicli elettrici, trasporti elettrici in Europa","item":"https:\/\/monokolo.eu\/"},{"@type":"ListItem","position":2,"name":"Negozio","item":"https:\/\/monokolo.eu\/shop\/"},{"@type":"ListItem","position":3,"name":"LeaperKim Veteran Lynx"}]},{"@type":"WebSite","@id":"https:\/\/monokolo.eu\/it\/#website","url":"https:\/\/monokolo.eu\/it\/","name":"Monokolo.eu","description":"Negozio di monocicli elettrici in Europa","publisher":{"@id":"https:\/\/monokolo.eu\/it\/#organization"},"potentialAction":[{"@type":"SearchAction","target":{"@type":"EntryPoint","urlTemplate":"https:\/\/monokolo.eu\/it\/?s={search_term_string}"},"query-input":{"@type":"PropertyValueSpecification","valueRequired":true,"valueName":"search_term_string"}}],"inLanguage":"it-IT"},{"@type":"Organization","@id":"https:\/\/monokolo.eu\/it\/#organization","name":"Monokolo","url":"https:\/\/monokolo.eu\/it\/","logo":{"@type":"ImageObject","inLanguage":"it-IT","@id":"https:\/\/monokolo.eu\/it\/#\/schema\/logo\/image\/","url":"https:\/\/monokolo.eu\/wp-content\/uploads\/2025\/04\/logo22.png","contentUrl":"https:\/\/monokolo.eu\/wp-content\/uploads\/2025\/04\/logo22.png","width":755,"height":192,"caption":"Monokolo"},"image":{"@id":"https:\/\/monokolo.eu\/it\/#\/schema\/logo\/image\/"},"sameAs":["https:\/\/facebook.com\/monokolo.polska\/","https:\/\/www.instagram.com\/monokolo.pl\/","https:\/\/www.tiktok.com\/@monokolo.pl"]}]}},"_links":{"self":[{"href":"https:\/\/monokolo.eu\/it\/wp-json\/wp\/v2\/product\/14481","targetHints":{"allow":["GET"]}}],"collection":[{"href":"https:\/\/monokolo.eu\/it\/wp-json\/wp\/v2\/product"}],"about":[{"href":"https:\/\/monokolo.eu\/it\/wp-json\/wp\/v2\/types\/product"}],"replies":[{"embeddable":true,"href":"https:\/\/monokolo.eu\/it\/wp-json\/wp\/v2\/comments?post=14481"}],"wp:featuredmedia":[{"embeddable":true,"href":"https:\/\/monokolo.eu\/it\/wp-json\/wp\/v2\/media\/14482"}],"wp:attachment":[{"href":"https:\/\/monokolo.eu\/it\/wp-json\/wp\/v2\/media?parent=14481"}],"wp:term":[{"taxonomy":"product_brand","embeddable":true,"href":"https:\/\/monokolo.eu\/it\/wp-json\/wp\/v2\/product_brand?post=14481"},{"taxonomy":"product_cat","embeddable":true,"href":"https:\/\/monokolo.eu\/it\/wp-json\/wp\/v2\/product_cat?post=14481"},{"taxonomy":"product_tag","embeddable":true,"href":"https:\/\/monokolo.eu\/it\/wp-json\/wp\/v2\/product_tag?post=14481"}],"curies":[{"name":"wp","href":"https:\/\/api.w.org\/{rel}","templated":true}]}}