{"id":14470,"date":"2024-12-15T20:57:30","date_gmt":"2024-12-15T20:57:30","guid":{"rendered":"https:\/\/monokolo-d2e6bb.ingress-baronn.ewp.live\/?post_type=product&#038;p=14470"},"modified":"2026-04-02T12:21:20","modified_gmt":"2026-04-02T12:21:20","slug":"kingsong-s19-pro","status":"publish","type":"product","link":"https:\/\/monokolo.eu\/it\/product\/kingsong-s19-pro\/","title":{"rendered":"King Song S19 Pro"},"content":{"rendered":"<p>Monociclo elettrico King Song S19<\/p>\n<p>Il King Song S19, proprio come il suo predecessore S18, \u00e8 progettato per affrontare le avventure fuoristrada e in citt\u00e0, cos\u00ec come gli spostamenti quotidiani. Vanta un potente motore da 3500 W e una batteria Samsung 50S da 1.800 Wh. La ruota da 18 pollici, dotata di un pneumatico di grandi dimensioni, garantisce stabilit\u00e0 e controllo superiori sia su terreni lisci che accidentati. L&#8217;S19 introduce un avanzato sistema di sospensioni da 130 mm che offre un&#8217;ammortizzazione ancora maggiore rispetto all&#8217;S18, migliorando l&#8217;esperienza di guida su superfici rocciose assorbendo gli urti e offrendo il massimo comfort al ciclista.<\/p>\n<p>Design elegante<\/p>\n<p>L&#8217;S19 presenta un design minimalista, elegante e futuristico, impreziosito da cuscini laterali con accenti arancioni e luci a LED integrate per una migliore visibilit\u00e0 notturna. Inoltre, offre connettivit\u00e0 Bluetooth e un&#8217;app che consente ai ciclisti di regolare le impostazioni, monitorare velocit\u00e0 e distanza e controllare le luci a LED. La ruota assomiglia a una versione pi\u00f9 compatta e lineare della S22, incorporando numerosi elementi di design della sua controparte pi\u00f9 grande.<\/p>\n<p>Potente<\/p>\n<p>La S19 si distingue per la sua impressionante capacit\u00e0 di affrontare pendenze ripide, alimentata da un motore da 3500 W (con un picco di 6500 W), che la rende un&#8217;opzione eccellente per gli avventurieri che desiderano affrontare terreni impegnativi. Con una singola carica, il monociclo pu\u00f2 percorrere fino a 145 km, sebbene questa autonomia possa variare in base a fattori come le condizioni di guida, il meteo, la carica della batteria e altre variabili.<\/p>\n<p>Monociclo elettrico sportivo<\/p>\n<p>Possiamo affermare che il King Song S19 \u00e8 un monociclo elettrico di alta qualit\u00e0 progettato per alte prestazioni, comfort e versatilit\u00e0, ideale per i ciclisti che cercano nuove avventure e amano l&#8217;esplorazione all&#8217;aria aperta. Potrebbe competere con gli ultimi modelli di Leaperkim e Begode? Il suo fascino come ruota ammortizzata per l&#8217;uso quotidiano dipende da fattori come l&#8217;utilizzo, il costo e le dimensioni, rendendolo un potenziale favorito per gli spostamenti quotidiani.<\/p>\n","protected":false},"excerpt":{"rendered":"<p>Il King Song S19 \u00e8 un monociclo elettrico progettato per avventure urbane e fuoristrada e per gli spostamenti quotidiani.<\/p>\n","protected":false},"featured_media":14471,"comment_status":"open","ping_status":"closed","template":"","meta":[],"product_brand":[],"product_cat":[110,55],"product_tag":[26],"class_list":{"0":"post-14470","1":"product","2":"type-product","3":"status-publish","4":"has-post-thumbnail","6":"product_cat-kingsong","7":"product_cat-electric-unicycles","8":"product_tag-euc","10":"first","11":"instock","12":"taxable","13":"shipping-taxable","14":"purchasable","15":"product-type-simple"},"yoast_head":"<!-- This site is optimized with the Yoast SEO plugin v26.8 - https:\/\/yoast.com\/product\/yoast-seo-wordpress\/ -->\n<title>King Song S19 Pro<\/title>\n<meta name=\"description\" content=\"Il King Song S19 \u00e8 un monociclo elettrico progettato per avventure urbane e fuoristrada e per gli spostamenti quotidiani.\" \/>\n<meta name=\"robots\" content=\"index, follow, max-snippet:-1, max-image-preview:large, max-video-preview:-1\" \/>\n<link rel=\"canonical\" href=\"http:\/\/Il%20King%20Song%20S19%20\u00e8%20un%20monociclo%20elettrico%20progettato%20per%20avventure%20urbane%20e%20fuoristrada%20e%20per%20gli%20spostamenti%20quotidiani.\" \/>\n<meta property=\"og:locale\" content=\"it_IT\" \/>\n<meta property=\"og:type\" content=\"article\" \/>\n<meta property=\"og:title\" content=\"King Song S19 Pro\" \/>\n<meta property=\"og:description\" content=\"Il King Song S19 \u00e8 un monociclo elettrico progettato per avventure urbane e fuoristrada e per gli spostamenti quotidiani.\" \/>\n<meta property=\"og:url\" content=\"https:\/\/monokolo.eu\/it\/product\/kingsong-s19-pro\/\" \/>\n<meta property=\"og:site_name\" content=\"Monokolo\" \/>\n<meta property=\"article:publisher\" content=\"https:\/\/facebook.com\/monokolo.polska\/\" \/>\n<meta property=\"article:modified_time\" content=\"2026-04-02T12:21:20+00:00\" \/>\n<meta property=\"og:image\" content=\"https:\/\/monokolo.eu\/wp-content\/uploads\/2024\/12\/kingsong-s19-pro-01.jpg\" \/>\n\t<meta property=\"og:image:width\" content=\"1050\" \/>\n\t<meta property=\"og:image:height\" content=\"1400\" \/>\n\t<meta property=\"og:image:type\" content=\"image\/jpeg\" \/>\n<meta name=\"twitter:card\" content=\"summary_large_image\" \/>\n<meta name=\"twitter:label1\" content=\"Tempo di lettura stimato\" \/>\n\t<meta name=\"twitter:data1\" content=\"1 minuto\" \/>\n<script type=\"application\/ld+json\" class=\"yoast-schema-graph\">{\"@context\":\"https:\/\/schema.org\",\"@graph\":[{\"@type\":\"WebPage\",\"@id\":\"https:\/\/monokolo.eu\/it\/product\/kingsong-s19-pro\/\",\"url\":\"https:\/\/monokolo.eu\/it\/product\/kingsong-s19-pro\/\",\"name\":\"King Song S19 Pro - Monokolo\",\"isPartOf\":{\"@id\":\"https:\/\/monokolo.eu\/#website\"},\"primaryImageOfPage\":{\"@id\":\"https:\/\/monokolo.eu\/it\/product\/kingsong-s19-pro\/#primaryimage\"},\"image\":{\"@id\":\"https:\/\/monokolo.eu\/it\/product\/kingsong-s19-pro\/#primaryimage\"},\"thumbnailUrl\":\"https:\/\/monokolo.eu\/wp-content\/uploads\/2024\/12\/kingsong-s19-pro-01.jpg\",\"datePublished\":\"2024-12-15T20:57:30+00:00\",\"dateModified\":\"2026-04-02T12:21:20+00:00\",\"breadcrumb\":{\"@id\":\"https:\/\/monokolo.eu\/it\/product\/kingsong-s19-pro\/#breadcrumb\"},\"inLanguage\":\"it-IT\",\"potentialAction\":[{\"@type\":\"ReadAction\",\"target\":[\"https:\/\/monokolo.eu\/it\/product\/kingsong-s19-pro\/\"]}]},{\"@type\":\"ImageObject\",\"inLanguage\":\"it-IT\",\"@id\":\"https:\/\/monokolo.eu\/it\/product\/kingsong-s19-pro\/#primaryimage\",\"url\":\"https:\/\/monokolo.eu\/wp-content\/uploads\/2024\/12\/kingsong-s19-pro-01.jpg\",\"contentUrl\":\"https:\/\/monokolo.eu\/wp-content\/uploads\/2024\/12\/kingsong-s19-pro-01.jpg\",\"width\":1050,\"height\":1400,\"caption\":\"kingsong s19 pro euc\"},{\"@type\":\"BreadcrumbList\",\"@id\":\"https:\/\/monokolo.eu\/it\/product\/kingsong-s19-pro\/#breadcrumb\",\"itemListElement\":[{\"@type\":\"ListItem\",\"position\":1,\"name\":\"Monokolo.eu - monocicli elettrici, trasporti elettrici in Europa\",\"item\":\"https:\/\/monokolo.eu\/\"},{\"@type\":\"ListItem\",\"position\":2,\"name\":\"Negozio\",\"item\":\"https:\/\/monokolo.eu\/shop\/\"},{\"@type\":\"ListItem\",\"position\":3,\"name\":\"King Song S19 Pro\"}]},{\"@type\":\"WebSite\",\"@id\":\"https:\/\/monokolo.eu\/it\/#website\",\"url\":\"https:\/\/monokolo.eu\/it\/\",\"name\":\"Monokolo.eu\",\"description\":\"Negozio di monocicli elettrici in Europa\",\"publisher\":{\"@id\":\"https:\/\/monokolo.eu\/it\/#organization\"},\"potentialAction\":[{\"@type\":\"SearchAction\",\"target\":{\"@type\":\"EntryPoint\",\"urlTemplate\":\"https:\/\/monokolo.eu\/it\/?s={search_term_string}\"},\"query-input\":{\"@type\":\"PropertyValueSpecification\",\"valueRequired\":true,\"valueName\":\"search_term_string\"}}],\"inLanguage\":\"it-IT\"},{\"@type\":\"Organization\",\"@id\":\"https:\/\/monokolo.eu\/it\/#organization\",\"name\":\"Monokolo\",\"url\":\"https:\/\/monokolo.eu\/it\/\",\"logo\":{\"@type\":\"ImageObject\",\"inLanguage\":\"it-IT\",\"@id\":\"https:\/\/monokolo.eu\/it\/#\/schema\/logo\/image\/\",\"url\":\"https:\/\/monokolo.eu\/wp-content\/uploads\/2025\/04\/logo22.png\",\"contentUrl\":\"https:\/\/monokolo.eu\/wp-content\/uploads\/2025\/04\/logo22.png\",\"width\":755,\"height\":192,\"caption\":\"Monokolo\"},\"image\":{\"@id\":\"https:\/\/monokolo.eu\/it\/#\/schema\/logo\/image\/\"},\"sameAs\":[\"https:\/\/facebook.com\/monokolo.polska\/\",\"https:\/\/www.instagram.com\/monokolo.pl\/\",\"https:\/\/www.tiktok.com\/@monokolo.pl\"]}]}<\/script>\n<!-- \/ Yoast SEO plugin. -->","yoast_head_json":{"title":"King Song S19 Pro","description":"Il King Song S19 \u00e8 un monociclo elettrico progettato per avventure urbane e fuoristrada e per gli spostamenti quotidiani.","robots":{"index":"index","follow":"follow","max-snippet":"max-snippet:-1","max-image-preview":"max-image-preview:large","max-video-preview":"max-video-preview:-1"},"canonical":"Il King Song S19 \u00e8 un monociclo elettrico progettato per avventure urbane e fuoristrada e per gli spostamenti quotidiani.","og_locale":"it_IT","og_type":"article","og_title":"King Song S19 Pro","og_description":"Il King Song S19 \u00e8 un monociclo elettrico progettato per avventure urbane e fuoristrada e per gli spostamenti quotidiani.","og_url":"https:\/\/monokolo.eu\/it\/product\/kingsong-s19-pro\/","og_site_name":"Monokolo","article_publisher":"https:\/\/facebook.com\/monokolo.polska\/","article_modified_time":"2026-04-02T12:21:20+00:00","og_image":[{"width":1050,"height":1400,"url":"https:\/\/monokolo.eu\/wp-content\/uploads\/2024\/12\/kingsong-s19-pro-01.jpg","type":"image\/jpeg"}],"twitter_card":"summary_large_image","twitter_misc":{"Tempo di lettura stimato":"1 minuto"},"schema":{"@context":"https:\/\/schema.org","@graph":[{"@type":"WebPage","@id":"https:\/\/monokolo.eu\/it\/product\/kingsong-s19-pro\/","url":"https:\/\/monokolo.eu\/it\/product\/kingsong-s19-pro\/","name":"King Song S19 Pro - Monokolo","isPartOf":{"@id":"https:\/\/monokolo.eu\/#website"},"primaryImageOfPage":{"@id":"https:\/\/monokolo.eu\/it\/product\/kingsong-s19-pro\/#primaryimage"},"image":{"@id":"https:\/\/monokolo.eu\/it\/product\/kingsong-s19-pro\/#primaryimage"},"thumbnailUrl":"https:\/\/monokolo.eu\/wp-content\/uploads\/2024\/12\/kingsong-s19-pro-01.jpg","datePublished":"2024-12-15T20:57:30+00:00","dateModified":"2026-04-02T12:21:20+00:00","breadcrumb":{"@id":"https:\/\/monokolo.eu\/it\/product\/kingsong-s19-pro\/#breadcrumb"},"inLanguage":"it-IT","potentialAction":[{"@type":"ReadAction","target":["https:\/\/monokolo.eu\/it\/product\/kingsong-s19-pro\/"]}]},{"@type":"ImageObject","inLanguage":"it-IT","@id":"https:\/\/monokolo.eu\/it\/product\/kingsong-s19-pro\/#primaryimage","url":"https:\/\/monokolo.eu\/wp-content\/uploads\/2024\/12\/kingsong-s19-pro-01.jpg","contentUrl":"https:\/\/monokolo.eu\/wp-content\/uploads\/2024\/12\/kingsong-s19-pro-01.jpg","width":1050,"height":1400,"caption":"kingsong s19 pro euc"},{"@type":"BreadcrumbList","@id":"https:\/\/monokolo.eu\/it\/product\/kingsong-s19-pro\/#breadcrumb","itemListElement":[{"@type":"ListItem","position":1,"name":"Monokolo.eu - monocicli elettrici, trasporti elettrici in Europa","item":"https:\/\/monokolo.eu\/"},{"@type":"ListItem","position":2,"name":"Negozio","item":"https:\/\/monokolo.eu\/shop\/"},{"@type":"ListItem","position":3,"name":"King Song S19 Pro"}]},{"@type":"WebSite","@id":"https:\/\/monokolo.eu\/it\/#website","url":"https:\/\/monokolo.eu\/it\/","name":"Monokolo.eu","description":"Negozio di monocicli elettrici in Europa","publisher":{"@id":"https:\/\/monokolo.eu\/it\/#organization"},"potentialAction":[{"@type":"SearchAction","target":{"@type":"EntryPoint","urlTemplate":"https:\/\/monokolo.eu\/it\/?s={search_term_string}"},"query-input":{"@type":"PropertyValueSpecification","valueRequired":true,"valueName":"search_term_string"}}],"inLanguage":"it-IT"},{"@type":"Organization","@id":"https:\/\/monokolo.eu\/it\/#organization","name":"Monokolo","url":"https:\/\/monokolo.eu\/it\/","logo":{"@type":"ImageObject","inLanguage":"it-IT","@id":"https:\/\/monokolo.eu\/it\/#\/schema\/logo\/image\/","url":"https:\/\/monokolo.eu\/wp-content\/uploads\/2025\/04\/logo22.png","contentUrl":"https:\/\/monokolo.eu\/wp-content\/uploads\/2025\/04\/logo22.png","width":755,"height":192,"caption":"Monokolo"},"image":{"@id":"https:\/\/monokolo.eu\/it\/#\/schema\/logo\/image\/"},"sameAs":["https:\/\/facebook.com\/monokolo.polska\/","https:\/\/www.instagram.com\/monokolo.pl\/","https:\/\/www.tiktok.com\/@monokolo.pl"]}]}},"_links":{"self":[{"href":"https:\/\/monokolo.eu\/it\/wp-json\/wp\/v2\/product\/14470","targetHints":{"allow":["GET"]}}],"collection":[{"href":"https:\/\/monokolo.eu\/it\/wp-json\/wp\/v2\/product"}],"about":[{"href":"https:\/\/monokolo.eu\/it\/wp-json\/wp\/v2\/types\/product"}],"replies":[{"embeddable":true,"href":"https:\/\/monokolo.eu\/it\/wp-json\/wp\/v2\/comments?post=14470"}],"wp:featuredmedia":[{"embeddable":true,"href":"https:\/\/monokolo.eu\/it\/wp-json\/wp\/v2\/media\/14471"}],"wp:attachment":[{"href":"https:\/\/monokolo.eu\/it\/wp-json\/wp\/v2\/media?parent=14470"}],"wp:term":[{"taxonomy":"product_brand","embeddable":true,"href":"https:\/\/monokolo.eu\/it\/wp-json\/wp\/v2\/product_brand?post=14470"},{"taxonomy":"product_cat","embeddable":true,"href":"https:\/\/monokolo.eu\/it\/wp-json\/wp\/v2\/product_cat?post=14470"},{"taxonomy":"product_tag","embeddable":true,"href":"https:\/\/monokolo.eu\/it\/wp-json\/wp\/v2\/product_tag?post=14470"}],"curies":[{"name":"wp","href":"https:\/\/api.w.org\/{rel}","templated":true}]}}