{"id":14460,"date":"2024-12-15T20:37:54","date_gmt":"2024-12-15T20:37:54","guid":{"rendered":"https:\/\/monokolo-d2e6bb.ingress-baronn.ewp.live\/?post_type=product&#038;p=14460"},"modified":"2026-02-26T10:31:21","modified_gmt":"2026-02-26T10:31:21","slug":"inmotion-v14","status":"publish","type":"product","link":"https:\/\/monokolo.eu\/it\/product\/inmotion-v14\/","title":{"rendered":"Inmotion V14 Pro 2026"},"content":{"rendered":"<p><strong>Inmotion V14 Pro<\/strong><\/p>\n<p>InMotion V14 Pro: la prossima evoluzione nelle prestazioni EUC. InMotion V14 Pro ridefinisce l&#8217;innovazione dei monocicli elettrici con un audace balzo in avanti rispetto al suo predecessore, il V14. Costruito sui principi di modularit\u00e0, precisione e avventura, questo modello aggiornato offre prestazioni migliorate e funzionalit\u00e0 all&#8217;avanguardia per i ciclisti pi\u00f9 esigenti.<\/p>\n<p>Aggiornamenti principali rispetto alla V14 PRO Adventure:<\/p>\n<ul>\n<li><strong>Velocit\u00e0 massima:<\/strong> aumentata da 80 km\/h a un&#8217;entusiasmante velocit\u00e0 di 80 km\/h<\/li>\n<li><strong>Coppia:<\/strong> aumentata da 230 Nm a un potente 276 Nm<\/li>\n<li><strong>Design:<\/strong> nuova colorazione ispirata<\/li>\n<\/ul>\n<p><strong>Caratteristiche principali mantenute dalla V14 Adventure:<\/strong><\/p>\n<ul>\n<li>Dotata delle esclusive sospensioni progressive personalizzate INMOTION, nate per l&#8217;avventura<\/li>\n<li>Supera senza sforzo pendenze di 50\u00b0 con 850 N di forza di trazione alla ruota<\/li>\n<li>Motore C40 in acciaio magnetico: 9000 W di potenza di picco<\/li>\n<li>120 km di autonomia e supporto alla ricarica rapida<\/li>\n<li>Batteria Samsung da 2400 Wh\/134 V, con celle ad alta potenza<\/li>\n<\/ul>\n<p>InMotion V14 \u00e8 uno dei cerchi da 16 pollici pi\u00f9 potenti attualmente disponibili. Grazie al diametro ridotto del pneumatico e al sistema a 134 volt, questo cerchio offre una coppia elevata per tutte le tue esigenze fuoristrada.<\/p>\n<p>L&#8217;InMotion V14 \u00e8 il primo monociclo elettrico a includere una molla progressiva con una rigidit\u00e0 anteriore di 600 libbre per pollice e una rigidit\u00e0 posteriore di 970 libbre per pollice. I pedali chiodati di serie sono gli stessi dell&#8217;InMotion V13. I power pad inclusi possono essere facilmente regolati grazie al velcro pre-applicato, per essere pi\u00f9 morbidi o pi\u00f9 stretti e garantire un migliore controllo durante la guida o i salti.<\/p>\n<p>Il V14 \u00e8 dotato di un sistema BMS intelligente che consente di monitorare facilmente la tensione e la temperatura di ogni singola cella della batteria dall&#8217;app InMotion. Ciascuna batteria del V14 pu\u00f2 essere facilmente rimossa poich\u00e9 i cavi si trovano sotto il pannello laterale, vicino alla parte superiore dell&#8217;unit\u00e0.<\/p>\n<p>Attualmente sono disponibili due varianti di batteria del V14: la 50GB e la 50S. Le celle Samsung 50S consentono di ottenere pi\u00f9 potenza in qualsiasi momento, il che significa che \u00e8 possibile accelerare pi\u00f9 velocemente, frenare pi\u00f9 velocemente e persino mantenere velocit\u00e0 elevate per un periodo di tempo pi\u00f9 lungo. Le batterie Samsung da 50 GB possono essere utili per i ciclisti che desiderano spendere meno per la V14 e potrebbero offrire una maggiore autonomia, dato che non \u00e8 possibile utilizzare la stessa potenza in qualsiasi momento a causa dei limiti di queste celle.<\/p>\n<p><strong>Specifiche InMotion V14 Pro<\/strong><\/p>\n<p>Autonomia massima: circa 120 km<br \/>\nPotenza motore: 4000 W con picchi a 9000 W<br \/>\nBatteria: 2400 Wh 134 V<br \/>\nTempo di ricarica: 4-6 ore con caricabatterie di serie<br \/>\nVelocit\u00e0 massima: 69 km\/h<br \/>\nAngolo di salita: 50 gradi<br \/>\nPneumatico: 16 pollici<br \/>\nPeso: 38 kg<br \/>\nCarico utile: 136 kg<br \/>\nGrado di protezione IP: IPX6<br \/>\nLuci: Faro anteriore e fanale posteriore<br \/>\nUscita caricabatterie: CC 134 V* 3 A<\/p>\n","protected":false},"excerpt":{"rendered":"<p>InMotion V14 \u00e8 uno dei cerchi da 16 pollici pi\u00f9 potenti attualmente disponibili. Grazie al diametro ridotto del pneumatico e al sistema a 134 volt, questo cerchio offre una coppia elevata per tutte le tue esigenze fuoristrada.<\/p>\n","protected":false},"featured_media":14954,"comment_status":"open","ping_status":"closed","template":"","meta":[],"product_brand":[],"product_cat":[55,109],"product_tag":[26],"class_list":{"0":"post-14460","1":"product","2":"type-product","3":"status-publish","4":"has-post-thumbnail","6":"product_cat-electric-unicycles","7":"product_cat-inmotion","8":"product_tag-euc","10":"first","11":"instock","12":"sale","13":"taxable","14":"shipping-taxable","15":"purchasable","16":"product-type-simple"},"yoast_head":"<!-- This site is optimized with the Yoast SEO plugin v26.8 - https:\/\/yoast.com\/product\/yoast-seo-wordpress\/ -->\n<title>Inmotion V14 Pro 2026<\/title>\n<meta name=\"description\" content=\"InMotion V14 \u00e8 uno dei cerchi da 16 pollici pi\u00f9 potenti attualmente disponibili. Grazie al diametro ridotto del pneumatico e al sistema a 134 volt, questo cerchio offre una coppia elevata per tutte le tue esigenze fuoristrada.\" \/>\n<meta name=\"robots\" content=\"index, follow, max-snippet:-1, max-image-preview:large, max-video-preview:-1\" \/>\n<link rel=\"canonical\" href=\"http:\/\/InMotion%20V14%20\u00e8%20uno%20dei%20cerchi%20da%2016%20pollici%20pi\u00f9%20potenti%20attualmente%20disponibili.%20Grazie%20al%20diametro%20ridotto%20del%20pneumatico%20e%20al%20sistema%20a%20134%20volt,%20questo%20cerchio%20offre%20una%20coppia%20elevata%20per%20tutte%20le%20tue%20esigenze%20fuoristrada.\" \/>\n<meta property=\"og:locale\" content=\"it_IT\" \/>\n<meta property=\"og:type\" content=\"article\" \/>\n<meta property=\"og:title\" content=\"Inmotion V14 Pro 2026\" \/>\n<meta property=\"og:description\" content=\"InMotion V14 \u00e8 uno dei cerchi da 16 pollici pi\u00f9 potenti attualmente disponibili. Grazie al diametro ridotto del pneumatico e al sistema a 134 volt, questo cerchio offre una coppia elevata per tutte le tue esigenze fuoristrada.\" \/>\n<meta property=\"og:url\" content=\"https:\/\/monokolo.eu\/it\/product\/inmotion-v14\/\" \/>\n<meta property=\"og:site_name\" content=\"Monokolo\" \/>\n<meta property=\"article:publisher\" content=\"https:\/\/facebook.com\/monokolo.polska\/\" \/>\n<meta property=\"article:modified_time\" content=\"2026-02-26T10:31:21+00:00\" \/>\n<meta property=\"og:image\" content=\"https:\/\/monokolo.eu\/wp-content\/uploads\/2024\/12\/inmotion-v14-pro-001.jpg\" \/>\n\t<meta property=\"og:image:width\" content=\"1050\" \/>\n\t<meta property=\"og:image:height\" content=\"1400\" \/>\n\t<meta property=\"og:image:type\" content=\"image\/jpeg\" \/>\n<meta name=\"twitter:card\" content=\"summary_large_image\" \/>\n<meta name=\"twitter:label1\" content=\"Tempo di lettura stimato\" \/>\n\t<meta name=\"twitter:data1\" content=\"3 minuti\" \/>\n<script type=\"application\/ld+json\" class=\"yoast-schema-graph\">{\"@context\":\"https:\/\/schema.org\",\"@graph\":[{\"@type\":\"WebPage\",\"@id\":\"https:\/\/monokolo.eu\/it\/product\/inmotion-v14\/\",\"url\":\"https:\/\/monokolo.eu\/it\/product\/inmotion-v14\/\",\"name\":\"Inmotion V14 Pro 2026 - Monokolo\",\"isPartOf\":{\"@id\":\"https:\/\/monokolo.eu\/#website\"},\"primaryImageOfPage\":{\"@id\":\"https:\/\/monokolo.eu\/it\/product\/inmotion-v14\/#primaryimage\"},\"image\":{\"@id\":\"https:\/\/monokolo.eu\/it\/product\/inmotion-v14\/#primaryimage\"},\"thumbnailUrl\":\"https:\/\/monokolo.eu\/wp-content\/uploads\/2024\/12\/inmotion-v14-pro-001.jpg\",\"datePublished\":\"2024-12-15T20:37:54+00:00\",\"dateModified\":\"2026-02-26T10:31:21+00:00\",\"breadcrumb\":{\"@id\":\"https:\/\/monokolo.eu\/it\/product\/inmotion-v14\/#breadcrumb\"},\"inLanguage\":\"it-IT\",\"potentialAction\":[{\"@type\":\"ReadAction\",\"target\":[\"https:\/\/monokolo.eu\/it\/product\/inmotion-v14\/\"]}]},{\"@type\":\"ImageObject\",\"inLanguage\":\"it-IT\",\"@id\":\"https:\/\/monokolo.eu\/it\/product\/inmotion-v14\/#primaryimage\",\"url\":\"https:\/\/monokolo.eu\/wp-content\/uploads\/2024\/12\/inmotion-v14-pro-001.jpg\",\"contentUrl\":\"https:\/\/monokolo.eu\/wp-content\/uploads\/2024\/12\/inmotion-v14-pro-001.jpg\",\"width\":1050,\"height\":1400,\"caption\":\"Inmotion v14 Pro\"},{\"@type\":\"BreadcrumbList\",\"@id\":\"https:\/\/monokolo.eu\/it\/product\/inmotion-v14\/#breadcrumb\",\"itemListElement\":[{\"@type\":\"ListItem\",\"position\":1,\"name\":\"Monokolo.eu - monocicli elettrici, trasporti elettrici in Europa\",\"item\":\"https:\/\/monokolo.eu\/\"},{\"@type\":\"ListItem\",\"position\":2,\"name\":\"Negozio\",\"item\":\"https:\/\/monokolo.eu\/shop\/\"},{\"@type\":\"ListItem\",\"position\":3,\"name\":\"Inmotion V14 Pro 2026\"}]},{\"@type\":\"WebSite\",\"@id\":\"https:\/\/monokolo.eu\/it\/#website\",\"url\":\"https:\/\/monokolo.eu\/it\/\",\"name\":\"Monokolo.eu\",\"description\":\"Negozio di monocicli elettrici in Europa\",\"publisher\":{\"@id\":\"https:\/\/monokolo.eu\/it\/#organization\"},\"potentialAction\":[{\"@type\":\"SearchAction\",\"target\":{\"@type\":\"EntryPoint\",\"urlTemplate\":\"https:\/\/monokolo.eu\/it\/?s={search_term_string}\"},\"query-input\":{\"@type\":\"PropertyValueSpecification\",\"valueRequired\":true,\"valueName\":\"search_term_string\"}}],\"inLanguage\":\"it-IT\"},{\"@type\":\"Organization\",\"@id\":\"https:\/\/monokolo.eu\/it\/#organization\",\"name\":\"Monokolo\",\"url\":\"https:\/\/monokolo.eu\/it\/\",\"logo\":{\"@type\":\"ImageObject\",\"inLanguage\":\"it-IT\",\"@id\":\"https:\/\/monokolo.eu\/it\/#\/schema\/logo\/image\/\",\"url\":\"https:\/\/monokolo.eu\/wp-content\/uploads\/2025\/04\/logo22.png\",\"contentUrl\":\"https:\/\/monokolo.eu\/wp-content\/uploads\/2025\/04\/logo22.png\",\"width\":755,\"height\":192,\"caption\":\"Monokolo\"},\"image\":{\"@id\":\"https:\/\/monokolo.eu\/it\/#\/schema\/logo\/image\/\"},\"sameAs\":[\"https:\/\/facebook.com\/monokolo.polska\/\",\"https:\/\/www.instagram.com\/monokolo.pl\/\",\"https:\/\/www.tiktok.com\/@monokolo.pl\"]}]}<\/script>\n<!-- \/ Yoast SEO plugin. -->","yoast_head_json":{"title":"Inmotion V14 Pro 2026","description":"InMotion V14 \u00e8 uno dei cerchi da 16 pollici pi\u00f9 potenti attualmente disponibili. Grazie al diametro ridotto del pneumatico e al sistema a 134 volt, questo cerchio offre una coppia elevata per tutte le tue esigenze fuoristrada.","robots":{"index":"index","follow":"follow","max-snippet":"max-snippet:-1","max-image-preview":"max-image-preview:large","max-video-preview":"max-video-preview:-1"},"canonical":"InMotion V14 \u00e8 uno dei cerchi da 16 pollici pi\u00f9 potenti attualmente disponibili. Grazie al diametro ridotto del pneumatico e al sistema a 134 volt, questo cerchio offre una coppia elevata per tutte le tue esigenze fuoristrada.","og_locale":"it_IT","og_type":"article","og_title":"Inmotion V14 Pro 2026","og_description":"InMotion V14 \u00e8 uno dei cerchi da 16 pollici pi\u00f9 potenti attualmente disponibili. Grazie al diametro ridotto del pneumatico e al sistema a 134 volt, questo cerchio offre una coppia elevata per tutte le tue esigenze fuoristrada.","og_url":"https:\/\/monokolo.eu\/it\/product\/inmotion-v14\/","og_site_name":"Monokolo","article_publisher":"https:\/\/facebook.com\/monokolo.polska\/","article_modified_time":"2026-02-26T10:31:21+00:00","og_image":[{"width":1050,"height":1400,"url":"https:\/\/monokolo.eu\/wp-content\/uploads\/2024\/12\/inmotion-v14-pro-001.jpg","type":"image\/jpeg"}],"twitter_card":"summary_large_image","twitter_misc":{"Tempo di lettura stimato":"3 minuti"},"schema":{"@context":"https:\/\/schema.org","@graph":[{"@type":"WebPage","@id":"https:\/\/monokolo.eu\/it\/product\/inmotion-v14\/","url":"https:\/\/monokolo.eu\/it\/product\/inmotion-v14\/","name":"Inmotion V14 Pro 2026 - Monokolo","isPartOf":{"@id":"https:\/\/monokolo.eu\/#website"},"primaryImageOfPage":{"@id":"https:\/\/monokolo.eu\/it\/product\/inmotion-v14\/#primaryimage"},"image":{"@id":"https:\/\/monokolo.eu\/it\/product\/inmotion-v14\/#primaryimage"},"thumbnailUrl":"https:\/\/monokolo.eu\/wp-content\/uploads\/2024\/12\/inmotion-v14-pro-001.jpg","datePublished":"2024-12-15T20:37:54+00:00","dateModified":"2026-02-26T10:31:21+00:00","breadcrumb":{"@id":"https:\/\/monokolo.eu\/it\/product\/inmotion-v14\/#breadcrumb"},"inLanguage":"it-IT","potentialAction":[{"@type":"ReadAction","target":["https:\/\/monokolo.eu\/it\/product\/inmotion-v14\/"]}]},{"@type":"ImageObject","inLanguage":"it-IT","@id":"https:\/\/monokolo.eu\/it\/product\/inmotion-v14\/#primaryimage","url":"https:\/\/monokolo.eu\/wp-content\/uploads\/2024\/12\/inmotion-v14-pro-001.jpg","contentUrl":"https:\/\/monokolo.eu\/wp-content\/uploads\/2024\/12\/inmotion-v14-pro-001.jpg","width":1050,"height":1400,"caption":"Inmotion v14 Pro"},{"@type":"BreadcrumbList","@id":"https:\/\/monokolo.eu\/it\/product\/inmotion-v14\/#breadcrumb","itemListElement":[{"@type":"ListItem","position":1,"name":"Monokolo.eu - monocicli elettrici, trasporti elettrici in Europa","item":"https:\/\/monokolo.eu\/"},{"@type":"ListItem","position":2,"name":"Negozio","item":"https:\/\/monokolo.eu\/shop\/"},{"@type":"ListItem","position":3,"name":"Inmotion V14 Pro 2026"}]},{"@type":"WebSite","@id":"https:\/\/monokolo.eu\/it\/#website","url":"https:\/\/monokolo.eu\/it\/","name":"Monokolo.eu","description":"Negozio di monocicli elettrici in Europa","publisher":{"@id":"https:\/\/monokolo.eu\/it\/#organization"},"potentialAction":[{"@type":"SearchAction","target":{"@type":"EntryPoint","urlTemplate":"https:\/\/monokolo.eu\/it\/?s={search_term_string}"},"query-input":{"@type":"PropertyValueSpecification","valueRequired":true,"valueName":"search_term_string"}}],"inLanguage":"it-IT"},{"@type":"Organization","@id":"https:\/\/monokolo.eu\/it\/#organization","name":"Monokolo","url":"https:\/\/monokolo.eu\/it\/","logo":{"@type":"ImageObject","inLanguage":"it-IT","@id":"https:\/\/monokolo.eu\/it\/#\/schema\/logo\/image\/","url":"https:\/\/monokolo.eu\/wp-content\/uploads\/2025\/04\/logo22.png","contentUrl":"https:\/\/monokolo.eu\/wp-content\/uploads\/2025\/04\/logo22.png","width":755,"height":192,"caption":"Monokolo"},"image":{"@id":"https:\/\/monokolo.eu\/it\/#\/schema\/logo\/image\/"},"sameAs":["https:\/\/facebook.com\/monokolo.polska\/","https:\/\/www.instagram.com\/monokolo.pl\/","https:\/\/www.tiktok.com\/@monokolo.pl"]}]}},"_links":{"self":[{"href":"https:\/\/monokolo.eu\/it\/wp-json\/wp\/v2\/product\/14460","targetHints":{"allow":["GET"]}}],"collection":[{"href":"https:\/\/monokolo.eu\/it\/wp-json\/wp\/v2\/product"}],"about":[{"href":"https:\/\/monokolo.eu\/it\/wp-json\/wp\/v2\/types\/product"}],"replies":[{"embeddable":true,"href":"https:\/\/monokolo.eu\/it\/wp-json\/wp\/v2\/comments?post=14460"}],"wp:featuredmedia":[{"embeddable":true,"href":"https:\/\/monokolo.eu\/it\/wp-json\/wp\/v2\/media\/14954"}],"wp:attachment":[{"href":"https:\/\/monokolo.eu\/it\/wp-json\/wp\/v2\/media?parent=14460"}],"wp:term":[{"taxonomy":"product_brand","embeddable":true,"href":"https:\/\/monokolo.eu\/it\/wp-json\/wp\/v2\/product_brand?post=14460"},{"taxonomy":"product_cat","embeddable":true,"href":"https:\/\/monokolo.eu\/it\/wp-json\/wp\/v2\/product_cat?post=14460"},{"taxonomy":"product_tag","embeddable":true,"href":"https:\/\/monokolo.eu\/it\/wp-json\/wp\/v2\/product_tag?post=14460"}],"curies":[{"name":"wp","href":"https:\/\/api.w.org\/{rel}","templated":true}]}}