{"id":13111,"date":"2022-05-09T17:33:31","date_gmt":"2022-05-09T17:33:31","guid":{"rendered":"http:\/\/localhost\/wp\/elecgreen\/?post_type=product&#038;p=13111"},"modified":"2026-04-02T12:21:51","modified_gmt":"2026-04-02T12:21:51","slug":"kingsong-s16-pro","status":"publish","type":"product","link":"https:\/\/monokolo.eu\/it\/product\/kingsong-s16-pro\/","title":{"rendered":"KingSong S16 PRO"},"content":{"rendered":"<h5>Informazioni sul prodotto<\/h5>\n<p>L&#8217;ultimo aggiornamento del King Song S16 Pro introduce un significativo miglioramento della potenza del motore, passando a un motore C33 ad alta coppia da 3.000 W (6 kW di picco), pi\u00f9 potente, che sostituisce il precedente motore da 2.800 W. Questo aggiornamento \u00e8 completato dall&#8217;inclusione di celle della batteria Samsung 50S ad alta potenza, con un conseguente notevole aumento della velocit\u00e0. La velocit\u00e0 massima \u00e8 aumentata di +9,5 km\/h, passando da 48 a 60 km\/h. Oltre ad aumentare l&#8217;emozione della guida, questo miglioramento migliora l&#8217;efficienza e le prestazioni complessive. Con un&#8217;accelerazione pi\u00f9 fluida e una velocit\u00e0 massima pi\u00f9 elevata, l&#8217;S16 Pro offre un&#8217;esperienza di guida ottimizzata per gli appassionati, sia che si tratti di percorrere strade urbane o di esplorare terreni accidentati fuoristrada. Il King Song S16 Pro colpisce per il suo design compatto ma robusto, con un peso di circa 30 kg, che lo rende uno dei monopattini con sospensioni pi\u00f9 leggeri disponibili. Eredita il robusto alloggiamento della batteria in metallo dal suo predecessore, l&#8217;S22, garantendo durata e protezione per i componenti interni. Inoltre, l&#8217;inclusione di pedali chiodati migliora la stabilit\u00e0 e la trazione in diverse condizioni di guida, mentre la robusta maniglia del carrello facilita il sollevamento e le manovre.<\/p>\n<p><strong>Sistema di sospensioni<\/strong><\/p>\n<p>Dotata dell&#8217;avanzato sistema di scorrimento di quinta generazione di King Song e di un ammortizzatore a molla da 340 kg, la S16 Pro offre una guida fluida e confortevole anche su terreni accidentati. La configurazione delle sospensioni offre 85 mm di escursione, garantendo un eccellente assorbimento degli urti e una qualit\u00e0 di guida eccellente, rendendola adatta sia per avventure su strada che fuoristrada.<\/p>\n<p><strong>Prestazioni e caratteristiche<\/strong><\/p>\n<p>Alimentata da un potente motore da 3000 W, con un picco di 6000 W, e da un sistema di batterie da 84 V con batterie Samsung 50S, la S16 Pro vanta prestazioni impressionanti. Con una velocit\u00e0 massima di circa 60 km\/h e un&#8217;autonomia di circa 130 km con una singola carica, offre velocit\u00e0 e resistenza per i percorsi pi\u00f9 lunghi. L&#8217;inclusione di funzionalit\u00e0 come un interruttore di sollevamento con sensore touch, un robusto cavalletto e porte di ricarica USB migliorano la praticit\u00e0 e la versatilit\u00e0 per i ciclisti.<\/p>\n","protected":false},"excerpt":{"rendered":"<p>La King Song S16 Pro colpisce per il suo design compatto ma robusto, con un peso di circa 30 kg, che la rende una delle ruote ammortizzate pi\u00f9 leggere sul mercato. Eredita il robusto alloggiamento metallico della batteria dal suo predecessore, la S22, garantendo durata e protezione per i componenti interni. Inoltre, l&#8217;inclusione di pedali chiodati migliora la stabilit\u00e0 e la trazione in diverse condizioni di guida, mentre la robusta maniglia del carrello ne facilita il sollevamento e la manovrabilit\u00e0.<\/p>\n","protected":false},"featured_media":14476,"comment_status":"open","ping_status":"closed","template":"","meta":[],"product_brand":[],"product_cat":[55,110],"product_tag":[26],"class_list":{"0":"post-13111","1":"product","2":"type-product","3":"status-publish","4":"has-post-thumbnail","6":"product_cat-electric-unicycles","7":"product_cat-kingsong","8":"product_tag-euc","10":"first","11":"instock","12":"sale","13":"taxable","14":"shipping-taxable","15":"purchasable","16":"product-type-simple"},"yoast_head":"<!-- This site is optimized with the Yoast SEO plugin v26.8 - https:\/\/yoast.com\/product\/yoast-seo-wordpress\/ -->\n<title>KingSong S16 PRO<\/title>\n<meta name=\"description\" content=\"La King Song S16 Pro colpisce per il suo design compatto ma robusto, con un peso di circa 30 kg, che la rende una delle ruote ammortizzate pi\u00f9 leggere sul mercato. Eredita il robusto alloggiamento metallico della batteria dal suo predecessore, la S22, garantendo durata e protezione per i componenti interni. Inoltre, l&#039;inclusione di pedali chiodati migliora la stabilit\u00e0 e la trazione in diverse condizioni di guida, mentre la robusta maniglia del carrello ne facilita il sollevamento e la manovrabilit\u00e0.\" \/>\n<meta name=\"robots\" content=\"index, follow, max-snippet:-1, max-image-preview:large, max-video-preview:-1\" \/>\n<link rel=\"canonical\" href=\"http:\/\/La%20King%20Song%20S16%20Pro%20colpisce%20per%20il%20suo%20design%20compatto%20ma%20robusto,%20con%20un%20peso%20di%20circa%2030%20kg,%20che%20la%20rende%20una%20delle%20ruote%20ammortizzate%20pi\u00f9%20leggere%20sul%20mercato.%20Eredita%20il%20robusto%20alloggiamento%20metallico%20della%20batteria%20dal%20suo%20predecessore,%20la%20S22,%20garantendo%20durata%20e%20protezione%20per%20i%20componenti%20interni.%20Inoltre,%20l'inclusione%20di%20pedali%20chiodati%20migliora%20la%20stabilit\u00e0%20e%20la%20trazione%20in%20diverse%20condizioni%20di%20guida,%20mentre%20la%20robusta%20maniglia%20del%20carrello%20ne%20facilita%20il%20sollevamento%20e%20la%20manovrabilit\u00e0.\" \/>\n<meta property=\"og:locale\" content=\"it_IT\" \/>\n<meta property=\"og:type\" content=\"article\" \/>\n<meta property=\"og:title\" content=\"KingSong S16 PRO\" \/>\n<meta property=\"og:description\" content=\"La King Song S16 Pro colpisce per il suo design compatto ma robusto, con un peso di circa 30 kg, che la rende una delle ruote ammortizzate pi\u00f9 leggere sul mercato. Eredita il robusto alloggiamento metallico della batteria dal suo predecessore, la S22, garantendo durata e protezione per i componenti interni. Inoltre, l&#039;inclusione di pedali chiodati migliora la stabilit\u00e0 e la trazione in diverse condizioni di guida, mentre la robusta maniglia del carrello ne facilita il sollevamento e la manovrabilit\u00e0.\" \/>\n<meta property=\"og:url\" content=\"https:\/\/monokolo.eu\/it\/product\/kingsong-s16-pro\/\" \/>\n<meta property=\"og:site_name\" content=\"Monokolo\" \/>\n<meta property=\"article:publisher\" content=\"https:\/\/facebook.com\/monokolo.polska\/\" \/>\n<meta property=\"article:modified_time\" content=\"2026-04-02T12:21:51+00:00\" \/>\n<meta property=\"og:image\" content=\"https:\/\/monokolo.eu\/wp-content\/uploads\/2022\/05\/kingsong-s16-pro-01.jpg\" \/>\n\t<meta property=\"og:image:width\" content=\"750\" \/>\n\t<meta property=\"og:image:height\" content=\"1000\" \/>\n\t<meta property=\"og:image:type\" content=\"image\/jpeg\" \/>\n<meta name=\"twitter:card\" content=\"summary_large_image\" \/>\n<meta name=\"twitter:label1\" content=\"Tempo di lettura stimato\" \/>\n\t<meta name=\"twitter:data1\" content=\"2 minuti\" \/>\n<script type=\"application\/ld+json\" class=\"yoast-schema-graph\">{\"@context\":\"https:\/\/schema.org\",\"@graph\":[{\"@type\":\"WebPage\",\"@id\":\"https:\/\/monokolo.eu\/it\/product\/kingsong-s16-pro\/\",\"url\":\"https:\/\/monokolo.eu\/it\/product\/kingsong-s16-pro\/\",\"name\":\"KingSong S16 PRO - Monokolo\",\"isPartOf\":{\"@id\":\"https:\/\/monokolo.eu\/#website\"},\"primaryImageOfPage\":{\"@id\":\"https:\/\/monokolo.eu\/it\/product\/kingsong-s16-pro\/#primaryimage\"},\"image\":{\"@id\":\"https:\/\/monokolo.eu\/it\/product\/kingsong-s16-pro\/#primaryimage\"},\"thumbnailUrl\":\"https:\/\/monokolo.eu\/wp-content\/uploads\/2022\/05\/kingsong-s16-pro-01.jpg\",\"datePublished\":\"2022-05-09T17:33:31+00:00\",\"dateModified\":\"2026-04-02T12:21:51+00:00\",\"breadcrumb\":{\"@id\":\"https:\/\/monokolo.eu\/it\/product\/kingsong-s16-pro\/#breadcrumb\"},\"inLanguage\":\"it-IT\",\"potentialAction\":[{\"@type\":\"ReadAction\",\"target\":[\"https:\/\/monokolo.eu\/it\/product\/kingsong-s16-pro\/\"]}]},{\"@type\":\"ImageObject\",\"inLanguage\":\"it-IT\",\"@id\":\"https:\/\/monokolo.eu\/it\/product\/kingsong-s16-pro\/#primaryimage\",\"url\":\"https:\/\/monokolo.eu\/wp-content\/uploads\/2022\/05\/kingsong-s16-pro-01.jpg\",\"contentUrl\":\"https:\/\/monokolo.eu\/wp-content\/uploads\/2022\/05\/kingsong-s16-pro-01.jpg\",\"width\":750,\"height\":1000,\"caption\":\"kingsong s16 pro\"},{\"@type\":\"BreadcrumbList\",\"@id\":\"https:\/\/monokolo.eu\/it\/product\/kingsong-s16-pro\/#breadcrumb\",\"itemListElement\":[{\"@type\":\"ListItem\",\"position\":1,\"name\":\"Monokolo.eu - monocicli elettrici, trasporti elettrici in Europa\",\"item\":\"https:\/\/monokolo.eu\/\"},{\"@type\":\"ListItem\",\"position\":2,\"name\":\"Negozio\",\"item\":\"https:\/\/monokolo.eu\/shop\/\"},{\"@type\":\"ListItem\",\"position\":3,\"name\":\"KingSong S16 PRO\"}]},{\"@type\":\"WebSite\",\"@id\":\"https:\/\/monokolo.eu\/it\/#website\",\"url\":\"https:\/\/monokolo.eu\/it\/\",\"name\":\"Monokolo.eu\",\"description\":\"Negozio di monocicli elettrici in Europa\",\"publisher\":{\"@id\":\"https:\/\/monokolo.eu\/it\/#organization\"},\"potentialAction\":[{\"@type\":\"SearchAction\",\"target\":{\"@type\":\"EntryPoint\",\"urlTemplate\":\"https:\/\/monokolo.eu\/it\/?s={search_term_string}\"},\"query-input\":{\"@type\":\"PropertyValueSpecification\",\"valueRequired\":true,\"valueName\":\"search_term_string\"}}],\"inLanguage\":\"it-IT\"},{\"@type\":\"Organization\",\"@id\":\"https:\/\/monokolo.eu\/it\/#organization\",\"name\":\"Monokolo\",\"url\":\"https:\/\/monokolo.eu\/it\/\",\"logo\":{\"@type\":\"ImageObject\",\"inLanguage\":\"it-IT\",\"@id\":\"https:\/\/monokolo.eu\/it\/#\/schema\/logo\/image\/\",\"url\":\"https:\/\/monokolo.eu\/wp-content\/uploads\/2025\/04\/logo22.png\",\"contentUrl\":\"https:\/\/monokolo.eu\/wp-content\/uploads\/2025\/04\/logo22.png\",\"width\":755,\"height\":192,\"caption\":\"Monokolo\"},\"image\":{\"@id\":\"https:\/\/monokolo.eu\/it\/#\/schema\/logo\/image\/\"},\"sameAs\":[\"https:\/\/facebook.com\/monokolo.polska\/\",\"https:\/\/www.instagram.com\/monokolo.pl\/\",\"https:\/\/www.tiktok.com\/@monokolo.pl\"]}]}<\/script>\n<!-- \/ Yoast SEO plugin. -->","yoast_head_json":{"title":"KingSong S16 PRO","description":"La King Song S16 Pro colpisce per il suo design compatto ma robusto, con un peso di circa 30 kg, che la rende una delle ruote ammortizzate pi\u00f9 leggere sul mercato. Eredita il robusto alloggiamento metallico della batteria dal suo predecessore, la S22, garantendo durata e protezione per i componenti interni. Inoltre, l'inclusione di pedali chiodati migliora la stabilit\u00e0 e la trazione in diverse condizioni di guida, mentre la robusta maniglia del carrello ne facilita il sollevamento e la manovrabilit\u00e0.","robots":{"index":"index","follow":"follow","max-snippet":"max-snippet:-1","max-image-preview":"max-image-preview:large","max-video-preview":"max-video-preview:-1"},"canonical":"La King Song S16 Pro colpisce per il suo design compatto ma robusto, con un peso di circa 30 kg, che la rende una delle ruote ammortizzate pi\u00f9 leggere sul mercato. Eredita il robusto alloggiamento metallico della batteria dal suo predecessore, la S22, garantendo durata e protezione per i componenti interni. Inoltre, l'inclusione di pedali chiodati migliora la stabilit\u00e0 e la trazione in diverse condizioni di guida, mentre la robusta maniglia del carrello ne facilita il sollevamento e la manovrabilit\u00e0.","og_locale":"it_IT","og_type":"article","og_title":"KingSong S16 PRO","og_description":"La King Song S16 Pro colpisce per il suo design compatto ma robusto, con un peso di circa 30 kg, che la rende una delle ruote ammortizzate pi\u00f9 leggere sul mercato. Eredita il robusto alloggiamento metallico della batteria dal suo predecessore, la S22, garantendo durata e protezione per i componenti interni. Inoltre, l'inclusione di pedali chiodati migliora la stabilit\u00e0 e la trazione in diverse condizioni di guida, mentre la robusta maniglia del carrello ne facilita il sollevamento e la manovrabilit\u00e0.","og_url":"https:\/\/monokolo.eu\/it\/product\/kingsong-s16-pro\/","og_site_name":"Monokolo","article_publisher":"https:\/\/facebook.com\/monokolo.polska\/","article_modified_time":"2026-04-02T12:21:51+00:00","og_image":[{"width":750,"height":1000,"url":"https:\/\/monokolo.eu\/wp-content\/uploads\/2022\/05\/kingsong-s16-pro-01.jpg","type":"image\/jpeg"}],"twitter_card":"summary_large_image","twitter_misc":{"Tempo di lettura stimato":"2 minuti"},"schema":{"@context":"https:\/\/schema.org","@graph":[{"@type":"WebPage","@id":"https:\/\/monokolo.eu\/it\/product\/kingsong-s16-pro\/","url":"https:\/\/monokolo.eu\/it\/product\/kingsong-s16-pro\/","name":"KingSong S16 PRO - Monokolo","isPartOf":{"@id":"https:\/\/monokolo.eu\/#website"},"primaryImageOfPage":{"@id":"https:\/\/monokolo.eu\/it\/product\/kingsong-s16-pro\/#primaryimage"},"image":{"@id":"https:\/\/monokolo.eu\/it\/product\/kingsong-s16-pro\/#primaryimage"},"thumbnailUrl":"https:\/\/monokolo.eu\/wp-content\/uploads\/2022\/05\/kingsong-s16-pro-01.jpg","datePublished":"2022-05-09T17:33:31+00:00","dateModified":"2026-04-02T12:21:51+00:00","breadcrumb":{"@id":"https:\/\/monokolo.eu\/it\/product\/kingsong-s16-pro\/#breadcrumb"},"inLanguage":"it-IT","potentialAction":[{"@type":"ReadAction","target":["https:\/\/monokolo.eu\/it\/product\/kingsong-s16-pro\/"]}]},{"@type":"ImageObject","inLanguage":"it-IT","@id":"https:\/\/monokolo.eu\/it\/product\/kingsong-s16-pro\/#primaryimage","url":"https:\/\/monokolo.eu\/wp-content\/uploads\/2022\/05\/kingsong-s16-pro-01.jpg","contentUrl":"https:\/\/monokolo.eu\/wp-content\/uploads\/2022\/05\/kingsong-s16-pro-01.jpg","width":750,"height":1000,"caption":"kingsong s16 pro"},{"@type":"BreadcrumbList","@id":"https:\/\/monokolo.eu\/it\/product\/kingsong-s16-pro\/#breadcrumb","itemListElement":[{"@type":"ListItem","position":1,"name":"Monokolo.eu - monocicli elettrici, trasporti elettrici in Europa","item":"https:\/\/monokolo.eu\/"},{"@type":"ListItem","position":2,"name":"Negozio","item":"https:\/\/monokolo.eu\/shop\/"},{"@type":"ListItem","position":3,"name":"KingSong S16 PRO"}]},{"@type":"WebSite","@id":"https:\/\/monokolo.eu\/it\/#website","url":"https:\/\/monokolo.eu\/it\/","name":"Monokolo.eu","description":"Negozio di monocicli elettrici in Europa","publisher":{"@id":"https:\/\/monokolo.eu\/it\/#organization"},"potentialAction":[{"@type":"SearchAction","target":{"@type":"EntryPoint","urlTemplate":"https:\/\/monokolo.eu\/it\/?s={search_term_string}"},"query-input":{"@type":"PropertyValueSpecification","valueRequired":true,"valueName":"search_term_string"}}],"inLanguage":"it-IT"},{"@type":"Organization","@id":"https:\/\/monokolo.eu\/it\/#organization","name":"Monokolo","url":"https:\/\/monokolo.eu\/it\/","logo":{"@type":"ImageObject","inLanguage":"it-IT","@id":"https:\/\/monokolo.eu\/it\/#\/schema\/logo\/image\/","url":"https:\/\/monokolo.eu\/wp-content\/uploads\/2025\/04\/logo22.png","contentUrl":"https:\/\/monokolo.eu\/wp-content\/uploads\/2025\/04\/logo22.png","width":755,"height":192,"caption":"Monokolo"},"image":{"@id":"https:\/\/monokolo.eu\/it\/#\/schema\/logo\/image\/"},"sameAs":["https:\/\/facebook.com\/monokolo.polska\/","https:\/\/www.instagram.com\/monokolo.pl\/","https:\/\/www.tiktok.com\/@monokolo.pl"]}]}},"_links":{"self":[{"href":"https:\/\/monokolo.eu\/it\/wp-json\/wp\/v2\/product\/13111","targetHints":{"allow":["GET"]}}],"collection":[{"href":"https:\/\/monokolo.eu\/it\/wp-json\/wp\/v2\/product"}],"about":[{"href":"https:\/\/monokolo.eu\/it\/wp-json\/wp\/v2\/types\/product"}],"replies":[{"embeddable":true,"href":"https:\/\/monokolo.eu\/it\/wp-json\/wp\/v2\/comments?post=13111"}],"wp:featuredmedia":[{"embeddable":true,"href":"https:\/\/monokolo.eu\/it\/wp-json\/wp\/v2\/media\/14476"}],"wp:attachment":[{"href":"https:\/\/monokolo.eu\/it\/wp-json\/wp\/v2\/media?parent=13111"}],"wp:term":[{"taxonomy":"product_brand","embeddable":true,"href":"https:\/\/monokolo.eu\/it\/wp-json\/wp\/v2\/product_brand?post=13111"},{"taxonomy":"product_cat","embeddable":true,"href":"https:\/\/monokolo.eu\/it\/wp-json\/wp\/v2\/product_cat?post=13111"},{"taxonomy":"product_tag","embeddable":true,"href":"https:\/\/monokolo.eu\/it\/wp-json\/wp\/v2\/product_tag?post=13111"}],"curies":[{"name":"wp","href":"https:\/\/api.w.org\/{rel}","templated":true}]}}