{"id":13073,"date":"2022-05-09T16:43:33","date_gmt":"2022-05-09T16:43:33","guid":{"rendered":"http:\/\/localhost\/wp\/elecgreen\/?post_type=product&#038;p=13073"},"modified":"2026-04-15T18:54:56","modified_gmt":"2026-04-15T18:54:56","slug":"veteran-patton-s","status":"publish","type":"product","link":"https:\/\/monokolo.eu\/it\/product\/veteran-patton-s\/","title":{"rendered":"Leaperkim Veteran Patton-S Electric Unicycle"},"content":{"rendered":"<p>Monociclo elettrico Leaperkim Veteran Patton-S<\/p>\n<p>Il Veteran Patton-S \u00e8 un aggiornamento iterativo del popolare Patton di prima generazione, aggiungendo caratteristiche chiave delle versioni Leaperkim pi\u00f9 recenti, come il funzionamento senza hall per una maggiore sicurezza di guida, la funzionalit\u00e0 BMS intelligente per il monitoraggio della temperatura della batteria e delle tensioni delle celle e bobine progressive in tutti gli ammortizzatori per una migliore protezione dal fondocorsa. Altre piccole modifiche includono supporti motore CNC per una maggiore durata e longevit\u00e0, e il passaggio dal pi\u00f9 morbido pneumatico tassellato J802 al pneumatico YuanXing del V14, che offre una maggiore durata del battistrada e una migliore sensazione di guida per un uso misto su strada e fuoristrada.<\/p>\n<p>Inoltre, Leaperkim \u00e8 riuscita a ridurre di quasi 4,5 kg il peso totale rispetto al precedente Patton, il che \u00e8 un vantaggio su tutti i fronti, consentendo una migliore maneggevolezza sia durante la guida che durante il trasporto del monopattino.<\/p>\n<p>La Patton-S mantiene le stesse eccezionali prestazioni della Patton originale, continuando a offrire una straordinaria combinazione di eccellente qualit\u00e0 costruttiva\/resilienza, coppia, velocit\u00e0 e ora anche peso ridotto. Le sospensioni idrauliche FastAce utilizzate sulla Patton-S e su tutte le altre ruote con sospensioni Leaperkim continuano a essere il miglior sistema di sospensioni sul mercato e, tenendo conto di tutti questi fattori, \u00e8 facile capire perch\u00e9 la Patton-S continuer\u00e0 a consolidare il successo dell&#8217;amatissima Patton originale.<\/p>\n","protected":false},"excerpt":{"rendered":"<p>La Veteran Patton-S \u00e8 un aggiornamento iterativo della popolare Patton di prima generazione, aggiungendo caratteristiche chiave delle versioni pi\u00f9 recenti di Leaperkim, come il funzionamento senza hall per una maggiore sicurezza di guida, la funzionalit\u00e0 BMS intelligente per il monitoraggio delle temperature della batteria e delle tensioni delle celle e bobine progressive in tutti i pesi degli ammortizzatori per una migliore protezione dal fondocorsa.<\/p>\n","protected":false},"featured_media":14491,"comment_status":"open","ping_status":"closed","template":"","meta":[],"product_brand":[271],"product_cat":[111,55],"product_tag":[],"class_list":{"0":"post-13073","1":"product","2":"type-product","3":"status-publish","4":"has-post-thumbnail","6":"product_brand-leaperkimveteran","7":"product_cat-leaperkim","8":"product_cat-electric-unicycles","10":"first","11":"instock","12":"sale","13":"taxable","14":"shipping-taxable","15":"purchasable","16":"product-type-simple"},"yoast_head":"<!-- This site is optimized with the Yoast SEO plugin v26.8 - https:\/\/yoast.com\/product\/yoast-seo-wordpress\/ -->\n<title>Leaperkim Veteran Patton-S Electric Unicycle<\/title>\n<meta name=\"description\" content=\"La Veteran Patton-S \u00e8 un aggiornamento iterativo della popolare Patton di prima generazione, aggiungendo caratteristiche chiave delle versioni pi\u00f9 recenti di Leaperkim, come il funzionamento senza hall per una maggiore sicurezza di guida, la funzionalit\u00e0 BMS intelligente per il monitoraggio delle temperature della batteria e delle tensioni delle celle e bobine progressive in tutti i pesi degli ammortizzatori per una migliore protezione dal fondocorsa.\" \/>\n<meta name=\"robots\" content=\"index, follow, max-snippet:-1, max-image-preview:large, max-video-preview:-1\" \/>\n<link rel=\"canonical\" href=\"http:\/\/La%20Veteran%20Patton-S%20\u00e8%20un%20aggiornamento%20iterativo%20della%20popolare%20Patton%20di%20prima%20generazione,%20aggiungendo%20caratteristiche%20chiave%20delle%20versioni%20pi\u00f9%20recenti%20di%20Leaperkim,%20come%20il%20funzionamento%20senza%20hall%20per%20una%20maggiore%20sicurezza%20di%20guida,%20la%20funzionalit\u00e0%20BMS%20intelligente%20per%20il%20monitoraggio%20delle%20temperature%20della%20batteria%20e%20delle%20tensioni%20delle%20celle%20e%20bobine%20progressive%20in%20tutti%20i%20pesi%20degli%20ammortizzatori%20per%20una%20migliore%20protezione%20dal%20fondocorsa.\" \/>\n<meta property=\"og:locale\" content=\"it_IT\" \/>\n<meta property=\"og:type\" content=\"article\" \/>\n<meta property=\"og:title\" content=\"Leaperkim Veteran Patton-S Electric Unicycle\" \/>\n<meta property=\"og:description\" content=\"La Veteran Patton-S \u00e8 un aggiornamento iterativo della popolare Patton di prima generazione, aggiungendo caratteristiche chiave delle versioni pi\u00f9 recenti di Leaperkim, come il funzionamento senza hall per una maggiore sicurezza di guida, la funzionalit\u00e0 BMS intelligente per il monitoraggio delle temperature della batteria e delle tensioni delle celle e bobine progressive in tutti i pesi degli ammortizzatori per una migliore protezione dal fondocorsa.\" \/>\n<meta property=\"og:url\" content=\"https:\/\/monokolo.eu\/it\/product\/veteran-patton-s\/\" \/>\n<meta property=\"og:site_name\" content=\"Monokolo\" \/>\n<meta property=\"article:publisher\" content=\"https:\/\/facebook.com\/monokolo.polska\/\" \/>\n<meta property=\"article:modified_time\" content=\"2026-04-15T18:54:56+00:00\" \/>\n<meta property=\"og:image\" content=\"https:\/\/monokolo.eu\/wp-content\/uploads\/2022\/05\/veteran-patton-s-01.jpg\" \/>\n\t<meta property=\"og:image:width\" content=\"1050\" \/>\n\t<meta property=\"og:image:height\" content=\"1400\" \/>\n\t<meta property=\"og:image:type\" content=\"image\/jpeg\" \/>\n<meta name=\"twitter:card\" content=\"summary_large_image\" \/>\n<meta name=\"twitter:label1\" content=\"Tempo di lettura stimato\" \/>\n\t<meta name=\"twitter:data1\" content=\"3 minuti\" \/>\n<script type=\"application\/ld+json\" class=\"yoast-schema-graph\">{\"@context\":\"https:\/\/schema.org\",\"@graph\":[{\"@type\":\"WebPage\",\"@id\":\"https:\/\/monokolo.eu\/it\/product\/veteran-patton-s\/\",\"url\":\"https:\/\/monokolo.eu\/it\/product\/veteran-patton-s\/\",\"name\":\"Leaperkim Veteran Patton-S Electric Unicycle - Monokolo\",\"isPartOf\":{\"@id\":\"https:\/\/monokolo.eu\/#website\"},\"primaryImageOfPage\":{\"@id\":\"https:\/\/monokolo.eu\/it\/product\/veteran-patton-s\/#primaryimage\"},\"image\":{\"@id\":\"https:\/\/monokolo.eu\/it\/product\/veteran-patton-s\/#primaryimage\"},\"thumbnailUrl\":\"https:\/\/monokolo.eu\/wp-content\/uploads\/2022\/05\/veteran-patton-s-01.jpg\",\"datePublished\":\"2022-05-09T16:43:33+00:00\",\"dateModified\":\"2026-04-15T18:54:56+00:00\",\"description\":\"Experience the Leaperkim Patton S: A high-torque 126V EUC with 2220Wh battery, 80mm FastAce suspension, and a lightweight magnesium frame. The ultimate 16-inch wheel\",\"breadcrumb\":{\"@id\":\"https:\/\/monokolo.eu\/it\/product\/veteran-patton-s\/#breadcrumb\"},\"inLanguage\":\"it-IT\",\"potentialAction\":[{\"@type\":\"ReadAction\",\"target\":[\"https:\/\/monokolo.eu\/it\/product\/veteran-patton-s\/\"]}]},{\"@type\":\"ImageObject\",\"inLanguage\":\"it-IT\",\"@id\":\"https:\/\/monokolo.eu\/it\/product\/veteran-patton-s\/#primaryimage\",\"url\":\"https:\/\/monokolo.eu\/wp-content\/uploads\/2022\/05\/veteran-patton-s-01.jpg\",\"contentUrl\":\"https:\/\/monokolo.eu\/wp-content\/uploads\/2022\/05\/veteran-patton-s-01.jpg\",\"width\":1050,\"height\":1400,\"caption\":\"Veteran Patton S\"},{\"@type\":\"BreadcrumbList\",\"@id\":\"https:\/\/monokolo.eu\/it\/product\/veteran-patton-s\/#breadcrumb\",\"itemListElement\":[{\"@type\":\"ListItem\",\"position\":1,\"name\":\"Monokolo.eu - monocicli elettrici, trasporti elettrici in Europa\",\"item\":\"https:\/\/monokolo.eu\/\"},{\"@type\":\"ListItem\",\"position\":2,\"name\":\"Negozio\",\"item\":\"https:\/\/monokolo.eu\/shop\/\"},{\"@type\":\"ListItem\",\"position\":3,\"name\":\"Leaperkim Veteran Patton-S Electric Unicycle\"}]},{\"@type\":\"WebSite\",\"@id\":\"https:\/\/monokolo.eu\/it\/#website\",\"url\":\"https:\/\/monokolo.eu\/it\/\",\"name\":\"Monokolo.eu\",\"description\":\"Negozio di monocicli elettrici in Europa\",\"publisher\":{\"@id\":\"https:\/\/monokolo.eu\/it\/#organization\"},\"potentialAction\":[{\"@type\":\"SearchAction\",\"target\":{\"@type\":\"EntryPoint\",\"urlTemplate\":\"https:\/\/monokolo.eu\/it\/?s={search_term_string}\"},\"query-input\":{\"@type\":\"PropertyValueSpecification\",\"valueRequired\":true,\"valueName\":\"search_term_string\"}}],\"inLanguage\":\"it-IT\"},{\"@type\":\"Organization\",\"@id\":\"https:\/\/monokolo.eu\/it\/#organization\",\"name\":\"Monokolo\",\"url\":\"https:\/\/monokolo.eu\/it\/\",\"logo\":{\"@type\":\"ImageObject\",\"inLanguage\":\"it-IT\",\"@id\":\"https:\/\/monokolo.eu\/it\/#\/schema\/logo\/image\/\",\"url\":\"https:\/\/monokolo.eu\/wp-content\/uploads\/2025\/04\/logo22.png\",\"contentUrl\":\"https:\/\/monokolo.eu\/wp-content\/uploads\/2025\/04\/logo22.png\",\"width\":755,\"height\":192,\"caption\":\"Monokolo\"},\"image\":{\"@id\":\"https:\/\/monokolo.eu\/it\/#\/schema\/logo\/image\/\"},\"sameAs\":[\"https:\/\/facebook.com\/monokolo.polska\/\",\"https:\/\/www.instagram.com\/monokolo.pl\/\",\"https:\/\/www.tiktok.com\/@monokolo.pl\"]}]}<\/script>\n<!-- \/ Yoast SEO plugin. -->","yoast_head_json":{"title":"Leaperkim Veteran Patton-S Electric Unicycle","description":"La Veteran Patton-S \u00e8 un aggiornamento iterativo della popolare Patton di prima generazione, aggiungendo caratteristiche chiave delle versioni pi\u00f9 recenti di Leaperkim, come il funzionamento senza hall per una maggiore sicurezza di guida, la funzionalit\u00e0 BMS intelligente per il monitoraggio delle temperature della batteria e delle tensioni delle celle e bobine progressive in tutti i pesi degli ammortizzatori per una migliore protezione dal fondocorsa.","robots":{"index":"index","follow":"follow","max-snippet":"max-snippet:-1","max-image-preview":"max-image-preview:large","max-video-preview":"max-video-preview:-1"},"canonical":"La Veteran Patton-S \u00e8 un aggiornamento iterativo della popolare Patton di prima generazione, aggiungendo caratteristiche chiave delle versioni pi\u00f9 recenti di Leaperkim, come il funzionamento senza hall per una maggiore sicurezza di guida, la funzionalit\u00e0 BMS intelligente per il monitoraggio delle temperature della batteria e delle tensioni delle celle e bobine progressive in tutti i pesi degli ammortizzatori per una migliore protezione dal fondocorsa.","og_locale":"it_IT","og_type":"article","og_title":"Leaperkim Veteran Patton-S Electric Unicycle","og_description":"La Veteran Patton-S \u00e8 un aggiornamento iterativo della popolare Patton di prima generazione, aggiungendo caratteristiche chiave delle versioni pi\u00f9 recenti di Leaperkim, come il funzionamento senza hall per una maggiore sicurezza di guida, la funzionalit\u00e0 BMS intelligente per il monitoraggio delle temperature della batteria e delle tensioni delle celle e bobine progressive in tutti i pesi degli ammortizzatori per una migliore protezione dal fondocorsa.","og_url":"https:\/\/monokolo.eu\/it\/product\/veteran-patton-s\/","og_site_name":"Monokolo","article_publisher":"https:\/\/facebook.com\/monokolo.polska\/","article_modified_time":"2026-04-15T18:54:56+00:00","og_image":[{"width":1050,"height":1400,"url":"https:\/\/monokolo.eu\/wp-content\/uploads\/2022\/05\/veteran-patton-s-01.jpg","type":"image\/jpeg"}],"twitter_card":"summary_large_image","twitter_misc":{"Tempo di lettura stimato":"3 minuti"},"schema":{"@context":"https:\/\/schema.org","@graph":[{"@type":"WebPage","@id":"https:\/\/monokolo.eu\/it\/product\/veteran-patton-s\/","url":"https:\/\/monokolo.eu\/it\/product\/veteran-patton-s\/","name":"Leaperkim Veteran Patton-S Electric Unicycle - Monokolo","isPartOf":{"@id":"https:\/\/monokolo.eu\/#website"},"primaryImageOfPage":{"@id":"https:\/\/monokolo.eu\/it\/product\/veteran-patton-s\/#primaryimage"},"image":{"@id":"https:\/\/monokolo.eu\/it\/product\/veteran-patton-s\/#primaryimage"},"thumbnailUrl":"https:\/\/monokolo.eu\/wp-content\/uploads\/2022\/05\/veteran-patton-s-01.jpg","datePublished":"2022-05-09T16:43:33+00:00","dateModified":"2026-04-15T18:54:56+00:00","description":"Experience the Leaperkim Patton S: A high-torque 126V EUC with 2220Wh battery, 80mm FastAce suspension, and a lightweight magnesium frame. The ultimate 16-inch wheel","breadcrumb":{"@id":"https:\/\/monokolo.eu\/it\/product\/veteran-patton-s\/#breadcrumb"},"inLanguage":"it-IT","potentialAction":[{"@type":"ReadAction","target":["https:\/\/monokolo.eu\/it\/product\/veteran-patton-s\/"]}]},{"@type":"ImageObject","inLanguage":"it-IT","@id":"https:\/\/monokolo.eu\/it\/product\/veteran-patton-s\/#primaryimage","url":"https:\/\/monokolo.eu\/wp-content\/uploads\/2022\/05\/veteran-patton-s-01.jpg","contentUrl":"https:\/\/monokolo.eu\/wp-content\/uploads\/2022\/05\/veteran-patton-s-01.jpg","width":1050,"height":1400,"caption":"Veteran Patton S"},{"@type":"BreadcrumbList","@id":"https:\/\/monokolo.eu\/it\/product\/veteran-patton-s\/#breadcrumb","itemListElement":[{"@type":"ListItem","position":1,"name":"Monokolo.eu - monocicli elettrici, trasporti elettrici in Europa","item":"https:\/\/monokolo.eu\/"},{"@type":"ListItem","position":2,"name":"Negozio","item":"https:\/\/monokolo.eu\/shop\/"},{"@type":"ListItem","position":3,"name":"Leaperkim Veteran Patton-S Electric Unicycle"}]},{"@type":"WebSite","@id":"https:\/\/monokolo.eu\/it\/#website","url":"https:\/\/monokolo.eu\/it\/","name":"Monokolo.eu","description":"Negozio di monocicli elettrici in Europa","publisher":{"@id":"https:\/\/monokolo.eu\/it\/#organization"},"potentialAction":[{"@type":"SearchAction","target":{"@type":"EntryPoint","urlTemplate":"https:\/\/monokolo.eu\/it\/?s={search_term_string}"},"query-input":{"@type":"PropertyValueSpecification","valueRequired":true,"valueName":"search_term_string"}}],"inLanguage":"it-IT"},{"@type":"Organization","@id":"https:\/\/monokolo.eu\/it\/#organization","name":"Monokolo","url":"https:\/\/monokolo.eu\/it\/","logo":{"@type":"ImageObject","inLanguage":"it-IT","@id":"https:\/\/monokolo.eu\/it\/#\/schema\/logo\/image\/","url":"https:\/\/monokolo.eu\/wp-content\/uploads\/2025\/04\/logo22.png","contentUrl":"https:\/\/monokolo.eu\/wp-content\/uploads\/2025\/04\/logo22.png","width":755,"height":192,"caption":"Monokolo"},"image":{"@id":"https:\/\/monokolo.eu\/it\/#\/schema\/logo\/image\/"},"sameAs":["https:\/\/facebook.com\/monokolo.polska\/","https:\/\/www.instagram.com\/monokolo.pl\/","https:\/\/www.tiktok.com\/@monokolo.pl"]}]}},"_links":{"self":[{"href":"https:\/\/monokolo.eu\/it\/wp-json\/wp\/v2\/product\/13073","targetHints":{"allow":["GET"]}}],"collection":[{"href":"https:\/\/monokolo.eu\/it\/wp-json\/wp\/v2\/product"}],"about":[{"href":"https:\/\/monokolo.eu\/it\/wp-json\/wp\/v2\/types\/product"}],"replies":[{"embeddable":true,"href":"https:\/\/monokolo.eu\/it\/wp-json\/wp\/v2\/comments?post=13073"}],"wp:featuredmedia":[{"embeddable":true,"href":"https:\/\/monokolo.eu\/it\/wp-json\/wp\/v2\/media\/14491"}],"wp:attachment":[{"href":"https:\/\/monokolo.eu\/it\/wp-json\/wp\/v2\/media?parent=13073"}],"wp:term":[{"taxonomy":"product_brand","embeddable":true,"href":"https:\/\/monokolo.eu\/it\/wp-json\/wp\/v2\/product_brand?post=13073"},{"taxonomy":"product_cat","embeddable":true,"href":"https:\/\/monokolo.eu\/it\/wp-json\/wp\/v2\/product_cat?post=13073"},{"taxonomy":"product_tag","embeddable":true,"href":"https:\/\/monokolo.eu\/it\/wp-json\/wp\/v2\/product_tag?post=13073"}],"curies":[{"name":"wp","href":"https:\/\/api.w.org\/{rel}","templated":true}]}}