{"id":15062,"date":"2025-12-05T15:14:35","date_gmt":"2025-12-05T15:14:35","guid":{"rendered":"https:\/\/monokolo.eu\/product\/\/"},"modified":"2026-03-21T10:47:14","modified_gmt":"2026-03-21T10:47:14","slug":"nosfet-aeon","status":"publish","type":"product","link":"https:\/\/monokolo.eu\/fr\/product\/nosfet-aeon\/","title":{"rendered":"Nosfet Aeon"},"content":{"rendered":"<p><strong>AEON Features:<\/strong><\/p>\n<ul>\n<li><strong>Puissance moteur<\/strong>: 2,200W motor<\/li>\n<li><strong>Batterie<\/strong>:&nbsp; 1300Wh\/151V battery pack<\/li>\n<li><strong>Taille du pneu:<\/strong> 18&Prime; Wheel 3&#215;12<\/li>\n<li><strong>Tension du chargeur<\/strong>: 5A 151.2V<\/li>\n<li><strong>Autonomie<\/strong>: 70km<\/li>\n<li><strong>D\u00e9battement<\/strong>: 90 mm<\/li>\n<li><strong>WPoids<\/strong>: 29 Kg<\/li>\n<li><strong>Charge maximale<\/strong>: 120 Kg<\/li>\n<li><strong>Temps de charge<\/strong>: 2-3 hours<\/li>\n<li><strong>Dimensions<\/strong>: 930x213x495 mm<\/li>\n<\/ul>\n<p>&nbsp; <a href=\"https:\/\/monokolo.eu\/wp-content\/uploads\/2025\/12\/nosfet-aeon-01.jpg\"><img fetchpriority=\"high\" decoding=\"async\" class=\"alignnone size-full wp-image-15107\" src=\"https:\/\/monokolo.eu\/wp-content\/uploads\/2025\/12\/nosfet-aeon-01.jpg\" alt=\"Nosfet Aeon electric unicycle\" width=\"1280\" height=\"720\" srcset=\"https:\/\/monokolo.eu\/wp-content\/uploads\/2025\/12\/nosfet-aeon-01.jpg 1280w, https:\/\/monokolo.eu\/wp-content\/uploads\/2025\/12\/nosfet-aeon-01-600x338.jpg 600w, https:\/\/monokolo.eu\/wp-content\/uploads\/2025\/12\/nosfet-aeon-01-300x169.jpg 300w, https:\/\/monokolo.eu\/wp-content\/uploads\/2025\/12\/nosfet-aeon-01-1024x576.jpg 1024w, https:\/\/monokolo.eu\/wp-content\/uploads\/2025\/12\/nosfet-aeon-01-768x432.jpg 768w\" sizes=\"(max-width: 1280px) 100vw, 1280px\" \/><\/a> <a href=\"https:\/\/monokolo.eu\/wp-content\/uploads\/2025\/12\/nosfet-aeon-02.jpg\"><img decoding=\"async\" class=\"alignnone size-full wp-image-15108\" src=\"https:\/\/monokolo.eu\/wp-content\/uploads\/2025\/12\/nosfet-aeon-02.jpg\" alt=\"\" width=\"1280\" height=\"720\" srcset=\"https:\/\/monokolo.eu\/wp-content\/uploads\/2025\/12\/nosfet-aeon-02.jpg 1280w, https:\/\/monokolo.eu\/wp-content\/uploads\/2025\/12\/nosfet-aeon-02-600x338.jpg 600w, https:\/\/monokolo.eu\/wp-content\/uploads\/2025\/12\/nosfet-aeon-02-300x169.jpg 300w, https:\/\/monokolo.eu\/wp-content\/uploads\/2025\/12\/nosfet-aeon-02-1024x576.jpg 1024w, https:\/\/monokolo.eu\/wp-content\/uploads\/2025\/12\/nosfet-aeon-02-768x432.jpg 768w\" sizes=\"(max-width: 1280px) 100vw, 1280px\" \/><\/a> &nbsp; <a href=\"https:\/\/monokolo.eu\/wp-content\/uploads\/2025\/12\/nosfet-aeon-04.jpg\"><img decoding=\"async\" class=\"alignnone size-full wp-image-15110\" src=\"https:\/\/monokolo.eu\/wp-content\/uploads\/2025\/12\/nosfet-aeon-04.jpg\" alt=\"\" width=\"1280\" height=\"720\" srcset=\"https:\/\/monokolo.eu\/wp-content\/uploads\/2025\/12\/nosfet-aeon-04.jpg 1280w, https:\/\/monokolo.eu\/wp-content\/uploads\/2025\/12\/nosfet-aeon-04-600x338.jpg 600w, https:\/\/monokolo.eu\/wp-content\/uploads\/2025\/12\/nosfet-aeon-04-300x169.jpg 300w, https:\/\/monokolo.eu\/wp-content\/uploads\/2025\/12\/nosfet-aeon-04-1024x576.jpg 1024w, https:\/\/monokolo.eu\/wp-content\/uploads\/2025\/12\/nosfet-aeon-04-768x432.jpg 768w\" sizes=\"(max-width: 1280px) 100vw, 1280px\" \/><\/a> &nbsp; <a href=\"https:\/\/monokolo.eu\/wp-content\/uploads\/2025\/12\/nosfet-aeon-05.jpg\"><img loading=\"lazy\" decoding=\"async\" class=\"alignnone size-full wp-image-15111\" src=\"https:\/\/monokolo.eu\/wp-content\/uploads\/2025\/12\/nosfet-aeon-05.jpg\" alt=\"Nosfet Aeon electric unicycle suspension\" width=\"1280\" height=\"720\" srcset=\"https:\/\/monokolo.eu\/wp-content\/uploads\/2025\/12\/nosfet-aeon-05.jpg 1280w, https:\/\/monokolo.eu\/wp-content\/uploads\/2025\/12\/nosfet-aeon-05-600x338.jpg 600w, https:\/\/monokolo.eu\/wp-content\/uploads\/2025\/12\/nosfet-aeon-05-300x169.jpg 300w, https:\/\/monokolo.eu\/wp-content\/uploads\/2025\/12\/nosfet-aeon-05-1024x576.jpg 1024w, https:\/\/monokolo.eu\/wp-content\/uploads\/2025\/12\/nosfet-aeon-05-768x432.jpg 768w\" sizes=\"(max-width: 1280px) 100vw, 1280px\" \/><\/a> &nbsp; <a href=\"https:\/\/monokolo.eu\/wp-content\/uploads\/2025\/12\/nosfet-aeon-06.jpg\"><img loading=\"lazy\" decoding=\"async\" class=\"alignnone size-full wp-image-15112\" src=\"https:\/\/monokolo.eu\/wp-content\/uploads\/2025\/12\/nosfet-aeon-06.jpg\" alt=\"Nosfet Aeon electric unicycle battery\" width=\"1280\" height=\"720\" srcset=\"https:\/\/monokolo.eu\/wp-content\/uploads\/2025\/12\/nosfet-aeon-06.jpg 1280w, https:\/\/monokolo.eu\/wp-content\/uploads\/2025\/12\/nosfet-aeon-06-600x338.jpg 600w, https:\/\/monokolo.eu\/wp-content\/uploads\/2025\/12\/nosfet-aeon-06-300x169.jpg 300w, https:\/\/monokolo.eu\/wp-content\/uploads\/2025\/12\/nosfet-aeon-06-1024x576.jpg 1024w, https:\/\/monokolo.eu\/wp-content\/uploads\/2025\/12\/nosfet-aeon-06-768x432.jpg 768w\" sizes=\"(max-width: 1280px) 100vw, 1280px\" \/><\/a> &nbsp; <a href=\"https:\/\/monokolo.eu\/wp-content\/uploads\/2025\/12\/nosfet-aeon-07.jpg\"><img loading=\"lazy\" decoding=\"async\" class=\"alignnone size-full wp-image-15113\" src=\"https:\/\/monokolo.eu\/wp-content\/uploads\/2025\/12\/nosfet-aeon-07.jpg\" alt=\"Nosfet Aeon electric unicycle pedal design\" width=\"1280\" height=\"720\" srcset=\"https:\/\/monokolo.eu\/wp-content\/uploads\/2025\/12\/nosfet-aeon-07.jpg 1280w, https:\/\/monokolo.eu\/wp-content\/uploads\/2025\/12\/nosfet-aeon-07-600x338.jpg 600w, https:\/\/monokolo.eu\/wp-content\/uploads\/2025\/12\/nosfet-aeon-07-300x169.jpg 300w, https:\/\/monokolo.eu\/wp-content\/uploads\/2025\/12\/nosfet-aeon-07-1024x576.jpg 1024w, https:\/\/monokolo.eu\/wp-content\/uploads\/2025\/12\/nosfet-aeon-07-768x432.jpg 768w\" sizes=\"(max-width: 1280px) 100vw, 1280px\" \/><\/a> &nbsp; <a href=\"https:\/\/monokolo.eu\/wp-content\/uploads\/2025\/12\/nosfet-aeon-08.jpg\"><img loading=\"lazy\" decoding=\"async\" class=\"alignnone size-full wp-image-15114\" src=\"https:\/\/monokolo.eu\/wp-content\/uploads\/2025\/12\/nosfet-aeon-08.jpg\" alt=\"\" width=\"1280\" height=\"720\" srcset=\"https:\/\/monokolo.eu\/wp-content\/uploads\/2025\/12\/nosfet-aeon-08.jpg 1280w, https:\/\/monokolo.eu\/wp-content\/uploads\/2025\/12\/nosfet-aeon-08-600x338.jpg 600w, https:\/\/monokolo.eu\/wp-content\/uploads\/2025\/12\/nosfet-aeon-08-300x169.jpg 300w, https:\/\/monokolo.eu\/wp-content\/uploads\/2025\/12\/nosfet-aeon-08-1024x576.jpg 1024w, https:\/\/monokolo.eu\/wp-content\/uploads\/2025\/12\/nosfet-aeon-08-768x432.jpg 768w\" sizes=\"(max-width: 1280px) 100vw, 1280px\" \/><\/a> &nbsp; &nbsp; <a href=\"https:\/\/monokolo.eu\/wp-content\/uploads\/2025\/12\/nosfet-aeon-09.jpg\"><img loading=\"lazy\" decoding=\"async\" class=\"alignnone size-full wp-image-15115\" src=\"https:\/\/monokolo.eu\/wp-content\/uploads\/2025\/12\/nosfet-aeon-09.jpg\" alt=\"Nosfet Aeon electric unicycle display\" width=\"1280\" height=\"720\" srcset=\"https:\/\/monokolo.eu\/wp-content\/uploads\/2025\/12\/nosfet-aeon-09.jpg 1280w, https:\/\/monokolo.eu\/wp-content\/uploads\/2025\/12\/nosfet-aeon-09-600x338.jpg 600w, https:\/\/monokolo.eu\/wp-content\/uploads\/2025\/12\/nosfet-aeon-09-300x169.jpg 300w, https:\/\/monokolo.eu\/wp-content\/uploads\/2025\/12\/nosfet-aeon-09-1024x576.jpg 1024w, https:\/\/monokolo.eu\/wp-content\/uploads\/2025\/12\/nosfet-aeon-09-768x432.jpg 768w\" sizes=\"(max-width: 1280px) 100vw, 1280px\" \/><\/a> &nbsp; <a href=\"https:\/\/monokolo.eu\/wp-content\/uploads\/2025\/12\/nosfet-aeon-10.jpg\"><img loading=\"lazy\" decoding=\"async\" class=\"alignnone size-full wp-image-15116\" src=\"https:\/\/monokolo.eu\/wp-content\/uploads\/2025\/12\/nosfet-aeon-10.jpg\" alt=\"Nosfet Aeon electric unicycle\" width=\"1280\" height=\"720\" srcset=\"https:\/\/monokolo.eu\/wp-content\/uploads\/2025\/12\/nosfet-aeon-10.jpg 1280w, https:\/\/monokolo.eu\/wp-content\/uploads\/2025\/12\/nosfet-aeon-10-600x338.jpg 600w, https:\/\/monokolo.eu\/wp-content\/uploads\/2025\/12\/nosfet-aeon-10-300x169.jpg 300w, https:\/\/monokolo.eu\/wp-content\/uploads\/2025\/12\/nosfet-aeon-10-1024x576.jpg 1024w, https:\/\/monokolo.eu\/wp-content\/uploads\/2025\/12\/nosfet-aeon-10-768x432.jpg 768w\" sizes=\"(max-width: 1280px) 100vw, 1280px\" \/><\/a><\/p>\n","protected":false},"excerpt":{"rendered":"<p>La Nosfet Aero est une gyroroue l\u00e9g\u00e8re, puissante et agile, id\u00e9ale pour les trajets quotidiens et le carving. Elle se distingue par sa suspension surprenante, son acc\u00e9l\u00e9ration fluide et son pneu hybride offrant une excellente adh\u00e9rence. V\u00e9ritable concurrente de taille dans la cat\u00e9gorie des petites roues, elle offre une puissance et une maniabilit\u00e9 impressionnantes pour son format, ce qui en fait la roue parfaite \u00e0 \u00ab emporter partout \u00bb (grab-and-go).<\/p>\n","protected":false},"featured_media":15120,"comment_status":"open","ping_status":"closed","template":"","meta":[],"product_brand":[270],"product_cat":[55,223],"product_tag":[],"class_list":{"0":"post-15062","1":"product","2":"type-product","3":"status-publish","4":"has-post-thumbnail","6":"product_brand-nosfet","7":"product_cat-electric-unicycles","8":"product_cat-nosfet","10":"first","11":"instock","12":"sale","13":"taxable","14":"shipping-taxable","15":"purchasable","16":"product-type-simple"},"yoast_head":"<!-- This site is optimized with the Yoast SEO plugin v26.8 - https:\/\/yoast.com\/product\/yoast-seo-wordpress\/ -->\n<title>Nosfet Aeon<\/title>\n<meta name=\"description\" content=\"La Nosfet Aero est une gyroroue l\u00e9g\u00e8re, puissante et agile, id\u00e9ale pour les trajets quotidiens et le carving. Elle se distingue par sa suspension surprenante, son acc\u00e9l\u00e9ration fluide et son pneu hybride offrant une excellente adh\u00e9rence. V\u00e9ritable concurrente de taille dans la cat\u00e9gorie des petites roues, elle offre une puissance et une maniabilit\u00e9 impressionnantes pour son format, ce qui en fait la roue parfaite \u00e0 \u00ab emporter partout \u00bb (grab-and-go).\" \/>\n<meta name=\"robots\" content=\"index, follow, max-snippet:-1, max-image-preview:large, max-video-preview:-1\" \/>\n<link rel=\"canonical\" href=\"http:\/\/La%20Nosfet%20Aero%20est%20une%20gyroroue%20l\u00e9g\u00e8re,%20puissante%20et%20agile,%20id\u00e9ale%20pour%20les%20trajets%20quotidiens%20et%20le%20carving.%20Elle%20se%20distingue%20par%20sa%20suspension%20surprenante,%20son%20acc\u00e9l\u00e9ration%20fluide%20et%20son%20pneu%20hybride%20offrant%20une%20excellente%20adh\u00e9rence.%20V\u00e9ritable%20concurrente%20de%20taille%20dans%20la%20cat\u00e9gorie%20des%20petites%20roues,%20elle%20offre%20une%20puissance%20et%20une%20maniabilit\u00e9%20impressionnantes%20pour%20son%20format,%20ce%20qui%20en%20fait%20la%20roue%20parfaite%20\u00e0%20\u00ab%20emporter%20partout%20\u00bb%20(grab-and-go).\" \/>\n<meta property=\"og:locale\" content=\"fr_FR\" \/>\n<meta property=\"og:type\" content=\"article\" \/>\n<meta property=\"og:title\" content=\"Nosfet Aeon\" \/>\n<meta property=\"og:description\" content=\"La Nosfet Aero est une gyroroue l\u00e9g\u00e8re, puissante et agile, id\u00e9ale pour les trajets quotidiens et le carving. Elle se distingue par sa suspension surprenante, son acc\u00e9l\u00e9ration fluide et son pneu hybride offrant une excellente adh\u00e9rence. V\u00e9ritable concurrente de taille dans la cat\u00e9gorie des petites roues, elle offre une puissance et une maniabilit\u00e9 impressionnantes pour son format, ce qui en fait la roue parfaite \u00e0 \u00ab emporter partout \u00bb (grab-and-go).\" \/>\n<meta property=\"og:url\" content=\"https:\/\/monokolo.eu\/fr\/product\/nosfet-aeon\/\" \/>\n<meta property=\"og:site_name\" content=\"Monokolo\" \/>\n<meta property=\"article:publisher\" content=\"https:\/\/facebook.com\/monokolo.polska\/\" \/>\n<meta property=\"article:modified_time\" content=\"2026-03-21T10:47:14+00:00\" \/>\n<meta property=\"og:image\" content=\"https:\/\/monokolo.eu\/wp-content\/uploads\/2025\/12\/aeon-03.jpg\" \/>\n\t<meta property=\"og:image:width\" content=\"1050\" \/>\n\t<meta property=\"og:image:height\" content=\"1400\" \/>\n\t<meta property=\"og:image:type\" content=\"image\/jpeg\" \/>\n<meta name=\"twitter:card\" content=\"summary_large_image\" \/>\n<meta name=\"twitter:label1\" content=\"Dur\u00e9e de lecture estim\u00e9e\" \/>\n\t<meta name=\"twitter:data1\" content=\"3 minutes\" \/>\n<script type=\"application\/ld+json\" class=\"yoast-schema-graph\">{\"@context\":\"https:\/\/schema.org\",\"@graph\":[{\"@type\":\"WebPage\",\"@id\":\"https:\/\/monokolo.eu\/fr\/product\/nosfet-aeon\/\",\"url\":\"https:\/\/monokolo.eu\/fr\/product\/nosfet-aeon\/\",\"name\":\"Nosfet Aeon - Monokolo\",\"isPartOf\":{\"@id\":\"https:\/\/monokolo.eu\/#website\"},\"primaryImageOfPage\":{\"@id\":\"https:\/\/monokolo.eu\/fr\/product\/nosfet-aeon\/#primaryimage\"},\"image\":{\"@id\":\"https:\/\/monokolo.eu\/fr\/product\/nosfet-aeon\/#primaryimage\"},\"thumbnailUrl\":\"https:\/\/monokolo.eu\/wp-content\/uploads\/2025\/12\/aeon-03.jpg\",\"datePublished\":\"2025-12-05T15:14:35+00:00\",\"dateModified\":\"2026-03-21T10:47:14+00:00\",\"description\":\"Nosfet Aeon is a electric unicycle with an excellent balance between power and portability.The Nosfet Aeon features the highest build quality and quality control standards.\",\"breadcrumb\":{\"@id\":\"https:\/\/monokolo.eu\/fr\/product\/nosfet-aeon\/#breadcrumb\"},\"inLanguage\":\"fr-FR\",\"potentialAction\":[{\"@type\":\"ReadAction\",\"target\":[\"https:\/\/monokolo.eu\/fr\/product\/nosfet-aeon\/\"]}]},{\"@type\":\"ImageObject\",\"inLanguage\":\"fr-FR\",\"@id\":\"https:\/\/monokolo.eu\/fr\/product\/nosfet-aeon\/#primaryimage\",\"url\":\"https:\/\/monokolo.eu\/wp-content\/uploads\/2025\/12\/aeon-03.jpg\",\"contentUrl\":\"https:\/\/monokolo.eu\/wp-content\/uploads\/2025\/12\/aeon-03.jpg\",\"width\":1050,\"height\":1400,\"caption\":\"Nosfet Aeon electric unicycle\"},{\"@type\":\"BreadcrumbList\",\"@id\":\"https:\/\/monokolo.eu\/fr\/product\/nosfet-aeon\/#breadcrumb\",\"itemListElement\":[{\"@type\":\"ListItem\",\"position\":1,\"name\":\"Monokolo.eu \u2013 Monocycles \u00e9lectriques et moyens de transport \u00e9lectriques en Europe\",\"item\":\"https:\/\/monokolo.eu\/\"},{\"@type\":\"ListItem\",\"position\":2,\"name\":\"Produits\",\"item\":\"https:\/\/monokolo.eu\/shop\/\"},{\"@type\":\"ListItem\",\"position\":3,\"name\":\"Nosfet Aeon\"}]},{\"@type\":\"WebSite\",\"@id\":\"https:\/\/monokolo.eu\/fr\/#website\",\"url\":\"https:\/\/monokolo.eu\/fr\/\",\"name\":\"Monokolo.eu\",\"description\":\"Electric Unicycles shop in Europe\",\"publisher\":{\"@id\":\"https:\/\/monokolo.eu\/fr\/#organization\"},\"potentialAction\":[{\"@type\":\"SearchAction\",\"target\":{\"@type\":\"EntryPoint\",\"urlTemplate\":\"https:\/\/monokolo.eu\/fr\/?s={search_term_string}\"},\"query-input\":{\"@type\":\"PropertyValueSpecification\",\"valueRequired\":true,\"valueName\":\"search_term_string\"}}],\"inLanguage\":\"fr-FR\"},{\"@type\":\"Organization\",\"@id\":\"https:\/\/monokolo.eu\/fr\/#organization\",\"name\":\"Monokolo\",\"url\":\"https:\/\/monokolo.eu\/fr\/\",\"logo\":{\"@type\":\"ImageObject\",\"inLanguage\":\"fr-FR\",\"@id\":\"https:\/\/monokolo.eu\/fr\/#\/schema\/logo\/image\/\",\"url\":\"https:\/\/monokolo.eu\/wp-content\/uploads\/2025\/04\/logo22.png\",\"contentUrl\":\"https:\/\/monokolo.eu\/wp-content\/uploads\/2025\/04\/logo22.png\",\"width\":755,\"height\":192,\"caption\":\"Monokolo\"},\"image\":{\"@id\":\"https:\/\/monokolo.eu\/fr\/#\/schema\/logo\/image\/\"},\"sameAs\":[\"https:\/\/facebook.com\/monokolo.polska\/\",\"https:\/\/www.instagram.com\/monokolo.pl\/\",\"https:\/\/www.tiktok.com\/@monokolo.pl\"]}]}<\/script>\n<!-- \/ Yoast SEO plugin. -->","yoast_head_json":{"title":"Nosfet Aeon","description":"La Nosfet Aero est une gyroroue l\u00e9g\u00e8re, puissante et agile, id\u00e9ale pour les trajets quotidiens et le carving. Elle se distingue par sa suspension surprenante, son acc\u00e9l\u00e9ration fluide et son pneu hybride offrant une excellente adh\u00e9rence. V\u00e9ritable concurrente de taille dans la cat\u00e9gorie des petites roues, elle offre une puissance et une maniabilit\u00e9 impressionnantes pour son format, ce qui en fait la roue parfaite \u00e0 \u00ab emporter partout \u00bb (grab-and-go).","robots":{"index":"index","follow":"follow","max-snippet":"max-snippet:-1","max-image-preview":"max-image-preview:large","max-video-preview":"max-video-preview:-1"},"canonical":"La Nosfet Aero est une gyroroue l\u00e9g\u00e8re, puissante et agile, id\u00e9ale pour les trajets quotidiens et le carving. Elle se distingue par sa suspension surprenante, son acc\u00e9l\u00e9ration fluide et son pneu hybride offrant une excellente adh\u00e9rence. V\u00e9ritable concurrente de taille dans la cat\u00e9gorie des petites roues, elle offre une puissance et une maniabilit\u00e9 impressionnantes pour son format, ce qui en fait la roue parfaite \u00e0 \u00ab emporter partout \u00bb (grab-and-go).","og_locale":"fr_FR","og_type":"article","og_title":"Nosfet Aeon","og_description":"La Nosfet Aero est une gyroroue l\u00e9g\u00e8re, puissante et agile, id\u00e9ale pour les trajets quotidiens et le carving. Elle se distingue par sa suspension surprenante, son acc\u00e9l\u00e9ration fluide et son pneu hybride offrant une excellente adh\u00e9rence. V\u00e9ritable concurrente de taille dans la cat\u00e9gorie des petites roues, elle offre une puissance et une maniabilit\u00e9 impressionnantes pour son format, ce qui en fait la roue parfaite \u00e0 \u00ab emporter partout \u00bb (grab-and-go).","og_url":"https:\/\/monokolo.eu\/fr\/product\/nosfet-aeon\/","og_site_name":"Monokolo","article_publisher":"https:\/\/facebook.com\/monokolo.polska\/","article_modified_time":"2026-03-21T10:47:14+00:00","og_image":[{"width":1050,"height":1400,"url":"https:\/\/monokolo.eu\/wp-content\/uploads\/2025\/12\/aeon-03.jpg","type":"image\/jpeg"}],"twitter_card":"summary_large_image","twitter_misc":{"Dur\u00e9e de lecture estim\u00e9e":"3 minutes"},"schema":{"@context":"https:\/\/schema.org","@graph":[{"@type":"WebPage","@id":"https:\/\/monokolo.eu\/fr\/product\/nosfet-aeon\/","url":"https:\/\/monokolo.eu\/fr\/product\/nosfet-aeon\/","name":"Nosfet Aeon - Monokolo","isPartOf":{"@id":"https:\/\/monokolo.eu\/#website"},"primaryImageOfPage":{"@id":"https:\/\/monokolo.eu\/fr\/product\/nosfet-aeon\/#primaryimage"},"image":{"@id":"https:\/\/monokolo.eu\/fr\/product\/nosfet-aeon\/#primaryimage"},"thumbnailUrl":"https:\/\/monokolo.eu\/wp-content\/uploads\/2025\/12\/aeon-03.jpg","datePublished":"2025-12-05T15:14:35+00:00","dateModified":"2026-03-21T10:47:14+00:00","description":"Nosfet Aeon is a electric unicycle with an excellent balance between power and portability.The Nosfet Aeon features the highest build quality and quality control standards.","breadcrumb":{"@id":"https:\/\/monokolo.eu\/fr\/product\/nosfet-aeon\/#breadcrumb"},"inLanguage":"fr-FR","potentialAction":[{"@type":"ReadAction","target":["https:\/\/monokolo.eu\/fr\/product\/nosfet-aeon\/"]}]},{"@type":"ImageObject","inLanguage":"fr-FR","@id":"https:\/\/monokolo.eu\/fr\/product\/nosfet-aeon\/#primaryimage","url":"https:\/\/monokolo.eu\/wp-content\/uploads\/2025\/12\/aeon-03.jpg","contentUrl":"https:\/\/monokolo.eu\/wp-content\/uploads\/2025\/12\/aeon-03.jpg","width":1050,"height":1400,"caption":"Nosfet Aeon electric unicycle"},{"@type":"BreadcrumbList","@id":"https:\/\/monokolo.eu\/fr\/product\/nosfet-aeon\/#breadcrumb","itemListElement":[{"@type":"ListItem","position":1,"name":"Monokolo.eu \u2013 Monocycles \u00e9lectriques et moyens de transport \u00e9lectriques en Europe","item":"https:\/\/monokolo.eu\/"},{"@type":"ListItem","position":2,"name":"Produits","item":"https:\/\/monokolo.eu\/shop\/"},{"@type":"ListItem","position":3,"name":"Nosfet Aeon"}]},{"@type":"WebSite","@id":"https:\/\/monokolo.eu\/fr\/#website","url":"https:\/\/monokolo.eu\/fr\/","name":"Monokolo.eu","description":"Electric Unicycles shop in Europe","publisher":{"@id":"https:\/\/monokolo.eu\/fr\/#organization"},"potentialAction":[{"@type":"SearchAction","target":{"@type":"EntryPoint","urlTemplate":"https:\/\/monokolo.eu\/fr\/?s={search_term_string}"},"query-input":{"@type":"PropertyValueSpecification","valueRequired":true,"valueName":"search_term_string"}}],"inLanguage":"fr-FR"},{"@type":"Organization","@id":"https:\/\/monokolo.eu\/fr\/#organization","name":"Monokolo","url":"https:\/\/monokolo.eu\/fr\/","logo":{"@type":"ImageObject","inLanguage":"fr-FR","@id":"https:\/\/monokolo.eu\/fr\/#\/schema\/logo\/image\/","url":"https:\/\/monokolo.eu\/wp-content\/uploads\/2025\/04\/logo22.png","contentUrl":"https:\/\/monokolo.eu\/wp-content\/uploads\/2025\/04\/logo22.png","width":755,"height":192,"caption":"Monokolo"},"image":{"@id":"https:\/\/monokolo.eu\/fr\/#\/schema\/logo\/image\/"},"sameAs":["https:\/\/facebook.com\/monokolo.polska\/","https:\/\/www.instagram.com\/monokolo.pl\/","https:\/\/www.tiktok.com\/@monokolo.pl"]}]}},"_links":{"self":[{"href":"https:\/\/monokolo.eu\/fr\/wp-json\/wp\/v2\/product\/15062","targetHints":{"allow":["GET"]}}],"collection":[{"href":"https:\/\/monokolo.eu\/fr\/wp-json\/wp\/v2\/product"}],"about":[{"href":"https:\/\/monokolo.eu\/fr\/wp-json\/wp\/v2\/types\/product"}],"replies":[{"embeddable":true,"href":"https:\/\/monokolo.eu\/fr\/wp-json\/wp\/v2\/comments?post=15062"}],"wp:featuredmedia":[{"embeddable":true,"href":"https:\/\/monokolo.eu\/fr\/wp-json\/wp\/v2\/media\/15120"}],"wp:attachment":[{"href":"https:\/\/monokolo.eu\/fr\/wp-json\/wp\/v2\/media?parent=15062"}],"wp:term":[{"taxonomy":"product_brand","embeddable":true,"href":"https:\/\/monokolo.eu\/fr\/wp-json\/wp\/v2\/product_brand?post=15062"},{"taxonomy":"product_cat","embeddable":true,"href":"https:\/\/monokolo.eu\/fr\/wp-json\/wp\/v2\/product_cat?post=15062"},{"taxonomy":"product_tag","embeddable":true,"href":"https:\/\/monokolo.eu\/fr\/wp-json\/wp\/v2\/product_tag?post=15062"}],"curies":[{"name":"wp","href":"https:\/\/api.w.org\/{rel}","templated":true}]}}