{"id":14840,"date":"2025-04-06T12:34:42","date_gmt":"2025-04-06T12:34:42","guid":{"rendered":"https:\/\/monokolo.eu\/product\/\/"},"modified":"2026-03-30T15:24:16","modified_gmt":"2026-03-30T15:24:16","slug":"nosfet-aero","status":"publish","type":"product","link":"https:\/\/monokolo.eu\/fr\/product\/nosfet-aero\/","title":{"rendered":"Nosfet Aero"},"content":{"rendered":"<p>L&rsquo;**AERO** de **NOSFET** est une gyroroue \u00e9lectrique \u00e0 la pointe de la technologie, con\u00e7ue pour une agilit\u00e9 optimale, une grande durabilit\u00e9 et une utilisation intuitive. Son cadre monocoque l\u00e9ger en alliage de magn\u00e9sium simplifie consid\u00e9rablement l&rsquo;entretien et les r\u00e9parations.<\/p>\n<p><strong>Caract\u00e9ristiques de l&rsquo;AERO :<\/strong><\/p>\n<ul>\n<li><strong>Syst\u00e8me anti-chute sans capteur (Hall-Sensorless)<\/strong> : Pour une s\u00e9curit\u00e9 accrue m\u00eame en cas de d\u00e9faillance des capteurs.<\/li>\n<li><strong>SmartBMS &amp; \u00c9tanch\u00e9it\u00e9 IPX6<\/strong> : Gestion intelligente de la batterie et protection contre les projections d&rsquo;eau puissantes.<\/li>\n<li><strong>Conception robuste<\/strong> : R\u00e9sistance aux chutes et \u00e9lectronique ultra-fiable.<\/li>\n<li><strong>Suspension<\/strong> : Amortisseurs cylindriques similaires \u00e0 ceux des mod\u00e8les Patton\/Lynx, offrant jusqu&rsquo;\u00e0 70 mm de d\u00e9battement et des r\u00e9glages de compression\/rebond personnalisables.<\/li>\n<li><strong>Moteur<\/strong> : Moteur de 2 000 W, offrant un \u00e9quilibre parfait entre vitesse de rotation, efficacit\u00e9 \u00e9nerg\u00e9tique (Wh\/km) et couple.<\/li>\n<li><strong>Batterie<\/strong> : Pack batterie haute puissance Samsung 50S de 1 120 Wh \/ 126 V avec SmartBMS, compatible avec une charge rapide jusqu&rsquo;\u00e0 10 A \/ 1 260 W.<\/li>\n<li><strong>Format compact &amp; performant<\/strong> : Roue de 16 pouces pesant environ 25 kg (\\~55 lb), avec 20 % de capacit\u00e9 de batterie en plus et une vitesse maximale 10 % sup\u00e9rieure \u00e0 sa concurrente la plus proche.<\/li>\n<\/ul>\n","protected":false},"excerpt":{"rendered":"<p>The NOSFET AERO is a revolutionary \u00ab\u00a0pocket rocket\u00a0\u00bb that redefined the compact EUC category in 2025 and 2026 by packing a high-voltage 126V architecture into a portable, 55 lb frame. Driven by a 2000W motor (4000W peak) and a high-discharge 1110Wh Samsung 50S battery, it delivers a punchy top speed of 34 mph and a real-world range of approximately 35 miles. Its standout feature is the ultra-durable magnesium alloy unibody frame, which houses a sophisticated 70mm adjustable fork suspension for a smooth, stable ride on both city streets and light trails. This wheel is designed for riders who refuse to sacrifice power for portability, featuring smart BMS technology and a rugged, maintenance-friendly design. Ready to upgrade your commute? Contact us and we\u2019ll help you choose the right wheel to make sure you get the perfect balance of agility and performance!<\/p>\n","protected":false},"featured_media":14841,"comment_status":"open","ping_status":"closed","template":"","meta":[],"product_brand":[270],"product_cat":[55,223],"product_tag":[],"class_list":{"0":"post-14840","1":"product","2":"type-product","3":"status-publish","4":"has-post-thumbnail","6":"product_brand-nosfet","7":"product_cat-electric-unicycles","8":"product_cat-nosfet","10":"first","11":"instock","12":"sale","13":"taxable","14":"shipping-taxable","15":"purchasable","16":"product-type-simple"},"yoast_head":"<!-- This site is optimized with the Yoast SEO plugin v26.8 - https:\/\/yoast.com\/product\/yoast-seo-wordpress\/ -->\n<title>Nosfet Aero<\/title>\n<meta name=\"description\" content=\"L&#039;**AERO** de **NOSFET** est une gyroroue \u00e9lectrique \u00e0 la pointe de la technologie, con\u00e7ue pour une agilit\u00e9 optimale, une grande durabilit\u00e9 et une utilisation intuitive. Son cadre monocoque l\u00e9ger en alliage de magn\u00e9sium simplifie consid\u00e9rablement l&#039;entretien et les r\u00e9parations. Caract\u00e9ristiques de l&#039;AERO : Syst\u00e8me anti-chute sans capteur (Hall-Sensorless) : Pour une s\u00e9curit\u00e9 accrue m\u00eame en\u2026\" \/>\n<meta name=\"robots\" content=\"index, follow, max-snippet:-1, max-image-preview:large, max-video-preview:-1\" \/>\n<link rel=\"canonical\" href=\"\" \/>\n<meta property=\"og:locale\" content=\"fr_FR\" \/>\n<meta property=\"og:type\" content=\"article\" \/>\n<meta property=\"og:title\" content=\"Nosfet Aero\" \/>\n<meta property=\"og:description\" content=\"L&#039;**AERO** de **NOSFET** est une gyroroue \u00e9lectrique \u00e0 la pointe de la technologie, con\u00e7ue pour une agilit\u00e9 optimale, une grande durabilit\u00e9 et une utilisation intuitive. Son cadre monocoque l\u00e9ger en alliage de magn\u00e9sium simplifie consid\u00e9rablement l&#039;entretien et les r\u00e9parations. Caract\u00e9ristiques de l&#039;AERO : Syst\u00e8me anti-chute sans capteur (Hall-Sensorless) : Pour une s\u00e9curit\u00e9 accrue m\u00eame en\u2026\" \/>\n<meta property=\"og:url\" content=\"https:\/\/monokolo.eu\/fr\/product\/nosfet-aero\/\" \/>\n<meta property=\"og:site_name\" content=\"Monokolo\" \/>\n<meta property=\"article:publisher\" content=\"https:\/\/facebook.com\/monokolo.polska\/\" \/>\n<meta property=\"article:modified_time\" content=\"2026-03-30T15:24:16+00:00\" \/>\n<meta property=\"og:image\" content=\"https:\/\/monokolo.eu\/wp-content\/uploads\/2025\/04\/nosfet-aero-01.jpg\" \/>\n\t<meta property=\"og:image:width\" content=\"960\" \/>\n\t<meta property=\"og:image:height\" content=\"1280\" \/>\n\t<meta property=\"og:image:type\" content=\"image\/jpeg\" \/>\n<meta name=\"twitter:card\" content=\"summary_large_image\" \/>\n<meta name=\"twitter:label1\" content=\"Dur\u00e9e de lecture estim\u00e9e\" \/>\n\t<meta name=\"twitter:data1\" content=\"1 minute\" \/>\n<script type=\"application\/ld+json\" class=\"yoast-schema-graph\">{\"@context\":\"https:\/\/schema.org\",\"@graph\":[{\"@type\":\"WebPage\",\"@id\":\"https:\/\/monokolo.eu\/fr\/product\/nosfet-aero\/\",\"url\":\"https:\/\/monokolo.eu\/fr\/product\/nosfet-aero\/\",\"name\":\"Nosfet Aero - Monokolo\",\"isPartOf\":{\"@id\":\"https:\/\/monokolo.eu\/#website\"},\"primaryImageOfPage\":{\"@id\":\"https:\/\/monokolo.eu\/fr\/product\/nosfet-aero\/#primaryimage\"},\"image\":{\"@id\":\"https:\/\/monokolo.eu\/fr\/product\/nosfet-aero\/#primaryimage\"},\"thumbnailUrl\":\"https:\/\/monokolo.eu\/wp-content\/uploads\/2025\/04\/nosfet-aero-01.jpg\",\"datePublished\":\"2025-04-06T12:34:42+00:00\",\"dateModified\":\"2026-03-30T15:24:16+00:00\",\"description\":\"Nosfet Aero is a compact electric unicycle designed for agility, durability, and ease of use. It features a one-piece magnesium alloy unibody frame, which helps keep the weight low while ensuring easy maintenance and repairs.\",\"breadcrumb\":{\"@id\":\"https:\/\/monokolo.eu\/fr\/product\/nosfet-aero\/#breadcrumb\"},\"inLanguage\":\"fr-FR\",\"potentialAction\":[{\"@type\":\"ReadAction\",\"target\":[\"https:\/\/monokolo.eu\/fr\/product\/nosfet-aero\/\"]}]},{\"@type\":\"ImageObject\",\"inLanguage\":\"fr-FR\",\"@id\":\"https:\/\/monokolo.eu\/fr\/product\/nosfet-aero\/#primaryimage\",\"url\":\"https:\/\/monokolo.eu\/wp-content\/uploads\/2025\/04\/nosfet-aero-01.jpg\",\"contentUrl\":\"https:\/\/monokolo.eu\/wp-content\/uploads\/2025\/04\/nosfet-aero-01.jpg\",\"width\":960,\"height\":1280,\"caption\":\"Nosfet Aero electric unicycle\"},{\"@type\":\"BreadcrumbList\",\"@id\":\"https:\/\/monokolo.eu\/fr\/product\/nosfet-aero\/#breadcrumb\",\"itemListElement\":[{\"@type\":\"ListItem\",\"position\":1,\"name\":\"Monokolo.eu \u2013 Monocycles \u00e9lectriques et moyens de transport \u00e9lectriques en Europe\",\"item\":\"https:\/\/monokolo.eu\/\"},{\"@type\":\"ListItem\",\"position\":2,\"name\":\"Produits\",\"item\":\"https:\/\/monokolo.eu\/shop\/\"},{\"@type\":\"ListItem\",\"position\":3,\"name\":\"Nosfet Aero\"}]},{\"@type\":\"WebSite\",\"@id\":\"https:\/\/monokolo.eu\/fr\/#website\",\"url\":\"https:\/\/monokolo.eu\/fr\/\",\"name\":\"Monokolo.eu\",\"description\":\"Electric Unicycles shop in Europe\",\"publisher\":{\"@id\":\"https:\/\/monokolo.eu\/fr\/#organization\"},\"potentialAction\":[{\"@type\":\"SearchAction\",\"target\":{\"@type\":\"EntryPoint\",\"urlTemplate\":\"https:\/\/monokolo.eu\/fr\/?s={search_term_string}\"},\"query-input\":{\"@type\":\"PropertyValueSpecification\",\"valueRequired\":true,\"valueName\":\"search_term_string\"}}],\"inLanguage\":\"fr-FR\"},{\"@type\":\"Organization\",\"@id\":\"https:\/\/monokolo.eu\/fr\/#organization\",\"name\":\"Monokolo\",\"url\":\"https:\/\/monokolo.eu\/fr\/\",\"logo\":{\"@type\":\"ImageObject\",\"inLanguage\":\"fr-FR\",\"@id\":\"https:\/\/monokolo.eu\/fr\/#\/schema\/logo\/image\/\",\"url\":\"https:\/\/monokolo.eu\/wp-content\/uploads\/2025\/04\/logo22.png\",\"contentUrl\":\"https:\/\/monokolo.eu\/wp-content\/uploads\/2025\/04\/logo22.png\",\"width\":755,\"height\":192,\"caption\":\"Monokolo\"},\"image\":{\"@id\":\"https:\/\/monokolo.eu\/fr\/#\/schema\/logo\/image\/\"},\"sameAs\":[\"https:\/\/facebook.com\/monokolo.polska\/\",\"https:\/\/www.instagram.com\/monokolo.pl\/\",\"https:\/\/www.tiktok.com\/@monokolo.pl\"]}]}<\/script>\n<!-- \/ Yoast SEO plugin. -->","yoast_head_json":{"title":"Nosfet Aero","description":"L'**AERO** de **NOSFET** est une gyroroue \u00e9lectrique \u00e0 la pointe de la technologie, con\u00e7ue pour une agilit\u00e9 optimale, une grande durabilit\u00e9 et une utilisation intuitive. Son cadre monocoque l\u00e9ger en alliage de magn\u00e9sium simplifie consid\u00e9rablement l'entretien et les r\u00e9parations. Caract\u00e9ristiques de l'AERO : Syst\u00e8me anti-chute sans capteur (Hall-Sensorless) : Pour une s\u00e9curit\u00e9 accrue m\u00eame en\u2026","robots":{"index":"index","follow":"follow","max-snippet":"max-snippet:-1","max-image-preview":"max-image-preview:large","max-video-preview":"max-video-preview:-1"},"canonical":"L'**AERO** de **NOSFET** est une gyroroue \u00e9lectrique \u00e0 la pointe de la technologie, con\u00e7ue pour une agilit\u00e9 optimale, une grande durabilit\u00e9 et une utilisation intuitive. Son cadre monocoque l\u00e9ger en alliage de magn\u00e9sium simplifie consid\u00e9rablement l'entretien et les r\u00e9parations. Caract\u00e9ristiques de l'AERO : Syst\u00e8me anti-chute sans capteur (Hall-Sensorless) : Pour une s\u00e9curit\u00e9 accrue m\u00eame en\u2026","og_locale":"fr_FR","og_type":"article","og_title":"Nosfet Aero","og_description":"L'**AERO** de **NOSFET** est une gyroroue \u00e9lectrique \u00e0 la pointe de la technologie, con\u00e7ue pour une agilit\u00e9 optimale, une grande durabilit\u00e9 et une utilisation intuitive. Son cadre monocoque l\u00e9ger en alliage de magn\u00e9sium simplifie consid\u00e9rablement l'entretien et les r\u00e9parations. Caract\u00e9ristiques de l'AERO : Syst\u00e8me anti-chute sans capteur (Hall-Sensorless) : Pour une s\u00e9curit\u00e9 accrue m\u00eame en\u2026","og_url":"https:\/\/monokolo.eu\/fr\/product\/nosfet-aero\/","og_site_name":"Monokolo","article_publisher":"https:\/\/facebook.com\/monokolo.polska\/","article_modified_time":"2026-03-30T15:24:16+00:00","og_image":[{"width":960,"height":1280,"url":"https:\/\/monokolo.eu\/wp-content\/uploads\/2025\/04\/nosfet-aero-01.jpg","type":"image\/jpeg"}],"twitter_card":"summary_large_image","twitter_misc":{"Dur\u00e9e de lecture estim\u00e9e":"1 minute"},"schema":{"@context":"https:\/\/schema.org","@graph":[{"@type":"WebPage","@id":"https:\/\/monokolo.eu\/fr\/product\/nosfet-aero\/","url":"https:\/\/monokolo.eu\/fr\/product\/nosfet-aero\/","name":"Nosfet Aero - Monokolo","isPartOf":{"@id":"https:\/\/monokolo.eu\/#website"},"primaryImageOfPage":{"@id":"https:\/\/monokolo.eu\/fr\/product\/nosfet-aero\/#primaryimage"},"image":{"@id":"https:\/\/monokolo.eu\/fr\/product\/nosfet-aero\/#primaryimage"},"thumbnailUrl":"https:\/\/monokolo.eu\/wp-content\/uploads\/2025\/04\/nosfet-aero-01.jpg","datePublished":"2025-04-06T12:34:42+00:00","dateModified":"2026-03-30T15:24:16+00:00","description":"Nosfet Aero is a compact electric unicycle designed for agility, durability, and ease of use. It features a one-piece magnesium alloy unibody frame, which helps keep the weight low while ensuring easy maintenance and repairs.","breadcrumb":{"@id":"https:\/\/monokolo.eu\/fr\/product\/nosfet-aero\/#breadcrumb"},"inLanguage":"fr-FR","potentialAction":[{"@type":"ReadAction","target":["https:\/\/monokolo.eu\/fr\/product\/nosfet-aero\/"]}]},{"@type":"ImageObject","inLanguage":"fr-FR","@id":"https:\/\/monokolo.eu\/fr\/product\/nosfet-aero\/#primaryimage","url":"https:\/\/monokolo.eu\/wp-content\/uploads\/2025\/04\/nosfet-aero-01.jpg","contentUrl":"https:\/\/monokolo.eu\/wp-content\/uploads\/2025\/04\/nosfet-aero-01.jpg","width":960,"height":1280,"caption":"Nosfet Aero electric unicycle"},{"@type":"BreadcrumbList","@id":"https:\/\/monokolo.eu\/fr\/product\/nosfet-aero\/#breadcrumb","itemListElement":[{"@type":"ListItem","position":1,"name":"Monokolo.eu \u2013 Monocycles \u00e9lectriques et moyens de transport \u00e9lectriques en Europe","item":"https:\/\/monokolo.eu\/"},{"@type":"ListItem","position":2,"name":"Produits","item":"https:\/\/monokolo.eu\/shop\/"},{"@type":"ListItem","position":3,"name":"Nosfet Aero"}]},{"@type":"WebSite","@id":"https:\/\/monokolo.eu\/fr\/#website","url":"https:\/\/monokolo.eu\/fr\/","name":"Monokolo.eu","description":"Electric Unicycles shop in Europe","publisher":{"@id":"https:\/\/monokolo.eu\/fr\/#organization"},"potentialAction":[{"@type":"SearchAction","target":{"@type":"EntryPoint","urlTemplate":"https:\/\/monokolo.eu\/fr\/?s={search_term_string}"},"query-input":{"@type":"PropertyValueSpecification","valueRequired":true,"valueName":"search_term_string"}}],"inLanguage":"fr-FR"},{"@type":"Organization","@id":"https:\/\/monokolo.eu\/fr\/#organization","name":"Monokolo","url":"https:\/\/monokolo.eu\/fr\/","logo":{"@type":"ImageObject","inLanguage":"fr-FR","@id":"https:\/\/monokolo.eu\/fr\/#\/schema\/logo\/image\/","url":"https:\/\/monokolo.eu\/wp-content\/uploads\/2025\/04\/logo22.png","contentUrl":"https:\/\/monokolo.eu\/wp-content\/uploads\/2025\/04\/logo22.png","width":755,"height":192,"caption":"Monokolo"},"image":{"@id":"https:\/\/monokolo.eu\/fr\/#\/schema\/logo\/image\/"},"sameAs":["https:\/\/facebook.com\/monokolo.polska\/","https:\/\/www.instagram.com\/monokolo.pl\/","https:\/\/www.tiktok.com\/@monokolo.pl"]}]}},"_links":{"self":[{"href":"https:\/\/monokolo.eu\/fr\/wp-json\/wp\/v2\/product\/14840","targetHints":{"allow":["GET"]}}],"collection":[{"href":"https:\/\/monokolo.eu\/fr\/wp-json\/wp\/v2\/product"}],"about":[{"href":"https:\/\/monokolo.eu\/fr\/wp-json\/wp\/v2\/types\/product"}],"replies":[{"embeddable":true,"href":"https:\/\/monokolo.eu\/fr\/wp-json\/wp\/v2\/comments?post=14840"}],"wp:featuredmedia":[{"embeddable":true,"href":"https:\/\/monokolo.eu\/fr\/wp-json\/wp\/v2\/media\/14841"}],"wp:attachment":[{"href":"https:\/\/monokolo.eu\/fr\/wp-json\/wp\/v2\/media?parent=14840"}],"wp:term":[{"taxonomy":"product_brand","embeddable":true,"href":"https:\/\/monokolo.eu\/fr\/wp-json\/wp\/v2\/product_brand?post=14840"},{"taxonomy":"product_cat","embeddable":true,"href":"https:\/\/monokolo.eu\/fr\/wp-json\/wp\/v2\/product_cat?post=14840"},{"taxonomy":"product_tag","embeddable":true,"href":"https:\/\/monokolo.eu\/fr\/wp-json\/wp\/v2\/product_tag?post=14840"}],"curies":[{"name":"wp","href":"https:\/\/api.w.org\/{rel}","templated":true}]}}