{"id":14753,"date":"2025-03-04T17:49:01","date_gmt":"2025-03-04T17:49:01","guid":{"rendered":"https:\/\/monokolo.eu\/product\/\/"},"modified":"2025-10-06T07:50:56","modified_gmt":"2025-10-06T07:50:56","slug":"kingsong-ks-16s","status":"publish","type":"product","link":"https:\/\/monokolo.eu\/fr\/product\/kingsong-ks-16s\/","title":{"rendered":"KingSong KS 16S"},"content":{"rendered":"<p> <strong>KingSong 16S : L&rsquo;\u00e9quilibre parfait entre agilit\u00e9 \u0438 l\u00e9g\u00e8ret\u00e9<\/strong><\/p>\n<p>La <strong>KingSong 16S<\/strong> incarne un m\u00e9lange harmonieux d&rsquo;agilit\u00e9, de stabilit\u00e9 et de l\u00e9g\u00e8ret\u00e9. Parfaite pour les trajets urbains, elle offre une autonomie g\u00e9n\u00e9reuse pour naviguer sans effort dans les paysages citadins. Son format compact \u0438 son poids plume permettent de la transporter facilement dans les escaliers ou de la glisser sous un bureau.<\/p>\n<p>Offrant un confort in\u00e9gal\u00e9 pour une roue de cette cat\u00e9gorie, la 16S ne sacrifie en rien la performance. Dot\u00e9e d&rsquo;un moteur de <strong>1200 W<\/strong> (atteignant <strong>3000 W<\/strong> en cr\u00eate) \u0438 d&rsquo;une batterie remarquable de <strong>840 Wh<\/strong>, elle garantit une fiabilit\u00e9 constante trajet apr\u00e8s trajet. Id\u00e9ale pour le loisir, la 16S atteint une vitesse de <strong>35 km\/h<\/strong>, assurant une glisse fluide \u0438 exaltante \u00e0 chaque sortie.<\/p>\n<p>\u00a0<\/p>\n<h5><strong>Moteur Brushless haute vitesse de 1200 Watts<\/strong><\/h5>\n<p>\u00c9quip\u00e9e d&rsquo;un puissant moteur sans balais (brushless), ses performances sont stables \u0438 fiables. La puissance nominale atteint 1200 W, le couple maximal est de 80 N.m, et la vitesse de pointe peut atteindre 35 km\/h.<\/p>\n<h5><strong>Batterie puissante de 840 Wh<\/strong><\/h5>\n<p>Le c\u0153ur de cette gyroroue KingSong est une batterie int\u00e9gr\u00e9e performante de 840 Wh. Avec un temps de charge d&rsquo;environ 7 heures, elle assure une conduite continue sur environ 80 km.<\/p>\n<h5><strong>Nouvelles p\u00e9dales \u00ab\u00a0Honeycomb\u00a0\u00bb (Nid d&rsquo;abeille)<\/strong><\/h5>\n<p>Les p\u00e9dales am\u00e9lior\u00e9es optimisent la friction entre vos chaussures et la surface, rendant la conduite plus confortable et plus s\u00fbre.<\/p>\n","protected":false},"excerpt":{"rendered":"<p>KingSong 16S : L&rsquo;\u00e9quilibre parfait entre agilit\u00e9 \u0438 l\u00e9g\u00e8ret\u00e9 La KingSong 16S incarne un m\u00e9lange harmonieux d&rsquo;agilit\u00e9, de stabilit\u00e9 et de l\u00e9g\u00e8ret\u00e9. Parfaite pour les trajets urbains, elle offre une autonomie g\u00e9n\u00e9reuse pour naviguer sans effort dans les paysages citadins. Son format compact \u0438 son poids plume permettent de la transporter facilement dans les escaliers &hellip; <br \/><a href=\"https:\/\/monokolo.eu\/fr\/product\/kingsong-ks-16s\/\" class=\"more-link\">Continue reading <span class=\"screen-reader-text\">KingSong KS 16S<\/span><\/a><\/p>\n","protected":false},"featured_media":14754,"comment_status":"open","ping_status":"closed","template":"","meta":[],"product_brand":[],"product_cat":[55,110],"product_tag":[26],"class_list":{"0":"post-14753","1":"product","2":"type-product","3":"status-publish","4":"has-post-thumbnail","6":"product_cat-electric-unicycles","7":"product_cat-kingsong","8":"product_tag-euc","10":"first","11":"instock","12":"sale","13":"taxable","14":"shipping-taxable","15":"purchasable","16":"product-type-simple"},"yoast_head":"<!-- This site is optimized with the Yoast SEO plugin v26.8 - https:\/\/yoast.com\/product\/yoast-seo-wordpress\/ -->\n<title>KingSong KS 16S<\/title>\n<meta name=\"description\" content=\"KingSong 16S : L&#039;\u00e9quilibre parfait entre agilit\u00e9 \u0438 l\u00e9g\u00e8ret\u00e9 La KingSong 16S incarne un m\u00e9lange harmonieux d&#039;agilit\u00e9, de stabilit\u00e9 et de l\u00e9g\u00e8ret\u00e9. Parfaite pour les trajets urbains, elle offre une autonomie g\u00e9n\u00e9reuse pour naviguer sans effort dans les paysages citadins. Son format compact \u0438 son poids plume permettent de la transporter facilement dans les escaliers\u2026\" \/>\n<meta name=\"robots\" content=\"index, follow, max-snippet:-1, max-image-preview:large, max-video-preview:-1\" \/>\n<link rel=\"canonical\" href=\"\" \/>\n<meta property=\"og:locale\" content=\"fr_FR\" \/>\n<meta property=\"og:type\" content=\"article\" \/>\n<meta property=\"og:title\" content=\"KingSong KS 16S\" \/>\n<meta property=\"og:description\" content=\"KingSong 16S : L&#039;\u00e9quilibre parfait entre agilit\u00e9 \u0438 l\u00e9g\u00e8ret\u00e9 La KingSong 16S incarne un m\u00e9lange harmonieux d&#039;agilit\u00e9, de stabilit\u00e9 et de l\u00e9g\u00e8ret\u00e9. Parfaite pour les trajets urbains, elle offre une autonomie g\u00e9n\u00e9reuse pour naviguer sans effort dans les paysages citadins. Son format compact \u0438 son poids plume permettent de la transporter facilement dans les escaliers\u2026\" \/>\n<meta property=\"og:url\" content=\"https:\/\/monokolo.eu\/fr\/product\/kingsong-ks-16s\/\" \/>\n<meta property=\"og:site_name\" content=\"Monokolo\" \/>\n<meta property=\"article:publisher\" content=\"https:\/\/facebook.com\/monokolo.polska\/\" \/>\n<meta property=\"article:modified_time\" content=\"2025-10-06T07:50:56+00:00\" \/>\n<meta property=\"og:image\" content=\"https:\/\/monokolo.eu\/wp-content\/uploads\/2025\/03\/kingsong-16S.jpg\" \/>\n\t<meta property=\"og:image:width\" content=\"900\" \/>\n\t<meta property=\"og:image:height\" content=\"1200\" \/>\n\t<meta property=\"og:image:type\" content=\"image\/jpeg\" \/>\n<meta name=\"twitter:card\" content=\"summary_large_image\" \/>\n<meta name=\"twitter:label1\" content=\"Dur\u00e9e de lecture estim\u00e9e\" \/>\n\t<meta name=\"twitter:data1\" content=\"1 minute\" \/>\n<script type=\"application\/ld+json\" class=\"yoast-schema-graph\">{\"@context\":\"https:\/\/schema.org\",\"@graph\":[{\"@type\":\"WebPage\",\"@id\":\"https:\/\/monokolo.eu\/fr\/product\/kingsong-ks-16s\/\",\"url\":\"https:\/\/monokolo.eu\/fr\/product\/kingsong-ks-16s\/\",\"name\":\"KingSong KS 16S - Monokolo\",\"isPartOf\":{\"@id\":\"https:\/\/monokolo.eu\/#website\"},\"primaryImageOfPage\":{\"@id\":\"https:\/\/monokolo.eu\/fr\/product\/kingsong-ks-16s\/#primaryimage\"},\"image\":{\"@id\":\"https:\/\/monokolo.eu\/fr\/product\/kingsong-ks-16s\/#primaryimage\"},\"thumbnailUrl\":\"https:\/\/monokolo.eu\/wp-content\/uploads\/2025\/03\/kingsong-16S.jpg\",\"datePublished\":\"2025-03-04T17:49:01+00:00\",\"dateModified\":\"2025-10-06T07:50:56+00:00\",\"breadcrumb\":{\"@id\":\"https:\/\/monokolo.eu\/fr\/product\/kingsong-ks-16s\/#breadcrumb\"},\"inLanguage\":\"fr-FR\",\"potentialAction\":[{\"@type\":\"ReadAction\",\"target\":[\"https:\/\/monokolo.eu\/fr\/product\/kingsong-ks-16s\/\"]}]},{\"@type\":\"ImageObject\",\"inLanguage\":\"fr-FR\",\"@id\":\"https:\/\/monokolo.eu\/fr\/product\/kingsong-ks-16s\/#primaryimage\",\"url\":\"https:\/\/monokolo.eu\/wp-content\/uploads\/2025\/03\/kingsong-16S.jpg\",\"contentUrl\":\"https:\/\/monokolo.eu\/wp-content\/uploads\/2025\/03\/kingsong-16S.jpg\",\"width\":900,\"height\":1200,\"caption\":\"Kingsong 16S EUC black\"},{\"@type\":\"BreadcrumbList\",\"@id\":\"https:\/\/monokolo.eu\/fr\/product\/kingsong-ks-16s\/#breadcrumb\",\"itemListElement\":[{\"@type\":\"ListItem\",\"position\":1,\"name\":\"Monokolo.eu \u2013 Monocycles \u00e9lectriques et moyens de transport \u00e9lectriques en Europe\",\"item\":\"https:\/\/monokolo.eu\/\"},{\"@type\":\"ListItem\",\"position\":2,\"name\":\"Produits\",\"item\":\"https:\/\/monokolo.eu\/shop\/\"},{\"@type\":\"ListItem\",\"position\":3,\"name\":\"KingSong KS 16S\"}]},{\"@type\":\"WebSite\",\"@id\":\"https:\/\/monokolo.eu\/fr\/#website\",\"url\":\"https:\/\/monokolo.eu\/fr\/\",\"name\":\"Monokolo.eu\",\"description\":\"Electric Unicycles shop in Europe\",\"publisher\":{\"@id\":\"https:\/\/monokolo.eu\/fr\/#organization\"},\"potentialAction\":[{\"@type\":\"SearchAction\",\"target\":{\"@type\":\"EntryPoint\",\"urlTemplate\":\"https:\/\/monokolo.eu\/fr\/?s={search_term_string}\"},\"query-input\":{\"@type\":\"PropertyValueSpecification\",\"valueRequired\":true,\"valueName\":\"search_term_string\"}}],\"inLanguage\":\"fr-FR\"},{\"@type\":\"Organization\",\"@id\":\"https:\/\/monokolo.eu\/fr\/#organization\",\"name\":\"Monokolo\",\"url\":\"https:\/\/monokolo.eu\/fr\/\",\"logo\":{\"@type\":\"ImageObject\",\"inLanguage\":\"fr-FR\",\"@id\":\"https:\/\/monokolo.eu\/fr\/#\/schema\/logo\/image\/\",\"url\":\"https:\/\/monokolo.eu\/wp-content\/uploads\/2025\/04\/logo22.png\",\"contentUrl\":\"https:\/\/monokolo.eu\/wp-content\/uploads\/2025\/04\/logo22.png\",\"width\":755,\"height\":192,\"caption\":\"Monokolo\"},\"image\":{\"@id\":\"https:\/\/monokolo.eu\/fr\/#\/schema\/logo\/image\/\"},\"sameAs\":[\"https:\/\/facebook.com\/monokolo.polska\/\",\"https:\/\/www.instagram.com\/monokolo.pl\/\",\"https:\/\/www.tiktok.com\/@monokolo.pl\"]}]}<\/script>\n<!-- \/ Yoast SEO plugin. -->","yoast_head_json":{"title":"KingSong KS 16S","description":"KingSong 16S : L'\u00e9quilibre parfait entre agilit\u00e9 \u0438 l\u00e9g\u00e8ret\u00e9 La KingSong 16S incarne un m\u00e9lange harmonieux d'agilit\u00e9, de stabilit\u00e9 et de l\u00e9g\u00e8ret\u00e9. Parfaite pour les trajets urbains, elle offre une autonomie g\u00e9n\u00e9reuse pour naviguer sans effort dans les paysages citadins. Son format compact \u0438 son poids plume permettent de la transporter facilement dans les escaliers\u2026","robots":{"index":"index","follow":"follow","max-snippet":"max-snippet:-1","max-image-preview":"max-image-preview:large","max-video-preview":"max-video-preview:-1"},"canonical":"KingSong 16S : L'\u00e9quilibre parfait entre agilit\u00e9 \u0438 l\u00e9g\u00e8ret\u00e9 La KingSong 16S incarne un m\u00e9lange harmonieux d'agilit\u00e9, de stabilit\u00e9 et de l\u00e9g\u00e8ret\u00e9. Parfaite pour les trajets urbains, elle offre une autonomie g\u00e9n\u00e9reuse pour naviguer sans effort dans les paysages citadins. Son format compact \u0438 son poids plume permettent de la transporter facilement dans les escaliers\u2026","og_locale":"fr_FR","og_type":"article","og_title":"KingSong KS 16S","og_description":"KingSong 16S : L'\u00e9quilibre parfait entre agilit\u00e9 \u0438 l\u00e9g\u00e8ret\u00e9 La KingSong 16S incarne un m\u00e9lange harmonieux d'agilit\u00e9, de stabilit\u00e9 et de l\u00e9g\u00e8ret\u00e9. Parfaite pour les trajets urbains, elle offre une autonomie g\u00e9n\u00e9reuse pour naviguer sans effort dans les paysages citadins. Son format compact \u0438 son poids plume permettent de la transporter facilement dans les escaliers\u2026","og_url":"https:\/\/monokolo.eu\/fr\/product\/kingsong-ks-16s\/","og_site_name":"Monokolo","article_publisher":"https:\/\/facebook.com\/monokolo.polska\/","article_modified_time":"2025-10-06T07:50:56+00:00","og_image":[{"width":900,"height":1200,"url":"https:\/\/monokolo.eu\/wp-content\/uploads\/2025\/03\/kingsong-16S.jpg","type":"image\/jpeg"}],"twitter_card":"summary_large_image","twitter_misc":{"Dur\u00e9e de lecture estim\u00e9e":"1 minute"},"schema":{"@context":"https:\/\/schema.org","@graph":[{"@type":"WebPage","@id":"https:\/\/monokolo.eu\/fr\/product\/kingsong-ks-16s\/","url":"https:\/\/monokolo.eu\/fr\/product\/kingsong-ks-16s\/","name":"KingSong KS 16S - Monokolo","isPartOf":{"@id":"https:\/\/monokolo.eu\/#website"},"primaryImageOfPage":{"@id":"https:\/\/monokolo.eu\/fr\/product\/kingsong-ks-16s\/#primaryimage"},"image":{"@id":"https:\/\/monokolo.eu\/fr\/product\/kingsong-ks-16s\/#primaryimage"},"thumbnailUrl":"https:\/\/monokolo.eu\/wp-content\/uploads\/2025\/03\/kingsong-16S.jpg","datePublished":"2025-03-04T17:49:01+00:00","dateModified":"2025-10-06T07:50:56+00:00","breadcrumb":{"@id":"https:\/\/monokolo.eu\/fr\/product\/kingsong-ks-16s\/#breadcrumb"},"inLanguage":"fr-FR","potentialAction":[{"@type":"ReadAction","target":["https:\/\/monokolo.eu\/fr\/product\/kingsong-ks-16s\/"]}]},{"@type":"ImageObject","inLanguage":"fr-FR","@id":"https:\/\/monokolo.eu\/fr\/product\/kingsong-ks-16s\/#primaryimage","url":"https:\/\/monokolo.eu\/wp-content\/uploads\/2025\/03\/kingsong-16S.jpg","contentUrl":"https:\/\/monokolo.eu\/wp-content\/uploads\/2025\/03\/kingsong-16S.jpg","width":900,"height":1200,"caption":"Kingsong 16S EUC black"},{"@type":"BreadcrumbList","@id":"https:\/\/monokolo.eu\/fr\/product\/kingsong-ks-16s\/#breadcrumb","itemListElement":[{"@type":"ListItem","position":1,"name":"Monokolo.eu \u2013 Monocycles \u00e9lectriques et moyens de transport \u00e9lectriques en Europe","item":"https:\/\/monokolo.eu\/"},{"@type":"ListItem","position":2,"name":"Produits","item":"https:\/\/monokolo.eu\/shop\/"},{"@type":"ListItem","position":3,"name":"KingSong KS 16S"}]},{"@type":"WebSite","@id":"https:\/\/monokolo.eu\/fr\/#website","url":"https:\/\/monokolo.eu\/fr\/","name":"Monokolo.eu","description":"Electric Unicycles shop in Europe","publisher":{"@id":"https:\/\/monokolo.eu\/fr\/#organization"},"potentialAction":[{"@type":"SearchAction","target":{"@type":"EntryPoint","urlTemplate":"https:\/\/monokolo.eu\/fr\/?s={search_term_string}"},"query-input":{"@type":"PropertyValueSpecification","valueRequired":true,"valueName":"search_term_string"}}],"inLanguage":"fr-FR"},{"@type":"Organization","@id":"https:\/\/monokolo.eu\/fr\/#organization","name":"Monokolo","url":"https:\/\/monokolo.eu\/fr\/","logo":{"@type":"ImageObject","inLanguage":"fr-FR","@id":"https:\/\/monokolo.eu\/fr\/#\/schema\/logo\/image\/","url":"https:\/\/monokolo.eu\/wp-content\/uploads\/2025\/04\/logo22.png","contentUrl":"https:\/\/monokolo.eu\/wp-content\/uploads\/2025\/04\/logo22.png","width":755,"height":192,"caption":"Monokolo"},"image":{"@id":"https:\/\/monokolo.eu\/fr\/#\/schema\/logo\/image\/"},"sameAs":["https:\/\/facebook.com\/monokolo.polska\/","https:\/\/www.instagram.com\/monokolo.pl\/","https:\/\/www.tiktok.com\/@monokolo.pl"]}]}},"_links":{"self":[{"href":"https:\/\/monokolo.eu\/fr\/wp-json\/wp\/v2\/product\/14753","targetHints":{"allow":["GET"]}}],"collection":[{"href":"https:\/\/monokolo.eu\/fr\/wp-json\/wp\/v2\/product"}],"about":[{"href":"https:\/\/monokolo.eu\/fr\/wp-json\/wp\/v2\/types\/product"}],"replies":[{"embeddable":true,"href":"https:\/\/monokolo.eu\/fr\/wp-json\/wp\/v2\/comments?post=14753"}],"wp:featuredmedia":[{"embeddable":true,"href":"https:\/\/monokolo.eu\/fr\/wp-json\/wp\/v2\/media\/14754"}],"wp:attachment":[{"href":"https:\/\/monokolo.eu\/fr\/wp-json\/wp\/v2\/media?parent=14753"}],"wp:term":[{"taxonomy":"product_brand","embeddable":true,"href":"https:\/\/monokolo.eu\/fr\/wp-json\/wp\/v2\/product_brand?post=14753"},{"taxonomy":"product_cat","embeddable":true,"href":"https:\/\/monokolo.eu\/fr\/wp-json\/wp\/v2\/product_cat?post=14753"},{"taxonomy":"product_tag","embeddable":true,"href":"https:\/\/monokolo.eu\/fr\/wp-json\/wp\/v2\/product_tag?post=14753"}],"curies":[{"name":"wp","href":"https:\/\/api.w.org\/{rel}","templated":true}]}}