{"id":14743,"date":"2025-03-04T16:41:25","date_gmt":"2025-03-04T16:41:25","guid":{"rendered":"https:\/\/monokolo.eu\/product\/\/"},"modified":"2025-10-25T08:53:40","modified_gmt":"2025-10-25T08:53:40","slug":"kingsong-14d","status":"publish","type":"product","link":"https:\/\/monokolo.eu\/fr\/product\/kingsong-14d\/","title":{"rendered":"KingSong 14D"},"content":{"rendered":"<h5>Informations produit<\/h5>\n<p>La <strong>KS-14D<\/strong> s&rsquo;impose comme l&rsquo;un des mod\u00e8les les plus performants de la cat\u00e9gorie des 14 pouces, surpassant largement la concurrence. C&rsquo;est un choix fantastique aussi bien pour les d\u00e9butants que pour ceux qui souhaitent monter en gamme apr\u00e8s une premi\u00e8re exp\u00e9rience en gyroroue. Ce mod\u00e8le offre un \u00e9quilibre parfait entre poids, dimensions et performances.<\/p>\n<p>La gyroroue Kingsong 14D est con\u00e7ue pour les riders qui souhaitent se d\u00e9placer avec agilit\u00e9 et rapidit\u00e9 en ville. Sa conception l\u00e9g\u00e8re la rend facile \u00e0 transporter, ce qui est id\u00e9al pour ceux qui ne sont pas encore \u00e0 l&rsquo;aise avec les mod\u00e8les plus imposants et puissants. De plus, elle dispose d&rsquo;une poign\u00e9e t\u00e9lescopique int\u00e9gr\u00e9e, permettant de la faire rouler \u00e0 vos c\u00f4t\u00e9s sans effort.<\/p>\n<p>Dot\u00e9e d&rsquo;un moteur de <strong>800W<\/strong> dans une roue de 14 pouces, la 14D peut d\u00e9passer les <strong>30 km\/h<\/strong> et couvrir une distance de <strong>30 kilom\u00e8tres<\/strong>. Cela en fait une roue \u00e9volutive parfaite pour les d\u00e9butants, ainsi que pour tous les passionn\u00e9s de \u00ab\u00a0petites roues\u00a0\u00bb.<\/p>\n<p>La compacit\u00e9 de la 14D est imbattable pour la navigation urbaine. Avec ses quatre bandeaux LED personnalisables et ses haut-parleurs Bluetooth, vous resterez visible et audible lors de vos sorties nocturnes. L&rsquo;\u00e9quipement d&rsquo;\u00e9clairage avant et arri\u00e8re assure une conduite en toute s\u00e9curit\u00e9, quel que soit votre sens de marche. Enfin, son trolley escamotable facilite grandement son transport, le tout pour un poids plume de <strong>moins de 15 kg<\/strong>.<\/p>\n<p>Gr\u00e2ce \u00e0 son design l\u00e9ger et compact, la 14D offre une exp\u00e9rience de glisse d\u00e9licieuse l\u00e0 o\u00f9 les voitures ne peuvent s&rsquo;aventurer. Que vous exploriez les parcs locaux, les pistes cyclables ou les zones urbaines denses, vous n&rsquo;aurez jamais \u00e0 g\u00e9rer une machine lourde ou encombrante. Vous vous fondrez parfaitement dans le flux des pi\u00e9tons et des cyclistes : pendant que les autres font des efforts pour arriver \u00e0 destination, vous glisserez sans effort en profitant pleinement de votre trajet.<\/p>\n","protected":false},"excerpt":{"rendered":"<p>Bien que compacte, la KingSong 14D regorge de fonctionnalit\u00e9s qui permettent difficilement aux autres v\u00e9hicules \u00e9lectriques de rivaliser dans sa gamme de prix. Son pneu de 14 pouces offre une maniabilit\u00e9, une portabilit\u00e9 et une polyvalence exceptionnelles, ce qui en fait le choix parfait aussi bien pour les citadins que pour les explorateurs de sentiers. Si vous souhaitez vous lancer dans l&rsquo;aventure de la gyroroue sans vous ruiner, tout en choisissant un mod\u00e8le \u00e9volutif qui vous accompagnera longtemps, la KingSong 14D est votre option de r\u00e9f\u00e9rence.<\/p>\n","protected":false},"featured_media":14744,"comment_status":"open","ping_status":"closed","template":"","meta":[],"product_brand":[],"product_cat":[55,110],"product_tag":[26],"class_list":{"0":"post-14743","1":"product","2":"type-product","3":"status-publish","4":"has-post-thumbnail","6":"product_cat-electric-unicycles","7":"product_cat-kingsong","8":"product_tag-euc","10":"first","11":"onbackorder","12":"sale","13":"taxable","14":"shipping-taxable","15":"purchasable","16":"product-type-simple"},"yoast_head":"<!-- This site is optimized with the Yoast SEO plugin v26.8 - https:\/\/yoast.com\/product\/yoast-seo-wordpress\/ -->\n<title>KingSong 14D<\/title>\n<meta name=\"description\" content=\"Bien que compacte, la KingSong 14D regorge de fonctionnalit\u00e9s qui permettent difficilement aux autres v\u00e9hicules \u00e9lectriques de rivaliser dans sa gamme de prix. Son pneu de 14 pouces offre une maniabilit\u00e9, une portabilit\u00e9 et une polyvalence exceptionnelles, ce qui en fait le choix parfait aussi bien pour les citadins que pour les explorateurs de sentiers. Si vous souhaitez vous lancer dans l&#039;aventure de la gyroroue sans vous ruiner, tout en choisissant un mod\u00e8le \u00e9volutif qui vous accompagnera longtemps, la KingSong 14D est votre option de r\u00e9f\u00e9rence.\" \/>\n<meta name=\"robots\" content=\"index, follow, max-snippet:-1, max-image-preview:large, max-video-preview:-1\" \/>\n<link rel=\"canonical\" href=\"http:\/\/Bien%20que%20compacte,%20la%20KingSong%2014D%20regorge%20de%20fonctionnalit\u00e9s%20qui%20permettent%20difficilement%20aux%20autres%20v\u00e9hicules%20\u00e9lectriques%20de%20rivaliser%20dans%20sa%20gamme%20de%20prix.%20Son%20pneu%20de%2014%20pouces%20offre%20une%20maniabilit\u00e9,%20une%20portabilit\u00e9%20et%20une%20polyvalence%20exceptionnelles,%20ce%20qui%20en%20fait%20le%20choix%20parfait%20aussi%20bien%20pour%20les%20citadins%20que%20pour%20les%20explorateurs%20de%20sentiers.%20Si%20vous%20souhaitez%20vous%20lancer%20dans%20l'aventure%20de%20la%20gyroroue%20sans%20vous%20ruiner,%20tout%20en%20choisissant%20un%20mod\u00e8le%20\u00e9volutif%20qui%20vous%20accompagnera%20longtemps,%20la%20KingSong%2014D%20est%20votre%20option%20de%20r\u00e9f\u00e9rence.\" \/>\n<meta property=\"og:locale\" content=\"fr_FR\" \/>\n<meta property=\"og:type\" content=\"article\" \/>\n<meta property=\"og:title\" content=\"KingSong 14D\" \/>\n<meta property=\"og:description\" content=\"Bien que compacte, la KingSong 14D regorge de fonctionnalit\u00e9s qui permettent difficilement aux autres v\u00e9hicules \u00e9lectriques de rivaliser dans sa gamme de prix. Son pneu de 14 pouces offre une maniabilit\u00e9, une portabilit\u00e9 et une polyvalence exceptionnelles, ce qui en fait le choix parfait aussi bien pour les citadins que pour les explorateurs de sentiers. Si vous souhaitez vous lancer dans l&#039;aventure de la gyroroue sans vous ruiner, tout en choisissant un mod\u00e8le \u00e9volutif qui vous accompagnera longtemps, la KingSong 14D est votre option de r\u00e9f\u00e9rence.\" \/>\n<meta property=\"og:url\" content=\"https:\/\/monokolo.eu\/fr\/product\/kingsong-14d\/\" \/>\n<meta property=\"og:site_name\" content=\"Monokolo\" \/>\n<meta property=\"article:publisher\" content=\"https:\/\/facebook.com\/monokolo.polska\/\" \/>\n<meta property=\"article:modified_time\" content=\"2025-10-25T08:53:40+00:00\" \/>\n<meta property=\"og:image\" content=\"https:\/\/monokolo.eu\/wp-content\/uploads\/2025\/03\/kingsong-14d-black-001.jpg\" \/>\n\t<meta property=\"og:image:width\" content=\"1050\" \/>\n\t<meta property=\"og:image:height\" content=\"1400\" \/>\n\t<meta property=\"og:image:type\" content=\"image\/jpeg\" \/>\n<meta name=\"twitter:card\" content=\"summary_large_image\" \/>\n<meta name=\"twitter:label1\" content=\"Dur\u00e9e de lecture estim\u00e9e\" \/>\n\t<meta name=\"twitter:data1\" content=\"1 minute\" \/>\n<script type=\"application\/ld+json\" class=\"yoast-schema-graph\">{\"@context\":\"https:\/\/schema.org\",\"@graph\":[{\"@type\":\"WebPage\",\"@id\":\"https:\/\/monokolo.eu\/fr\/product\/kingsong-14d\/\",\"url\":\"https:\/\/monokolo.eu\/fr\/product\/kingsong-14d\/\",\"name\":\"KingSong 14D - Monokolo\",\"isPartOf\":{\"@id\":\"https:\/\/monokolo.eu\/#website\"},\"primaryImageOfPage\":{\"@id\":\"https:\/\/monokolo.eu\/fr\/product\/kingsong-14d\/#primaryimage\"},\"image\":{\"@id\":\"https:\/\/monokolo.eu\/fr\/product\/kingsong-14d\/#primaryimage\"},\"thumbnailUrl\":\"https:\/\/monokolo.eu\/wp-content\/uploads\/2025\/03\/kingsong-14d-black-001.jpg\",\"datePublished\":\"2025-03-04T16:41:25+00:00\",\"dateModified\":\"2025-10-25T08:53:40+00:00\",\"breadcrumb\":{\"@id\":\"https:\/\/monokolo.eu\/fr\/product\/kingsong-14d\/#breadcrumb\"},\"inLanguage\":\"fr-FR\",\"potentialAction\":[{\"@type\":\"ReadAction\",\"target\":[\"https:\/\/monokolo.eu\/fr\/product\/kingsong-14d\/\"]}]},{\"@type\":\"ImageObject\",\"inLanguage\":\"fr-FR\",\"@id\":\"https:\/\/monokolo.eu\/fr\/product\/kingsong-14d\/#primaryimage\",\"url\":\"https:\/\/monokolo.eu\/wp-content\/uploads\/2025\/03\/kingsong-14d-black-001.jpg\",\"contentUrl\":\"https:\/\/monokolo.eu\/wp-content\/uploads\/2025\/03\/kingsong-14d-black-001.jpg\",\"width\":1050,\"height\":1400,\"caption\":\"kingsong 14D 420wh black\"},{\"@type\":\"BreadcrumbList\",\"@id\":\"https:\/\/monokolo.eu\/fr\/product\/kingsong-14d\/#breadcrumb\",\"itemListElement\":[{\"@type\":\"ListItem\",\"position\":1,\"name\":\"Monokolo.eu \u2013 Monocycles \u00e9lectriques et moyens de transport \u00e9lectriques en Europe\",\"item\":\"https:\/\/monokolo.eu\/\"},{\"@type\":\"ListItem\",\"position\":2,\"name\":\"Produits\",\"item\":\"https:\/\/monokolo.eu\/shop\/\"},{\"@type\":\"ListItem\",\"position\":3,\"name\":\"KingSong 14D\"}]},{\"@type\":\"WebSite\",\"@id\":\"https:\/\/monokolo.eu\/fr\/#website\",\"url\":\"https:\/\/monokolo.eu\/fr\/\",\"name\":\"Monokolo.eu\",\"description\":\"Electric Unicycles shop in Europe\",\"publisher\":{\"@id\":\"https:\/\/monokolo.eu\/fr\/#organization\"},\"potentialAction\":[{\"@type\":\"SearchAction\",\"target\":{\"@type\":\"EntryPoint\",\"urlTemplate\":\"https:\/\/monokolo.eu\/fr\/?s={search_term_string}\"},\"query-input\":{\"@type\":\"PropertyValueSpecification\",\"valueRequired\":true,\"valueName\":\"search_term_string\"}}],\"inLanguage\":\"fr-FR\"},{\"@type\":\"Organization\",\"@id\":\"https:\/\/monokolo.eu\/fr\/#organization\",\"name\":\"Monokolo\",\"url\":\"https:\/\/monokolo.eu\/fr\/\",\"logo\":{\"@type\":\"ImageObject\",\"inLanguage\":\"fr-FR\",\"@id\":\"https:\/\/monokolo.eu\/fr\/#\/schema\/logo\/image\/\",\"url\":\"https:\/\/monokolo.eu\/wp-content\/uploads\/2025\/04\/logo22.png\",\"contentUrl\":\"https:\/\/monokolo.eu\/wp-content\/uploads\/2025\/04\/logo22.png\",\"width\":755,\"height\":192,\"caption\":\"Monokolo\"},\"image\":{\"@id\":\"https:\/\/monokolo.eu\/fr\/#\/schema\/logo\/image\/\"},\"sameAs\":[\"https:\/\/facebook.com\/monokolo.polska\/\",\"https:\/\/www.instagram.com\/monokolo.pl\/\",\"https:\/\/www.tiktok.com\/@monokolo.pl\"]}]}<\/script>\n<!-- \/ Yoast SEO plugin. -->","yoast_head_json":{"title":"KingSong 14D","description":"Bien que compacte, la KingSong 14D regorge de fonctionnalit\u00e9s qui permettent difficilement aux autres v\u00e9hicules \u00e9lectriques de rivaliser dans sa gamme de prix. Son pneu de 14 pouces offre une maniabilit\u00e9, une portabilit\u00e9 et une polyvalence exceptionnelles, ce qui en fait le choix parfait aussi bien pour les citadins que pour les explorateurs de sentiers. Si vous souhaitez vous lancer dans l'aventure de la gyroroue sans vous ruiner, tout en choisissant un mod\u00e8le \u00e9volutif qui vous accompagnera longtemps, la KingSong 14D est votre option de r\u00e9f\u00e9rence.","robots":{"index":"index","follow":"follow","max-snippet":"max-snippet:-1","max-image-preview":"max-image-preview:large","max-video-preview":"max-video-preview:-1"},"canonical":"Bien que compacte, la KingSong 14D regorge de fonctionnalit\u00e9s qui permettent difficilement aux autres v\u00e9hicules \u00e9lectriques de rivaliser dans sa gamme de prix. Son pneu de 14 pouces offre une maniabilit\u00e9, une portabilit\u00e9 et une polyvalence exceptionnelles, ce qui en fait le choix parfait aussi bien pour les citadins que pour les explorateurs de sentiers. Si vous souhaitez vous lancer dans l'aventure de la gyroroue sans vous ruiner, tout en choisissant un mod\u00e8le \u00e9volutif qui vous accompagnera longtemps, la KingSong 14D est votre option de r\u00e9f\u00e9rence.","og_locale":"fr_FR","og_type":"article","og_title":"KingSong 14D","og_description":"Bien que compacte, la KingSong 14D regorge de fonctionnalit\u00e9s qui permettent difficilement aux autres v\u00e9hicules \u00e9lectriques de rivaliser dans sa gamme de prix. Son pneu de 14 pouces offre une maniabilit\u00e9, une portabilit\u00e9 et une polyvalence exceptionnelles, ce qui en fait le choix parfait aussi bien pour les citadins que pour les explorateurs de sentiers. Si vous souhaitez vous lancer dans l'aventure de la gyroroue sans vous ruiner, tout en choisissant un mod\u00e8le \u00e9volutif qui vous accompagnera longtemps, la KingSong 14D est votre option de r\u00e9f\u00e9rence.","og_url":"https:\/\/monokolo.eu\/fr\/product\/kingsong-14d\/","og_site_name":"Monokolo","article_publisher":"https:\/\/facebook.com\/monokolo.polska\/","article_modified_time":"2025-10-25T08:53:40+00:00","og_image":[{"width":1050,"height":1400,"url":"https:\/\/monokolo.eu\/wp-content\/uploads\/2025\/03\/kingsong-14d-black-001.jpg","type":"image\/jpeg"}],"twitter_card":"summary_large_image","twitter_misc":{"Dur\u00e9e de lecture estim\u00e9e":"1 minute"},"schema":{"@context":"https:\/\/schema.org","@graph":[{"@type":"WebPage","@id":"https:\/\/monokolo.eu\/fr\/product\/kingsong-14d\/","url":"https:\/\/monokolo.eu\/fr\/product\/kingsong-14d\/","name":"KingSong 14D - Monokolo","isPartOf":{"@id":"https:\/\/monokolo.eu\/#website"},"primaryImageOfPage":{"@id":"https:\/\/monokolo.eu\/fr\/product\/kingsong-14d\/#primaryimage"},"image":{"@id":"https:\/\/monokolo.eu\/fr\/product\/kingsong-14d\/#primaryimage"},"thumbnailUrl":"https:\/\/monokolo.eu\/wp-content\/uploads\/2025\/03\/kingsong-14d-black-001.jpg","datePublished":"2025-03-04T16:41:25+00:00","dateModified":"2025-10-25T08:53:40+00:00","breadcrumb":{"@id":"https:\/\/monokolo.eu\/fr\/product\/kingsong-14d\/#breadcrumb"},"inLanguage":"fr-FR","potentialAction":[{"@type":"ReadAction","target":["https:\/\/monokolo.eu\/fr\/product\/kingsong-14d\/"]}]},{"@type":"ImageObject","inLanguage":"fr-FR","@id":"https:\/\/monokolo.eu\/fr\/product\/kingsong-14d\/#primaryimage","url":"https:\/\/monokolo.eu\/wp-content\/uploads\/2025\/03\/kingsong-14d-black-001.jpg","contentUrl":"https:\/\/monokolo.eu\/wp-content\/uploads\/2025\/03\/kingsong-14d-black-001.jpg","width":1050,"height":1400,"caption":"kingsong 14D 420wh black"},{"@type":"BreadcrumbList","@id":"https:\/\/monokolo.eu\/fr\/product\/kingsong-14d\/#breadcrumb","itemListElement":[{"@type":"ListItem","position":1,"name":"Monokolo.eu \u2013 Monocycles \u00e9lectriques et moyens de transport \u00e9lectriques en Europe","item":"https:\/\/monokolo.eu\/"},{"@type":"ListItem","position":2,"name":"Produits","item":"https:\/\/monokolo.eu\/shop\/"},{"@type":"ListItem","position":3,"name":"KingSong 14D"}]},{"@type":"WebSite","@id":"https:\/\/monokolo.eu\/fr\/#website","url":"https:\/\/monokolo.eu\/fr\/","name":"Monokolo.eu","description":"Electric Unicycles shop in Europe","publisher":{"@id":"https:\/\/monokolo.eu\/fr\/#organization"},"potentialAction":[{"@type":"SearchAction","target":{"@type":"EntryPoint","urlTemplate":"https:\/\/monokolo.eu\/fr\/?s={search_term_string}"},"query-input":{"@type":"PropertyValueSpecification","valueRequired":true,"valueName":"search_term_string"}}],"inLanguage":"fr-FR"},{"@type":"Organization","@id":"https:\/\/monokolo.eu\/fr\/#organization","name":"Monokolo","url":"https:\/\/monokolo.eu\/fr\/","logo":{"@type":"ImageObject","inLanguage":"fr-FR","@id":"https:\/\/monokolo.eu\/fr\/#\/schema\/logo\/image\/","url":"https:\/\/monokolo.eu\/wp-content\/uploads\/2025\/04\/logo22.png","contentUrl":"https:\/\/monokolo.eu\/wp-content\/uploads\/2025\/04\/logo22.png","width":755,"height":192,"caption":"Monokolo"},"image":{"@id":"https:\/\/monokolo.eu\/fr\/#\/schema\/logo\/image\/"},"sameAs":["https:\/\/facebook.com\/monokolo.polska\/","https:\/\/www.instagram.com\/monokolo.pl\/","https:\/\/www.tiktok.com\/@monokolo.pl"]}]}},"_links":{"self":[{"href":"https:\/\/monokolo.eu\/fr\/wp-json\/wp\/v2\/product\/14743","targetHints":{"allow":["GET"]}}],"collection":[{"href":"https:\/\/monokolo.eu\/fr\/wp-json\/wp\/v2\/product"}],"about":[{"href":"https:\/\/monokolo.eu\/fr\/wp-json\/wp\/v2\/types\/product"}],"replies":[{"embeddable":true,"href":"https:\/\/monokolo.eu\/fr\/wp-json\/wp\/v2\/comments?post=14743"}],"wp:featuredmedia":[{"embeddable":true,"href":"https:\/\/monokolo.eu\/fr\/wp-json\/wp\/v2\/media\/14744"}],"wp:attachment":[{"href":"https:\/\/monokolo.eu\/fr\/wp-json\/wp\/v2\/media?parent=14743"}],"wp:term":[{"taxonomy":"product_brand","embeddable":true,"href":"https:\/\/monokolo.eu\/fr\/wp-json\/wp\/v2\/product_brand?post=14743"},{"taxonomy":"product_cat","embeddable":true,"href":"https:\/\/monokolo.eu\/fr\/wp-json\/wp\/v2\/product_cat?post=14743"},{"taxonomy":"product_tag","embeddable":true,"href":"https:\/\/monokolo.eu\/fr\/wp-json\/wp\/v2\/product_tag?post=14743"}],"curies":[{"name":"wp","href":"https:\/\/api.w.org\/{rel}","templated":true}]}}