{"id":14628,"date":"2025-02-20T14:24:37","date_gmt":"2025-02-20T14:24:37","guid":{"rendered":"https:\/\/monokolo.eu\/product\/\/"},"modified":"2026-04-15T18:49:02","modified_gmt":"2026-04-15T18:49:02","slug":"inmotion-v9","status":"publish","type":"product","link":"https:\/\/monokolo.eu\/fr\/product\/inmotion-v9\/","title":{"rendered":"Inmotion V9"},"content":{"rendered":"<p>InMotion a pr\u00e9sent\u00e9 la InMotion V9. Ce mod\u00e8le est con\u00e7u pour les riders urbains \u00e0 la recherche d&rsquo;une gyroroue fiable et \u00e9l\u00e9gante pour leurs trajets quotidiens et leurs sorties de loisir.\u00a0L&rsquo;InMotion V9 est actuellement la gyroroue \u00e0 suspension la plus l\u00e9g\u00e8re disponible sur le march\u00e9.<\/p>\n<p>Le mod\u00e8le V9 est \u00e9quip\u00e9 d&rsquo;un moteur \u00e9lectrique robuste de 1000W, permettant d&rsquo;atteindre une vitesse de pointe de **45 km\/h** (28 mph) pour une conduite d\u00e9tendue. Le moteur peut atteindre une puissance de cr\u00eate de 2000W, d\u00e9livrant un couple de **90 Nm** pour un surplus de puissance quand c&rsquo;est n\u00e9cessaire. Sa batterie de 750Wh offre une autonomie confortable allant jusqu&rsquo;\u00e0 **60 km** (37 miles) sur une seule charge. C&rsquo;est id\u00e9al pour les trajets quotidiens, les petites excursions et les escapades du week-end. De plus, l&rsquo;appareil inclut une capacit\u00e9 de **charge invers\u00e9e de 20W** (USB-A et USB-C), garantissant que vos gadgets restent charg\u00e9s en toute circonstance. La V9 est class\u00e9e **IPX6**, ce qui signifie qu&rsquo;elle peut \u00eatre utilis\u00e9e pour une conduite tout-terrain l\u00e9g\u00e8re et sous une pluie fine.<\/p>\n<p>\u00a0<\/p>\n<p><strong>Suspension pneumatique Nimbus pour un confort in\u00e9gal\u00e9<\/strong><\/p>\n<p>\u00c9quip\u00e9e de ressorts pneumatiques avanc\u00e9s en aluminium offrant **60 mm de d\u00e9battement**, la V9 glisse en douceur sur les terrains vari\u00e9s. Le syst\u00e8me de suspension **Nimbus Air** permet de personnaliser la pression d&rsquo;air pour une conduite ultra-confortable et sur mesure. Test\u00e9 sur plus de 100 000 cycles, le syst\u00e8me garantit des performances durables.<\/p>\n<p><strong>LA S\u00c9CURIT\u00c9 AU C\u0152UR DE LA CONCEPTION<\/strong><\/p>\n<p>Batterie Samsung Premium + Smart BMS<\/p>\n<p>La V9 utilise des cellules Samsung haut de gamme, rigoureusement test\u00e9es dans des temp\u00e9ratures extr\u00eames allant de -20\u00b0C \u00e0 60\u00b0C, et supportant des milliers de cycles de charge. Associ\u00e9e \u00e0 un syst\u00e8me de gestion de batterie (BMS) am\u00e9lior\u00e9, elle permet une surveillance en temps r\u00e9el de la sant\u00e9 de la batterie pour une s\u00e9curit\u00e9 et une fiabilit\u00e9 accrues.<\/p>\n<p><strong>Contr\u00f4leur Raptor M de nouvelle g\u00e9n\u00e9ration<\/strong><\/p>\n<p>Le contr\u00f4leur Raptor M de nouvelle g\u00e9n\u00e9ration adopte une conception modulaire et d\u00e9livre un courant de sortie \u00e9lev\u00e9 de **180A** pour des acc\u00e9l\u00e9rations puissantes. Son syst\u00e8me de refroidissement \u00e0 12 tubes am\u00e9liore la dissipation thermique, tandis que sa capacit\u00e9 de **84V** assure des performances stables sous de lourdes charges, perp\u00e9tuant l&rsquo;h\u00e9ritage de confiance de la s\u00e9rie Raptor.<\/p>\n<p><strong>Syst\u00e8me d&rsquo;auto-\u00e9quilibrage Ultra-Control<\/strong><\/p>\n<p>Le syst\u00e8me Ultra-Control am\u00e9lior\u00e9 assure une r\u00e9ponse \u00e0 la milliseconde pr\u00e8s et un contr\u00f4le pr\u00e9cis de l&rsquo;\u00e9quilibre, avec de multiples redondances de s\u00e9curit\u00e9 pour une conduite plus fluide et plus stable.<\/p>\n<p><strong>Phare adaptatif Ultra-Beam<\/strong><\/p>\n<p>Le phare de <strong>12 W<\/strong> avec luminosit\u00e9 et angles r\u00e9glables assure une visibilit\u00e9 cristalline la nuit. Con\u00e7u avec des mat\u00e9riaux durables et optimis\u00e9 pour la dissipation de la chaleur, ce phare offre des performances fiables pour un usage quotidien.<\/p>\n<p><strong>Pneus Tubeless (Sans chambre \u00e0 air)<\/strong><\/p>\n<p>Les pneus tubeless de <strong>16&#215;3.0<\/strong> garantissent une conduite s\u00fbre. La large surface du pneu am\u00e9liore l&rsquo;adh\u00e9rence, offrant une excellente traction et un contr\u00f4le optimal pour une exp\u00e9rience de conduite fluide et confiante.<\/p>\n<p><strong>Recharge rapide, toujours pr\u00eate<\/strong><\/p>\n<p>Avec la charge rapide <strong>1C<\/strong>, profitez d&rsquo;une charge compl\u00e8te en seulement <strong>1 heure<\/strong>. Soyez pr\u00eat \u00e0 rouler \u00e0 tout moment sans longues attentes.<\/p>\n<p><strong>Assistance intelligente permanente<\/strong><\/p>\n<p>Gr\u00e2ce \u00e0 l&rsquo;application d\u00e9di\u00e9e, surveillez l&rsquo;\u00e9tat de votre roue en temps r\u00e9el, verrouillez votre gyroroue \u00e0 distance et suivez sa position sans effort. M\u00eame lorsqu&rsquo;elle est \u00e9teinte,\u00a0<strong>RideConnect<\/strong> reste en ligne, offrant une protection continue.<\/p>\n<p><a href=\"https:\/\/monokolo.eu\/wp-content\/uploads\/2025\/02\/inmotion-v9-specification.jpg\"><img fetchpriority=\"high\" decoding=\"async\" class=\"alignnone size-full wp-image-14768\" src=\"https:\/\/monokolo.eu\/wp-content\/uploads\/2025\/02\/inmotion-v9-specification.jpg\" alt=\"inmotion v9 specification\" width=\"600\" height=\"800\" srcset=\"https:\/\/monokolo.eu\/wp-content\/uploads\/2025\/02\/inmotion-v9-specification.jpg 600w, https:\/\/monokolo.eu\/wp-content\/uploads\/2025\/02\/inmotion-v9-specification-225x300.jpg 225w\" sizes=\"(max-width: 600px) 100vw, 600px\" \/><\/a><\/p>\n","protected":false},"excerpt":{"rendered":"<p>InMotion a pr\u00e9sent\u00e9 la InMotion V9, un mod\u00e8le con\u00e7u pour les citadins \u00e0 la recherche d&rsquo;une gyroroue fiable et \u00e9l\u00e9gante, id\u00e9ale pour les trajets quotidiens comme pour les sorties de loisirs. L&rsquo;InMotion V9 est actuellement la gyroroue \u00e0 suspension la plus l\u00e9g\u00e8re disponible sur le march\u00e9.<\/p>\n","protected":false},"featured_media":14631,"comment_status":"open","ping_status":"closed","template":"","meta":[],"product_brand":[],"product_cat":[55,109],"product_tag":[26],"class_list":{"0":"post-14628","1":"product","2":"type-product","3":"status-publish","4":"has-post-thumbnail","6":"product_cat-electric-unicycles","7":"product_cat-inmotion","8":"product_tag-euc","10":"first","11":"instock","12":"sale","13":"taxable","14":"shipping-taxable","15":"purchasable","16":"product-type-simple"},"yoast_head":"<!-- This site is optimized with the Yoast SEO plugin v26.8 - https:\/\/yoast.com\/product\/yoast-seo-wordpress\/ -->\n<title>Inmotion V9<\/title>\n<meta name=\"description\" content=\"InMotion a pr\u00e9sent\u00e9 la InMotion V9, un mod\u00e8le con\u00e7u pour les citadins \u00e0 la recherche d&#039;une gyroroue fiable et \u00e9l\u00e9gante, id\u00e9ale pour les trajets quotidiens comme pour les sorties de loisirs. L&#039;InMotion V9 est actuellement la gyroroue \u00e0 suspension la plus l\u00e9g\u00e8re disponible sur le march\u00e9.\" \/>\n<meta name=\"robots\" content=\"index, follow, max-snippet:-1, max-image-preview:large, max-video-preview:-1\" \/>\n<link rel=\"canonical\" href=\"http:\/\/InMotion%20a%20pr\u00e9sent\u00e9%20la%20InMotion%20V9,%20un%20mod\u00e8le%20con\u00e7u%20pour%20les%20citadins%20\u00e0%20la%20recherche%20d'une%20gyroroue%20fiable%20et%20\u00e9l\u00e9gante,%20id\u00e9ale%20pour%20les%20trajets%20quotidiens%20comme%20pour%20les%20sorties%20de%20loisirs.%20L'InMotion%20V9%20est%20actuellement%20la%20gyroroue%20\u00e0%20suspension%20la%20plus%20l\u00e9g\u00e8re%20disponible%20sur%20le%20march\u00e9.\" \/>\n<meta property=\"og:locale\" content=\"fr_FR\" \/>\n<meta property=\"og:type\" content=\"article\" \/>\n<meta property=\"og:title\" content=\"Inmotion V9\" \/>\n<meta property=\"og:description\" content=\"InMotion a pr\u00e9sent\u00e9 la InMotion V9, un mod\u00e8le con\u00e7u pour les citadins \u00e0 la recherche d&#039;une gyroroue fiable et \u00e9l\u00e9gante, id\u00e9ale pour les trajets quotidiens comme pour les sorties de loisirs. L&#039;InMotion V9 est actuellement la gyroroue \u00e0 suspension la plus l\u00e9g\u00e8re disponible sur le march\u00e9.\" \/>\n<meta property=\"og:url\" content=\"https:\/\/monokolo.eu\/fr\/product\/inmotion-v9\/\" \/>\n<meta property=\"og:site_name\" content=\"Monokolo\" \/>\n<meta property=\"article:publisher\" content=\"https:\/\/facebook.com\/monokolo.polska\/\" \/>\n<meta property=\"article:modified_time\" content=\"2026-04-15T18:49:02+00:00\" \/>\n<meta property=\"og:image\" content=\"https:\/\/monokolo.eu\/wp-content\/uploads\/2025\/02\/inmotion-v9-01.jpg\" \/>\n\t<meta property=\"og:image:width\" content=\"1050\" \/>\n\t<meta property=\"og:image:height\" content=\"1400\" \/>\n\t<meta property=\"og:image:type\" content=\"image\/jpeg\" \/>\n<meta name=\"twitter:card\" content=\"summary_large_image\" \/>\n<meta name=\"twitter:label1\" content=\"Dur\u00e9e de lecture estim\u00e9e\" \/>\n\t<meta name=\"twitter:data1\" content=\"3 minutes\" \/>\n<script type=\"application\/ld+json\" class=\"yoast-schema-graph\">{\"@context\":\"https:\/\/schema.org\",\"@graph\":[{\"@type\":\"WebPage\",\"@id\":\"https:\/\/monokolo.eu\/fr\/product\/inmotion-v9\/\",\"url\":\"https:\/\/monokolo.eu\/fr\/product\/inmotion-v9\/\",\"name\":\"Inmotion V9 - Monokolo\",\"isPartOf\":{\"@id\":\"https:\/\/monokolo.eu\/#website\"},\"primaryImageOfPage\":{\"@id\":\"https:\/\/monokolo.eu\/fr\/product\/inmotion-v9\/#primaryimage\"},\"image\":{\"@id\":\"https:\/\/monokolo.eu\/fr\/product\/inmotion-v9\/#primaryimage\"},\"thumbnailUrl\":\"https:\/\/monokolo.eu\/wp-content\/uploads\/2025\/02\/inmotion-v9-01.jpg\",\"datePublished\":\"2025-02-20T14:24:37+00:00\",\"dateModified\":\"2026-04-15T18:49:02+00:00\",\"breadcrumb\":{\"@id\":\"https:\/\/monokolo.eu\/fr\/product\/inmotion-v9\/#breadcrumb\"},\"inLanguage\":\"fr-FR\",\"potentialAction\":[{\"@type\":\"ReadAction\",\"target\":[\"https:\/\/monokolo.eu\/fr\/product\/inmotion-v9\/\"]}]},{\"@type\":\"ImageObject\",\"inLanguage\":\"fr-FR\",\"@id\":\"https:\/\/monokolo.eu\/fr\/product\/inmotion-v9\/#primaryimage\",\"url\":\"https:\/\/monokolo.eu\/wp-content\/uploads\/2025\/02\/inmotion-v9-01.jpg\",\"contentUrl\":\"https:\/\/monokolo.eu\/wp-content\/uploads\/2025\/02\/inmotion-v9-01.jpg\",\"width\":1050,\"height\":1400},{\"@type\":\"BreadcrumbList\",\"@id\":\"https:\/\/monokolo.eu\/fr\/product\/inmotion-v9\/#breadcrumb\",\"itemListElement\":[{\"@type\":\"ListItem\",\"position\":1,\"name\":\"Monokolo.eu \u2013 Monocycles \u00e9lectriques et moyens de transport \u00e9lectriques en Europe\",\"item\":\"https:\/\/monokolo.eu\/\"},{\"@type\":\"ListItem\",\"position\":2,\"name\":\"Produits\",\"item\":\"https:\/\/monokolo.eu\/shop\/\"},{\"@type\":\"ListItem\",\"position\":3,\"name\":\"Inmotion V9\"}]},{\"@type\":\"WebSite\",\"@id\":\"https:\/\/monokolo.eu\/fr\/#website\",\"url\":\"https:\/\/monokolo.eu\/fr\/\",\"name\":\"Monokolo.eu\",\"description\":\"Electric Unicycles shop in Europe\",\"publisher\":{\"@id\":\"https:\/\/monokolo.eu\/fr\/#organization\"},\"potentialAction\":[{\"@type\":\"SearchAction\",\"target\":{\"@type\":\"EntryPoint\",\"urlTemplate\":\"https:\/\/monokolo.eu\/fr\/?s={search_term_string}\"},\"query-input\":{\"@type\":\"PropertyValueSpecification\",\"valueRequired\":true,\"valueName\":\"search_term_string\"}}],\"inLanguage\":\"fr-FR\"},{\"@type\":\"Organization\",\"@id\":\"https:\/\/monokolo.eu\/fr\/#organization\",\"name\":\"Monokolo\",\"url\":\"https:\/\/monokolo.eu\/fr\/\",\"logo\":{\"@type\":\"ImageObject\",\"inLanguage\":\"fr-FR\",\"@id\":\"https:\/\/monokolo.eu\/fr\/#\/schema\/logo\/image\/\",\"url\":\"https:\/\/monokolo.eu\/wp-content\/uploads\/2025\/04\/logo22.png\",\"contentUrl\":\"https:\/\/monokolo.eu\/wp-content\/uploads\/2025\/04\/logo22.png\",\"width\":755,\"height\":192,\"caption\":\"Monokolo\"},\"image\":{\"@id\":\"https:\/\/monokolo.eu\/fr\/#\/schema\/logo\/image\/\"},\"sameAs\":[\"https:\/\/facebook.com\/monokolo.polska\/\",\"https:\/\/www.instagram.com\/monokolo.pl\/\",\"https:\/\/www.tiktok.com\/@monokolo.pl\"]}]}<\/script>\n<!-- \/ Yoast SEO plugin. -->","yoast_head_json":{"title":"Inmotion V9","description":"InMotion a pr\u00e9sent\u00e9 la InMotion V9, un mod\u00e8le con\u00e7u pour les citadins \u00e0 la recherche d'une gyroroue fiable et \u00e9l\u00e9gante, id\u00e9ale pour les trajets quotidiens comme pour les sorties de loisirs. L'InMotion V9 est actuellement la gyroroue \u00e0 suspension la plus l\u00e9g\u00e8re disponible sur le march\u00e9.","robots":{"index":"index","follow":"follow","max-snippet":"max-snippet:-1","max-image-preview":"max-image-preview:large","max-video-preview":"max-video-preview:-1"},"canonical":"InMotion a pr\u00e9sent\u00e9 la InMotion V9, un mod\u00e8le con\u00e7u pour les citadins \u00e0 la recherche d'une gyroroue fiable et \u00e9l\u00e9gante, id\u00e9ale pour les trajets quotidiens comme pour les sorties de loisirs. L'InMotion V9 est actuellement la gyroroue \u00e0 suspension la plus l\u00e9g\u00e8re disponible sur le march\u00e9.","og_locale":"fr_FR","og_type":"article","og_title":"Inmotion V9","og_description":"InMotion a pr\u00e9sent\u00e9 la InMotion V9, un mod\u00e8le con\u00e7u pour les citadins \u00e0 la recherche d'une gyroroue fiable et \u00e9l\u00e9gante, id\u00e9ale pour les trajets quotidiens comme pour les sorties de loisirs. L'InMotion V9 est actuellement la gyroroue \u00e0 suspension la plus l\u00e9g\u00e8re disponible sur le march\u00e9.","og_url":"https:\/\/monokolo.eu\/fr\/product\/inmotion-v9\/","og_site_name":"Monokolo","article_publisher":"https:\/\/facebook.com\/monokolo.polska\/","article_modified_time":"2026-04-15T18:49:02+00:00","og_image":[{"width":1050,"height":1400,"url":"https:\/\/monokolo.eu\/wp-content\/uploads\/2025\/02\/inmotion-v9-01.jpg","type":"image\/jpeg"}],"twitter_card":"summary_large_image","twitter_misc":{"Dur\u00e9e de lecture estim\u00e9e":"3 minutes"},"schema":{"@context":"https:\/\/schema.org","@graph":[{"@type":"WebPage","@id":"https:\/\/monokolo.eu\/fr\/product\/inmotion-v9\/","url":"https:\/\/monokolo.eu\/fr\/product\/inmotion-v9\/","name":"Inmotion V9 - Monokolo","isPartOf":{"@id":"https:\/\/monokolo.eu\/#website"},"primaryImageOfPage":{"@id":"https:\/\/monokolo.eu\/fr\/product\/inmotion-v9\/#primaryimage"},"image":{"@id":"https:\/\/monokolo.eu\/fr\/product\/inmotion-v9\/#primaryimage"},"thumbnailUrl":"https:\/\/monokolo.eu\/wp-content\/uploads\/2025\/02\/inmotion-v9-01.jpg","datePublished":"2025-02-20T14:24:37+00:00","dateModified":"2026-04-15T18:49:02+00:00","breadcrumb":{"@id":"https:\/\/monokolo.eu\/fr\/product\/inmotion-v9\/#breadcrumb"},"inLanguage":"fr-FR","potentialAction":[{"@type":"ReadAction","target":["https:\/\/monokolo.eu\/fr\/product\/inmotion-v9\/"]}]},{"@type":"ImageObject","inLanguage":"fr-FR","@id":"https:\/\/monokolo.eu\/fr\/product\/inmotion-v9\/#primaryimage","url":"https:\/\/monokolo.eu\/wp-content\/uploads\/2025\/02\/inmotion-v9-01.jpg","contentUrl":"https:\/\/monokolo.eu\/wp-content\/uploads\/2025\/02\/inmotion-v9-01.jpg","width":1050,"height":1400},{"@type":"BreadcrumbList","@id":"https:\/\/monokolo.eu\/fr\/product\/inmotion-v9\/#breadcrumb","itemListElement":[{"@type":"ListItem","position":1,"name":"Monokolo.eu \u2013 Monocycles \u00e9lectriques et moyens de transport \u00e9lectriques en Europe","item":"https:\/\/monokolo.eu\/"},{"@type":"ListItem","position":2,"name":"Produits","item":"https:\/\/monokolo.eu\/shop\/"},{"@type":"ListItem","position":3,"name":"Inmotion V9"}]},{"@type":"WebSite","@id":"https:\/\/monokolo.eu\/fr\/#website","url":"https:\/\/monokolo.eu\/fr\/","name":"Monokolo.eu","description":"Electric Unicycles shop in Europe","publisher":{"@id":"https:\/\/monokolo.eu\/fr\/#organization"},"potentialAction":[{"@type":"SearchAction","target":{"@type":"EntryPoint","urlTemplate":"https:\/\/monokolo.eu\/fr\/?s={search_term_string}"},"query-input":{"@type":"PropertyValueSpecification","valueRequired":true,"valueName":"search_term_string"}}],"inLanguage":"fr-FR"},{"@type":"Organization","@id":"https:\/\/monokolo.eu\/fr\/#organization","name":"Monokolo","url":"https:\/\/monokolo.eu\/fr\/","logo":{"@type":"ImageObject","inLanguage":"fr-FR","@id":"https:\/\/monokolo.eu\/fr\/#\/schema\/logo\/image\/","url":"https:\/\/monokolo.eu\/wp-content\/uploads\/2025\/04\/logo22.png","contentUrl":"https:\/\/monokolo.eu\/wp-content\/uploads\/2025\/04\/logo22.png","width":755,"height":192,"caption":"Monokolo"},"image":{"@id":"https:\/\/monokolo.eu\/fr\/#\/schema\/logo\/image\/"},"sameAs":["https:\/\/facebook.com\/monokolo.polska\/","https:\/\/www.instagram.com\/monokolo.pl\/","https:\/\/www.tiktok.com\/@monokolo.pl"]}]}},"_links":{"self":[{"href":"https:\/\/monokolo.eu\/fr\/wp-json\/wp\/v2\/product\/14628","targetHints":{"allow":["GET"]}}],"collection":[{"href":"https:\/\/monokolo.eu\/fr\/wp-json\/wp\/v2\/product"}],"about":[{"href":"https:\/\/monokolo.eu\/fr\/wp-json\/wp\/v2\/types\/product"}],"replies":[{"embeddable":true,"href":"https:\/\/monokolo.eu\/fr\/wp-json\/wp\/v2\/comments?post=14628"}],"wp:featuredmedia":[{"embeddable":true,"href":"https:\/\/monokolo.eu\/fr\/wp-json\/wp\/v2\/media\/14631"}],"wp:attachment":[{"href":"https:\/\/monokolo.eu\/fr\/wp-json\/wp\/v2\/media?parent=14628"}],"wp:term":[{"taxonomy":"product_brand","embeddable":true,"href":"https:\/\/monokolo.eu\/fr\/wp-json\/wp\/v2\/product_brand?post=14628"},{"taxonomy":"product_cat","embeddable":true,"href":"https:\/\/monokolo.eu\/fr\/wp-json\/wp\/v2\/product_cat?post=14628"},{"taxonomy":"product_tag","embeddable":true,"href":"https:\/\/monokolo.eu\/fr\/wp-json\/wp\/v2\/product_tag?post=14628"}],"curies":[{"name":"wp","href":"https:\/\/api.w.org\/{rel}","templated":true}]}}