{"id":14481,"date":"2024-12-15T21:14:58","date_gmt":"2024-12-15T21:14:58","guid":{"rendered":"https:\/\/monokolo-d2e6bb.ingress-baronn.ewp.live\/?post_type=product&#038;p=14481"},"modified":"2026-03-19T22:54:44","modified_gmt":"2026-03-19T22:54:44","slug":"veteran-lynx","status":"publish","type":"product","link":"https:\/\/monokolo.eu\/fr\/product\/veteran-lynx\/","title":{"rendered":"LeaperKim Veteran Lynx"},"content":{"rendered":"<h5>Gyroroue Veteran Lynx 20&Prime; \u2014 Moteur 3200W avec Suspension<\/h5>\n<p>LeaperKim s&rsquo;est surpass\u00e9 avec la gyroroue Lynx, con\u00e7ue avec un ch\u00e2ssis en alliage de magn\u00e9sium \u00e0 la fois l\u00e9ger et exceptionnellement robuste. Avec un poids de seulement \\~40 kg (88 lb), cette merveille du tout-terrain est pr\u00eate \u00e0 relever les d\u00e9fis les plus rudes. Le meilleur dans tout \u00e7a ? Elle b\u00e9n\u00e9ficie d&rsquo;un moteur plus puissant, d&rsquo;un pneu plus large et d&rsquo;une capacit\u00e9 de batterie augment\u00e9e de 500 Wh. Vous aurez l&rsquo;endurance n\u00e9cessaire pour explorer les paysages les plus sauvages en toute simplicit\u00e9.<\/p>\n<h5>Une puissance de batterie extr\u00eame<\/h5>\n<p>Pour alimenter vos aventures off-road, la Lynx est \u00e9quip\u00e9e d&rsquo;un pack batterie haute puissance Samsung 50S de 2 700 Wh \/ 151 V. Ce concentr\u00e9 d&rsquo;\u00e9nergie dispose d&rsquo;un SmartBMS pour une gestion intelligente de la batterie \u0438 peut \u00eatre recharg\u00e9 rapidement \u00e0 15 A \/ 2 250 W. Avec la Lynx, vous pouvez rouler librement sans craindre de tomber \u00e0 court de batterie.<\/p>\n<p><h>Un contr\u00f4le absolu<\/h5>\n<p>La Lynx est la premi\u00e8re de sa cat\u00e9gorie \u00e0 int\u00e9grer 36 MOSFETs 200V\/140A dans son contr\u00f4leur. Cela permet d&rsquo;atteindre un courant de sortie de cr\u00eate impressionnant de 840 A, vous offrant un contr\u00f4le pr\u00e9cis et une puissance in\u00e9branlable sur n&rsquo;importe quel terrain.<\/p>\n<div class=\"row\">\n<div class=\"col-xs-12 col-sm-6\">\n<p><strong>Sp\u00e9cifications Veteran Lynx<\/strong><\/p>\n<ul>\n<li>Vitesse maximale : \\~100 km\/h (62 mph)<\/li>\n<li>Autonomie maximale : \\~160 km (100 miles)<\/li>\n<li>Vitesse \u00e0 vide (Free Spin) : 125 km\/h (77 mph)<\/li>\n<li>Puissance moteur : 3 200 W (8 kW en cr\u00eate) High-Torque<\/li>\n<li>Puissance de cr\u00eate : 8 kW<\/li>\n<li>Batterie : 2700 Wh \/ 151 V, Samsung 50S haute puissance<\/li>\n<li>Vitesse de charge : 4-6 heures avec chargeur 5A, 2 heures avec chargeur 10A<\/li>\n<li>Doubles ports de charge : Oui<\/li>\n<li>Mat\u00e9riau de construction : Alliage de magn\u00e9sium<\/li>\n<li>Poids : \\~40 kg (88 lb)<\/li>\n<li>Nombre de MOSFETs : 36x 200V\/140A<\/li>\n<li>Courant de sortie de cr\u00eate maximal : 840 A<\/li>\n<li>Suspension : 90 mm &#8211; Fastace avec trois options de ressorts (62 lb, 66 lb et 70 lb)<\/li>\n<li>Si\u00e8ge : Optionnel (Add-On)<\/li>\n<li>Garde-boue : Oui<\/li>\n<li>B\u00e9quille : Oui<\/li>\n<li>Pneu : 20&Prime; x 4&Prime;<\/li>\n<li>Taille de la jante : 14&Prime;<\/li>\n<li>P\u00e9dales : Nid d&rsquo;abeille (Honeycomb), 4,7&Prime; x 11,8&Prime;<\/li>\n<li>Poign\u00e9e : Trolley<\/li>\n<li>Bouton coupe-moteur : Non<\/li>\n<li>Phare : 2500 lm<\/li>\n<li>Feu stop : Oui<\/li>\n<li>Clignotants : Oui<\/li>\n<li>Application : iOS\/Android<\/li>\n<li>Dimensions : 23&Prime; x 28,5&Prime; x 8&Prime;<\/li>\n<\/ul>\n<\/div>\n<\/div>\n","protected":false},"excerpt":{"rendered":"<p>Pr\u00e9parez-vous \u00e0 une aventure tout-terrain in\u00e9dite avec la toute nouvelle Veteran Lynx. Ce monstre de puissance est \u00e9quip\u00e9 d&rsquo;un moteur redoutable de 3 200 W, capable de d\u00e9livrer une performance de cr\u00eate ph\u00e9nom\u00e9nale de 8 kW. Que vous d\u00e9fiiez des sentiers escarp\u00e9s ou que vous partiez \u00e0 la conqu\u00eate de la nature sauvage, le moteur High-Torque de la Lynx est votre cl\u00e9 pour une puissance et des performances in\u00e9gal\u00e9es.<\/p>\n","protected":false},"featured_media":14482,"comment_status":"open","ping_status":"closed","template":"","meta":[],"product_brand":[271],"product_cat":[55,111],"product_tag":[26],"class_list":{"0":"post-14481","1":"product","2":"type-product","3":"status-publish","4":"has-post-thumbnail","6":"product_brand-leaperkimveteran","7":"product_cat-electric-unicycles","8":"product_cat-leaperkim","9":"product_tag-euc","11":"first","12":"onbackorder","13":"sale","14":"taxable","15":"shipping-taxable","16":"purchasable","17":"product-type-simple"},"yoast_head":"<!-- This site is optimized with the Yoast SEO plugin v26.8 - https:\/\/yoast.com\/product\/yoast-seo-wordpress\/ -->\n<title>LeaperKim Veteran Lynx<\/title>\n<meta name=\"description\" content=\"Pr\u00e9parez-vous \u00e0 une aventure tout-terrain in\u00e9dite avec la toute nouvelle Veteran Lynx. Ce monstre de puissance est \u00e9quip\u00e9 d&#039;un moteur redoutable de 3 200 W, capable de d\u00e9livrer une performance de cr\u00eate ph\u00e9nom\u00e9nale de 8 kW. Que vous d\u00e9fiiez des sentiers escarp\u00e9s ou que vous partiez \u00e0 la conqu\u00eate de la nature sauvage, le moteur High-Torque de la Lynx est votre cl\u00e9 pour une puissance et des performances in\u00e9gal\u00e9es.\" \/>\n<meta name=\"robots\" content=\"index, follow, max-snippet:-1, max-image-preview:large, max-video-preview:-1\" \/>\n<link rel=\"canonical\" href=\"http:\/\/Pr\u00e9parez-vous%20\u00e0%20une%20aventure%20tout-terrain%20in\u00e9dite%20avec%20la%20toute%20nouvelle%20Veteran%20Lynx.%20Ce%20monstre%20de%20puissance%20est%20\u00e9quip\u00e9%20d'un%20moteur%20redoutable%20de%203%20200%20W,%20capable%20de%20d\u00e9livrer%20une%20performance%20de%20cr\u00eate%20ph\u00e9nom\u00e9nale%20de%208%20kW.%20Que%20vous%20d\u00e9fiiez%20des%20sentiers%20escarp\u00e9s%20ou%20que%20vous%20partiez%20\u00e0%20la%20conqu\u00eate%20de%20la%20nature%20sauvage,%20le%20moteur%20High-Torque%20de%20la%20Lynx%20est%20votre%20cl\u00e9%20pour%20une%20puissance%20et%20des%20performances%20in\u00e9gal\u00e9es.\" \/>\n<meta property=\"og:locale\" content=\"fr_FR\" \/>\n<meta property=\"og:type\" content=\"article\" \/>\n<meta property=\"og:title\" content=\"LeaperKim Veteran Lynx\" \/>\n<meta property=\"og:description\" content=\"Pr\u00e9parez-vous \u00e0 une aventure tout-terrain in\u00e9dite avec la toute nouvelle Veteran Lynx. Ce monstre de puissance est \u00e9quip\u00e9 d&#039;un moteur redoutable de 3 200 W, capable de d\u00e9livrer une performance de cr\u00eate ph\u00e9nom\u00e9nale de 8 kW. Que vous d\u00e9fiiez des sentiers escarp\u00e9s ou que vous partiez \u00e0 la conqu\u00eate de la nature sauvage, le moteur High-Torque de la Lynx est votre cl\u00e9 pour une puissance et des performances in\u00e9gal\u00e9es.\" \/>\n<meta property=\"og:url\" content=\"https:\/\/monokolo.eu\/fr\/product\/veteran-lynx\/\" \/>\n<meta property=\"og:site_name\" content=\"Monokolo\" \/>\n<meta property=\"article:publisher\" content=\"https:\/\/facebook.com\/monokolo.polska\/\" \/>\n<meta property=\"article:modified_time\" content=\"2026-03-19T22:54:44+00:00\" \/>\n<meta property=\"og:image\" content=\"https:\/\/monokolo.eu\/wp-content\/uploads\/2024\/12\/veteran-lynx-01.jpg\" \/>\n\t<meta property=\"og:image:width\" content=\"1050\" \/>\n\t<meta property=\"og:image:height\" content=\"1400\" \/>\n\t<meta property=\"og:image:type\" content=\"image\/jpeg\" \/>\n<meta name=\"twitter:card\" content=\"summary_large_image\" \/>\n<meta name=\"twitter:label1\" content=\"Dur\u00e9e de lecture estim\u00e9e\" \/>\n\t<meta name=\"twitter:data1\" content=\"2 minutes\" \/>\n<script type=\"application\/ld+json\" class=\"yoast-schema-graph\">{\"@context\":\"https:\/\/schema.org\",\"@graph\":[{\"@type\":\"WebPage\",\"@id\":\"https:\/\/monokolo.eu\/fr\/product\/veteran-lynx\/\",\"url\":\"https:\/\/monokolo.eu\/fr\/product\/veteran-lynx\/\",\"name\":\"LeaperKim Veteran Lynx - Monokolo\",\"isPartOf\":{\"@id\":\"https:\/\/monokolo.eu\/#website\"},\"primaryImageOfPage\":{\"@id\":\"https:\/\/monokolo.eu\/fr\/product\/veteran-lynx\/#primaryimage\"},\"image\":{\"@id\":\"https:\/\/monokolo.eu\/fr\/product\/veteran-lynx\/#primaryimage\"},\"thumbnailUrl\":\"https:\/\/monokolo.eu\/wp-content\/uploads\/2024\/12\/veteran-lynx-01.jpg\",\"datePublished\":\"2024-12-15T21:14:58+00:00\",\"dateModified\":\"2026-03-19T22:54:44+00:00\",\"breadcrumb\":{\"@id\":\"https:\/\/monokolo.eu\/fr\/product\/veteran-lynx\/#breadcrumb\"},\"inLanguage\":\"fr-FR\",\"potentialAction\":[{\"@type\":\"ReadAction\",\"target\":[\"https:\/\/monokolo.eu\/fr\/product\/veteran-lynx\/\"]}]},{\"@type\":\"ImageObject\",\"inLanguage\":\"fr-FR\",\"@id\":\"https:\/\/monokolo.eu\/fr\/product\/veteran-lynx\/#primaryimage\",\"url\":\"https:\/\/monokolo.eu\/wp-content\/uploads\/2024\/12\/veteran-lynx-01.jpg\",\"contentUrl\":\"https:\/\/monokolo.eu\/wp-content\/uploads\/2024\/12\/veteran-lynx-01.jpg\",\"width\":1050,\"height\":1400,\"caption\":\"veteran lynx\"},{\"@type\":\"BreadcrumbList\",\"@id\":\"https:\/\/monokolo.eu\/fr\/product\/veteran-lynx\/#breadcrumb\",\"itemListElement\":[{\"@type\":\"ListItem\",\"position\":1,\"name\":\"Monokolo.eu \u2013 Monocycles \u00e9lectriques et moyens de transport \u00e9lectriques en Europe\",\"item\":\"https:\/\/monokolo.eu\/\"},{\"@type\":\"ListItem\",\"position\":2,\"name\":\"Produits\",\"item\":\"https:\/\/monokolo.eu\/shop\/\"},{\"@type\":\"ListItem\",\"position\":3,\"name\":\"LeaperKim Veteran Lynx\"}]},{\"@type\":\"WebSite\",\"@id\":\"https:\/\/monokolo.eu\/fr\/#website\",\"url\":\"https:\/\/monokolo.eu\/fr\/\",\"name\":\"Monokolo.eu\",\"description\":\"Electric Unicycles shop in Europe\",\"publisher\":{\"@id\":\"https:\/\/monokolo.eu\/fr\/#organization\"},\"potentialAction\":[{\"@type\":\"SearchAction\",\"target\":{\"@type\":\"EntryPoint\",\"urlTemplate\":\"https:\/\/monokolo.eu\/fr\/?s={search_term_string}\"},\"query-input\":{\"@type\":\"PropertyValueSpecification\",\"valueRequired\":true,\"valueName\":\"search_term_string\"}}],\"inLanguage\":\"fr-FR\"},{\"@type\":\"Organization\",\"@id\":\"https:\/\/monokolo.eu\/fr\/#organization\",\"name\":\"Monokolo\",\"url\":\"https:\/\/monokolo.eu\/fr\/\",\"logo\":{\"@type\":\"ImageObject\",\"inLanguage\":\"fr-FR\",\"@id\":\"https:\/\/monokolo.eu\/fr\/#\/schema\/logo\/image\/\",\"url\":\"https:\/\/monokolo.eu\/wp-content\/uploads\/2025\/04\/logo22.png\",\"contentUrl\":\"https:\/\/monokolo.eu\/wp-content\/uploads\/2025\/04\/logo22.png\",\"width\":755,\"height\":192,\"caption\":\"Monokolo\"},\"image\":{\"@id\":\"https:\/\/monokolo.eu\/fr\/#\/schema\/logo\/image\/\"},\"sameAs\":[\"https:\/\/facebook.com\/monokolo.polska\/\",\"https:\/\/www.instagram.com\/monokolo.pl\/\",\"https:\/\/www.tiktok.com\/@monokolo.pl\"]}]}<\/script>\n<!-- \/ Yoast SEO plugin. -->","yoast_head_json":{"title":"LeaperKim Veteran Lynx","description":"Pr\u00e9parez-vous \u00e0 une aventure tout-terrain in\u00e9dite avec la toute nouvelle Veteran Lynx. Ce monstre de puissance est \u00e9quip\u00e9 d'un moteur redoutable de 3 200 W, capable de d\u00e9livrer une performance de cr\u00eate ph\u00e9nom\u00e9nale de 8 kW. Que vous d\u00e9fiiez des sentiers escarp\u00e9s ou que vous partiez \u00e0 la conqu\u00eate de la nature sauvage, le moteur High-Torque de la Lynx est votre cl\u00e9 pour une puissance et des performances in\u00e9gal\u00e9es.","robots":{"index":"index","follow":"follow","max-snippet":"max-snippet:-1","max-image-preview":"max-image-preview:large","max-video-preview":"max-video-preview:-1"},"canonical":"Pr\u00e9parez-vous \u00e0 une aventure tout-terrain in\u00e9dite avec la toute nouvelle Veteran Lynx. Ce monstre de puissance est \u00e9quip\u00e9 d'un moteur redoutable de 3 200 W, capable de d\u00e9livrer une performance de cr\u00eate ph\u00e9nom\u00e9nale de 8 kW. Que vous d\u00e9fiiez des sentiers escarp\u00e9s ou que vous partiez \u00e0 la conqu\u00eate de la nature sauvage, le moteur High-Torque de la Lynx est votre cl\u00e9 pour une puissance et des performances in\u00e9gal\u00e9es.","og_locale":"fr_FR","og_type":"article","og_title":"LeaperKim Veteran Lynx","og_description":"Pr\u00e9parez-vous \u00e0 une aventure tout-terrain in\u00e9dite avec la toute nouvelle Veteran Lynx. Ce monstre de puissance est \u00e9quip\u00e9 d'un moteur redoutable de 3 200 W, capable de d\u00e9livrer une performance de cr\u00eate ph\u00e9nom\u00e9nale de 8 kW. Que vous d\u00e9fiiez des sentiers escarp\u00e9s ou que vous partiez \u00e0 la conqu\u00eate de la nature sauvage, le moteur High-Torque de la Lynx est votre cl\u00e9 pour une puissance et des performances in\u00e9gal\u00e9es.","og_url":"https:\/\/monokolo.eu\/fr\/product\/veteran-lynx\/","og_site_name":"Monokolo","article_publisher":"https:\/\/facebook.com\/monokolo.polska\/","article_modified_time":"2026-03-19T22:54:44+00:00","og_image":[{"width":1050,"height":1400,"url":"https:\/\/monokolo.eu\/wp-content\/uploads\/2024\/12\/veteran-lynx-01.jpg","type":"image\/jpeg"}],"twitter_card":"summary_large_image","twitter_misc":{"Dur\u00e9e de lecture estim\u00e9e":"2 minutes"},"schema":{"@context":"https:\/\/schema.org","@graph":[{"@type":"WebPage","@id":"https:\/\/monokolo.eu\/fr\/product\/veteran-lynx\/","url":"https:\/\/monokolo.eu\/fr\/product\/veteran-lynx\/","name":"LeaperKim Veteran Lynx - Monokolo","isPartOf":{"@id":"https:\/\/monokolo.eu\/#website"},"primaryImageOfPage":{"@id":"https:\/\/monokolo.eu\/fr\/product\/veteran-lynx\/#primaryimage"},"image":{"@id":"https:\/\/monokolo.eu\/fr\/product\/veteran-lynx\/#primaryimage"},"thumbnailUrl":"https:\/\/monokolo.eu\/wp-content\/uploads\/2024\/12\/veteran-lynx-01.jpg","datePublished":"2024-12-15T21:14:58+00:00","dateModified":"2026-03-19T22:54:44+00:00","breadcrumb":{"@id":"https:\/\/monokolo.eu\/fr\/product\/veteran-lynx\/#breadcrumb"},"inLanguage":"fr-FR","potentialAction":[{"@type":"ReadAction","target":["https:\/\/monokolo.eu\/fr\/product\/veteran-lynx\/"]}]},{"@type":"ImageObject","inLanguage":"fr-FR","@id":"https:\/\/monokolo.eu\/fr\/product\/veteran-lynx\/#primaryimage","url":"https:\/\/monokolo.eu\/wp-content\/uploads\/2024\/12\/veteran-lynx-01.jpg","contentUrl":"https:\/\/monokolo.eu\/wp-content\/uploads\/2024\/12\/veteran-lynx-01.jpg","width":1050,"height":1400,"caption":"veteran lynx"},{"@type":"BreadcrumbList","@id":"https:\/\/monokolo.eu\/fr\/product\/veteran-lynx\/#breadcrumb","itemListElement":[{"@type":"ListItem","position":1,"name":"Monokolo.eu \u2013 Monocycles \u00e9lectriques et moyens de transport \u00e9lectriques en Europe","item":"https:\/\/monokolo.eu\/"},{"@type":"ListItem","position":2,"name":"Produits","item":"https:\/\/monokolo.eu\/shop\/"},{"@type":"ListItem","position":3,"name":"LeaperKim Veteran Lynx"}]},{"@type":"WebSite","@id":"https:\/\/monokolo.eu\/fr\/#website","url":"https:\/\/monokolo.eu\/fr\/","name":"Monokolo.eu","description":"Electric Unicycles shop in Europe","publisher":{"@id":"https:\/\/monokolo.eu\/fr\/#organization"},"potentialAction":[{"@type":"SearchAction","target":{"@type":"EntryPoint","urlTemplate":"https:\/\/monokolo.eu\/fr\/?s={search_term_string}"},"query-input":{"@type":"PropertyValueSpecification","valueRequired":true,"valueName":"search_term_string"}}],"inLanguage":"fr-FR"},{"@type":"Organization","@id":"https:\/\/monokolo.eu\/fr\/#organization","name":"Monokolo","url":"https:\/\/monokolo.eu\/fr\/","logo":{"@type":"ImageObject","inLanguage":"fr-FR","@id":"https:\/\/monokolo.eu\/fr\/#\/schema\/logo\/image\/","url":"https:\/\/monokolo.eu\/wp-content\/uploads\/2025\/04\/logo22.png","contentUrl":"https:\/\/monokolo.eu\/wp-content\/uploads\/2025\/04\/logo22.png","width":755,"height":192,"caption":"Monokolo"},"image":{"@id":"https:\/\/monokolo.eu\/fr\/#\/schema\/logo\/image\/"},"sameAs":["https:\/\/facebook.com\/monokolo.polska\/","https:\/\/www.instagram.com\/monokolo.pl\/","https:\/\/www.tiktok.com\/@monokolo.pl"]}]}},"_links":{"self":[{"href":"https:\/\/monokolo.eu\/fr\/wp-json\/wp\/v2\/product\/14481","targetHints":{"allow":["GET"]}}],"collection":[{"href":"https:\/\/monokolo.eu\/fr\/wp-json\/wp\/v2\/product"}],"about":[{"href":"https:\/\/monokolo.eu\/fr\/wp-json\/wp\/v2\/types\/product"}],"replies":[{"embeddable":true,"href":"https:\/\/monokolo.eu\/fr\/wp-json\/wp\/v2\/comments?post=14481"}],"wp:featuredmedia":[{"embeddable":true,"href":"https:\/\/monokolo.eu\/fr\/wp-json\/wp\/v2\/media\/14482"}],"wp:attachment":[{"href":"https:\/\/monokolo.eu\/fr\/wp-json\/wp\/v2\/media?parent=14481"}],"wp:term":[{"taxonomy":"product_brand","embeddable":true,"href":"https:\/\/monokolo.eu\/fr\/wp-json\/wp\/v2\/product_brand?post=14481"},{"taxonomy":"product_cat","embeddable":true,"href":"https:\/\/monokolo.eu\/fr\/wp-json\/wp\/v2\/product_cat?post=14481"},{"taxonomy":"product_tag","embeddable":true,"href":"https:\/\/monokolo.eu\/fr\/wp-json\/wp\/v2\/product_tag?post=14481"}],"curies":[{"name":"wp","href":"https:\/\/api.w.org\/{rel}","templated":true}]}}