{"id":14460,"date":"2024-12-15T20:37:54","date_gmt":"2024-12-15T20:37:54","guid":{"rendered":"https:\/\/monokolo-d2e6bb.ingress-baronn.ewp.live\/?post_type=product&#038;p=14460"},"modified":"2026-04-24T06:56:52","modified_gmt":"2026-04-24T06:56:52","slug":"inmotion-v14","status":"publish","type":"product","link":"https:\/\/monokolo.eu\/fr\/product\/inmotion-v14\/","title":{"rendered":"Inmotion V14 Pro 2026"},"content":{"rendered":"<h5>Inmotion V14 Pro<\/h5\\>\nInMotion V14 Pro : La nouvelle \u00e9volution des performances en gyroroue<\/p>\n<p>L&rsquo;InMotion V14 Pro red\u00e9finit l&rsquo;innovation dans le monde de la gyroroue avec une avanc\u00e9e audacieuse par rapport \u00e0 sa pr\u00e9d\u00e9cesseure, la V14. Con\u00e7u sur les principes de modularit\u00e9, de pr\u00e9cision et d&rsquo;aventure, ce mod\u00e8le am\u00e9lior\u00e9 offre des performances accrues et des fonctionnalit\u00e9s de pointe pour les riders les plus exigeants.<\/p>\n<p><strong>Am\u00e9liorations cl\u00e9s par rapport \u00e0 la V14 Adventure :<\/strong><\/p>\n<ul>\n<li><strong>Vitesse de pointe :<\/strong> Maintenue \u00e0 un niveau foudroyant de 80 km\/h<\/li>\n<li><strong>Couple (Torque) :<\/strong> Augment\u00e9 de 230 Nm \u00e0 un puissant 276 Nm<\/li>\n<li><strong>Design :<\/strong> Nouveau coloris exclusif<\/li>\n<\/ul>\n<div class=\"product\\_\\_description rte quick-add-hidden p\">\n<p><strong>Caract\u00e9ristiques phares h\u00e9rit\u00e9es de la V14 Adventure :<\/strong><\/p>\n<ul>\n<li><strong>Suspension progressive exclusive INMOTION :<\/strong> Con\u00e7ue sp\u00e9cifiquement pour l&rsquo;aventure.<\/li>\n<li><strong>Franchissement de pentes :<\/strong> Dominez des inclinaisons de 50\u00b0 gr\u00e2ce \u00e0 une force de traction de 850 N.<\/li>\n<li><strong>Moteur \u00e0 aimants C40 :<\/strong> Puissance de cr\u00eate massive de 9000 W.<\/li>\n<li><strong>Autonomie :<\/strong> Jusqu&rsquo;\u00e0 120 km (75 miles) et support de la charge rapide.<\/li>\n<li><strong>Batterie Samsung 2400Wh\/134V :<\/strong> Utilisation de cellules haute puissance.<\/li>\n<\/ul>\n<\/div>\n<p>L&rsquo;InMotion V14 est l&rsquo;une des roues de 16 pouces les plus puissantes actuellement disponibles. Gr\u00e2ce \u00e0 son pneu de petit diam\u00e8tre et son syst\u00e8me de 134 volts, cette roue dispose d&rsquo;un couple impressionnant pour tous vos besoins tout-terrain. L&rsquo;InMotion V14 est la premi\u00e8re gyroroue \u00e0 inclure un ressort progressif offrant une rigidit\u00e9 de 600 lbs\/po en d\u00e9but de course et de 970 lbs\/po en fin de course. Les p\u00e9dales \u00e0 picots incluses sont les m\u00eames que sur l&rsquo;InMotion V13. Les power pads fournis peuvent \u00eatre facilement ajust\u00e9s gr\u00e2ce au Velcro pr\u00e9-appliqu\u00e9, permettant un contr\u00f4le pr\u00e9cis lors des phases de cruising ou de saut.<\/p>\n<p>La V14 dispose d&rsquo;un Smart BMS qui vous permet de surveiller facilement la tension et la temp\u00e9rature de chaque cellule individuelle depuis l&rsquo;application InMotion. Chacune des batteries de la V14 peut \u00eatre retir\u00e9e facilement, les c\u00e2bles \u00e9tant situ\u00e9s sous les panneaux lat\u00e9raux en haut de l&rsquo;unit\u00e9.<\/p>\n<p>Il existe actuellement deux variantes de batterie pour la V14 : la 50GB et la 50S. Les cellules <strong>Samsung 50S<\/strong> permettent de tirer plus de puissance \u00e0 tout moment, ce qui signifie des acc\u00e9l\u00e9rations plus franches, un freinage plus efficace et le maintien de vitesses \u00e9lev\u00e9es sur de plus longues dur\u00e9es. Les batteries <strong>Samsung 50GB<\/strong> peuvent convenir aux riders souhaitant optimiser leur budget, offrant potentiellement une autonomie l\u00e9g\u00e8rement sup\u00e9rieure en raison de la limitation de la puissance de sortie de ces cellules.<\/p>\n<div class=\"row\">\n<div class=\"col-xs-12 col-sm-6\">\n<p><strong>Sp\u00e9cifications InMotion V14 Pro<\/strong><\/p>\n<ul>\n<li>Autonomie max : \\~120 km (75 miles)<\/li>\n<li>Puissance moteur : 4000 W (9000 W en cr\u00eate)<\/li>\n<li>Batterie : 2400 Wh \/ 134 V<\/li>\n<li>Temps de charge : 4-6 heures avec le chargeur d&rsquo;origine<\/li>\n<li>Vitesse maximale : 70 km\/h (43 Mph)<\/li>\n<li>Angle de mont\u00e9e : 50 degr\u00e9s<\/li>\n<li>Taille du pneu : 16 pouces<\/li>\n<li>Poids : 39 kg (86 lbs)<\/li>\n<li>Charge utile max : 140 kg (309 lbs)<\/li>\n<li>Indice de protection : IPX6<\/li>\n<li>\u00c9clairage : Phare avant et feu arri\u00e8re<\/li>\n<li>Sortie chargeur : DC 134V \\* 3A<\/li>\n<\/ul>\n<p><img fetchpriority=\"high\" decoding=\"async\" class=\"alignnone size-medium wp-image-14469\" src=\"[https:\/\/monokolo.eu\/wp-content\/uploads\/2024\/12\/Adventure-Specs-182x300.jpg](https:\/\/monokolo.eu\/wp-content\/uploads\/2024\/12\/Adventure-Specs-182x300.jpg)\" alt=\"Sp\u00e9cifications Inmotion V14 Adventure\" width=\"182\" height=\"300\" srcset=\"https:\/\/monokolo.eu\/wp-content\/uploads\/2024\/12\/Adventure-Specs-182x300.jpg 182w, https:\/\/monokolo.eu\/wp-content\/uploads\/2024\/12\/Adventure-Specs-600x992.jpg 600w, https:\/\/monokolo.eu\/wp-content\/uploads\/2024\/12\/Adventure-Specs-620x1024.jpg 620w, https:\/\/monokolo.eu\/wp-content\/uploads\/2024\/12\/Adventure-Specs-768x1269.jpg 768w, https:\/\/monokolo.eu\/wp-content\/uploads\/2024\/12\/Adventure-Specs-929x1536.jpg 929w, https:\/\/monokolo.eu\/wp-content\/uploads\/2024\/12\/Adventure-Specs.jpg 1080w\" sizes=\"(max-width: 182px) 100vw, 182px\" \/><\/p>\n<div>\n<div>\n","protected":false},"excerpt":{"rendered":"<p>L&rsquo;InMotion V14 est l&rsquo;une des gyroroues de 16 pouces les plus puissantes actuellement disponibles. Gr\u00e2ce \u00e0 son pneu de petit diam\u00e8tre combin\u00e9 \u00e0 un syst\u00e8me de 134 volts, cette roue offre un couple ph\u00e9nom\u00e9nal pour r\u00e9pondre \u00e0 tous vos besoins en tout-terrain.<\/p>\n","protected":false},"featured_media":14954,"comment_status":"open","ping_status":"closed","template":"","meta":[],"product_brand":[],"product_cat":[55,109],"product_tag":[26],"class_list":{"0":"post-14460","1":"product","2":"type-product","3":"status-publish","4":"has-post-thumbnail","6":"product_cat-electric-unicycles","7":"product_cat-inmotion","8":"product_tag-euc","10":"first","11":"onbackorder","12":"sale","13":"taxable","14":"shipping-taxable","15":"purchasable","16":"product-type-simple"},"yoast_head":"<!-- This site is optimized with the Yoast SEO plugin v26.8 - https:\/\/yoast.com\/product\/yoast-seo-wordpress\/ -->\n<title>Inmotion V14 Pro 2026<\/title>\n<meta name=\"description\" content=\"L&#039;InMotion V14 est l&#039;une des gyroroues de 16 pouces les plus puissantes actuellement disponibles. Gr\u00e2ce \u00e0 son pneu de petit diam\u00e8tre combin\u00e9 \u00e0 un syst\u00e8me de 134 volts, cette roue offre un couple ph\u00e9nom\u00e9nal pour r\u00e9pondre \u00e0 tous vos besoins en tout-terrain.\" \/>\n<meta name=\"robots\" content=\"index, follow, max-snippet:-1, max-image-preview:large, max-video-preview:-1\" \/>\n<link rel=\"canonical\" href=\"http:\/\/L'InMotion%20V14%20est%20l'une%20des%20gyroroues%20de%2016%20pouces%20les%20plus%20puissantes%20actuellement%20disponibles.%20Gr\u00e2ce%20\u00e0%20son%20pneu%20de%20petit%20diam\u00e8tre%20combin\u00e9%20\u00e0%20un%20syst\u00e8me%20de%20134%20volts,%20cette%20roue%20offre%20un%20couple%20ph\u00e9nom\u00e9nal%20pour%20r\u00e9pondre%20\u00e0%20tous%20vos%20besoins%20en%20tout-terrain.\" \/>\n<meta property=\"og:locale\" content=\"fr_FR\" \/>\n<meta property=\"og:type\" content=\"article\" \/>\n<meta property=\"og:title\" content=\"Inmotion V14 Pro 2026\" \/>\n<meta property=\"og:description\" content=\"L&#039;InMotion V14 est l&#039;une des gyroroues de 16 pouces les plus puissantes actuellement disponibles. Gr\u00e2ce \u00e0 son pneu de petit diam\u00e8tre combin\u00e9 \u00e0 un syst\u00e8me de 134 volts, cette roue offre un couple ph\u00e9nom\u00e9nal pour r\u00e9pondre \u00e0 tous vos besoins en tout-terrain.\" \/>\n<meta property=\"og:url\" content=\"https:\/\/monokolo.eu\/fr\/product\/inmotion-v14\/\" \/>\n<meta property=\"og:site_name\" content=\"Monokolo\" \/>\n<meta property=\"article:publisher\" content=\"https:\/\/facebook.com\/monokolo.polska\/\" \/>\n<meta property=\"article:modified_time\" content=\"2026-04-24T06:56:52+00:00\" \/>\n<meta property=\"og:image\" content=\"https:\/\/monokolo.eu\/wp-content\/uploads\/2024\/12\/inmotion-v14-pro-001.jpg\" \/>\n\t<meta property=\"og:image:width\" content=\"1050\" \/>\n\t<meta property=\"og:image:height\" content=\"1400\" \/>\n\t<meta property=\"og:image:type\" content=\"image\/jpeg\" \/>\n<meta name=\"twitter:card\" content=\"summary_large_image\" \/>\n<meta name=\"twitter:label1\" content=\"Dur\u00e9e de lecture estim\u00e9e\" \/>\n\t<meta name=\"twitter:data1\" content=\"3 minutes\" \/>\n<script type=\"application\/ld+json\" class=\"yoast-schema-graph\">{\"@context\":\"https:\/\/schema.org\",\"@graph\":[{\"@type\":\"WebPage\",\"@id\":\"https:\/\/monokolo.eu\/fr\/product\/inmotion-v14\/\",\"url\":\"https:\/\/monokolo.eu\/fr\/product\/inmotion-v14\/\",\"name\":\"Inmotion V14 Pro 2026 - Monokolo\",\"isPartOf\":{\"@id\":\"https:\/\/monokolo.eu\/#website\"},\"primaryImageOfPage\":{\"@id\":\"https:\/\/monokolo.eu\/fr\/product\/inmotion-v14\/#primaryimage\"},\"image\":{\"@id\":\"https:\/\/monokolo.eu\/fr\/product\/inmotion-v14\/#primaryimage\"},\"thumbnailUrl\":\"https:\/\/monokolo.eu\/wp-content\/uploads\/2024\/12\/inmotion-v14-pro-001.jpg\",\"datePublished\":\"2024-12-15T20:37:54+00:00\",\"dateModified\":\"2026-04-24T06:56:52+00:00\",\"breadcrumb\":{\"@id\":\"https:\/\/monokolo.eu\/fr\/product\/inmotion-v14\/#breadcrumb\"},\"inLanguage\":\"fr-FR\",\"potentialAction\":[{\"@type\":\"ReadAction\",\"target\":[\"https:\/\/monokolo.eu\/fr\/product\/inmotion-v14\/\"]}]},{\"@type\":\"ImageObject\",\"inLanguage\":\"fr-FR\",\"@id\":\"https:\/\/monokolo.eu\/fr\/product\/inmotion-v14\/#primaryimage\",\"url\":\"https:\/\/monokolo.eu\/wp-content\/uploads\/2024\/12\/inmotion-v14-pro-001.jpg\",\"contentUrl\":\"https:\/\/monokolo.eu\/wp-content\/uploads\/2024\/12\/inmotion-v14-pro-001.jpg\",\"width\":1050,\"height\":1400,\"caption\":\"Inmotion v14 Pro\"},{\"@type\":\"BreadcrumbList\",\"@id\":\"https:\/\/monokolo.eu\/fr\/product\/inmotion-v14\/#breadcrumb\",\"itemListElement\":[{\"@type\":\"ListItem\",\"position\":1,\"name\":\"Monokolo.eu \u2013 Monocycles \u00e9lectriques et moyens de transport \u00e9lectriques en Europe\",\"item\":\"https:\/\/monokolo.eu\/\"},{\"@type\":\"ListItem\",\"position\":2,\"name\":\"Produits\",\"item\":\"https:\/\/monokolo.eu\/shop\/\"},{\"@type\":\"ListItem\",\"position\":3,\"name\":\"Inmotion V14 Pro 2026\"}]},{\"@type\":\"WebSite\",\"@id\":\"https:\/\/monokolo.eu\/fr\/#website\",\"url\":\"https:\/\/monokolo.eu\/fr\/\",\"name\":\"Monokolo.eu\",\"description\":\"Electric Unicycles shop in Europe\",\"publisher\":{\"@id\":\"https:\/\/monokolo.eu\/fr\/#organization\"},\"potentialAction\":[{\"@type\":\"SearchAction\",\"target\":{\"@type\":\"EntryPoint\",\"urlTemplate\":\"https:\/\/monokolo.eu\/fr\/?s={search_term_string}\"},\"query-input\":{\"@type\":\"PropertyValueSpecification\",\"valueRequired\":true,\"valueName\":\"search_term_string\"}}],\"inLanguage\":\"fr-FR\"},{\"@type\":\"Organization\",\"@id\":\"https:\/\/monokolo.eu\/fr\/#organization\",\"name\":\"Monokolo\",\"url\":\"https:\/\/monokolo.eu\/fr\/\",\"logo\":{\"@type\":\"ImageObject\",\"inLanguage\":\"fr-FR\",\"@id\":\"https:\/\/monokolo.eu\/fr\/#\/schema\/logo\/image\/\",\"url\":\"https:\/\/monokolo.eu\/wp-content\/uploads\/2025\/04\/logo22.png\",\"contentUrl\":\"https:\/\/monokolo.eu\/wp-content\/uploads\/2025\/04\/logo22.png\",\"width\":755,\"height\":192,\"caption\":\"Monokolo\"},\"image\":{\"@id\":\"https:\/\/monokolo.eu\/fr\/#\/schema\/logo\/image\/\"},\"sameAs\":[\"https:\/\/facebook.com\/monokolo.polska\/\",\"https:\/\/www.instagram.com\/monokolo.pl\/\",\"https:\/\/www.tiktok.com\/@monokolo.pl\"]}]}<\/script>\n<!-- \/ Yoast SEO plugin. -->","yoast_head_json":{"title":"Inmotion V14 Pro 2026","description":"L'InMotion V14 est l'une des gyroroues de 16 pouces les plus puissantes actuellement disponibles. Gr\u00e2ce \u00e0 son pneu de petit diam\u00e8tre combin\u00e9 \u00e0 un syst\u00e8me de 134 volts, cette roue offre un couple ph\u00e9nom\u00e9nal pour r\u00e9pondre \u00e0 tous vos besoins en tout-terrain.","robots":{"index":"index","follow":"follow","max-snippet":"max-snippet:-1","max-image-preview":"max-image-preview:large","max-video-preview":"max-video-preview:-1"},"canonical":"L'InMotion V14 est l'une des gyroroues de 16 pouces les plus puissantes actuellement disponibles. Gr\u00e2ce \u00e0 son pneu de petit diam\u00e8tre combin\u00e9 \u00e0 un syst\u00e8me de 134 volts, cette roue offre un couple ph\u00e9nom\u00e9nal pour r\u00e9pondre \u00e0 tous vos besoins en tout-terrain.","og_locale":"fr_FR","og_type":"article","og_title":"Inmotion V14 Pro 2026","og_description":"L'InMotion V14 est l'une des gyroroues de 16 pouces les plus puissantes actuellement disponibles. Gr\u00e2ce \u00e0 son pneu de petit diam\u00e8tre combin\u00e9 \u00e0 un syst\u00e8me de 134 volts, cette roue offre un couple ph\u00e9nom\u00e9nal pour r\u00e9pondre \u00e0 tous vos besoins en tout-terrain.","og_url":"https:\/\/monokolo.eu\/fr\/product\/inmotion-v14\/","og_site_name":"Monokolo","article_publisher":"https:\/\/facebook.com\/monokolo.polska\/","article_modified_time":"2026-04-24T06:56:52+00:00","og_image":[{"width":1050,"height":1400,"url":"https:\/\/monokolo.eu\/wp-content\/uploads\/2024\/12\/inmotion-v14-pro-001.jpg","type":"image\/jpeg"}],"twitter_card":"summary_large_image","twitter_misc":{"Dur\u00e9e de lecture estim\u00e9e":"3 minutes"},"schema":{"@context":"https:\/\/schema.org","@graph":[{"@type":"WebPage","@id":"https:\/\/monokolo.eu\/fr\/product\/inmotion-v14\/","url":"https:\/\/monokolo.eu\/fr\/product\/inmotion-v14\/","name":"Inmotion V14 Pro 2026 - Monokolo","isPartOf":{"@id":"https:\/\/monokolo.eu\/#website"},"primaryImageOfPage":{"@id":"https:\/\/monokolo.eu\/fr\/product\/inmotion-v14\/#primaryimage"},"image":{"@id":"https:\/\/monokolo.eu\/fr\/product\/inmotion-v14\/#primaryimage"},"thumbnailUrl":"https:\/\/monokolo.eu\/wp-content\/uploads\/2024\/12\/inmotion-v14-pro-001.jpg","datePublished":"2024-12-15T20:37:54+00:00","dateModified":"2026-04-24T06:56:52+00:00","breadcrumb":{"@id":"https:\/\/monokolo.eu\/fr\/product\/inmotion-v14\/#breadcrumb"},"inLanguage":"fr-FR","potentialAction":[{"@type":"ReadAction","target":["https:\/\/monokolo.eu\/fr\/product\/inmotion-v14\/"]}]},{"@type":"ImageObject","inLanguage":"fr-FR","@id":"https:\/\/monokolo.eu\/fr\/product\/inmotion-v14\/#primaryimage","url":"https:\/\/monokolo.eu\/wp-content\/uploads\/2024\/12\/inmotion-v14-pro-001.jpg","contentUrl":"https:\/\/monokolo.eu\/wp-content\/uploads\/2024\/12\/inmotion-v14-pro-001.jpg","width":1050,"height":1400,"caption":"Inmotion v14 Pro"},{"@type":"BreadcrumbList","@id":"https:\/\/monokolo.eu\/fr\/product\/inmotion-v14\/#breadcrumb","itemListElement":[{"@type":"ListItem","position":1,"name":"Monokolo.eu \u2013 Monocycles \u00e9lectriques et moyens de transport \u00e9lectriques en Europe","item":"https:\/\/monokolo.eu\/"},{"@type":"ListItem","position":2,"name":"Produits","item":"https:\/\/monokolo.eu\/shop\/"},{"@type":"ListItem","position":3,"name":"Inmotion V14 Pro 2026"}]},{"@type":"WebSite","@id":"https:\/\/monokolo.eu\/fr\/#website","url":"https:\/\/monokolo.eu\/fr\/","name":"Monokolo.eu","description":"Electric Unicycles shop in Europe","publisher":{"@id":"https:\/\/monokolo.eu\/fr\/#organization"},"potentialAction":[{"@type":"SearchAction","target":{"@type":"EntryPoint","urlTemplate":"https:\/\/monokolo.eu\/fr\/?s={search_term_string}"},"query-input":{"@type":"PropertyValueSpecification","valueRequired":true,"valueName":"search_term_string"}}],"inLanguage":"fr-FR"},{"@type":"Organization","@id":"https:\/\/monokolo.eu\/fr\/#organization","name":"Monokolo","url":"https:\/\/monokolo.eu\/fr\/","logo":{"@type":"ImageObject","inLanguage":"fr-FR","@id":"https:\/\/monokolo.eu\/fr\/#\/schema\/logo\/image\/","url":"https:\/\/monokolo.eu\/wp-content\/uploads\/2025\/04\/logo22.png","contentUrl":"https:\/\/monokolo.eu\/wp-content\/uploads\/2025\/04\/logo22.png","width":755,"height":192,"caption":"Monokolo"},"image":{"@id":"https:\/\/monokolo.eu\/fr\/#\/schema\/logo\/image\/"},"sameAs":["https:\/\/facebook.com\/monokolo.polska\/","https:\/\/www.instagram.com\/monokolo.pl\/","https:\/\/www.tiktok.com\/@monokolo.pl"]}]}},"_links":{"self":[{"href":"https:\/\/monokolo.eu\/fr\/wp-json\/wp\/v2\/product\/14460","targetHints":{"allow":["GET"]}}],"collection":[{"href":"https:\/\/monokolo.eu\/fr\/wp-json\/wp\/v2\/product"}],"about":[{"href":"https:\/\/monokolo.eu\/fr\/wp-json\/wp\/v2\/types\/product"}],"replies":[{"embeddable":true,"href":"https:\/\/monokolo.eu\/fr\/wp-json\/wp\/v2\/comments?post=14460"}],"wp:featuredmedia":[{"embeddable":true,"href":"https:\/\/monokolo.eu\/fr\/wp-json\/wp\/v2\/media\/14954"}],"wp:attachment":[{"href":"https:\/\/monokolo.eu\/fr\/wp-json\/wp\/v2\/media?parent=14460"}],"wp:term":[{"taxonomy":"product_brand","embeddable":true,"href":"https:\/\/monokolo.eu\/fr\/wp-json\/wp\/v2\/product_brand?post=14460"},{"taxonomy":"product_cat","embeddable":true,"href":"https:\/\/monokolo.eu\/fr\/wp-json\/wp\/v2\/product_cat?post=14460"},{"taxonomy":"product_tag","embeddable":true,"href":"https:\/\/monokolo.eu\/fr\/wp-json\/wp\/v2\/product_tag?post=14460"}],"curies":[{"name":"wp","href":"https:\/\/api.w.org\/{rel}","templated":true}]}}