{"id":13101,"date":"2022-05-09T17:13:00","date_gmt":"2022-05-09T17:13:00","guid":{"rendered":"http:\/\/localhost\/wp\/elecgreen\/?post_type=product&#038;p=13101"},"modified":"2026-03-08T20:28:13","modified_gmt":"2026-03-08T20:28:13","slug":"inmotion-v11y","status":"publish","type":"product","link":"https:\/\/monokolo.eu\/fr\/product\/inmotion-v11y\/","title":{"rendered":"Inmotion V11Y"},"content":{"rendered":"<h5>Informations produit<\/h5>\n<p>La V11Y est largement consid\u00e9r\u00e9e comme la version \u00e9volu\u00e9e de la c\u00e9l\u00e8bre InMotion V11. Cette nouvelle V11Y est capable d&rsquo;atteindre une vitesse de pointe de <\/strong>60 km\/h<\/strong>, contre 50 km\/h pour le mod\u00e8le V11 original.<\/p>\n<p class=\"\">Alors que la V11 d&rsquo;origine int\u00e9grait deux packs de batteries LG qui n&rsquo;affichaient que la tension globale de chaque pack dans l&rsquo;application, la V11Y est \u00e9quip\u00e9e d&rsquo;un syst\u00e8me <\/strong>Smart BMS<\/strong>. Ce syst\u00e8me intelligent vous permet d\u00e9sormais de surveiller avec pr\u00e9cision la temp\u00e9rature et la tension de chaque cellule individuelle de la batterie.<\/p>\n<p>Les protections (bumpers) en caoutchouc orange incluses aident \u00e0 limiter les dommages sur l&rsquo;appareil en couvrant les zones les plus expos\u00e9es en cas de choc ou de chute.<\/p>\n<p>La V11Y offre une vitesse de charge maximale de <\/strong>10 Amp\u00e8res<\/strong>, ce qui est 50 % sup\u00e9rieur \u00e0 la capacit\u00e9 de charge de la V11.<\/p>\n<p>Par rapport \u00e0 la V11, la V11Y b\u00e9n\u00e9ficie d&rsquo;une augmentation de puissance de 15 %, d&rsquo;un couple (torque) accru de 20 % et d&rsquo;un angle de mont\u00e9e am\u00e9lior\u00e9 de 8 %.<\/p>\n<div class=\"row\">\n<div class=\"col-xs-12 col-sm-6\">\n<h5>Pourquoi choisir ce produit ?<\/h5>\n<ul>\n<li>Une augmentation de puissance de <\/strong>15 %<\/strong> par rapport \u00e0 la V11<\/li>\n<li>Un couple (torque) sup\u00e9rieur de <\/strong>20 %<\/strong><\/li>\n<li>Une capacit\u00e9 de franchissement de pente am\u00e9lior\u00e9e de <\/strong>8 %<\/strong><\/li>\n<\/ul>\n<\/div>\n<div class=\"col-xs-12 col-sm-6\"><\/div>\n<\/div>\n","protected":false},"excerpt":{"rendered":"<p>La V11Y est largement consid\u00e9r\u00e9e comme l&rsquo;\u00e9volution boost\u00e9e de l&rsquo;InMotion V11. Ce nouveau mod\u00e8le franchit un palier de performance significatif en atteignant une vitesse de pointe de 60 km\/h, l\u00e0 o\u00f9 la V11 classique plafonnait \u00e0 50 km\/h.<\/p>\n","protected":false},"featured_media":14455,"comment_status":"open","ping_status":"closed","template":"","meta":[],"product_brand":[],"product_cat":[109,55],"product_tag":[26],"class_list":{"0":"post-13101","1":"product","2":"type-product","3":"status-publish","4":"has-post-thumbnail","6":"product_cat-inmotion","7":"product_cat-electric-unicycles","8":"product_tag-euc","10":"first","11":"onbackorder","12":"sale","13":"taxable","14":"shipping-taxable","15":"purchasable","16":"product-type-simple"},"yoast_head":"<!-- This site is optimized with the Yoast SEO plugin v26.8 - https:\/\/yoast.com\/product\/yoast-seo-wordpress\/ -->\n<title>Inmotion V11Y<\/title>\n<meta name=\"description\" content=\"La V11Y est largement consid\u00e9r\u00e9e comme l&#039;\u00e9volution boost\u00e9e de l&#039;InMotion V11. Ce nouveau mod\u00e8le franchit un palier de performance significatif en atteignant une vitesse de pointe de 60 km\/h, l\u00e0 o\u00f9 la V11 classique plafonnait \u00e0 50 km\/h.\" \/>\n<meta name=\"robots\" content=\"index, follow, max-snippet:-1, max-image-preview:large, max-video-preview:-1\" \/>\n<link rel=\"canonical\" href=\"http:\/\/La%20V11Y%20est%20largement%20consid\u00e9r\u00e9e%20comme%20l'\u00e9volution%20boost\u00e9e%20de%20l'InMotion%20V11.%20Ce%20nouveau%20mod\u00e8le%20franchit%20un%20palier%20de%20performance%20significatif%20en%20atteignant%20une%20vitesse%20de%20pointe%20de%2060%20km\/h,%20l\u00e0%20o\u00f9%20la%20V11%20classique%20plafonnait%20\u00e0%2050%20km\/h.\" \/>\n<meta property=\"og:locale\" content=\"fr_FR\" \/>\n<meta property=\"og:type\" content=\"article\" \/>\n<meta property=\"og:title\" content=\"Inmotion V11Y\" \/>\n<meta property=\"og:description\" content=\"La V11Y est largement consid\u00e9r\u00e9e comme l&#039;\u00e9volution boost\u00e9e de l&#039;InMotion V11. Ce nouveau mod\u00e8le franchit un palier de performance significatif en atteignant une vitesse de pointe de 60 km\/h, l\u00e0 o\u00f9 la V11 classique plafonnait \u00e0 50 km\/h.\" \/>\n<meta property=\"og:url\" content=\"https:\/\/monokolo.eu\/fr\/product\/inmotion-v11y\/\" \/>\n<meta property=\"og:site_name\" content=\"Monokolo\" \/>\n<meta property=\"article:publisher\" content=\"https:\/\/facebook.com\/monokolo.polska\/\" \/>\n<meta property=\"article:modified_time\" content=\"2026-03-08T20:28:13+00:00\" \/>\n<meta property=\"og:image\" content=\"https:\/\/monokolo.eu\/wp-content\/uploads\/2022\/05\/01.jpg\" \/>\n\t<meta property=\"og:image:width\" content=\"900\" \/>\n\t<meta property=\"og:image:height\" content=\"1200\" \/>\n\t<meta property=\"og:image:type\" content=\"image\/jpeg\" \/>\n<meta name=\"twitter:card\" content=\"summary_large_image\" \/>\n<meta name=\"twitter:label1\" content=\"Dur\u00e9e de lecture estim\u00e9e\" \/>\n\t<meta name=\"twitter:data1\" content=\"1 minute\" \/>\n<script type=\"application\/ld+json\" class=\"yoast-schema-graph\">{\"@context\":\"https:\/\/schema.org\",\"@graph\":[{\"@type\":\"WebPage\",\"@id\":\"https:\/\/monokolo.eu\/fr\/product\/inmotion-v11y\/\",\"url\":\"https:\/\/monokolo.eu\/fr\/product\/inmotion-v11y\/\",\"name\":\"Inmotion V11Y - Monokolo\",\"isPartOf\":{\"@id\":\"https:\/\/monokolo.eu\/#website\"},\"primaryImageOfPage\":{\"@id\":\"https:\/\/monokolo.eu\/fr\/product\/inmotion-v11y\/#primaryimage\"},\"image\":{\"@id\":\"https:\/\/monokolo.eu\/fr\/product\/inmotion-v11y\/#primaryimage\"},\"thumbnailUrl\":\"https:\/\/monokolo.eu\/wp-content\/uploads\/2022\/05\/01.jpg\",\"datePublished\":\"2022-05-09T17:13:00+00:00\",\"dateModified\":\"2026-03-08T20:28:13+00:00\",\"breadcrumb\":{\"@id\":\"https:\/\/monokolo.eu\/fr\/product\/inmotion-v11y\/#breadcrumb\"},\"inLanguage\":\"fr-FR\",\"potentialAction\":[{\"@type\":\"ReadAction\",\"target\":[\"https:\/\/monokolo.eu\/fr\/product\/inmotion-v11y\/\"]}]},{\"@type\":\"ImageObject\",\"inLanguage\":\"fr-FR\",\"@id\":\"https:\/\/monokolo.eu\/fr\/product\/inmotion-v11y\/#primaryimage\",\"url\":\"https:\/\/monokolo.eu\/wp-content\/uploads\/2022\/05\/01.jpg\",\"contentUrl\":\"https:\/\/monokolo.eu\/wp-content\/uploads\/2022\/05\/01.jpg\",\"width\":900,\"height\":1200,\"caption\":\"Inmotion V11Y euc\"},{\"@type\":\"BreadcrumbList\",\"@id\":\"https:\/\/monokolo.eu\/fr\/product\/inmotion-v11y\/#breadcrumb\",\"itemListElement\":[{\"@type\":\"ListItem\",\"position\":1,\"name\":\"Monokolo.eu \u2013 Monocycles \u00e9lectriques et moyens de transport \u00e9lectriques en Europe\",\"item\":\"https:\/\/monokolo.eu\/\"},{\"@type\":\"ListItem\",\"position\":2,\"name\":\"Produits\",\"item\":\"https:\/\/monokolo.eu\/shop\/\"},{\"@type\":\"ListItem\",\"position\":3,\"name\":\"Inmotion V11Y\"}]},{\"@type\":\"WebSite\",\"@id\":\"https:\/\/monokolo.eu\/fr\/#website\",\"url\":\"https:\/\/monokolo.eu\/fr\/\",\"name\":\"Monokolo.eu\",\"description\":\"Electric Unicycles shop in Europe\",\"publisher\":{\"@id\":\"https:\/\/monokolo.eu\/fr\/#organization\"},\"potentialAction\":[{\"@type\":\"SearchAction\",\"target\":{\"@type\":\"EntryPoint\",\"urlTemplate\":\"https:\/\/monokolo.eu\/fr\/?s={search_term_string}\"},\"query-input\":{\"@type\":\"PropertyValueSpecification\",\"valueRequired\":true,\"valueName\":\"search_term_string\"}}],\"inLanguage\":\"fr-FR\"},{\"@type\":\"Organization\",\"@id\":\"https:\/\/monokolo.eu\/fr\/#organization\",\"name\":\"Monokolo\",\"url\":\"https:\/\/monokolo.eu\/fr\/\",\"logo\":{\"@type\":\"ImageObject\",\"inLanguage\":\"fr-FR\",\"@id\":\"https:\/\/monokolo.eu\/fr\/#\/schema\/logo\/image\/\",\"url\":\"https:\/\/monokolo.eu\/wp-content\/uploads\/2025\/04\/logo22.png\",\"contentUrl\":\"https:\/\/monokolo.eu\/wp-content\/uploads\/2025\/04\/logo22.png\",\"width\":755,\"height\":192,\"caption\":\"Monokolo\"},\"image\":{\"@id\":\"https:\/\/monokolo.eu\/fr\/#\/schema\/logo\/image\/\"},\"sameAs\":[\"https:\/\/facebook.com\/monokolo.polska\/\",\"https:\/\/www.instagram.com\/monokolo.pl\/\",\"https:\/\/www.tiktok.com\/@monokolo.pl\"]}]}<\/script>\n<!-- \/ Yoast SEO plugin. -->","yoast_head_json":{"title":"Inmotion V11Y","description":"La V11Y est largement consid\u00e9r\u00e9e comme l'\u00e9volution boost\u00e9e de l'InMotion V11. Ce nouveau mod\u00e8le franchit un palier de performance significatif en atteignant une vitesse de pointe de 60 km\/h, l\u00e0 o\u00f9 la V11 classique plafonnait \u00e0 50 km\/h.","robots":{"index":"index","follow":"follow","max-snippet":"max-snippet:-1","max-image-preview":"max-image-preview:large","max-video-preview":"max-video-preview:-1"},"canonical":"La V11Y est largement consid\u00e9r\u00e9e comme l'\u00e9volution boost\u00e9e de l'InMotion V11. Ce nouveau mod\u00e8le franchit un palier de performance significatif en atteignant une vitesse de pointe de 60 km\/h, l\u00e0 o\u00f9 la V11 classique plafonnait \u00e0 50 km\/h.","og_locale":"fr_FR","og_type":"article","og_title":"Inmotion V11Y","og_description":"La V11Y est largement consid\u00e9r\u00e9e comme l'\u00e9volution boost\u00e9e de l'InMotion V11. Ce nouveau mod\u00e8le franchit un palier de performance significatif en atteignant une vitesse de pointe de 60 km\/h, l\u00e0 o\u00f9 la V11 classique plafonnait \u00e0 50 km\/h.","og_url":"https:\/\/monokolo.eu\/fr\/product\/inmotion-v11y\/","og_site_name":"Monokolo","article_publisher":"https:\/\/facebook.com\/monokolo.polska\/","article_modified_time":"2026-03-08T20:28:13+00:00","og_image":[{"width":900,"height":1200,"url":"https:\/\/monokolo.eu\/wp-content\/uploads\/2022\/05\/01.jpg","type":"image\/jpeg"}],"twitter_card":"summary_large_image","twitter_misc":{"Dur\u00e9e de lecture estim\u00e9e":"1 minute"},"schema":{"@context":"https:\/\/schema.org","@graph":[{"@type":"WebPage","@id":"https:\/\/monokolo.eu\/fr\/product\/inmotion-v11y\/","url":"https:\/\/monokolo.eu\/fr\/product\/inmotion-v11y\/","name":"Inmotion V11Y - Monokolo","isPartOf":{"@id":"https:\/\/monokolo.eu\/#website"},"primaryImageOfPage":{"@id":"https:\/\/monokolo.eu\/fr\/product\/inmotion-v11y\/#primaryimage"},"image":{"@id":"https:\/\/monokolo.eu\/fr\/product\/inmotion-v11y\/#primaryimage"},"thumbnailUrl":"https:\/\/monokolo.eu\/wp-content\/uploads\/2022\/05\/01.jpg","datePublished":"2022-05-09T17:13:00+00:00","dateModified":"2026-03-08T20:28:13+00:00","breadcrumb":{"@id":"https:\/\/monokolo.eu\/fr\/product\/inmotion-v11y\/#breadcrumb"},"inLanguage":"fr-FR","potentialAction":[{"@type":"ReadAction","target":["https:\/\/monokolo.eu\/fr\/product\/inmotion-v11y\/"]}]},{"@type":"ImageObject","inLanguage":"fr-FR","@id":"https:\/\/monokolo.eu\/fr\/product\/inmotion-v11y\/#primaryimage","url":"https:\/\/monokolo.eu\/wp-content\/uploads\/2022\/05\/01.jpg","contentUrl":"https:\/\/monokolo.eu\/wp-content\/uploads\/2022\/05\/01.jpg","width":900,"height":1200,"caption":"Inmotion V11Y euc"},{"@type":"BreadcrumbList","@id":"https:\/\/monokolo.eu\/fr\/product\/inmotion-v11y\/#breadcrumb","itemListElement":[{"@type":"ListItem","position":1,"name":"Monokolo.eu \u2013 Monocycles \u00e9lectriques et moyens de transport \u00e9lectriques en Europe","item":"https:\/\/monokolo.eu\/"},{"@type":"ListItem","position":2,"name":"Produits","item":"https:\/\/monokolo.eu\/shop\/"},{"@type":"ListItem","position":3,"name":"Inmotion V11Y"}]},{"@type":"WebSite","@id":"https:\/\/monokolo.eu\/fr\/#website","url":"https:\/\/monokolo.eu\/fr\/","name":"Monokolo.eu","description":"Electric Unicycles shop in Europe","publisher":{"@id":"https:\/\/monokolo.eu\/fr\/#organization"},"potentialAction":[{"@type":"SearchAction","target":{"@type":"EntryPoint","urlTemplate":"https:\/\/monokolo.eu\/fr\/?s={search_term_string}"},"query-input":{"@type":"PropertyValueSpecification","valueRequired":true,"valueName":"search_term_string"}}],"inLanguage":"fr-FR"},{"@type":"Organization","@id":"https:\/\/monokolo.eu\/fr\/#organization","name":"Monokolo","url":"https:\/\/monokolo.eu\/fr\/","logo":{"@type":"ImageObject","inLanguage":"fr-FR","@id":"https:\/\/monokolo.eu\/fr\/#\/schema\/logo\/image\/","url":"https:\/\/monokolo.eu\/wp-content\/uploads\/2025\/04\/logo22.png","contentUrl":"https:\/\/monokolo.eu\/wp-content\/uploads\/2025\/04\/logo22.png","width":755,"height":192,"caption":"Monokolo"},"image":{"@id":"https:\/\/monokolo.eu\/fr\/#\/schema\/logo\/image\/"},"sameAs":["https:\/\/facebook.com\/monokolo.polska\/","https:\/\/www.instagram.com\/monokolo.pl\/","https:\/\/www.tiktok.com\/@monokolo.pl"]}]}},"_links":{"self":[{"href":"https:\/\/monokolo.eu\/fr\/wp-json\/wp\/v2\/product\/13101","targetHints":{"allow":["GET"]}}],"collection":[{"href":"https:\/\/monokolo.eu\/fr\/wp-json\/wp\/v2\/product"}],"about":[{"href":"https:\/\/monokolo.eu\/fr\/wp-json\/wp\/v2\/types\/product"}],"replies":[{"embeddable":true,"href":"https:\/\/monokolo.eu\/fr\/wp-json\/wp\/v2\/comments?post=13101"}],"wp:featuredmedia":[{"embeddable":true,"href":"https:\/\/monokolo.eu\/fr\/wp-json\/wp\/v2\/media\/14455"}],"wp:attachment":[{"href":"https:\/\/monokolo.eu\/fr\/wp-json\/wp\/v2\/media?parent=13101"}],"wp:term":[{"taxonomy":"product_brand","embeddable":true,"href":"https:\/\/monokolo.eu\/fr\/wp-json\/wp\/v2\/product_brand?post=13101"},{"taxonomy":"product_cat","embeddable":true,"href":"https:\/\/monokolo.eu\/fr\/wp-json\/wp\/v2\/product_cat?post=13101"},{"taxonomy":"product_tag","embeddable":true,"href":"https:\/\/monokolo.eu\/fr\/wp-json\/wp\/v2\/product_tag?post=13101"}],"curies":[{"name":"wp","href":"https:\/\/api.w.org\/{rel}","templated":true}]}}