{"id":13073,"date":"2022-05-09T16:43:33","date_gmt":"2022-05-09T16:43:33","guid":{"rendered":"http:\/\/localhost\/wp\/elecgreen\/?post_type=product&#038;p=13073"},"modified":"2026-04-29T21:27:15","modified_gmt":"2026-04-29T21:27:15","slug":"veteran-patton-s","status":"publish","type":"product","link":"https:\/\/monokolo.eu\/fr\/product\/veteran-patton-s\/","title":{"rendered":"Leaperkim Veteran Patton-S Electric Unicycle"},"content":{"rendered":"<p>La <strong>Leaperkim Patton S<\/strong> est un concentr\u00e9 de puissance compact qui fait le pont entre l&rsquo;agilit\u00e9 urbaine et les performances tout-terrain extr\u00eames. Succ\u00e9dant avec brio \u00e0 la Patton originale, le mod\u00e8le \u00ab S \u00bb apporte des raffinements majeurs, notamment un <strong>ch\u00e2ssis en alliage de magn\u00e9sium plus l\u00e9ger<\/strong> et un <strong>Smart BMS<\/strong> pour une surveillance optimale de la sant\u00e9 de la batterie. Si vous recherchez une roue de 16 pouces offrant un couple de classe mondiale sans l&rsquo;encombrement d&rsquo;un grand cruiser, la Patton S est sans conteste la championne des \u00ab poids moyens \u00bb de 2026.<\/p>\n<p><strong>Le \u00ab Tank \u00bb ultime dans un format compact<\/strong><\/p>\n<p>Construite avec la robustesse \u00ab de qualit\u00e9 industrielle \u00bb propre \u00e0 Leaperkim, la Patton S dispose d&rsquo;un <strong>moteur High-Torque de 3000W<\/strong> capable d&rsquo;une <strong>puissance de cr\u00eate de 7000W<\/strong>. C&rsquo;est un v\u00e9ritable monstre pour les mont\u00e9es techniques (jusqu&rsquo;\u00e0 45\u00b0) et les acc\u00e9l\u00e9rations urbaines fulgurantes. Le nouveau <strong>contr\u00f4le moteur sans capteur \u00e0 effet Hall (Hall-less)<\/strong> garantit qu&rsquo;en cas de d\u00e9faillance rare d&rsquo;un capteur, votre roue s&rsquo;arr\u00eatera de mani\u00e8re s\u00fbre et contr\u00f4l\u00e9e \u2014 une fonction de s\u00e9curit\u00e9 crucial\u0435 pour les riders engag\u00e9s.<\/p>\n<p><strong>Ing\u00e9nierie de pr\u00e9cision et qualit\u00e9 de glisse<\/strong><\/p>\n<ul>\n<li><strong>Suspension progressive :<\/strong> \u00c9quip\u00e9e d&rsquo;un syst\u00e8me <strong>hydraulique progressif FastAce<\/strong> (80 mm de d\u00e9battement), la Patton S vous permet de changer la duret\u00e9 du ressort (62 lb \/ 66 lb \/ 70 lb) pour correspondre parfaitement \u00e0 votre style de conduite.<\/li>\n<li><strong>Le c\u0153ur Samsung 50S :<\/strong> La batterie de <strong>2220 Wh \/ 126 V<\/strong> est compos\u00e9e de cellules Samsung 50S \u00e0 haute d\u00e9charge, offrant le \u00ab punch \u00bb n\u00e9cessaire pour maintenir des vitesses \u00e9lev\u00e9es, m\u00eame lorsque le niveau de batterie diminue.<\/li>\n<li><strong>Technologie pr\u00eate pour la rue :<\/strong> All\u00e9g\u00e9e de pr\u00e8s de <strong>3,6 kg (8 lbs)<\/strong> par rapport \u00e0 sa pr\u00e9d\u00e9cesseure, la Patton S est plus agile dans le trafic. Elle inclut de s\u00e9rie deux phares de 2000 lumens, une poign\u00e9e trolley int\u00e9gr\u00e9e et des supports de moteur usin\u00e9s par CNC.<\/li>\n<\/ul>\n<p><strong>Sp\u00e9cifications techniques<\/strong><\/p>\n<ul>\n<li><strong>Puissance moteur :<\/strong> 3000W nominal \/ 7000W cr\u00eate (High-Torque)<\/li>\n<li><strong>Capacit\u00e9 batterie :<\/strong> 2220 Wh \/ 126 V (Cellules Samsung 50S)<\/li>\n<li><strong>Vitesse de pointe :<\/strong> \\~72-80 km\/h (45-50 mph)<\/li>\n<li><strong>Autonomie max :<\/strong> Jusqu&rsquo;\u00e0 110 km (Typique 70-90 km)<\/li>\n<li><strong>Suspension :<\/strong> Hydraulique progressive FastAce (80 mm de d\u00e9battement)<\/li>\n<li><strong>Poids :<\/strong> 36,5 kg (80,5 lbs)<\/li>\n<li><strong>Recharge :<\/strong> Doubles ports 15A (supporte la charge rapide jusqu&rsquo;\u00e0 20A)<\/li>\n<\/ul>\n<p>Pr\u00eat \u00e0 transformer vos trajets ? <strong>Contactez-nous d\u00e8s aujourd&rsquo;hui et nous vous aiderons \u00e0 choisir la roue id\u00e9ale pour satisfaire votre soif d&rsquo;aventure et de performance !<\/strong><\/p>\n","protected":false},"excerpt":{"rendered":"<p>La Veteran Patton-S est une \u00e9volution majeure du c\u00e9l\u00e8bre Patton de premi\u00e8re g\u00e9n\u00e9ration. Elle int\u00e8gre des innovations technologiques issues des mod\u00e8les Leaperkim les plus r\u00e9cents, telles que le fonctionnement \u00ab\u00a0hall-less\u00a0\u00bb (sans capteur \u00e0 effet Hall) pour une s\u00e9curit\u00e9 de glisse renforc\u00e9e, un Smart BMS permettant de surveiller en temps r\u00e9el la temp\u00e9rature et la tension de chaque cellule, ainsi que des ressorts progressifs disponibles pour toutes les duret\u00e9s d&rsquo;amortisseur, offrant une protection optimale contre le talonnage en fin de course.<\/p>\n","protected":false},"featured_media":14491,"comment_status":"open","ping_status":"closed","template":"","meta":[],"product_brand":[271],"product_cat":[111,55],"product_tag":[],"class_list":{"0":"post-13073","1":"product","2":"type-product","3":"status-publish","4":"has-post-thumbnail","6":"product_brand-leaperkimveteran","7":"product_cat-leaperkim","8":"product_cat-electric-unicycles","10":"first","11":"instock","12":"sale","13":"taxable","14":"shipping-taxable","15":"purchasable","16":"product-type-simple"},"yoast_head":"<!-- This site is optimized with the Yoast SEO plugin v26.8 - https:\/\/yoast.com\/product\/yoast-seo-wordpress\/ -->\n<title>Leaperkim Veteran Patton-S Electric Unicycle<\/title>\n<meta name=\"description\" content=\"La Veteran Patton-S est une \u00e9volution majeure du c\u00e9l\u00e8bre Patton de premi\u00e8re g\u00e9n\u00e9ration. Elle int\u00e8gre des innovations technologiques issues des mod\u00e8les Leaperkim les plus r\u00e9cents, telles que le fonctionnement &quot;hall-less&quot; (sans capteur \u00e0 effet Hall) pour une s\u00e9curit\u00e9 de glisse renforc\u00e9e, un Smart BMS permettant de surveiller en temps r\u00e9el la temp\u00e9rature et la tension de chaque cellule, ainsi que des ressorts progressifs disponibles pour toutes les duret\u00e9s d&#039;amortisseur, offrant une protection optimale contre le talonnage en fin de course.\" \/>\n<meta name=\"robots\" content=\"index, follow, max-snippet:-1, max-image-preview:large, max-video-preview:-1\" \/>\n<link rel=\"canonical\" href=\"http:\/\/La%20Veteran%20Patton-S%20est%20une%20\u00e9volution%20majeure%20du%20c\u00e9l\u00e8bre%20Patton%20de%20premi\u00e8re%20g\u00e9n\u00e9ration.%20Elle%20int\u00e8gre%20des%20innovations%20technologiques%20issues%20des%20mod\u00e8les%20Leaperkim%20les%20plus%20r\u00e9cents,%20telles%20que%20le%20fonctionnement%20hall-less%20(sans%20capteur%20\u00e0%20effet%20Hall)%20pour%20une%20s\u00e9curit\u00e9%20de%20glisse%20renforc\u00e9e,%20un%20Smart%20BMS%20permettant%20de%20surveiller%20en%20temps%20r\u00e9el%20la%20temp\u00e9rature%20et%20la%20tension%20de%20chaque%20cellule,%20ainsi%20que%20des%20ressorts%20progressifs%20disponibles%20pour%20toutes%20les%20duret\u00e9s%20d'amortisseur,%20offrant%20une%20protection%20optimale%20contre%20le%20talonnage%20en%20fin%20de%20course.\" \/>\n<meta property=\"og:locale\" content=\"fr_FR\" \/>\n<meta property=\"og:type\" content=\"article\" \/>\n<meta property=\"og:title\" content=\"Leaperkim Veteran Patton-S Electric Unicycle\" \/>\n<meta property=\"og:description\" content=\"La Veteran Patton-S est une \u00e9volution majeure du c\u00e9l\u00e8bre Patton de premi\u00e8re g\u00e9n\u00e9ration. Elle int\u00e8gre des innovations technologiques issues des mod\u00e8les Leaperkim les plus r\u00e9cents, telles que le fonctionnement &quot;hall-less&quot; (sans capteur \u00e0 effet Hall) pour une s\u00e9curit\u00e9 de glisse renforc\u00e9e, un Smart BMS permettant de surveiller en temps r\u00e9el la temp\u00e9rature et la tension de chaque cellule, ainsi que des ressorts progressifs disponibles pour toutes les duret\u00e9s d&#039;amortisseur, offrant une protection optimale contre le talonnage en fin de course.\" \/>\n<meta property=\"og:url\" content=\"https:\/\/monokolo.eu\/fr\/product\/veteran-patton-s\/\" \/>\n<meta property=\"og:site_name\" content=\"Monokolo\" \/>\n<meta property=\"article:publisher\" content=\"https:\/\/facebook.com\/monokolo.polska\/\" \/>\n<meta property=\"article:modified_time\" content=\"2026-04-29T21:27:15+00:00\" \/>\n<meta property=\"og:image\" content=\"https:\/\/monokolo.eu\/wp-content\/uploads\/2022\/05\/veteran-patton-s-01.jpg\" \/>\n\t<meta property=\"og:image:width\" content=\"1050\" \/>\n\t<meta property=\"og:image:height\" content=\"1400\" \/>\n\t<meta property=\"og:image:type\" content=\"image\/jpeg\" \/>\n<meta name=\"twitter:card\" content=\"summary_large_image\" \/>\n<meta name=\"twitter:label1\" content=\"Dur\u00e9e de lecture estim\u00e9e\" \/>\n\t<meta name=\"twitter:data1\" content=\"3 minutes\" \/>\n<script type=\"application\/ld+json\" class=\"yoast-schema-graph\">{\"@context\":\"https:\/\/schema.org\",\"@graph\":[{\"@type\":\"WebPage\",\"@id\":\"https:\/\/monokolo.eu\/fr\/product\/veteran-patton-s\/\",\"url\":\"https:\/\/monokolo.eu\/fr\/product\/veteran-patton-s\/\",\"name\":\"Leaperkim Veteran Patton-S Electric Unicycle - Monokolo\",\"isPartOf\":{\"@id\":\"https:\/\/monokolo.eu\/#website\"},\"primaryImageOfPage\":{\"@id\":\"https:\/\/monokolo.eu\/fr\/product\/veteran-patton-s\/#primaryimage\"},\"image\":{\"@id\":\"https:\/\/monokolo.eu\/fr\/product\/veteran-patton-s\/#primaryimage\"},\"thumbnailUrl\":\"https:\/\/monokolo.eu\/wp-content\/uploads\/2022\/05\/veteran-patton-s-01.jpg\",\"datePublished\":\"2022-05-09T16:43:33+00:00\",\"dateModified\":\"2026-04-29T21:27:15+00:00\",\"description\":\"Experience the Leaperkim Patton S: A high-torque 126V EUC with 2220Wh battery, 80mm FastAce suspension, and a lightweight magnesium frame. The ultimate 16-inch wheel\",\"breadcrumb\":{\"@id\":\"https:\/\/monokolo.eu\/fr\/product\/veteran-patton-s\/#breadcrumb\"},\"inLanguage\":\"fr-FR\",\"potentialAction\":[{\"@type\":\"ReadAction\",\"target\":[\"https:\/\/monokolo.eu\/fr\/product\/veteran-patton-s\/\"]}]},{\"@type\":\"ImageObject\",\"inLanguage\":\"fr-FR\",\"@id\":\"https:\/\/monokolo.eu\/fr\/product\/veteran-patton-s\/#primaryimage\",\"url\":\"https:\/\/monokolo.eu\/wp-content\/uploads\/2022\/05\/veteran-patton-s-01.jpg\",\"contentUrl\":\"https:\/\/monokolo.eu\/wp-content\/uploads\/2022\/05\/veteran-patton-s-01.jpg\",\"width\":1050,\"height\":1400,\"caption\":\"Veteran Patton S\"},{\"@type\":\"BreadcrumbList\",\"@id\":\"https:\/\/monokolo.eu\/fr\/product\/veteran-patton-s\/#breadcrumb\",\"itemListElement\":[{\"@type\":\"ListItem\",\"position\":1,\"name\":\"Monokolo.eu \u2013 Monocycles \u00e9lectriques et moyens de transport \u00e9lectriques en Europe\",\"item\":\"https:\/\/monokolo.eu\/\"},{\"@type\":\"ListItem\",\"position\":2,\"name\":\"Produits\",\"item\":\"https:\/\/monokolo.eu\/shop\/\"},{\"@type\":\"ListItem\",\"position\":3,\"name\":\"Leaperkim Veteran Patton-S Electric Unicycle\"}]},{\"@type\":\"WebSite\",\"@id\":\"https:\/\/monokolo.eu\/fr\/#website\",\"url\":\"https:\/\/monokolo.eu\/fr\/\",\"name\":\"Monokolo.eu\",\"description\":\"Electric Unicycles shop in Europe\",\"publisher\":{\"@id\":\"https:\/\/monokolo.eu\/fr\/#organization\"},\"potentialAction\":[{\"@type\":\"SearchAction\",\"target\":{\"@type\":\"EntryPoint\",\"urlTemplate\":\"https:\/\/monokolo.eu\/fr\/?s={search_term_string}\"},\"query-input\":{\"@type\":\"PropertyValueSpecification\",\"valueRequired\":true,\"valueName\":\"search_term_string\"}}],\"inLanguage\":\"fr-FR\"},{\"@type\":\"Organization\",\"@id\":\"https:\/\/monokolo.eu\/fr\/#organization\",\"name\":\"Monokolo\",\"url\":\"https:\/\/monokolo.eu\/fr\/\",\"logo\":{\"@type\":\"ImageObject\",\"inLanguage\":\"fr-FR\",\"@id\":\"https:\/\/monokolo.eu\/fr\/#\/schema\/logo\/image\/\",\"url\":\"https:\/\/monokolo.eu\/wp-content\/uploads\/2025\/04\/logo22.png\",\"contentUrl\":\"https:\/\/monokolo.eu\/wp-content\/uploads\/2025\/04\/logo22.png\",\"width\":755,\"height\":192,\"caption\":\"Monokolo\"},\"image\":{\"@id\":\"https:\/\/monokolo.eu\/fr\/#\/schema\/logo\/image\/\"},\"sameAs\":[\"https:\/\/facebook.com\/monokolo.polska\/\",\"https:\/\/www.instagram.com\/monokolo.pl\/\",\"https:\/\/www.tiktok.com\/@monokolo.pl\"]}]}<\/script>\n<!-- \/ Yoast SEO plugin. -->","yoast_head_json":{"title":"Leaperkim Veteran Patton-S Electric Unicycle","description":"La Veteran Patton-S est une \u00e9volution majeure du c\u00e9l\u00e8bre Patton de premi\u00e8re g\u00e9n\u00e9ration. Elle int\u00e8gre des innovations technologiques issues des mod\u00e8les Leaperkim les plus r\u00e9cents, telles que le fonctionnement \"hall-less\" (sans capteur \u00e0 effet Hall) pour une s\u00e9curit\u00e9 de glisse renforc\u00e9e, un Smart BMS permettant de surveiller en temps r\u00e9el la temp\u00e9rature et la tension de chaque cellule, ainsi que des ressorts progressifs disponibles pour toutes les duret\u00e9s d'amortisseur, offrant une protection optimale contre le talonnage en fin de course.","robots":{"index":"index","follow":"follow","max-snippet":"max-snippet:-1","max-image-preview":"max-image-preview:large","max-video-preview":"max-video-preview:-1"},"canonical":"La Veteran Patton-S est une \u00e9volution majeure du c\u00e9l\u00e8bre Patton de premi\u00e8re g\u00e9n\u00e9ration. Elle int\u00e8gre des innovations technologiques issues des mod\u00e8les Leaperkim les plus r\u00e9cents, telles que le fonctionnement \"hall-less\" (sans capteur \u00e0 effet Hall) pour une s\u00e9curit\u00e9 de glisse renforc\u00e9e, un Smart BMS permettant de surveiller en temps r\u00e9el la temp\u00e9rature et la tension de chaque cellule, ainsi que des ressorts progressifs disponibles pour toutes les duret\u00e9s d'amortisseur, offrant une protection optimale contre le talonnage en fin de course.","og_locale":"fr_FR","og_type":"article","og_title":"Leaperkim Veteran Patton-S Electric Unicycle","og_description":"La Veteran Patton-S est une \u00e9volution majeure du c\u00e9l\u00e8bre Patton de premi\u00e8re g\u00e9n\u00e9ration. Elle int\u00e8gre des innovations technologiques issues des mod\u00e8les Leaperkim les plus r\u00e9cents, telles que le fonctionnement \"hall-less\" (sans capteur \u00e0 effet Hall) pour une s\u00e9curit\u00e9 de glisse renforc\u00e9e, un Smart BMS permettant de surveiller en temps r\u00e9el la temp\u00e9rature et la tension de chaque cellule, ainsi que des ressorts progressifs disponibles pour toutes les duret\u00e9s d'amortisseur, offrant une protection optimale contre le talonnage en fin de course.","og_url":"https:\/\/monokolo.eu\/fr\/product\/veteran-patton-s\/","og_site_name":"Monokolo","article_publisher":"https:\/\/facebook.com\/monokolo.polska\/","article_modified_time":"2026-04-29T21:27:15+00:00","og_image":[{"width":1050,"height":1400,"url":"https:\/\/monokolo.eu\/wp-content\/uploads\/2022\/05\/veteran-patton-s-01.jpg","type":"image\/jpeg"}],"twitter_card":"summary_large_image","twitter_misc":{"Dur\u00e9e de lecture estim\u00e9e":"3 minutes"},"schema":{"@context":"https:\/\/schema.org","@graph":[{"@type":"WebPage","@id":"https:\/\/monokolo.eu\/fr\/product\/veteran-patton-s\/","url":"https:\/\/monokolo.eu\/fr\/product\/veteran-patton-s\/","name":"Leaperkim Veteran Patton-S Electric Unicycle - Monokolo","isPartOf":{"@id":"https:\/\/monokolo.eu\/#website"},"primaryImageOfPage":{"@id":"https:\/\/monokolo.eu\/fr\/product\/veteran-patton-s\/#primaryimage"},"image":{"@id":"https:\/\/monokolo.eu\/fr\/product\/veteran-patton-s\/#primaryimage"},"thumbnailUrl":"https:\/\/monokolo.eu\/wp-content\/uploads\/2022\/05\/veteran-patton-s-01.jpg","datePublished":"2022-05-09T16:43:33+00:00","dateModified":"2026-04-29T21:27:15+00:00","description":"Experience the Leaperkim Patton S: A high-torque 126V EUC with 2220Wh battery, 80mm FastAce suspension, and a lightweight magnesium frame. The ultimate 16-inch wheel","breadcrumb":{"@id":"https:\/\/monokolo.eu\/fr\/product\/veteran-patton-s\/#breadcrumb"},"inLanguage":"fr-FR","potentialAction":[{"@type":"ReadAction","target":["https:\/\/monokolo.eu\/fr\/product\/veteran-patton-s\/"]}]},{"@type":"ImageObject","inLanguage":"fr-FR","@id":"https:\/\/monokolo.eu\/fr\/product\/veteran-patton-s\/#primaryimage","url":"https:\/\/monokolo.eu\/wp-content\/uploads\/2022\/05\/veteran-patton-s-01.jpg","contentUrl":"https:\/\/monokolo.eu\/wp-content\/uploads\/2022\/05\/veteran-patton-s-01.jpg","width":1050,"height":1400,"caption":"Veteran Patton S"},{"@type":"BreadcrumbList","@id":"https:\/\/monokolo.eu\/fr\/product\/veteran-patton-s\/#breadcrumb","itemListElement":[{"@type":"ListItem","position":1,"name":"Monokolo.eu \u2013 Monocycles \u00e9lectriques et moyens de transport \u00e9lectriques en Europe","item":"https:\/\/monokolo.eu\/"},{"@type":"ListItem","position":2,"name":"Produits","item":"https:\/\/monokolo.eu\/shop\/"},{"@type":"ListItem","position":3,"name":"Leaperkim Veteran Patton-S Electric Unicycle"}]},{"@type":"WebSite","@id":"https:\/\/monokolo.eu\/fr\/#website","url":"https:\/\/monokolo.eu\/fr\/","name":"Monokolo.eu","description":"Electric Unicycles shop in Europe","publisher":{"@id":"https:\/\/monokolo.eu\/fr\/#organization"},"potentialAction":[{"@type":"SearchAction","target":{"@type":"EntryPoint","urlTemplate":"https:\/\/monokolo.eu\/fr\/?s={search_term_string}"},"query-input":{"@type":"PropertyValueSpecification","valueRequired":true,"valueName":"search_term_string"}}],"inLanguage":"fr-FR"},{"@type":"Organization","@id":"https:\/\/monokolo.eu\/fr\/#organization","name":"Monokolo","url":"https:\/\/monokolo.eu\/fr\/","logo":{"@type":"ImageObject","inLanguage":"fr-FR","@id":"https:\/\/monokolo.eu\/fr\/#\/schema\/logo\/image\/","url":"https:\/\/monokolo.eu\/wp-content\/uploads\/2025\/04\/logo22.png","contentUrl":"https:\/\/monokolo.eu\/wp-content\/uploads\/2025\/04\/logo22.png","width":755,"height":192,"caption":"Monokolo"},"image":{"@id":"https:\/\/monokolo.eu\/fr\/#\/schema\/logo\/image\/"},"sameAs":["https:\/\/facebook.com\/monokolo.polska\/","https:\/\/www.instagram.com\/monokolo.pl\/","https:\/\/www.tiktok.com\/@monokolo.pl"]}]}},"_links":{"self":[{"href":"https:\/\/monokolo.eu\/fr\/wp-json\/wp\/v2\/product\/13073","targetHints":{"allow":["GET"]}}],"collection":[{"href":"https:\/\/monokolo.eu\/fr\/wp-json\/wp\/v2\/product"}],"about":[{"href":"https:\/\/monokolo.eu\/fr\/wp-json\/wp\/v2\/types\/product"}],"replies":[{"embeddable":true,"href":"https:\/\/monokolo.eu\/fr\/wp-json\/wp\/v2\/comments?post=13073"}],"wp:featuredmedia":[{"embeddable":true,"href":"https:\/\/monokolo.eu\/fr\/wp-json\/wp\/v2\/media\/14491"}],"wp:attachment":[{"href":"https:\/\/monokolo.eu\/fr\/wp-json\/wp\/v2\/media?parent=13073"}],"wp:term":[{"taxonomy":"product_brand","embeddable":true,"href":"https:\/\/monokolo.eu\/fr\/wp-json\/wp\/v2\/product_brand?post=13073"},{"taxonomy":"product_cat","embeddable":true,"href":"https:\/\/monokolo.eu\/fr\/wp-json\/wp\/v2\/product_cat?post=13073"},{"taxonomy":"product_tag","embeddable":true,"href":"https:\/\/monokolo.eu\/fr\/wp-json\/wp\/v2\/product_tag?post=13073"}],"curies":[{"name":"wp","href":"https:\/\/api.w.org\/{rel}","templated":true}]}}